{"id":216,"date":"2017-10-10T11:14:10","date_gmt":"2017-10-10T09:14:10","guid":{"rendered":"https:\/\/www.hsu-hh.de\/ifi\/?page_id=216"},"modified":"2021-06-01T09:28:22","modified_gmt":"2021-06-01T07:28:22","slug":"gerhards","status":"publish","type":"page","link":"https:\/\/www.hsu-hh.de\/ifi\/team\/gerhards","title":{"rendered":"Dr. Patrick Gerhards (Ehemaliger)"},"content":{"rendered":"<div>\n<div class=\"ansprechparter-container\">\n<div class=\"row ansprechpartner-item ansprechparter-header\">\n<div class=\"col-xs-8 col-lg-12\" style=\"margin-bottom: 30px\"><\/div>\n<div class=\"col-md-4 col-lg-3 col-xs-4 ansprechpartner-item floatright img-circle center-block\" style=\"margin-bottom: 30px\">\n<div class=\"img-responsive-wrapper\"><img loading=\"lazy\" decoding=\"async\" class=\"alignnone wp-image-1595 size-thumbnail\" src=\"https:\/\/www.hsu-hh.de\/ifi\/wp-content\/uploads\/sites\/697\/2021\/01\/P1170245_quad-150x150.jpg\" alt=\"\" width=\"150\" height=\"150\" srcset=\"https:\/\/www.hsu-hh.de\/ifi\/wp-content\/uploads\/sites\/697\/2021\/01\/P1170245_quad-150x150.jpg 150w, https:\/\/www.hsu-hh.de\/ifi\/wp-content\/uploads\/sites\/697\/2021\/01\/P1170245_quad-300x300.jpg 300w, https:\/\/www.hsu-hh.de\/ifi\/wp-content\/uploads\/sites\/697\/2021\/01\/P1170245_quad-1024x1024.jpg 1024w, https:\/\/www.hsu-hh.de\/ifi\/wp-content\/uploads\/sites\/697\/2021\/01\/P1170245_quad-768x768.jpg 768w, https:\/\/www.hsu-hh.de\/ifi\/wp-content\/uploads\/sites\/697\/2021\/01\/P1170245_quad-1536x1536.jpg 1536w, https:\/\/www.hsu-hh.de\/ifi\/wp-content\/uploads\/sites\/697\/2021\/01\/P1170245_quad-2048x2048.jpg 2048w, https:\/\/www.hsu-hh.de\/ifi\/wp-content\/uploads\/sites\/697\/2021\/01\/P1170245_quad-1100x1100.jpg 1100w, https:\/\/www.hsu-hh.de\/ifi\/wp-content\/uploads\/sites\/697\/2021\/01\/P1170245_quad-100x100.jpg 100w\" sizes=\"auto, (max-width: 150px) 100vw, 150px\" \/><\/div>\n<\/div>\n<div class=\"col-md-12 col-lg-3 col-xs-12 ansprechpartner-item kontakt floatright\" style=\"margin-bottom: 30px\">\n<div class=\"row\">\n<div class=\"col-xs-12 col-sm-6 col-lg-12\">\n<div class=\"row\">\n<div class=\"col-xs-12 col-lg-4 row-text bold\">Raum:<\/div>\n<div class=\"col-xs-12 col-lg-8 row-text\"><\/div>\n<\/div>\n<\/div>\n<div class=\"col-xs-12 col-sm-6 col-lg-12\">\n<div class=\"row\">\n<div class=\"col-xs-12 col-lg-4 row-text bold\">Telefon:<\/div>\n<div class=\"col-xs-12 col-lg-8 row-text\"><\/div>\n<\/div>\n<\/div>\n<div class=\"col-xs-12 col-sm-6 col-lg-12\">\n<div class=\"row\">\n<div class=\"col-xs-12 col-lg-4 row-text bold\">Email:<\/div>\n<\/div>\n<\/div>\n<div class=\"col-xs-12 col-sm-6 col-lg-12\">\n<div class=\"row\">\n<div class=\"col-xs-12 col-md-12 row-text\"><a href=\"mailto:patrick.gerhards@hsu-hh.de\" rel='nofollow'>patrick.gerhards@hsu-hh.de<\/a><\/div>\n<\/div>\n<\/div>\n<\/div>\n<\/div>\n<div class=\"col-md-6 col-lg-3 col-xs-12 ansprechpartner-item anschrift floatright\">\n<div class=\"row-headline\">Besucheranschrift<\/div>\n<div class=\"row-text\">Helmut-Schmidt-Universit\u00e4t<\/div>\n<div class=\"row-text\">Holstenhofweg 85<\/div>\n<div class=\"row-text\">22043 Hamburg<\/div>\n<\/div>\n<div class=\"col-md-6 col-lg-3 col-xs-12 ansprechpartner-item anschrift floatright\">\n<div class=\"row-headline\">Postanschrift<\/div>\n<div class=\"row-text\">Helmut-Schmidt-Universit\u00e4t<\/div>\n<div class=\"row-text\">Institut f\u00fcr Informatik<\/div>\n<div class=\"row-text\">Fakult\u00e4t <abbr title=\"Wirtschafts- und Sozialwissenschaften\">WiSo<\/abbr><\/div>\n<div class=\"row-text\">Postfach 70 08 22<\/div>\n<div class=\"row-text\">22008 Hamburg<\/div>\n<\/div>\n<\/div>\n<\/div>\n<div class=\"clearfix\"><\/div>\n<\/div>\n","protected":false},"excerpt":{"rendered":"<p>Raum: Telefon: Email: patrick.gerhards@hsu-hh.de Besucheranschrift Helmut-Schmidt-Universit\u00e4t Holstenhofweg 85 22043 Hamburg Postanschrift Helmut-Schmidt-Universit\u00e4t Institut f\u00fcr Informatik Fakult\u00e4t WiSo Postfach 70 08 22 22008 Hamburg<\/p>\n","protected":false},"author":43,"featured_media":0,"parent":140,"menu_order":2,"comment_status":"closed","ping_status":"closed","template":"","meta":{"footnotes":""},"categories":[8],"tags":[],"class_list":["post-216","page","type-page","status-publish","hentry","category-team"],"_links":{"self":[{"href":"https:\/\/www.hsu-hh.de\/ifi\/wp-json\/wp\/v2\/pages\/216","targetHints":{"allow":["GET"]}}],"collection":[{"href":"https:\/\/www.hsu-hh.de\/ifi\/wp-json\/wp\/v2\/pages"}],"about":[{"href":"https:\/\/www.hsu-hh.de\/ifi\/wp-json\/wp\/v2\/types\/page"}],"author":[{"embeddable":true,"href":"https:\/\/www.hsu-hh.de\/ifi\/wp-json\/wp\/v2\/users\/43"}],"replies":[{"embeddable":true,"href":"https:\/\/www.hsu-hh.de\/ifi\/wp-json\/wp\/v2\/comments?post=216"}],"version-history":[{"count":7,"href":"https:\/\/www.hsu-hh.de\/ifi\/wp-json\/wp\/v2\/pages\/216\/revisions"}],"predecessor-version":[{"id":1999,"href":"https:\/\/www.hsu-hh.de\/ifi\/wp-json\/wp\/v2\/pages\/216\/revisions\/1999"}],"up":[{"embeddable":true,"href":"https:\/\/www.hsu-hh.de\/ifi\/wp-json\/wp\/v2\/pages\/140"}],"wp:attachment":[{"href":"https:\/\/www.hsu-hh.de\/ifi\/wp-json\/wp\/v2\/media?parent=216"}],"wp:term":[{"taxonomy":"category","embeddable":true,"href":"https:\/\/www.hsu-hh.de\/ifi\/wp-json\/wp\/v2\/categories?post=216"},{"taxonomy":"post_tag","embeddable":true,"href":"https:\/\/www.hsu-hh.de\/ifi\/wp-json\/wp\/v2\/tags?post=216"}],"curies":[{"name":"wp","href":"https:\/\/api.w.org\/{rel}","templated":true}]}}