{"id":2072,"date":"2021-07-08T18:54:55","date_gmt":"2021-07-08T16:54:55","guid":{"rendered":"https:\/\/www.hsu-hh.de\/ifi\/?page_id=2072"},"modified":"2021-07-08T18:55:56","modified_gmt":"2021-07-08T16:55:56","slug":"seminar-logistik-management","status":"publish","type":"page","link":"https:\/\/www.hsu-hh.de\/ifi\/seminar-logistik-management","title":{"rendered":"Seminar Logistik-Management (HT 2021)"},"content":{"rendered":"<p><strong>Kursnummer: <\/strong>23.1039 (Modulnr. WS23B75)<br \/>\n<strong>Dozent: <\/strong><a href=\"\/ifi\/team\/fink\/\" rel='nofollow'>Andreas Fink<\/a><br \/>\n<strong>Studiengang: <\/strong><abbr title=\"Betriebswirtschaftslehre\">BWL<\/abbr> (<abbr title=\"Master of Science\">M.Sc.<\/abbr>, Studienschwerpunkt Logistik-Management), <abbr title=\"Wirtschaftsingenieurwesen\">WI<\/abbr> (<abbr title=\"Master of Science\">M.Sc.<\/abbr> Studienrichtung Logistik)<br \/>\n<strong>Zeit\/Ort: <\/strong> Blockveranstaltung im <abbr title=\"Herbsttrimester\">HT<\/abbr> 2021<\/p>\n<p>Themen nach Absprache. Bei Interesse an der Teilnahme bitte direkt den Dozenten kontaktieren (E-Mail).<\/p>\n<p>Die Note der schriftlichen Ausarbeitung (je nach Themenstellung <abbr title=\"gegebenenfalls\">ggf.<\/abbr> <abbr title=\"inclusive\">inkl.<\/abbr> Implementierungsleistung) und die Bewertung der Pr\u00e4sentation gehen anteilm\u00e4\u00dfig mit 2\/3 <abbr title=\"beziehungsweise\">bzw.<\/abbr> 1\/3 in die Modulgesamtnote ein.<\/p>\n","protected":false},"excerpt":{"rendered":"<p>Kursnummer: 23.1039 (Modulnr. WS23B75) Dozent: Andreas Fink Studiengang: BWL (M.Sc., Studienschwerpunkt Logistik-Management), WI (M.Sc. Studienrichtung Logistik) Zeit\/Ort: Blockveranstaltung im HT 2021 Themen nach Absprache. Bei Interesse an der Teilnahme bitte [&hellip;]<\/p>\n","protected":false},"author":43,"featured_media":0,"parent":0,"menu_order":0,"comment_status":"closed","ping_status":"closed","template":"","meta":{"footnotes":""},"categories":[6],"tags":[],"class_list":["post-2072","page","type-page","status-publish","hentry","category-lehre"],"_links":{"self":[{"href":"https:\/\/www.hsu-hh.de\/ifi\/wp-json\/wp\/v2\/pages\/2072","targetHints":{"allow":["GET"]}}],"collection":[{"href":"https:\/\/www.hsu-hh.de\/ifi\/wp-json\/wp\/v2\/pages"}],"about":[{"href":"https:\/\/www.hsu-hh.de\/ifi\/wp-json\/wp\/v2\/types\/page"}],"author":[{"embeddable":true,"href":"https:\/\/www.hsu-hh.de\/ifi\/wp-json\/wp\/v2\/users\/43"}],"replies":[{"embeddable":true,"href":"https:\/\/www.hsu-hh.de\/ifi\/wp-json\/wp\/v2\/comments?post=2072"}],"version-history":[{"count":3,"href":"https:\/\/www.hsu-hh.de\/ifi\/wp-json\/wp\/v2\/pages\/2072\/revisions"}],"predecessor-version":[{"id":2075,"href":"https:\/\/www.hsu-hh.de\/ifi\/wp-json\/wp\/v2\/pages\/2072\/revisions\/2075"}],"wp:attachment":[{"href":"https:\/\/www.hsu-hh.de\/ifi\/wp-json\/wp\/v2\/media?parent=2072"}],"wp:term":[{"taxonomy":"category","embeddable":true,"href":"https:\/\/www.hsu-hh.de\/ifi\/wp-json\/wp\/v2\/categories?post=2072"},{"taxonomy":"post_tag","embeddable":true,"href":"https:\/\/www.hsu-hh.de\/ifi\/wp-json\/wp\/v2\/tags?post=2072"}],"curies":[{"name":"wp","href":"https:\/\/api.w.org\/{rel}","templated":true}]}}