{"id":2065,"date":"2021-07-08T18:40:26","date_gmt":"2021-07-08T16:40:26","guid":{"rendered":"https:\/\/www.hsu-hh.de\/ifi\/?page_id=2065"},"modified":"2022-08-01T20:11:27","modified_gmt":"2022-08-01T18:11:27","slug":"gdwi-2021","status":"publish","type":"page","link":"https:\/\/www.hsu-hh.de\/ifi\/gdwi-2021","title":{"rendered":"Grundlagen der Wirtschaftsinformatik (HT 2021)"},"content":{"rendered":"<div>\n<div>\n<p>Die Lehrveranstaltung wird im <abbr title=\"Herbsttrimester\">HT<\/abbr> 2021 &#8222;digital&#8220; angeboten (mit synchronen und asynchronen Anteilen). Die asynchron nutzbaren Lehrmaterialien (insbes. Lehrvideos\/Pr\u00e4sentationen und Aufgaben) werden in einem zugeh\u00f6rigen Ilias-Kurs bereitgestellt (gegliedert in 10 Lehr-\/Lerneinheiten). Die Besprechung der Aufgaben erfolgt planm\u00e4\u00dfig im Wochentakt. Es gibt voraussichtlich w\u00f6chentlich eine synchrone Lehrveranstaltung mit MS Teams (der Hinweis zum Beitritt zum entsprechenden Team findet sich im zugeh\u00f6rigen Ilias-Kurs). Die Live-Veranstaltungen dienen prim\u00e4r der Besprechung von Fragen zu den zuvor asynchron bereitgestellten Inhalten sowie den Aufgaben hierzu. Grundlage f\u00fcr ein erfolgreiches Erreichen der Qualifikationsziele sind die Inhalte gem\u00e4\u00df Pr\u00e4sentationsfolien (Schwerpunkte gem\u00e4\u00df jeweiliger Lernziele und Aufgaben), zugeh\u00f6riger Lehrvideos sowie die \u00dcbungen\/Vertiefungen im Rahmen der w\u00f6chentlichen Live-Veranstaltungen.<\/p>\n<p><strong> Kursnummer: <\/strong>23.407 (Modulnr. WS14B09), 4 TWS, 6 LP<br \/>\n<strong> Dozent: <\/strong><a href=\"\/ifi\/team\/fink\/\" rel='nofollow'>Andreas Fink<\/a><br \/>\n<strong> Studiengang: <\/strong><abbr title=\"Betriebswirtschaftslehre\">BWL<\/abbr> (Pflicht, B.Sc., 4. Trimester), <abbr title=\"Volkswirtschaftslehre\">VWL<\/abbr> (Wahlm\u00f6glichkeit)<br \/>\n<strong> Termine gem\u00e4\u00df Vorlesungsverzeichnis: <\/strong>Mi. 12:00-13:30 Uhr, <s>Do. 10:00-11:30 Uhr<\/s> (Umfrage in der ersten Veranstaltung: 87% der Studierenden pr\u00e4ferieren den Live-Termin jeweils am Mittwoch)<br \/>\n<strong> 1. Veranstaltung: Mi., 06.10.2021, 12:00 Uhr (MS Teams, Angaben zum Zugang im Ilias-Kurs)<\/strong><br \/>\n<strong> Pr\u00fcfung: <\/strong>Klausur (<a href=\"https:\/\/www.hsu-hh.de\/ifi\/lehre\/klausurhinweise\">Klausurhinweise<\/a>)<br \/>\n<strong> Ilias-Kurs: <\/strong> <a href=\"https:\/\/ilias.hsu-hh.de\/goto_unibw_crs_367807.html\" rel='nofollow'>https:\/\/ilias.hsu-hh.de\/goto_unibw_crs_367807.html<\/a> (<abbr title=\"inclusive\">inkl.<\/abbr> Hinweis zum Zugang zum MS-Teams-Team)<\/p>\n<p><strong>Kursplan Live\/Teams (planm\u00e4\u00dfig w\u00f6chentlich Mi. 12 Uhr, wie mit gro\u00dfer Mehrheit gew\u00fcnscht):<\/strong><br \/>\n06.10., 12:00 Uhr, Organisatorische Einf\u00fchrung (LE 0)<br \/>\n13.10., 12:00 Uhr, Besprechung Fragen und Aufgaben zu LE 1 und LE 2<br \/>\n20.10., 12:00 Uhr, Besprechung Fragen und Aufgaben zu LE 3 (erster Teil)<br \/>\n27.10., 12:00 Uhr, Besprechung Fragen und Aufgaben zu LE 3 (zweiter Teil) (zzgl. der noch offenen Aufgaben 4 und 5 aus der vorausgehenden Woche)<br \/>\n03.11., 12:00 Uhr, Besprechung Fragen und Aufgaben zu LE 4<br \/>\n10.11., 12:00 Uhr, Besprechung Fragen und Aufgaben zu LE 5<br \/>\n17.11., 12:00 Uhr, Besprechung Fragen und Aufgaben zu LE 6<br \/>\n24.11., 12:00 Uhr, Besprechung Fragen und Aufgaben zu LE 7<br \/>\n01.12., 12:00 Uhr, Besprechung Fragen und Aufgaben zu LE 8<br \/>\n08.12., 12:00 Uhr, Besprechung Fragen und Aufgaben zu LE 9 (zzgl. Aufgabe 5 der Aufgaben zu LE 8 als Nachtrag)<br \/>\n15.12., 12:00 Uhr, Besprechung Fragen zu LE 10 und dar\u00fcber hinaus (zum ganzen Modul, <abbr title=\"zum Beispiel\">z.B.<\/abbr> auch zu den Beispielklausuren)<\/p>\n<p><strong>Literatur:<\/strong>&nbsp;Als eine Literaturquelle kann folgendes Lehrbuch zum Nachlesen ausgew\u00e4hlter Inhalte herangezogen werden: A. Fink, G. Schneidereit, S. Vo\u00df: Grundlagen der Wirtschaftsinformatik, 2. Auflage, Physica\/Springer, Heidelberg, 2005 (verf\u00fcgbar in der <abbr title=\"Helmut Schmidt Universit\u00e4t\">HSU<\/abbr>-Bibliothek sowohl physisch als auch online (pdf)). Weitere Literaturhinweise werden <abbr title=\"gegebenenfalls\">ggf.<\/abbr> themenbezogen erg\u00e4nzt (siehe Folien und Hausaufgaben).<\/p>\n<p><strong>Qualifikationsziele:<\/strong> Die Studierenden<\/p>\n<ul>\n<li>k\u00f6nnen Gegenstand, Ziele und Aufgaben der Wirtschaftsinformatik erl\u00e4utern und die Relevanz von Informationstechnik f\u00fcr Unternehmen diskutieren,<\/li>\n<li>k\u00f6nnen die Wirkung von Digitalisierung anhand aktueller Anwendungsfelder diskutieren,<\/li>\n<li>k\u00f6nnen grunds\u00e4tzliche M\u00f6glichkeiten und Grenzen der praktischen L\u00f6sung betrieblicher Probleme mittels Rechnern beschreiben,<\/li>\n<li>k\u00f6nnen Informationen in Abgrenzung zu Daten und Wissen charakterisieren, bestimmte Sachverhalte zweckm\u00e4\u00dfig codieren sowie wesentliche Konzepte des Managements von Informationen und Wissen beschreiben,<\/li>\n<li>k\u00f6nnen den grunds\u00e4tzlichen Aufbau von Rechnern und Rechnersystemen beschreiben und kennen typische Leistungsmerkmale von Prozessoren und Speichersystemen,<\/li>\n<li>k\u00f6nnen die grunds\u00e4tzliche Funktionsweise von Rechnernetzen und Basiskonzepte des World Wide Web erl\u00e4utern,<\/li>\n<li>k\u00f6nnen Systemsoftware und Anwendungssoftware abgrenzen, besitzen einen \u00dcberblick zu verschiedenen Typen von Programmiersprachen und k\u00f6nnen einfache Programme nachvollziehen,<\/li>\n<li>k\u00f6nnen Phasen und Sichten bei der Modellierung und Umsetzung betrieblicher Informationssysteme erl\u00e4utern,<\/li>\n<li>k\u00f6nnen konzeptionelle Datenmodelle erstellen, hieraus ein Relationenschema entwickeln und die Umsetzung mittels relationaler Datenbanksysteme beschreiben,<\/li>\n<li>k\u00f6nnen Gesch\u00e4ftsprozesse modellieren,<\/li>\n<li>kennen wesentliche Konzepte und Funktionen betrieblicher Anwendungssysteme sowie praktische Beispiele f\u00fcr ERP-Standardsoftware.<\/li>\n<\/ul>\n<p>Dementsprechend werden in dem Modul unter Ber\u00fccksichtigung des betriebswirtschaftlichen Anwendungsbereichs wesentliche Grundlagen der Wirtschaftsinformatik in einf\u00fchrender Form vermittelt:<\/p>\n<ol>\n<li>Gegenstand und Aufgaben der Wirtschaftsinformatik<\/li>\n<li>Ausgew\u00e4hlte aktuelle Themenfelder der Digitalisierung<\/li>\n<li>Berechenbarkeit, Algorithmen und Komplexit\u00e4t<\/li>\n<li>Informationen und ihre Codierung<\/li>\n<li>Informations- und Wissensmanagement<\/li>\n<li>Informationstechnik (<abbr title=\"Informationstechnologie\">IT<\/abbr>): Hardware und Software<\/li>\n<li>Internet, Web, XML (und Anwendungsfelder)<\/li>\n<li>Datenmodellierung und Datenbanksysteme<\/li>\n<li>Gesch\u00e4ftsprozessmodellierung<\/li>\n<li>Betriebliche Anwendungssysteme<\/li>\n<\/ol>\n<\/div>\n<\/div>\n","protected":false},"excerpt":{"rendered":"<p>Die Lehrveranstaltung wird im HT 2021 &#8222;digital&#8220; angeboten (mit synchronen und asynchronen Anteilen). Die asynchron nutzbaren Lehrmaterialien (insbes. Lehrvideos\/Pr\u00e4sentationen und Aufgaben) werden in einem zugeh\u00f6rigen Ilias-Kurs bereitgestellt (gegliedert in 10 [&hellip;]<\/p>\n","protected":false},"author":43,"featured_media":0,"parent":0,"menu_order":0,"comment_status":"closed","ping_status":"closed","template":"","meta":{"footnotes":""},"categories":[6],"tags":[],"class_list":["post-2065","page","type-page","status-publish","hentry","category-lehre"],"_links":{"self":[{"href":"https:\/\/www.hsu-hh.de\/ifi\/wp-json\/wp\/v2\/pages\/2065","targetHints":{"allow":["GET"]}}],"collection":[{"href":"https:\/\/www.hsu-hh.de\/ifi\/wp-json\/wp\/v2\/pages"}],"about":[{"href":"https:\/\/www.hsu-hh.de\/ifi\/wp-json\/wp\/v2\/types\/page"}],"author":[{"embeddable":true,"href":"https:\/\/www.hsu-hh.de\/ifi\/wp-json\/wp\/v2\/users\/43"}],"replies":[{"embeddable":true,"href":"https:\/\/www.hsu-hh.de\/ifi\/wp-json\/wp\/v2\/comments?post=2065"}],"version-history":[{"count":37,"href":"https:\/\/www.hsu-hh.de\/ifi\/wp-json\/wp\/v2\/pages\/2065\/revisions"}],"predecessor-version":[{"id":2599,"href":"https:\/\/www.hsu-hh.de\/ifi\/wp-json\/wp\/v2\/pages\/2065\/revisions\/2599"}],"wp:attachment":[{"href":"https:\/\/www.hsu-hh.de\/ifi\/wp-json\/wp\/v2\/media?parent=2065"}],"wp:term":[{"taxonomy":"category","embeddable":true,"href":"https:\/\/www.hsu-hh.de\/ifi\/wp-json\/wp\/v2\/categories?post=2065"},{"taxonomy":"post_tag","embeddable":true,"href":"https:\/\/www.hsu-hh.de\/ifi\/wp-json\/wp\/v2\/tags?post=2065"}],"curies":[{"name":"wp","href":"https:\/\/api.w.org\/{rel}","templated":true}]}}