{"id":159,"date":"2017-10-09T18:24:31","date_gmt":"2017-10-09T16:24:31","guid":{"rendered":"https:\/\/www.hsu-hh.de\/ifi\/?page_id=159"},"modified":"2021-08-25T08:54:42","modified_gmt":"2021-08-25T06:54:42","slug":"gdwi-2020","status":"publish","type":"page","link":"https:\/\/www.hsu-hh.de\/ifi\/lehre\/gdwi-2020","title":{"rendered":"Grundlagen der Wirtschaftsinformatik (HT 2020)"},"content":{"rendered":"<div>\n<div>\n<p>Die Lehrveranstaltung wurde im <abbr title=\"Herbsttrimester\">HT<\/abbr> 2020 &#8222;digital&#8220; angeboten (mit synchronen und asynchronen Anteilen). Die asynchron nutzbaren Lehrmaterialien (Lehrvideos\/Pr\u00e4sentationen, Texte, Aufgaben) werden im zugeh\u00f6rigen Ilias-Kurs (s.u.) bereitgestellt (gegliedert in 10 Lehr-\/Lerneinheiten). Die Bereitstellung dieser kompletten Materialien wurde bis Anfang November abgeschlossen. Die Besprechung der Aufgaben erfolgte im \u00fcblichen Wochentakt. Es gab w\u00f6chentlich eine synchrone Lehrveranstaltung mit MS Teams (der Hinweis zum Beitritt zum entsprechenden Team findet sich im zugeh\u00f6rigen Ilias-Kurs). Die Abstimmung in der ersten Veranstaltung am 01.10. zeigte eine deutliche Pr\u00e4ferenz der Teilnehmer f\u00fcr Live-Termine im vorgesehenen Zeitfenster donnerstags 9:45 Uhr (zu konkreten Terminangaben s.u.). Die Live-Veranstaltungen dienten prim\u00e4r der Besprechung von Fragen zu den zuvor asynchron bereitgestellten Inhalten sowie den Aufgaben hierzu. Grundlage f\u00fcr ein erfolgreiches Erreichen der Qualifikationsziele sind die Inhalte gem\u00e4\u00df Folien (Schwerpunkte gem\u00e4\u00df jeweiliger Lernziele und Aufgaben), Videopr\u00e4sentationen sowie die \u00dcbungen\/Vertiefungen im Rahmen der w\u00f6chentlichen Live-Veranstaltungen. Die Live-Lehrveranstaltungen wurden aufgezeichnet und gesch\u00fctzt im Ilias-Kurs f\u00fcr die Veranstaltungsteilnehmer bereitgestellt (solange hiermit alle Beteiligten einverstanden sind, was bislang der Fall ist).<\/p>\n<p><strong> Kursnummer: <\/strong>23.404 (Modulnr. WS14B09), 4 TWS, 6 LP<br \/>\n<strong> Dozent: <\/strong><a href=\"\/ifi\/team\/fink\/\" rel='nofollow'>Andreas Fink<\/a><br \/>\n<strong> Studiengang: <\/strong><abbr title=\"Betriebswirtschaftslehre\">BWL<\/abbr> (Pflicht, B.Sc., 4. Trimester), <abbr title=\"Volkswirtschaftslehre\">VWL<\/abbr> (Wahlm\u00f6glichkeit)<br \/>\n<strong> Termine (<abbr title=\"vergleiche\">vgl.<\/abbr> Vorlesungsverzeichnis): <\/strong>Do.\/Fr., 9:45-11:15 Uhr (angepasst\/eingeschr\u00e4nkt aufgrund der &#8222;digitalen&#8220; Durchf\u00fchrung, s.o.\/s.u.)<br \/>\n<strong> Pr\u00fcfung: <\/strong>Klausur (<a href=\"https:\/\/www.hsu-hh.de\/ifi\/lehre\/klausurhinweise\">Klausurhinweise<\/a>)<br \/>\n<strong> Ilias-Kurs: <\/strong> <s><a href=\"https:\/\/ilias.hsu-hh.de\/goto_unibw_crs_294192.html\" rel='nofollow'>https:\/\/ilias.hsu-hh.de\/goto_unibw_crs_294192.html<\/a><\/s> (offline)<\/p>\n<p><strong>Kursplan:<\/strong><\/p>\n<p><u>Woche 1<\/u> (01.10.2020)<\/p>\n<ul>\n<li>Live: Do. 01.10., 9:45 Uhr (Teams), LE 0 (aufgezeichnet und in Ilias bereitgestellt)<\/li>\n<li><span style=\"color:#888888\">am 30.09. bereitgestellt (Ilias): Folien LE 0, LE 1, LE 2; Lehrvideos LE 1 (2 Teile) und LE 2; Aufgaben zu LE 1 und LE 2<\/span><\/li>\n<\/ul>\n<p><u>Woche 2<\/u> (02.10.-08.10.2020)<\/p>\n<ul>\n<li>bis zu dieser Woche zu erarbeiten\/vorzubereiten: LE 1 und LE 2 und Aufgaben hierzu<\/li>\n<li>Live: Do. 08.10., 9:45 Uhr (Teams), zu den Aufgaben (und aufgetretenen Fragen) zu LE 1 und LE 2 (aufgezeichnet und in Ilias bereitgestellt)<\/li>\n<li><span style=\"color:#888888\">am 07.10. bereitgestellt (Ilias): Folien LE 3; Lehrvideo LE 3 (erster Teil); Aufgaben zu LE 3 (erster Teil)<\/span><\/li>\n<\/ul>\n<p><u>Woche 3<\/u> (09.10.-15.10.2020)<\/p>\n<ul>\n<li>bis zu dieser Woche zu erarbeiten\/vorzubereiten: LE 3 (erster Teil) und Aufgaben hierzu<\/li>\n<li>Live: Do. 15.10., 9:45 Uhr (Teams), zu den Aufgaben (und aufgetretenen Fragen) zu LE 3 (erster Teil) (aufgezeichnet und in Ilias bereitgestellt)<\/li>\n<li><span style=\"color:#888888\">am 12.\/14.10. bereitgestellt (Ilias): Lehrvideo LE 3 (zweiter Teil), Folien LE 4, Lehrvideo LE 4, Folien LE 5, Lehrvideos LE 5 (zwei Teile), Aufgaben bis <abbr title=\"inclusive\">inkl.<\/abbr> LE 5<\/span><\/li>\n<\/ul>\n<p><u>Woche 4<\/u> (16.10.-22.10.2020)<\/p>\n<ul>\n<li>bis zu dieser Woche zu erarbeiten\/vorzubereiten: LE 3 (zweiter Teil) und Aufgaben hierzu<\/li>\n<li>Live: Do. 22.10., 9:45 Uhr (Teams), zu den Aufgaben (und aufgetretenen Fragen) zu LE 3 (zweiter Teil) (aufgezeichnet und in Ilias bereitgestellt)<\/li>\n<li><span style=\"color:#888888\">am 19.\/21.10. bereitgestellt (Ilias): Folien, Aufgaben und Lehrvideo LE 6, Folien, Aufgaben und Lehrvideos (drei Teile) LE 7<\/span><\/li>\n<\/ul>\n<p><u>Woche 5<\/u> (23.10.-29.10.2020)<\/p>\n<ul>\n<li>bis zu dieser Woche zu erarbeiten\/vorzubereiten: LE 4 und Aufgaben hierzu<\/li>\n<li>Live: Do. 29.10., 9:45 Uhr (Teams), zu den Aufgaben (und aufgetretenen Fragen) zu LE 4 (aufgezeichnet und in Ilias bereitgestellt)<\/li>\n<li><span style=\"color:#888888\">am 24.10. bereitgestellt (Ilias): Folien, Aufgaben und Lehrvideos (drei Teile) LE 8<\/span><\/li>\n<\/ul>\n<p><u>Woche 6<\/u> (30.10.-05.11.2020)<\/p>\n<ul>\n<li>bis zu dieser Woche zu erarbeiten\/vorzubereiten: LE 5 und Aufgaben hierzu<\/li>\n<li>Live: Do. 05.11., 9:45 Uhr (Teams), zu den Aufgaben (und aufgetretenen Fragen) zu LE 5 (aufgezeichnet und in Ilias bereitgestellt)<\/li>\n<li><span style=\"color:#888888\">am 02.11.\/03.11. bereitgestellt (Ilias): Folien, Aufgaben und Lehrvideo LE 9, Folien und Lehrvideo LE 10<\/span><\/li>\n<\/ul>\n<p><u>Woche 7<\/u> (06.11.-12.11.2020)<\/p>\n<ul>\n<li>bis zu dieser Woche zu erarbeiten\/vorzubereiten: LE 6 und Aufgaben hierzu<\/li>\n<li>Live: Do. 12.11., 9:45 Uhr (Teams), zu den Aufgaben (und aufgetretenen Fragen) zu LE 6 (aufgezeichnet und in Ilias bereitgestellt)<\/li>\n<\/ul>\n<p><u>Woche 8<\/u> (13.11.-19.11.2020)<\/p>\n<ul>\n<li>bis zu dieser Woche zu erarbeiten\/vorzubereiten: LE 7 und Aufgaben hierzu<\/li>\n<li>Live: Do. 19.11., 9:45 Uhr (Teams), zu den Aufgaben (und aufgetretenen Fragen) zu LE 7 (aufgezeichnet und in Ilias bereitgestellt (au\u00dferdem Hinweise zu den Aufgaben 8 bis 10))<\/li>\n<\/ul>\n<p><u>Woche 9<\/u> (20.11.-26.11.2020)<\/p>\n<ul>\n<li>bis zu dieser Woche zu erarbeiten\/vorzubereiten: LE 8 und Aufgaben hierzu<\/li>\n<li>Live: Do. 26.11., 9:45 Uhr (Teams), zu den Aufgaben (und aufgetretenen Fragen) zu LE 8 (aufgezeichnet und in Ilias bereitgestellt)<\/li>\n<\/ul>\n<p><u>Woche 10<\/u> (27.11.-03.12.2020)<\/p>\n<ul>\n<li>bis zu dieser Woche zu erarbeiten\/vorzubereiten: LE 9 und Aufgaben hierzu<\/li>\n<li>Live: Do. 03.12., 9:45 Uhr (Teams), zu den Aufgaben (und aufgetretenen Fragen) zu LE 9 (aufgezeichnet und in Ilias bereitgestellt)<\/li>\n<\/ul>\n<p><u>Woche 11<\/u> (04.12.-10.12.2020)<\/p>\n<ul>\n<li>bis zu dieser Woche zu erarbeiten\/vorzubereiten: LE 10<\/li>\n<li>Live: Do. 10.12., 9:45 Uhr (Teams), zu aufgetretenen Fragen zu LE 10 und dar\u00fcber hinaus (zum ganzen Modul), z.B. zu den Beispielklausuren (aufgezeichnet und in Ilias bereitgestellt)<\/li>\n<\/ul>\n<p><strong>Literatur:<\/strong>&nbsp;Als eine Literaturquelle kann folgendes Lehrbuch zum Nachlesen ausgew\u00e4hlter Inhalte herangezogen werden: A. Fink, G. Schneidereit, S. Vo\u00df: Grundlagen der Wirtschaftsinformatik, 2. Auflage, Physica\/Springer, Heidelberg, 2005 (verf\u00fcgbar in der <abbr title=\"Helmut-Schmidt-Universit\u00e4t\">HSU<\/abbr>-Bibliothek sowohl physisch als auch online (pdf)). Weitere Literaturhinweise werden <abbr title=\"gegebenenfalls\">ggf.<\/abbr> themenbezogen erg\u00e4nzt (siehe Folien und Hausaufgaben).<\/p>\n<p><strong>Qualifikationsziele:<\/strong> Die Studierenden<\/p>\n<ul>\n<li>k\u00f6nnen Gegenstand, Ziele und Aufgaben der Wirtschaftsinformatik erl\u00e4utern und die Relevanz von Informationstechnik f\u00fcr Unternehmen diskutieren,<\/li>\n<li>k\u00f6nnen die Wirkung von Digitalisierung anhand aktueller Anwendungsfelder diskutieren,<\/li>\n<li>k\u00f6nnen grunds\u00e4tzliche M\u00f6glichkeiten und Grenzen der praktischen L\u00f6sung betrieblicher Probleme mittels Rechnern beschreiben,<\/li>\n<li>k\u00f6nnen Informationen in Abgrenzung zu Daten und Wissen charakterisieren, bestimmte Sachverhalte zweckm\u00e4\u00dfig codieren sowie wesentliche Konzepte des Managements von Informationen und Wissen beschreiben,<\/li>\n<li>k\u00f6nnen den grunds\u00e4tzlichen Aufbau von Rechnern und Rechnersystemen beschreiben und kennen typische Leistungsmerkmale von Prozessoren und Speichersystemen,<\/li>\n<li>k\u00f6nnen die grunds\u00e4tzliche Funktionsweise von Rechnernetzen und Basiskonzepte des World Wide Web erl\u00e4utern,<\/li>\n<li>k\u00f6nnen Systemsoftware und Anwendungssoftware abgrenzen, besitzen einen \u00dcberblick zu verschiedenen Typen von Programmiersprachen und k\u00f6nnen einfache Programme nachvollziehen,<\/li>\n<li>k\u00f6nnen Phasen und Sichten bei der Modellierung und Umsetzung betrieblicher Informationssysteme erl\u00e4utern,<\/li>\n<li>k\u00f6nnen konzeptionelle Datenmodelle erstellen, hieraus ein Relationenschema entwickeln und die Umsetzung mittels relationaler Datenbanksysteme beschreiben,<\/li>\n<li>k\u00f6nnen Gesch\u00e4ftsprozesse modellieren,<\/li>\n<li>kennen wesentliche Konzepte und Funktionen betrieblicher Anwendungssysteme sowie praktische Beispiele f\u00fcr ERP-Standardsoftware.<\/li>\n<\/ul>\n<p>Dementsprechend werden in dem Modul unter Ber\u00fccksichtigung des betriebswirtschaftlichen Anwendungsbereichs wesentliche Grundlagen der Wirtschaftsinformatik in einf\u00fchrender Form vermittelt:<\/p>\n<ol>\n<li>Gegenstand und Aufgaben der Wirtschaftsinformatik<\/li>\n<li>Ausgew\u00e4hlte aktuelle Themenfelder der Digitalisierung<\/li>\n<li>Berechenbarkeit, Algorithmen und Komplexit\u00e4t<\/li>\n<li>Informationen und ihre Codierung<\/li>\n<li>Informations- und Wissensmanagement<\/li>\n<li>Informationstechnik (<abbr title=\"Informationstechnologie\">IT<\/abbr>): Hardware und Software<\/li>\n<li>Internet, Web, XML (und Anwendungsfelder)<\/li>\n<li>Datenmodellierung und Datenbanksysteme<\/li>\n<li>Gesch\u00e4ftsprozessmodellierung<\/li>\n<li>Betriebliche Anwendungssysteme<\/li>\n<\/ol>\n<\/div>\n<\/div>\n","protected":false},"excerpt":{"rendered":"<p>Die Lehrveranstaltung wurde im HT 2020 &#8222;digital&#8220; angeboten (mit synchronen und asynchronen Anteilen). Die asynchron nutzbaren Lehrmaterialien (Lehrvideos\/Pr\u00e4sentationen, Texte, Aufgaben) werden im zugeh\u00f6rigen Ilias-Kurs (s.u.) bereitgestellt (gegliedert in 10 Lehr-\/Lerneinheiten). [&hellip;]<\/p>\n","protected":false},"author":43,"featured_media":0,"parent":148,"menu_order":0,"comment_status":"closed","ping_status":"closed","template":"","meta":{"footnotes":""},"categories":[6],"tags":[],"class_list":["post-159","page","type-page","status-publish","hentry","category-lehre"],"_links":{"self":[{"href":"https:\/\/www.hsu-hh.de\/ifi\/wp-json\/wp\/v2\/pages\/159","targetHints":{"allow":["GET"]}}],"collection":[{"href":"https:\/\/www.hsu-hh.de\/ifi\/wp-json\/wp\/v2\/pages"}],"about":[{"href":"https:\/\/www.hsu-hh.de\/ifi\/wp-json\/wp\/v2\/types\/page"}],"author":[{"embeddable":true,"href":"https:\/\/www.hsu-hh.de\/ifi\/wp-json\/wp\/v2\/users\/43"}],"replies":[{"embeddable":true,"href":"https:\/\/www.hsu-hh.de\/ifi\/wp-json\/wp\/v2\/comments?post=159"}],"version-history":[{"count":143,"href":"https:\/\/www.hsu-hh.de\/ifi\/wp-json\/wp\/v2\/pages\/159\/revisions"}],"predecessor-version":[{"id":2115,"href":"https:\/\/www.hsu-hh.de\/ifi\/wp-json\/wp\/v2\/pages\/159\/revisions\/2115"}],"up":[{"embeddable":true,"href":"https:\/\/www.hsu-hh.de\/ifi\/wp-json\/wp\/v2\/pages\/148"}],"wp:attachment":[{"href":"https:\/\/www.hsu-hh.de\/ifi\/wp-json\/wp\/v2\/media?parent=159"}],"wp:term":[{"taxonomy":"category","embeddable":true,"href":"https:\/\/www.hsu-hh.de\/ifi\/wp-json\/wp\/v2\/categories?post=159"},{"taxonomy":"post_tag","embeddable":true,"href":"https:\/\/www.hsu-hh.de\/ifi\/wp-json\/wp\/v2\/tags?post=159"}],"curies":[{"name":"wp","href":"https:\/\/api.w.org\/{rel}","templated":true}]}}