{"id":1562,"date":"2021-01-07T15:40:51","date_gmt":"2021-01-07T14:40:51","guid":{"rendered":"https:\/\/www.hsu-hh.de\/ifi\/?page_id=1562"},"modified":"2022-02-18T09:44:22","modified_gmt":"2022-02-18T08:44:22","slug":"seminar-wirtschaftsinformatik-ft-2021","status":"publish","type":"page","link":"https:\/\/www.hsu-hh.de\/ifi\/seminar-wirtschaftsinformatik-ft-2021","title":{"rendered":"Seminar Wirtschaftsinformatik (FT 2021)"},"content":{"rendered":"<p><strong> Modulnummer: <\/strong> WS-16-B-21<br \/>\n<strong> Dozent: <\/strong><a href=\"\/ifi\/team\/fink\/\" rel='nofollow'>Andreas Fink<\/a><br \/>\n<strong> Studiengang: <\/strong><abbr title=\"Betriebswirtschaftslehre\">BWL<\/abbr> (Wahlpflicht Seminar, B.Sc., 6. Trimester)<br \/>\n<strong> Umfang: <\/strong> 6 Leistungspunkte<br \/>\n<strong> Termine: <\/strong> n.V. (ausgew\u00e4hlte Termine \/ Blockveranstaltung f\u00fcr die Pr\u00e4sentationen)<br \/>\n1. Termin: Mi. 07.04. 11:00 Uhr (MS Teams, Zugangsdaten im Ilias-Kurs, s.u.) (<a href=\"https:\/\/ilias.hsu-hh.de\/goto.php?target=file_351989_download\" rel='nofollow'>Datei hierzu<\/a>)<br \/>\n2. Termin:  Mi. 14.04. 14:00 Uhr (MS Teams)<br \/>\nVortr\u00e4ge: Mo., 14.06., 14:00 &#8211; ca. 18:30 Uhr<br \/>\n<strong> Raum: <\/strong> digital (MS Teams, Zugangsdaten im Ilias-Kurs, s.u.)<br \/>\n<strong> Pr\u00fcfung: <\/strong> Hausarbeit + Referat<br \/>\n<strong> Ilias-Kurs:<\/strong> <a href=\"https:\/\/ilias.hsu-hh.de\/goto.php?target=crs_349240&amp;client_id=unibw\" rel='nofollow'>https:\/\/ilias.hsu-hh.de\/goto.php?target=crs_349240&amp;client_id=unibw<\/a> (direkter Beitritt m\u00f6glich)<\/p>\n<p>Im Rahmen des Seminars erarbeiten die Studierenden bestimmte <a href=\"https:\/\/ilias.hsu-hh.de\/goto.php?target=file_351989_download\" rel='nofollow'>Themen<\/a> (Themenvergabe abgeschlossen am 09.04.2021). Sie erstellen eine Seminararbeit und pr\u00e4sentieren ihre Ergebnisse.<\/p>\n<p>Nach der Themanvergabe und Einarbeitung individuelle R\u00fccksprache mit A. Fink (per MS Teams) bis sp\u00e4testens 7. Mai; hierbei Vorlage (vorab per E-Mail) von a) Gliederungsentwurf, b) einer \u201efertigen\u201c Seite der in der Erarbeitung befindlichen Ausarbeitung sowie c) einem vorl\u00e4ufigen (durchaus noch unvollst\u00e4ndigen) Literaturverzeichnis (all dies aber bereits formal korrekt ausgef\u00fchrt).<\/p>\n<p>Sp\u00e4tester Termin f\u00fcr die Abgabe der Ausarbeitung (pdf, E-Mail an A. Fink): Fr. 11. Juni, 24:00 Uhr (<i>alle erwarteten Arbeiten sind eingegangen<\/i>)<\/p>\n<p><strong>Vortr\u00e4ge in einer Blockveranstaltung (je 25-30 Minuten Pr\u00e4sentation zzgl. 10-15 Minuten Zeit f\u00fcr Fragen\/Diskussion):<br \/>\nMo., 14.06.2021, 14:00 bis ca. 18:30 Uhr (MS Teams, im Team &#8222;Seminar Wirtschaftsinformatik_mst&#8220;)<\/strong><br \/>\n(Reihenfolge gem\u00e4\u00df der Datei &#8222;Seminar-WI-2021-Themenzuordnung&#8220; (Ilias))<\/p>\n<p><strong>Generelle Qualifikationsziele:<\/strong> Die Studierenden<\/p>\n<ul>\n<li>k\u00f6nnen ausgew\u00e4hlte Themen von Wirtschaftsinformatik und ggf. Softwareentwicklung eigenst\u00e4ndig darlegen und diskutieren,<\/li>\n<li>beherrschen hierzu Grundlagen des wissenschaftlichen Arbeitens,<\/li>\n<li>beherrschen ggf. in Abh\u00e4ngigkeit von der Themenstellung ausgew\u00e4hlte Implementierungskompetenzen (optional),<\/li>\n<li>und haben durch die selbst\u00e4ndige Bearbeitung eines Themas sowie durch die Pr\u00e4sentation und Diskussion f\u00e4cher\u00fcbergreifende Schl\u00fcsselkompetenzen erlangt.<\/li>\n<\/ul>\n<p>Zu beachten sind die <a href=\"https:\/\/www.hsu-hh.de\/ifi\/wp-content\/uploads\/sites\/697\/2021\/01\/Richtlinien_2021.pdf\">Vorgaben und Empfehlungen f\u00fcr die Gestaltung wissenschaftlicher Arbeiten im Studium (pdf)<\/a>.<\/p>\n","protected":false},"excerpt":{"rendered":"<p>Modulnummer: WS-16-B-21 Dozent: Andreas Fink Studiengang: BWL (Wahlpflicht Seminar, B.Sc., 6. Trimester) Umfang: 6 Leistungspunkte Termine: n.V. (ausgew\u00e4hlte Termine \/ Blockveranstaltung f\u00fcr die Pr\u00e4sentationen) 1. Termin: Mi. 07.04. 11:00 Uhr [&hellip;]<\/p>\n","protected":false},"author":43,"featured_media":0,"parent":0,"menu_order":0,"comment_status":"closed","ping_status":"closed","template":"","meta":{"footnotes":""},"categories":[6],"tags":[],"class_list":["post-1562","page","type-page","status-publish","hentry","category-lehre"],"_links":{"self":[{"href":"https:\/\/www.hsu-hh.de\/ifi\/wp-json\/wp\/v2\/pages\/1562","targetHints":{"allow":["GET"]}}],"collection":[{"href":"https:\/\/www.hsu-hh.de\/ifi\/wp-json\/wp\/v2\/pages"}],"about":[{"href":"https:\/\/www.hsu-hh.de\/ifi\/wp-json\/wp\/v2\/types\/page"}],"author":[{"embeddable":true,"href":"https:\/\/www.hsu-hh.de\/ifi\/wp-json\/wp\/v2\/users\/43"}],"replies":[{"embeddable":true,"href":"https:\/\/www.hsu-hh.de\/ifi\/wp-json\/wp\/v2\/comments?post=1562"}],"version-history":[{"count":37,"href":"https:\/\/www.hsu-hh.de\/ifi\/wp-json\/wp\/v2\/pages\/1562\/revisions"}],"predecessor-version":[{"id":2023,"href":"https:\/\/www.hsu-hh.de\/ifi\/wp-json\/wp\/v2\/pages\/1562\/revisions\/2023"}],"wp:attachment":[{"href":"https:\/\/www.hsu-hh.de\/ifi\/wp-json\/wp\/v2\/media?parent=1562"}],"wp:term":[{"taxonomy":"category","embeddable":true,"href":"https:\/\/www.hsu-hh.de\/ifi\/wp-json\/wp\/v2\/categories?post=1562"},{"taxonomy":"post_tag","embeddable":true,"href":"https:\/\/www.hsu-hh.de\/ifi\/wp-json\/wp\/v2\/tags?post=1562"}],"curies":[{"name":"wp","href":"https:\/\/api.w.org\/{rel}","templated":true}]}}