{"id":146,"date":"2017-10-09T18:10:41","date_gmt":"2017-10-09T16:10:41","guid":{"rendered":"https:\/\/www.hsu-hh.de\/ifi\/?page_id=146"},"modified":"2026-01-07T13:14:17","modified_gmt":"2026-01-07T12:14:17","slug":"forschung","status":"publish","type":"page","link":"https:\/\/www.hsu-hh.de\/ifi\/forschung","title":{"rendered":"Forschung"},"content":{"rendered":"<p>Die Wirtschaftsinformatik befasst sich mit soziotechnischen Informationssystemen und Informationsverarbeitungsaufgaben in Wirtschaft und Verwaltung. Hierunter nehmen Planungsaufgaben hinsichtlich der Lenkung und Abstimmung des betrieblichen <abbr title=\"beziehungsweise\">bzw.<\/abbr> unternehmens\u00fcbergreifenden Geschehens einen gro\u00dfen Anteil ein. Dabei sind sowohl personelle als auch maschinelle (informationstechnische) Aufgabentr\u00e4ger involviert und folglich kann eine Erf\u00fcllung entsprechender Aufgaben gar nicht, teilweise oder vollst\u00e4ndig automatisiert erfolgen. Aus einer entscheidungsorientierten Sichtweise ist f\u00fcr die Wirtschaftsinformatik die (Teil-)Automatisierung der Erf\u00fcllung von Planungs- und Koordinationsaufgaben im Rahmen softwaretechnischer Systeme von gro\u00dfer Relevanz. Hierbei spielen zunehmend die Potenziale und Herausforderungen von K\u00fcnstlicher Intelligenz (KI) eine Rolle.<\/p>\n<p>Aktuelle Forschungsthemen umfassen KI-gest\u00fctzte dezentrale Koordinationsmechanismen f\u00fcr die automatische Lenkung (\u00fcber-)betrieblicher operativer Prozesse, die Projekt- und Ablaufplanung in verschiedenen Anwendungsfeldern, das Design und die Analyse von Prozessen in digitalen \u00d6kosystemen mittels Simulation und Decision Analytics im Hinblick auf Effizienz, Resilienz und Fairness sowie die Entwicklung und Analyse von Software unter Ber\u00fccksichtigung von High Performance Computing und K\u00fcnstlicher Intelligenz. Bei Planungs- und Koordinationsaufgaben reicht das Methodenspektrum je nach Anwendungsanforderung von Verfahren f\u00fcr deterministische Optimierungsprobleme, \u00fcber sequenzielle Entscheidungsprobleme unter Unsicherheit bis hin zu dezentralen Koordinationsproblemen mit autonomen Akteuren.<\/p>\n<p>Projekte:<\/p>\n<ul>\n<li><a href=\"https:\/\/dtecbw.de\/home\/forschung\/hsu\/projekt-coupleit\/projekt-coupleit\" rel='nofollow'>CoupleIT! \u2013 Digitalisierte Kopplung des Strom- und Gasnetzes<\/a><\/li>\n<li><a href=\"https:\/\/dtecbw.de\/home\/forschung\/hsu\/projekt-hpcbw\/projekt-hpcbw\" rel='nofollow'>HPC.Bw &#8211; Kompetenzplattform f\u00fcr Softwareeffizienz und H\u00f6chstleistungsrechnen<\/a><\/li>\n<ul>\n<li><a href=\"https:\/\/www.hsu-hh.de\/wb\/hpc-bw\">Projektwebsite<\/a><\/li>\n<\/ul>\n<li><a href=\"https:\/\/dtecbw.de\/home\/forschung\/unibw-m\/projekt-lions\/projekt-lions\" rel='nofollow'>LIONS &#8211; Ledger Innovation and Operation Network for Sovereignty<\/a><\/li>\n<ul>\n<li><a href=\"https:\/\/www.unibw.de\/lions\/\" rel='nofollow'>Projektwebsite<\/a><\/li>\n<\/ul>\n<\/ul>\n<p><a href=\"https:\/\/www.hsu-hh.de\/iai\/\"><abbr title=\"Helmut Schmidt Universit\u00e4t\">HSU<\/abbr>-AI \u2013 Institut f\u00fcr K\u00fcnstliche Intelligenz<\/a><\/p>\n<p><a href=\"\/ifi\/team\/fink\/publikationen-andreas-fink\/\" rel='nofollow'>Publikationen<\/a><\/p>\n<p><a href=\"https:\/\/www.hsu-hh.de\/ifi\/riplib\">RIPLib<\/a> &#8211; the library with benchmark datasets and solution values for the multi-mode resource investment problem (MRIP)<\/p>\n","protected":false},"excerpt":{"rendered":"<p>Die Wirtschaftsinformatik befasst sich mit soziotechnischen Informationssystemen und Informationsverarbeitungsaufgaben in Wirtschaft und Verwaltung. Hierunter nehmen Planungsaufgaben hinsichtlich der Lenkung und Abstimmung des betrieblichen bzw. unternehmens\u00fcbergreifenden Geschehens einen gro\u00dfen Anteil ein. [&hellip;]<\/p>\n","protected":false},"author":43,"featured_media":0,"parent":0,"menu_order":0,"comment_status":"closed","ping_status":"closed","template":"","meta":{"footnotes":""},"categories":[4],"tags":[],"class_list":["post-146","page","type-page","status-publish","hentry","category-forschung"],"_links":{"self":[{"href":"https:\/\/www.hsu-hh.de\/ifi\/wp-json\/wp\/v2\/pages\/146","targetHints":{"allow":["GET"]}}],"collection":[{"href":"https:\/\/www.hsu-hh.de\/ifi\/wp-json\/wp\/v2\/pages"}],"about":[{"href":"https:\/\/www.hsu-hh.de\/ifi\/wp-json\/wp\/v2\/types\/page"}],"author":[{"embeddable":true,"href":"https:\/\/www.hsu-hh.de\/ifi\/wp-json\/wp\/v2\/users\/43"}],"replies":[{"embeddable":true,"href":"https:\/\/www.hsu-hh.de\/ifi\/wp-json\/wp\/v2\/comments?post=146"}],"version-history":[{"count":25,"href":"https:\/\/www.hsu-hh.de\/ifi\/wp-json\/wp\/v2\/pages\/146\/revisions"}],"predecessor-version":[{"id":3918,"href":"https:\/\/www.hsu-hh.de\/ifi\/wp-json\/wp\/v2\/pages\/146\/revisions\/3918"}],"wp:attachment":[{"href":"https:\/\/www.hsu-hh.de\/ifi\/wp-json\/wp\/v2\/media?parent=146"}],"wp:term":[{"taxonomy":"category","embeddable":true,"href":"https:\/\/www.hsu-hh.de\/ifi\/wp-json\/wp\/v2\/categories?post=146"},{"taxonomy":"post_tag","embeddable":true,"href":"https:\/\/www.hsu-hh.de\/ifi\/wp-json\/wp\/v2\/tags?post=146"}],"curies":[{"name":"wp","href":"https:\/\/api.w.org\/{rel}","templated":true}]}}