{"id":1423,"date":"2020-11-06T14:15:07","date_gmt":"2020-11-06T13:15:07","guid":{"rendered":"https:\/\/www.hsu-hh.de\/ifi\/?page_id=1423"},"modified":"2022-02-03T17:30:22","modified_gmt":"2022-02-03T16:30:22","slug":"methoden-der-wirtschaftsinformatik-wt-2021","status":"publish","type":"page","link":"https:\/\/www.hsu-hh.de\/ifi\/methoden-der-wirtschaftsinformatik-wt-2021","title":{"rendered":"Methoden der Wirtschaftsinformatik (WT 2021)"},"content":{"rendered":"<div>\n<p>Die Lehrveranstaltung wird im WT 2021 komplett \u201edigital\u201c angeboten. Bei der digitalen Durchf\u00fchrung sind synchrone und asynchrone Anteile m\u00f6glich und vorgesehen. Die asynchron nutzbaren Lehrmaterialien (Lehrvideos\/Pr\u00e4sentationen, Aufgabenbl\u00e4tter, evtl. Texte) werden sukzessive in einem Ilias-Kurs (s.u.) bereitgestellt. F\u00fcr die Durchf\u00fchrung der synchronen Anteile (d.h. die Live-Veranstaltungen) ist das Zeitfenster gem\u00e4\u00df Lehrveranstaltungsplanung, also Do. ab 9:45 Uhr, vorgesehen (MS Teams, s.u.). Die Live-Termine dienen prim\u00e4r f\u00fcr die Besprechung der Aufgabenbl\u00e4tter sowie von Fragen zu den Lerneinheiten (mit vorausgehend bereitgestellten Materialien).<\/p>\n<p><strong>Kursnummer: <\/strong>23.826 (Modulnummer WS21B72\/73, 4 TWS)<br \/>\n<strong>Dozent: <\/strong><a href=\"\/ifi\/team\/fink\/\" rel='nofollow'>Andreas Fink<\/a><br \/>\n<strong>Studiengang: <\/strong>\t<abbr title=\"Betriebswirtschaftslehre\">BWL<\/abbr> (<abbr title=\"Master of Science\">M.Sc.<\/abbr>, Studienschwerpunkt Logistik-Management), <abbr title=\"Wirtschaftsingenieurwesen\">WI<\/abbr> (<abbr title=\"Master of Science\">M.Sc.<\/abbr> Studienrichtungen Logistik und Produktentstehung\/Produktion), Inf.-<abbr title=\"Ingenieur\">Ing.<\/abbr> (<abbr title=\"Master of Science\">M.Sc.<\/abbr>), VWL (Allg. Wahlpflichtbereich, M.Sc.)<br \/>\n<strong>Termin\/Zeitfenster: <\/strong>Do., 09:45 &#8211; max. 12:15 Uhr (konkrete Live-Termine siehe unten im Kursplan)<br \/>\n<strong>Ort: <\/strong>digital <s><abbr title=\"Personal Computer\">PC<\/abbr>-Labor <abbr title=\"Wirtschafts- und Sozialwissenschaften\">WiSo<\/abbr> (Raum 2161, Geb. H1)<\/s>, Live-Termine in MS Teams (Beitritt zum entsprechenden Team mit dem im Ilias-Kurs angegebenen Teamcode)<br \/>\n<strong>Pr\u00fcfung: <\/strong><a href=\"https:\/\/www.hsu-hh.de\/ifi\/lehre\/klausurhinweise\">Klausur (120 Minuten, keine Hilfsmittel)<\/a><br \/>\n<strong>Ilias-Kurs: <\/strong> <a href=\"https:\/\/ilias.hsu-hh.de\/goto_unibw_crs_322324.html\" rel='nofollow'>https:\/\/ilias.hsu-hh.de\/goto_unibw_crs_322324.html<\/a> (direkter Beitritt m\u00f6glich)<\/p>\n<p><strong> Kursplan: <\/strong><br \/>\nBei einer kontinuierlichen Mitarbeit f\u00e4llt je Trimesterwoche in etwa eine Lerneinheit an (die Lerneinheiten sind von 1 bis 9 nummeriert). Die vorgesehenen Gegenst\u00e4nde in den Live-Terminen (MS Teams) lauten:<\/p>\n<p>1. Live-Termin: Do., 07.01.2021, 09:45 Uhr (Einf\u00fchrung &#8211; LE 0)<br \/>\n2. Live-Termin: Do., 21.01.2021, 09:45 Uhr (Aufgabenblatt 1, Fragen zu LE 1 und LE 2)<br \/>\n3. Live-Termin: Do., 28.01.2021, 09:45 Uhr (Aufgabenblatt 2, Fragen zu LE 3)<br \/>\n4. Live-Termin: Do., 04.02.2021, 09:45 Uhr (Aufgabenblatt 3, Fragen zu LE 4)<br \/>\n5. Live-Termin: Do., 11.02.2021, 09:45 Uhr (Aufgabenblatt 4, Fragen zu LE 5)<br \/>\n6. Live-Termin: Do., 25.02.2021, 09:45 Uhr (Aufgabenbl\u00e4tter 5 und 6, Fragen zu LE 6 und 7)<br \/>\n7. Live-Termin: Do., 04.03.2021, 09:45 Uhr (Aufgabenblatt 7, Fragen zu LE 8)<br \/>\n8. Live-Termin: Do., 11.03.2021, 09:45 Uhr (Fragen zu LE 9 und dar\u00fcber hinaus)<br \/>\n&#8222;Klausursprechstunde&#8220;: Do., 18.03.2021, 09:45 Uhr (Teilnahme optional\/bei Interesse)<\/p>\n<p><strong>Aufgabenbl\u00e4tter:<\/strong><br \/>\n<a href=\"https:\/\/ilias.hsu-hh.de\/goto_unibw_file_329670_download.html\" rel='nofollow'>Aufgabenblatt 1<\/a><br \/>\n<a href=\"https:\/\/ilias.hsu-hh.de\/goto_unibw_file_332468_download.html\" rel='nofollow'>Aufgabenblatt 2<\/a><br \/>\n<a href=\"https:\/\/ilias.hsu-hh.de\/goto_unibw_file_332467_download.html\" rel='nofollow'>Aufgabenblatt 3<\/a><br \/>\n<a href=\"https:\/\/ilias.hsu-hh.de\/goto_unibw_file_332464_download.html\" rel='nofollow'>Aufgabenblatt 4<\/a><br \/>\n<a href=\"https:\/\/ilias.hsu-hh.de\/goto_unibw_file_338669_download.html\" rel='nofollow'>Aufgabenblatt 5<\/a><br \/>\n<a href=\"https:\/\/ilias.hsu-hh.de\/goto_unibw_file_338668_download.html\" rel='nofollow'>Aufgabenblatt 6 (<\/a><a href=\"https:\/\/ilias.hsu-hh.de\/goto.php?target=file_342054_download&amp;client_id=unibw\" rel='nofollow'>L\u00f6sungshinweise<\/a>)<br \/>\n<a href=\"https:\/\/ilias.hsu-hh.de\/goto_unibw_file_341977_download.html\" rel='nofollow'>Aufgabenblatt 7 (<\/a><a href=\"https:\/\/ilias.hsu-hh.de\/goto.php?target=file_342055_download&amp;client_id=unibw\" rel='nofollow'>L\u00f6sungshinweise<\/a>)<br \/>\n<i><\/i><\/p>\n<p><i><\/i><\/p>\n<p><i><\/i><\/p>\n<p><i><\/i><\/p>\n<p><i><\/i><\/p>\n<p><i><\/i><\/p>\n<p><i><\/i><\/p>\n<p><i><\/i><\/p>\n<p><i><\/i><\/p>\n<p><i><\/i><\/p>\n<p><i><\/i><\/p>\n<p><i><\/i><\/p>\n<p><i><\/i><\/p>\n<p><i><\/i><\/p>\n<p><i><\/i><\/p>\n<p><i><\/p>\n<p style=\"font-size: small\">\nZu den Materialien im Ilias-Kurs: Bis zum 08.01.2021 wurden die Foliens\u00e4tze und Lehrvideos zu LE 1 und LE 2 sowie Aufgabenblatt 1 bereit gestellt. Am 16.01.2021 wurden die Foliens\u00e4tze und Lehrvideos zu LE 3 bis LE 5 sowie die Aufgabenbl\u00e4tter 2 bis 4 hinzugef\u00fcgt. Am 12.02.2021 wurden die Foliens\u00e4tze und Lehrvideos zu LE 6 und 7 sowie die Aufgabenbl\u00e4tter 5 und 6 hinzugef\u00fcgt. Am 24.02.2021 wurden der Foliensatz und die Lehrvideos zu LE 8 sowie das zugeh\u00f6rige Aufgabenblatt 7 hinzugef\u00fcgt. Am 26.02.2021 wurde der inhaltlich abschlie\u00dfende Foliensatz und das zugeh\u00f6rige Lehrvideo zu LE 9 bereitgestellt.<\/p>\n<p><\/i><i><\/i><i><\/i><i><\/i><i><\/i><i><\/i><i><\/i><i><\/i><i><\/i><i><\/i><i><\/i><i><\/i><i><\/i><i><\/i><i><\/i><\/p>\n<p><strong>Qualifikationsziele (Gesamtmodul):<\/strong> Die Studierenden<\/p>\n<ul>\n<li>k\u00f6nnen Gegenstand, Ziele und Aufgaben der Wirtschaftsinformatik erl\u00e4utern und die Relevanz von Informationstechnik f\u00fcr Unternehmen diskutieren,<\/li>\n<li>k\u00f6nnen Probleml\u00f6sungsprozesse bei der Gestaltung betrieblicher Informationssysteme beschreiben und Modelle und Modellierung aus verschiedenen Perspektiven diskutieren,<\/li>\n<li>kennen theoretische Grundlagen f\u00fcr die Entwicklung und Verwendung von Modellierungssprachen,<\/li>\n<li>k\u00f6nnen konzeptionelle Datenmodelle und (relationale) Datenbankschemas erstellen, kennen die Architektur und Funktionsweise von (relationalen) Datenbanksystemen und beherrschen die Erstellung von Datenbankabfragen mittels SQL sowie weiterf\u00fchrende Konzepte im Zusammenhang mit Informationsmanagement, Data Warehouses und Datenbankanalysen und k\u00f6nnen dieses Wissen mit ausgew\u00e4hlten Softwarewerkzeugen umsetzen,<\/li>\n<li>kennen Aspekte der Anforderungsanalyse f\u00fcr Anwendungssysteme sowie Formen der Funktionsmodellierung und k\u00f6nnen Sachverhalte in Zustandsdiagrammen abbilden,<\/li>\n<li>kennen Ziele und Aufgaben des Gesch\u00e4ftsprozessmanagements, k\u00f6nnen Gesch\u00e4ftsprozesse mittels g\u00e4ngiger Sprachen modellieren und k\u00f6nnen die Steuerung von Gesch\u00e4ftsprozessen (Workflows) mittels Workflow-Management-Systemen erl\u00e4utern.<\/li>\n<\/ul>\n<p><strong>Inhalte:<\/strong> In dem Modul werden Methoden der Wirtschaftsinformatik f\u00fcr die Beschreibung, Erkl\u00e4rung und Gestaltung von Informationssystemen in Wirtschaft und Verwaltung behandelt.<\/p>\n<ul>\n<li>LE 1: Einf\u00fchrung in Gegenstand und Aufgaben der Wirtschaftsinformatik<\/li>\n<li>LE 2: Einf\u00fchrung in die Modellierung von Informationssystemen (Zwecke und Modellverst\u00e4ndnisse, Modellierungssprachen und Metamodelle, Sichten, Betrachtungsebenen und Ordnungsrahmen, Ontologien)<\/li>\n<li>LE 3: Konzeptionelle Datenmodellierung<\/li>\n<li>LE 4: Relationale Datenmodellierung<\/li>\n<li>LE 5: Datenbanksysteme und SQL<\/li>\n<li>LE 6: Informationsmanagement<\/li>\n<li>LE 7: Zustandsdiagramme<\/li>\n<li>LE 8: Gesch\u00e4ftsprozessmodellierung<\/li>\n<li>LE 9: Gesch\u00e4ftsprozessmanagement<\/li>\n<li>LE 10: Rekapitulation und Ausblick<\/li>\n<\/ul>\n<\/div>\n","protected":false},"excerpt":{"rendered":"<p>Die Lehrveranstaltung wird im WT 2021 komplett \u201edigital\u201c angeboten. Bei der digitalen Durchf\u00fchrung sind synchrone und asynchrone Anteile m\u00f6glich und vorgesehen. Die asynchron nutzbaren Lehrmaterialien (Lehrvideos\/Pr\u00e4sentationen, Aufgabenbl\u00e4tter, evtl. Texte) werden [&hellip;]<\/p>\n","protected":false},"author":43,"featured_media":0,"parent":0,"menu_order":0,"comment_status":"closed","ping_status":"closed","template":"","meta":{"footnotes":""},"categories":[6],"tags":[],"class_list":["post-1423","page","type-page","status-publish","hentry","category-lehre"],"_links":{"self":[{"href":"https:\/\/www.hsu-hh.de\/ifi\/wp-json\/wp\/v2\/pages\/1423","targetHints":{"allow":["GET"]}}],"collection":[{"href":"https:\/\/www.hsu-hh.de\/ifi\/wp-json\/wp\/v2\/pages"}],"about":[{"href":"https:\/\/www.hsu-hh.de\/ifi\/wp-json\/wp\/v2\/types\/page"}],"author":[{"embeddable":true,"href":"https:\/\/www.hsu-hh.de\/ifi\/wp-json\/wp\/v2\/users\/43"}],"replies":[{"embeddable":true,"href":"https:\/\/www.hsu-hh.de\/ifi\/wp-json\/wp\/v2\/comments?post=1423"}],"version-history":[{"count":78,"href":"https:\/\/www.hsu-hh.de\/ifi\/wp-json\/wp\/v2\/pages\/1423\/revisions"}],"predecessor-version":[{"id":2332,"href":"https:\/\/www.hsu-hh.de\/ifi\/wp-json\/wp\/v2\/pages\/1423\/revisions\/2332"}],"wp:attachment":[{"href":"https:\/\/www.hsu-hh.de\/ifi\/wp-json\/wp\/v2\/media?parent=1423"}],"wp:term":[{"taxonomy":"category","embeddable":true,"href":"https:\/\/www.hsu-hh.de\/ifi\/wp-json\/wp\/v2\/categories?post=1423"},{"taxonomy":"post_tag","embeddable":true,"href":"https:\/\/www.hsu-hh.de\/ifi\/wp-json\/wp\/v2\/tags?post=1423"}],"curies":[{"name":"wp","href":"https:\/\/api.w.org\/{rel}","templated":true}]}}