{"id":1255,"date":"2020-06-26T15:11:02","date_gmt":"2020-06-26T13:11:02","guid":{"rendered":"https:\/\/www.hsu-hh.de\/ifi\/?page_id=1255"},"modified":"2020-06-26T15:11:02","modified_gmt":"2020-06-26T13:11:02","slug":"seminar-logistik-management-2019","status":"publish","type":"page","link":"https:\/\/www.hsu-hh.de\/ifi\/seminar-logistik-management-2019","title":{"rendered":"Seminar Logistik-Management (HT 2019)"},"content":{"rendered":"<p><strong>Kursnummer: <\/strong>23.1039 (Modulnr. WS23B75)<br \/>\n<strong>Dozent: <\/strong><a href=\"\/ifi\/team\/fink\/\" rel='nofollow'>Andreas Fink<\/a><br \/>\n<strong>Studiengang: <\/strong><abbr title=\"Betriebswirtschaftslehre\">BWL<\/abbr> (<abbr title=\"Master of Science\">M.Sc.<\/abbr>, Studienschwerpunkt Logistik-Management), <abbr title=\"Wirtschaftsingenieurwesen\">WI<\/abbr> (<abbr title=\"Master of Science\">M.Sc.<\/abbr> Studienrichtung Logistik)<br \/>\n<strong>Zeit\/Ort: <\/strong> Blockveranstaltung (Angaben folgen)<\/p>\n<p><strong><a href=\"https:\/\/ilias.hsu-hh.de\/goto_unibw_file_227878_download.html\" rel='nofollow'>Themenliste<\/a><\/strong><\/p>\n<p>M\u00f6glichkeiten zur Information zu den Themen und der Anmeldung bestanden im direkten Kontakt mit dem Dozenten sowie in der generellen einf\u00fchrenden Informationsveranstaltung der drei veranstaltenden Professuren zum Seminar Logistik-Management am Mi., 10. Juli 2019, 14 Uhr, Seminarraum 204.<\/p>\n<p>Sp\u00e4tester Termin f\u00fcr die Abgabe der schriftlichen Ausarbeitung (im Kern (reiner Textteil) ca. 12 bis 15 Seiten): Fr., 22.11.2019. Bitte dann zwei ausgedruckte und geheftete Exemplare am Lehrstuhl abgeben und zus\u00e4tzlich die entsprechende elektronische Fassung (pdf, <abbr title=\"gegebenenfalls\">ggf.<\/abbr> Implementierungsdateien) per E-Mail an den Dozenten schicken. Zu beachten sind die <a href=\"https:\/\/www.hsu-hh.de\/ifi\/wp-content\/uploads\/sites\/697\/2017\/10\/Formale_Richtlinien_2016.pdf\">Empfehlungen der Professur f\u00fcr die formale Gestaltung wissenschaftlicher Arbeiten im Studium<\/a>.<\/p>\n<p>Pr\u00e4sentationstermine (Vortrag jeweils 25 bis max. 30 Minuten, zzgl. Diskussion, Reihenfolge gem\u00e4\u00df Themenliste):<br \/>\nDi., 26.11., 9:45-13:00 Uhr (<abbr title=\"Personal Computer\">PC<\/abbr>-Labor <abbr title=\"Wirtschafts- und Sozialwissenschaften\">WiSo<\/abbr>).<\/p>\n<p>Die Note der schriftlichen Ausarbeitung (je nach Themenstellung <abbr title=\"gegebenenfalls\">ggf.<\/abbr> <abbr title=\"inclusive\">inkl.<\/abbr> Implementierungsleistung) und die Bewertung der Pr\u00e4sentation (<abbr title=\"inclusive\">inkl.<\/abbr> weiterer aktiver Teilnahme) gehen anteilm\u00e4\u00dfig mit 2\/3 <abbr title=\"beziehungsweise\">bzw.<\/abbr> 1\/3 in die Modulgesamtnote ein. In den Seminarveranstaltungen besteht Anwesenheitspflicht.<\/p>\n","protected":false},"excerpt":{"rendered":"<p>Kursnummer: 23.1039 (Modulnr. WS23B75) Dozent: Andreas Fink Studiengang: BWL (M.Sc., Studienschwerpunkt Logistik-Management), WI (M.Sc. Studienrichtung Logistik) Zeit\/Ort: Blockveranstaltung (Angaben folgen) Themenliste M\u00f6glichkeiten zur Information zu den Themen und der Anmeldung [&hellip;]<\/p>\n","protected":false},"author":43,"featured_media":0,"parent":0,"menu_order":0,"comment_status":"closed","ping_status":"closed","template":"","meta":{"footnotes":""},"categories":[],"tags":[],"class_list":["post-1255","page","type-page","status-publish","hentry"],"_links":{"self":[{"href":"https:\/\/www.hsu-hh.de\/ifi\/wp-json\/wp\/v2\/pages\/1255","targetHints":{"allow":["GET"]}}],"collection":[{"href":"https:\/\/www.hsu-hh.de\/ifi\/wp-json\/wp\/v2\/pages"}],"about":[{"href":"https:\/\/www.hsu-hh.de\/ifi\/wp-json\/wp\/v2\/types\/page"}],"author":[{"embeddable":true,"href":"https:\/\/www.hsu-hh.de\/ifi\/wp-json\/wp\/v2\/users\/43"}],"replies":[{"embeddable":true,"href":"https:\/\/www.hsu-hh.de\/ifi\/wp-json\/wp\/v2\/comments?post=1255"}],"version-history":[{"count":1,"href":"https:\/\/www.hsu-hh.de\/ifi\/wp-json\/wp\/v2\/pages\/1255\/revisions"}],"predecessor-version":[{"id":1256,"href":"https:\/\/www.hsu-hh.de\/ifi\/wp-json\/wp\/v2\/pages\/1255\/revisions\/1256"}],"wp:attachment":[{"href":"https:\/\/www.hsu-hh.de\/ifi\/wp-json\/wp\/v2\/media?parent=1255"}],"wp:term":[{"taxonomy":"category","embeddable":true,"href":"https:\/\/www.hsu-hh.de\/ifi\/wp-json\/wp\/v2\/categories?post=1255"},{"taxonomy":"post_tag","embeddable":true,"href":"https:\/\/www.hsu-hh.de\/ifi\/wp-json\/wp\/v2\/tags?post=1255"}],"curies":[{"name":"wp","href":"https:\/\/api.w.org\/{rel}","templated":true}]}}