{"id":1250,"date":"2020-06-26T15:00:53","date_gmt":"2020-06-26T13:00:53","guid":{"rendered":"https:\/\/www.hsu-hh.de\/ifi\/?page_id=1250"},"modified":"2020-06-26T15:00:53","modified_gmt":"2020-06-26T13:00:53","slug":"gdwi-2019","status":"publish","type":"page","link":"https:\/\/www.hsu-hh.de\/ifi\/gdwi-2019","title":{"rendered":"Grundlagen der Wirtschaftsinformatik (HT 2019)"},"content":{"rendered":"<p>Die Kontaktzeiten des Moduls sind als interaktive Vorlesung mit flexibel einbezogenen H\u00f6rsaal\u00fcbungsanteilen im Umfang von etwa 25% konzipiert. Ein erfolgreiches Absolvieren der Abschlussklausur ist mit dem Erwerb von 6 LP verbunden. Bei einem formalen Umfang von 4 TWS im H\u00f6rsaal ist gem\u00e4\u00df Studienordnung und Modulhandbuch von einer w\u00f6chentlichen Vor- und Nachbereitungszeit von mindestens\u00a08 Stunden auszugehen. Grundlage f\u00fcr ein erfolgreiches Erreichen der Qualifikationsziele ist die kontinuierliche aktive Teilnahme an der Lehrveranstaltung. F\u00fcr die Vor- und Nachbereitung <abbr title=\"beziehungsweise\">bzw.<\/abbr> die hiermit verbundene Vertiefung der Inhalte sind relevant: Ausf\u00fchrungen in den eigentlichen Vorlesungen und H\u00f6rsaal\u00fcbungen sowie die Vorlesungsunterlagen und Hausaufgaben im zugeh\u00f6rigen Ilias-Kurs.<\/p>\n<p><strong> Kursnummer: <\/strong>23.404 (Modulnr. WS14B09), 4 TWS<br \/>\n<strong> Dozent: <\/strong><a href=\"\/ifi\/team\/fink\/\" rel='nofollow'>Andreas Fink<\/a><br \/>\n<strong> Studiengang: <\/strong><abbr title=\"Betriebswirtschaftslehre\">BWL<\/abbr> (Pflicht, B.Sc., 4. Trimester), <abbr title=\"Volkswirtschaftslehre\">VWL<\/abbr> (Wahlm\u00f6glichkeit)<br \/>\n<strong> Termine: <\/strong>Di., 15:45-17:15 Uhr, Mi., 11:30-13:00 Uhr<br \/>\n<strong> Raum: <\/strong>H\u00f6rsaal 2 (Geb. H 1)<br \/>\n<strong> Pr\u00fcfung: <\/strong>Klausur<br \/>\n1. Termin: Fr., 20.12.2019, 07:30-09:30 (<a href=\"https:\/\/webbox.hsu-hh.de\/ifi\/index_WOS8la8P4fziSAWs.html\" rel='nofollow'>Klausurergebnisse<\/a>)<br \/>\n2. Termin: Fr., 28.02.2020, 15:30-17:30 (<a href=\"https:\/\/webbox.hsu-hh.de\/ifi\/index_QYMDudBOY212SLvn.html\" rel='nofollow'>Klausurergebnisse<\/a>)<\/p>\n<p><strong> Ilias-Kurs: <\/strong><a href=\"https:\/\/ilias.hsu-hh.de\/goto_unibw_crs_232856.html\" rel='nofollow'>https:\/\/ilias.hsu-hh.de\/goto_unibw_crs_232856.html<\/a><\/p>\n<p><strong>Literatur:<\/strong>\u00a0Als eine Literaturquelle kann folgendes Lehrbuch zum Nachlesen ausgew\u00e4hlter Inhalte herangezogen werden: A. Fink, G. Schneidereit, S. Vo\u00df: Grundlagen der Wirtschaftsinformatik, 2. Auflage, Physica\/Springer, Heidelberg, 2005 (verf\u00fcgbar in der <abbr title=\"Helmut-Schmidt-Universit\u00e4t\">HSU<\/abbr>-Bibliothek sowohl physisch als auch online (pdf)). Weitere Literaturhinweise werden <abbr title=\"gegebenenfalls\">ggf.<\/abbr> themenbezogen erg\u00e4nzt (siehe Folien und Hausaufgaben).<\/p>\n<p><strong>Qualifikationsziele:<\/strong> Die Studierenden<\/p>\n<ul>\n<li>k\u00f6nnen Gegenstand, Ziele und Aufgaben der Wirtschaftsinformatik erl\u00e4utern und die Relevanz von Informationstechnik f\u00fcr Unternehmen diskutieren,<\/li>\n<li>k\u00f6nnen die Wirkung von Digitalisierung anhand aktueller Anwendungsfelder diskutieren,<\/li>\n<li>k\u00f6nnen grunds\u00e4tzliche M\u00f6glichkeiten und Grenzen der praktischen L\u00f6sung betrieblicher Probleme mittels Rechnern beschreiben,<\/li>\n<li>k\u00f6nnen Informationen in Abgrenzung zu Daten und Wissen charakterisieren, bestimmte Sachverhalte zweckm\u00e4\u00dfig codieren sowie wesentliche Konzepte des Managements von Informationen und Wissen beschreiben,<\/li>\n<li>k\u00f6nnen den grunds\u00e4tzlichen Aufbau von Rechnern und Rechnersystemen beschreiben und kennen typische Leistungsmerkmale von Prozessoren und Speichersystemen,<\/li>\n<li>k\u00f6nnen die grunds\u00e4tzliche Funktionsweise von Rechnernetzen und Basiskonzepte des World Wide Web erl\u00e4utern,<\/li>\n<li>k\u00f6nnen Systemsoftware und Anwendungssoftware abgrenzen, besitzen einen \u00dcberblick zu verschiedenen Typen von Programmiersprachen und k\u00f6nnen einfache Programme nachvollziehen,<\/li>\n<li>k\u00f6nnen Phasen und Sichten bei der Modellierung und Umsetzung betrieblicher Informationssysteme erl\u00e4utern,<\/li>\n<li>k\u00f6nnen konzeptionelle Datenmodelle erstellen, hieraus ein Relationenschema entwickeln und die Umsetzung mittels relationaler Datenbanksysteme beschreiben,<\/li>\n<li>k\u00f6nnen Gesch\u00e4ftsprozesse modellieren,<\/li>\n<li>kennen wesentliche Konzepte und Funktionen betrieblicher Anwendungssysteme sowie praktische Beispiele f\u00fcr ERP-Standardsoftware.<\/li>\n<\/ul>\n<p>Dementsprechend werden in dem Modul unter Ber\u00fccksichtigung des betriebswirtschaftlichen Anwendungsbereichs wesentliche Grundlagen der Wirtschaftsinformatik in einf\u00fchrender Form vermittelt:<\/p>\n<ol>\n<li>Gegenstand und Aufgaben der Wirtschaftsinformatik<\/li>\n<li>Ausgew\u00e4hlte aktuelle Themenfelder der Digitalisierung<\/li>\n<li>Berechenbarkeit, Algorithmen und Komplexit\u00e4t<\/li>\n<li>Informationen und ihre Codierung<\/li>\n<li>Informations- und Wissensmanagement<\/li>\n<li>Informations- und Kommunikationstechnik, Software<\/li>\n<li>Internet, Web, XML; <del><abbr title=\"Informationstechnologie\">IT<\/abbr>-Sicherheit<\/del><\/li>\n<li>Datenmodellierung und Datenbanksysteme<\/li>\n<li>Gesch\u00e4ftsprozessmodellierung<\/li>\n<li>Betriebliche Anwendungssysteme<\/li>\n<\/ol>\n","protected":false},"excerpt":{"rendered":"<p>Die Kontaktzeiten des Moduls sind als interaktive Vorlesung mit flexibel einbezogenen H\u00f6rsaal\u00fcbungsanteilen im Umfang von etwa 25% konzipiert. Ein erfolgreiches Absolvieren der Abschlussklausur ist mit dem Erwerb von 6 LP [&hellip;]<\/p>\n","protected":false},"author":43,"featured_media":0,"parent":0,"menu_order":0,"comment_status":"closed","ping_status":"closed","template":"","meta":{"footnotes":""},"categories":[],"tags":[],"class_list":["post-1250","page","type-page","status-publish","hentry"],"_links":{"self":[{"href":"https:\/\/www.hsu-hh.de\/ifi\/wp-json\/wp\/v2\/pages\/1250","targetHints":{"allow":["GET"]}}],"collection":[{"href":"https:\/\/www.hsu-hh.de\/ifi\/wp-json\/wp\/v2\/pages"}],"about":[{"href":"https:\/\/www.hsu-hh.de\/ifi\/wp-json\/wp\/v2\/types\/page"}],"author":[{"embeddable":true,"href":"https:\/\/www.hsu-hh.de\/ifi\/wp-json\/wp\/v2\/users\/43"}],"replies":[{"embeddable":true,"href":"https:\/\/www.hsu-hh.de\/ifi\/wp-json\/wp\/v2\/comments?post=1250"}],"version-history":[{"count":1,"href":"https:\/\/www.hsu-hh.de\/ifi\/wp-json\/wp\/v2\/pages\/1250\/revisions"}],"predecessor-version":[{"id":1251,"href":"https:\/\/www.hsu-hh.de\/ifi\/wp-json\/wp\/v2\/pages\/1250\/revisions\/1251"}],"wp:attachment":[{"href":"https:\/\/www.hsu-hh.de\/ifi\/wp-json\/wp\/v2\/media?parent=1250"}],"wp:term":[{"taxonomy":"category","embeddable":true,"href":"https:\/\/www.hsu-hh.de\/ifi\/wp-json\/wp\/v2\/categories?post=1250"},{"taxonomy":"post_tag","embeddable":true,"href":"https:\/\/www.hsu-hh.de\/ifi\/wp-json\/wp\/v2\/tags?post=1250"}],"curies":[{"name":"wp","href":"https:\/\/api.w.org\/{rel}","templated":true}]}}