{"id":1009,"date":"2020-01-21T11:08:20","date_gmt":"2020-01-21T10:08:20","guid":{"rendered":"https:\/\/www.hsu-hh.de\/ifi\/?page_id=1009"},"modified":"2020-01-21T13:44:04","modified_gmt":"2020-01-21T12:44:04","slug":"rrzn-fachhandbuecher","status":"publish","type":"page","link":"https:\/\/www.hsu-hh.de\/ifi\/rrzn-fachhandbuecher","title":{"rendered":"RRZN-Fachhandb\u00fccher"},"content":{"rendered":"<p>F\u00fcr die RRZN-Fachhandb\u00fccher der Leibniz-Universit\u00e4t Hannover rufen Sie bitte folgenden Link auf: <a href=\"https:\/\/herdt-campus.com\/\" rel='nofollow'>https:\/\/herdt-campus.com\/<\/a><\/p>\n<p>Diese B\u00fccher sind von der Helmut-Schmidt-Universit\u00e4t \u00fcber eine Campuslizenz verf\u00fcgbar &#8211; online und ausgedruckt.<\/p>\n<p><strong>Bitte beachten: F\u00fcr eventuelle Bestellungen f\u00fcr ausgedruckte Exemplare bitte an Frau Katrin Hofmann, <abbr title=\"Fakult\u00e4t\">Fak.<\/abbr> <abbr title=\"Wirtschafts- und Sozialwissenschaften\">WiSo<\/abbr>, Tel. 3345 <abbr title=\"beziehungsweise\">bzw.<\/abbr> Email: <a href=\"mailto:hofmannk@hsu-hh.de\" rel='nofollow'>hofmannk@hsu-hh.de<\/a> wenden. Pro Buch kann ab 10 Exemplaren bestellt werden.<\/strong><\/p>\n","protected":false},"excerpt":{"rendered":"<p>F\u00fcr die RRZN-Fachhandb\u00fccher der Leibniz-Universit\u00e4t Hannover rufen Sie bitte folgenden Link auf: https:\/\/herdt-campus.com\/ Diese B\u00fccher sind von der Helmut-Schmidt-Universit\u00e4t \u00fcber eine Campuslizenz verf\u00fcgbar &#8211; online und ausgedruckt. Bitte beachten: F\u00fcr [&hellip;]<\/p>\n","protected":false},"author":42,"featured_media":0,"parent":0,"menu_order":0,"comment_status":"closed","ping_status":"closed","template":"","meta":{"footnotes":""},"categories":[],"tags":[],"class_list":["post-1009","page","type-page","status-publish","hentry"],"_links":{"self":[{"href":"https:\/\/www.hsu-hh.de\/ifi\/wp-json\/wp\/v2\/pages\/1009","targetHints":{"allow":["GET"]}}],"collection":[{"href":"https:\/\/www.hsu-hh.de\/ifi\/wp-json\/wp\/v2\/pages"}],"about":[{"href":"https:\/\/www.hsu-hh.de\/ifi\/wp-json\/wp\/v2\/types\/page"}],"author":[{"embeddable":true,"href":"https:\/\/www.hsu-hh.de\/ifi\/wp-json\/wp\/v2\/users\/42"}],"replies":[{"embeddable":true,"href":"https:\/\/www.hsu-hh.de\/ifi\/wp-json\/wp\/v2\/comments?post=1009"}],"version-history":[{"count":2,"href":"https:\/\/www.hsu-hh.de\/ifi\/wp-json\/wp\/v2\/pages\/1009\/revisions"}],"predecessor-version":[{"id":1013,"href":"https:\/\/www.hsu-hh.de\/ifi\/wp-json\/wp\/v2\/pages\/1009\/revisions\/1013"}],"wp:attachment":[{"href":"https:\/\/www.hsu-hh.de\/ifi\/wp-json\/wp\/v2\/media?parent=1009"}],"wp:term":[{"taxonomy":"category","embeddable":true,"href":"https:\/\/www.hsu-hh.de\/ifi\/wp-json\/wp\/v2\/categories?post=1009"},{"taxonomy":"post_tag","embeddable":true,"href":"https:\/\/www.hsu-hh.de\/ifi\/wp-json\/wp\/v2\/tags?post=1009"}],"curies":[{"name":"wp","href":"https:\/\/api.w.org\/{rel}","templated":true}]}}