{"id":584,"date":"2021-10-26T15:38:27","date_gmt":"2021-10-26T13:38:27","guid":{"rendered":"https:\/\/www.hsu-hh.de\/idgbe\/?page_id=584"},"modified":"2022-10-06T15:22:24","modified_gmt":"2022-10-06T13:22:24","slug":"dr-clemens-bach","status":"publish","type":"page","link":"https:\/\/www.hsu-hh.de\/idgbe\/en\/dr-clemens-bach\/","title":{"rendered":"Dr. Clemens Bach"},"content":{"rendered":"\n<div style=\"height:46px\" aria-hidden=\"true\" class=\"wp-block-spacer\"><\/div>\n\n\n<div class=\"wp-block-image is-style-default\">\n<figure class=\"alignleft size-large is-resized\"><img decoding=\"async\" src=\"https:\/\/www.hsu-hh.de\/idgbe\/wp-content\/uploads\/sites\/853\/2021\/01\/20_10_ClemensBach017_b-683x1024.jpg\" data-credit=\"cb\" alt=\"foto_cb\" class=\"wp-image-341\" width=\"149\" srcset=\"https:\/\/www.hsu-hh.de\/idgbe\/wp-content\/uploads\/sites\/853\/2021\/01\/20_10_ClemensBach017_b-683x1024.jpg 683w, https:\/\/www.hsu-hh.de\/idgbe\/wp-content\/uploads\/sites\/853\/2021\/01\/20_10_ClemensBach017_b-200x300.jpg 200w, https:\/\/www.hsu-hh.de\/idgbe\/wp-content\/uploads\/sites\/853\/2021\/01\/20_10_ClemensBach017_b-768x1152.jpg 768w, https:\/\/www.hsu-hh.de\/idgbe\/wp-content\/uploads\/sites\/853\/2021\/01\/20_10_ClemensBach017_b-1024x1536.jpg 1024w, https:\/\/www.hsu-hh.de\/idgbe\/wp-content\/uploads\/sites\/853\/2021\/01\/20_10_ClemensBach017_b-1365x2048.jpg 1365w, https:\/\/www.hsu-hh.de\/idgbe\/wp-content\/uploads\/sites\/853\/2021\/01\/20_10_ClemensBach017_b-1100x1650.jpg 1100w, https:\/\/www.hsu-hh.de\/idgbe\/wp-content\/uploads\/sites\/853\/2021\/01\/20_10_ClemensBach017_b-scaled.jpg 1707w\" sizes=\"(max-width: 683px) 100vw, 683px\" \/><\/figure>\n<\/div>\n\n\n<div class=\"wp-block-columns are-vertically-aligned-top is-layout-flex wp-container-core-columns-is-layout-9d6595d7 wp-block-columns-is-layout-flex\">\n<div class=\"wp-block-column is-vertically-aligned-top is-layout-flow wp-block-column-is-layout-flow\">\n<p class=\"has-text-align-right\"><strong><strong>Postal address<\/strong><\/strong><\/p>\n\n\n\n<p class=\"has-text-align-right\">Helmut Schmidt University\u00a0<br>P.O. Box 70 08 22<br>22008 Hamburg<\/p>\n<\/div>\n\n\n\n<div class=\"wp-block-column is-vertically-aligned-top is-layout-flow wp-block-column-is-layout-flow\">\n<p class=\"has-text-align-right\"><strong><strong>Visitor address<\/strong><\/strong><\/p>\n\n\n\n<p class=\"has-text-align-right\">Helmut Schmidt University&nbsp;<br>Building H4<br>Holstenhofweg 85<br>22043 Hamburg<\/p>\n<\/div>\n\n\n\n<div class=\"wp-block-column is-vertically-aligned-top is-layout-flow wp-block-column-is-layout-flow\">\n<p class=\"has-text-align-left\"><strong>Room:<\/strong> 226<\/p>\n\n\n\n<p class=\"has-text-align-left\"><strong>Phone: <\/strong>+49406541-3363<\/p>\n\n\n\n<p class=\"has-text-align-left\"><strong>E-Mail:<\/strong> <a href=\"mailto:bachc@hsu-hh.de\" rel='nofollow'>bachc@hsu-hh.de<\/a><\/p>\n\n\n\n<p class=\"has-text-align-left\"><\/p>\n<\/div>\n<\/div>\n\n\n\n<div style=\"height:20px\" aria-hidden=\"true\" class=\"wp-block-spacer\"><\/div>\n\n\n\n<hr class=\"wp-block-separator has-css-opacity is-style-default\" \/>\n\n\n\n<p style=\"font-size:22px\"><strong>Short Biography<\/strong><\/p>\n\n\n\n<p style=\"font-size:14px\">September 2020: Doctorate (<abbr title=\"Doktor\">Dr.<\/abbr> phil.) at the Friedrich Schiller University Jena with the thesis: \u201cKinetisch konstruktiver Neuhumanismus. Zur Geschichte der p\u00e4dagogischen Kunsttheorie L\u00e1szl\u00f3 Moholy-Nagys\u201d<\/p>\n\n\n\n<p style=\"font-size:14px\">Since May 2020: Research assistant to the&nbsp;Professorship of Education with a Focus on the History of Ideas and Historical Discourse Analysis&nbsp;(<abbr title=\"Professor\">Prof.<\/abbr> Esther Berner), Helmut Schmidt University Hamburg<\/p>\n\n\n\n<p style=\"font-size:14px\">Since 2019: Freelancer at Haus der Kulturen der Welt (HKW) in Berlin<\/p>\n\n\n\n<p style=\"font-size:14px\">2019\u20132021: Lecturer at the <abbr title=\"Technische Universit\u00e4t\">TU<\/abbr> Braunschweig<\/p>\n\n\n\n<p style=\"font-size:14px\">January 2016 to December 2018: PhD scholarship from the Freistaat Th\u00fcringen (LGS)<\/p>\n\n\n\n<p style=\"font-size:14px\">2011\u20132014: Studies on the Master\u2019s programme \u201cEducation \u2013 Culture \u2013 Anthropology\u201d at the Friedrich Schiller University Jena and the University of Vienna<\/p>\n\n\n\n<p style=\"font-size:14px\">2008\u20132011 Studies in Educational Science and Sociology (B.A.) at the Friedrich Schiller University Jena<\/p>\n\n\n\n<hr class=\"wp-block-separator has-css-opacity is-style-default\" \/>\n\n\n\n<div style=\"height:46px\" aria-hidden=\"true\" class=\"wp-block-spacer\"><\/div>\n\n\n\n<p style=\"font-size:22px\"><strong>Research Focus<\/strong><\/p>\n\n\n\n<p style=\"font-size:14px\">The theory of education<\/p>\n\n\n\n<p style=\"font-size:14px\">The history and theory of aesthetic education as well as historical avant-garde movements<\/p>\n\n\n\n<p style=\"font-size:14px\">Methodology (especially hermeneutics, historiography and the critique of ideology)<\/p>\n\n\n\n<p style=\"font-size:14px\">Historical and systematic studies on (aesthetic) aspects within the history of pedagogical ideas and problems (e.g. architecture, photography, humour, narration, camouflage)<\/p>\n","protected":false},"excerpt":{"rendered":"<p>Postal address Helmut Schmidt University\u00a0P.O. Box 70 08 2222008 Hamburg Visitor address Helmut Schmidt University&nbsp;Building H4Holstenhofweg 8522043 Hamburg Room: 226 Phone: +49406541-3363 E-Mail: bachc@hsu-hh.de Short Biography September 2020: Doctorate (Dr. [&hellip;]<\/p>\n","protected":false},"author":2643,"featured_media":0,"parent":0,"menu_order":0,"comment_status":"closed","ping_status":"closed","template":"","meta":{"footnotes":""},"categories":[7],"tags":[],"class_list":["post-584","page","type-page","status-publish","hentry","category-research"],"_links":{"self":[{"href":"https:\/\/www.hsu-hh.de\/idgbe\/wp-json\/wp\/v2\/pages\/584","targetHints":{"allow":["GET"]}}],"collection":[{"href":"https:\/\/www.hsu-hh.de\/idgbe\/wp-json\/wp\/v2\/pages"}],"about":[{"href":"https:\/\/www.hsu-hh.de\/idgbe\/wp-json\/wp\/v2\/types\/page"}],"author":[{"embeddable":true,"href":"https:\/\/www.hsu-hh.de\/idgbe\/wp-json\/wp\/v2\/users\/2643"}],"replies":[{"embeddable":true,"href":"https:\/\/www.hsu-hh.de\/idgbe\/wp-json\/wp\/v2\/comments?post=584"}],"version-history":[{"count":3,"href":"https:\/\/www.hsu-hh.de\/idgbe\/wp-json\/wp\/v2\/pages\/584\/revisions"}],"predecessor-version":[{"id":673,"href":"https:\/\/www.hsu-hh.de\/idgbe\/wp-json\/wp\/v2\/pages\/584\/revisions\/673"}],"wp:attachment":[{"href":"https:\/\/www.hsu-hh.de\/idgbe\/wp-json\/wp\/v2\/media?parent=584"}],"wp:term":[{"taxonomy":"category","embeddable":true,"href":"https:\/\/www.hsu-hh.de\/idgbe\/wp-json\/wp\/v2\/categories?post=584"},{"taxonomy":"post_tag","embeddable":true,"href":"https:\/\/www.hsu-hh.de\/idgbe\/wp-json\/wp\/v2\/tags?post=584"}],"curies":[{"name":"wp","href":"https:\/\/api.w.org\/{rel}","templated":true}]}}