{"id":147,"date":"2020-12-28T16:46:51","date_gmt":"2020-12-28T15:46:51","guid":{"rendered":"https:\/\/www.hsu-hh.de\/idgbe\/?page_id=147"},"modified":"2023-05-16T10:29:44","modified_gmt":"2023-05-16T08:29:44","slug":"mitarbeiterinnen","status":"publish","type":"page","link":"https:\/\/www.hsu-hh.de\/idgbe\/mitarbeiterinnen\/","title":{"rendered":"MitarbeiterInnen"},"content":{"rendered":"<div>\n<div>\n<div>\n<div>\n<div>\n<div>\n<div class=\"clearfix\">\u00a0<\/div>\n<div class=\"ansprechparter-container\">\n<div class=\"row ansprechpartner-item ansprechparter-header\">\n<div class=\"col-xs-8 col-lg-12\" style=\"margin-bottom: 30px\">\n<div class=\"mobile-small\"><a href=\"https:\/\/www.hsu-hh.de\/idgbe\/prof-dr-esther-berner\/\"><abbr title=\"Professor\">Prof.<\/abbr> <abbr title=\"Doktor\">Dr.<\/abbr> Esther Berner<\/a><\/div>\n<\/div>\n<div class=\"col-md-4 col-lg-3 col-xs-4 ansprechpartner-item floatright img-circle center-block\" style=\"margin-bottom: 30px\">\n<div class=\"img-responsive-wrapper\">\n<p><img loading=\"lazy\" decoding=\"async\" class=\"wp-image-143 aligncenter\" src=\"https:\/\/www.hsu-hh.de\/idgbe\/wp-content\/uploads\/sites\/853\/2020\/12\/149_0037-1-199x300.jpg\" alt=\"foto_eb\" width=\"149\" height=\"225\" data-credit=\"eb\" srcset=\"https:\/\/www.hsu-hh.de\/idgbe\/wp-content\/uploads\/sites\/853\/2020\/12\/149_0037-1-199x300.jpg 199w, https:\/\/www.hsu-hh.de\/idgbe\/wp-content\/uploads\/sites\/853\/2020\/12\/149_0037-1-681x1024.jpg 681w, https:\/\/www.hsu-hh.de\/idgbe\/wp-content\/uploads\/sites\/853\/2020\/12\/149_0037-1-768x1155.jpg 768w, https:\/\/www.hsu-hh.de\/idgbe\/wp-content\/uploads\/sites\/853\/2020\/12\/149_0037-1-1021x1536.jpg 1021w, https:\/\/www.hsu-hh.de\/idgbe\/wp-content\/uploads\/sites\/853\/2020\/12\/149_0037-1-1362x2048.jpg 1362w, https:\/\/www.hsu-hh.de\/idgbe\/wp-content\/uploads\/sites\/853\/2020\/12\/149_0037-1-1100x1654.jpg 1100w, https:\/\/www.hsu-hh.de\/idgbe\/wp-content\/uploads\/sites\/853\/2020\/12\/149_0037-1-scaled.jpg 1702w\" sizes=\"auto, (max-width: 149px) 100vw, 149px\" \/><\/p>\n<\/div>\n<\/div>\n<div class=\"col-md-12 col-lg-3 col-xs-12 ansprechpartner-item kontakt floatright\" style=\"margin-bottom: 30px\">\n<div class=\"row\">\n<div class=\"col-xs-12 col-sm-6 col-lg-12\">\n<div class=\"row\">\n<div class=\"col-xs-12 col-lg-4 row-text bold\">Raum:<\/div>\n<div class=\"col-xs-12 col-lg-8 row-text\">220<\/div>\n<\/div>\n<\/div>\n<div class=\"col-xs-12 col-sm-6 col-lg-12\">\n<div class=\"row\">\n<div class=\"col-xs-12 col-lg-4 row-text bold\">Telefon:<\/div>\n<div class=\"col-xs-12 col-lg-8 row-text\">+49406541-2840<\/div>\n<\/div>\n<\/div>\n<div class=\"col-xs-12 col-sm-6 col-lg-12\">\n<div class=\"row\">\n<div class=\"col-xs-12 col-md-12 row-text bold\">E-Mail:<\/div>\n<div class=\"col-xs-12 col-md-12 row-text\"><a href=\"mailto:bernere@hsu-hh.de\" rel='nofollow'>bernere@hsu-hh.de<\/a><\/div>\n<div><strong>\u00a0 \u00a0 Sprechzeiten:\u00a0<\/strong>n. V.<\/div>\n<div>\u00a0<\/div>\n<\/div>\n<\/div>\n<\/div>\n<\/div>\n<div class=\"col-md-6 col-lg-3 col-xs-12 ansprechpartner-item anschrift floatright\">\n<div class=\"row-headline\">Besucheranschrift<\/div>\n<div class=\"row-text\">Helmut-Schmidt-Universit\u00e4t<br \/>Geb\u00e4ude H4<br \/>Holstenhofweg 85<br \/>22043 Hamburg<\/div>\n<\/div>\n<div class=\"col-md-6 col-lg-3 col-xs-12 ansprechpartner-item anschrift floatright\">\n<div class=\"row-headline\">Postanschrift<\/div>\n<div class=\"row-text\">Helmut-Schmidt-Universit\u00e4t<br \/>Postfach 70 08 22<br \/>22008 Hamburg<\/div>\n<\/div>\n<\/div>\n<\/div>\n<\/div>\n<\/div>\n<\/div>\n<\/div>\n<div>\n<div class=\"clearfix\">\u00a0<\/div>\n<div>\n<div>\n<div>\n<div class=\"ansprechparter-container\">\n<div class=\"row ansprechpartner-item ansprechparter-header\">\n<div class=\"col-xs-8 col-lg-12\" style=\"margin-bottom: 30px\">\n<div class=\"mobile-small\"><a href=\"https:\/\/www.hsu-hh.de\/idgbe\/dr-susann-hofbauer\/\"><abbr title=\"Doktor\">Dr.<\/abbr> Susann Hofbauer<\/a><\/div>\n<\/div>\n<div class=\"col-md-4 col-lg-3 col-xs-4 ansprechpartner-item floatright img-circle center-block\" style=\"margin-bottom: 30px\">\n<div class=\"img-responsive-wrapper\">\n<p><img loading=\"lazy\" decoding=\"async\" class=\"wp-image-145 aligncenter\" src=\"https:\/\/www.hsu-hh.de\/idgbe\/wp-content\/uploads\/sites\/853\/2020\/12\/Hofbauer2019-214x300.jpg\" alt=\"foto_sh\" width=\"149\" height=\"209\" data-credit=\"sh\" srcset=\"https:\/\/www.hsu-hh.de\/idgbe\/wp-content\/uploads\/sites\/853\/2020\/12\/Hofbauer2019-214x300.jpg 214w, https:\/\/www.hsu-hh.de\/idgbe\/wp-content\/uploads\/sites\/853\/2020\/12\/Hofbauer2019-731x1024.jpg 731w, https:\/\/www.hsu-hh.de\/idgbe\/wp-content\/uploads\/sites\/853\/2020\/12\/Hofbauer2019-768x1076.jpg 768w, https:\/\/www.hsu-hh.de\/idgbe\/wp-content\/uploads\/sites\/853\/2020\/12\/Hofbauer2019-1096x1536.jpg 1096w, https:\/\/www.hsu-hh.de\/idgbe\/wp-content\/uploads\/sites\/853\/2020\/12\/Hofbauer2019-1461x2048.jpg 1461w, https:\/\/www.hsu-hh.de\/idgbe\/wp-content\/uploads\/sites\/853\/2020\/12\/Hofbauer2019-1100x1542.jpg 1100w, https:\/\/www.hsu-hh.de\/idgbe\/wp-content\/uploads\/sites\/853\/2020\/12\/Hofbauer2019-scaled.jpg 1827w\" sizes=\"auto, (max-width: 149px) 100vw, 149px\" \/><\/p>\n<\/div>\n<\/div>\n<div class=\"col-md-12 col-lg-3 col-xs-12 ansprechpartner-item kontakt floatright\" style=\"margin-bottom: 30px\">\n<div class=\"row\">\n<div class=\"col-xs-12 col-sm-6 col-lg-12\">\n<div class=\"row\">\n<div class=\"col-xs-12 col-lg-4 row-text bold\">Raum:<\/div>\n<div class=\"col-xs-12 col-lg-8 row-text\">226<\/div>\n<\/div>\n<\/div>\n<div class=\"col-xs-12 col-sm-6 col-lg-12\">\n<div class=\"row\">\n<div class=\"col-xs-12 col-lg-4 row-text bold\">Telefon:<\/div>\n<div class=\"col-xs-12 col-lg-8 row-text\">+49406541-3363<\/div>\n<\/div>\n<\/div>\n<div class=\"col-xs-12 col-sm-6 col-lg-12\">\n<div class=\"row\">\n<div class=\"col-xs-12 col-md-12 row-text bold\">E-Mail:<\/div>\n<div class=\"col-xs-12 col-md-12 row-text\"><a href=\"mailto:Hofbauer@hsu-hh.de\" rel='nofollow'>Hofbauer@hsu-hh.de<\/a><\/div>\n<div><strong>\u00a0 \u00a0 Sprechzeiten:<\/strong>\u00a0n. V.<\/div>\n<\/div>\n<\/div>\n<\/div>\n<\/div>\n<div class=\"col-md-6 col-lg-3 col-xs-12 ansprechpartner-item anschrift floatright\">\n<div class=\"row-headline\">Besucheranschrift<\/div>\n<div class=\"row-text\">Helmut-Schmidt-Universit\u00e4t<br \/>Geb\u00e4ude H4<br \/>Holstenhofweg 85<br \/>22043 Hamburg<\/div>\n<\/div>\n<div class=\"col-md-6 col-lg-3 col-xs-12 ansprechpartner-item anschrift floatright\">\n<div class=\"row-headline\">Postanschrift<\/div>\n<div class=\"row-text\">Helmut-Schmidt-Universit\u00e4t<br \/>Postfach 70 08 22<br \/>22008 Hamburg<\/div>\n<\/div>\n<\/div>\n<\/div>\n<\/div>\n<\/div>\n<\/div>\n<div>\u00a0<\/div>\n<div>\n<div class=\"ansprechparter-container\">\n<div class=\"row ansprechpartner-item ansprechparter-header\">\n<div class=\"col-xs-8 col-lg-12\" style=\"margin-bottom: 30px\">\n<div class=\"mobile-small\"><a href=\"https:\/\/www.hsu-hh.de\/idgbe\/clemens-bach\/\"><abbr title=\"Doktor\">Dr.<\/abbr> Clemens Bach<\/a><\/div>\n<\/div>\n<div class=\"col-md-4 col-lg-3 col-xs-4 ansprechpartner-item floatright img-circle center-block\" style=\"margin-bottom: 30px\">\n<div class=\"img-responsive-wrapper\"><img loading=\"lazy\" decoding=\"async\" class=\"wp-image-341 aligncenter\" src=\"https:\/\/www.hsu-hh.de\/idgbe\/wp-content\/uploads\/sites\/853\/2021\/01\/20_10_ClemensBach017_b-200x300.jpg\" alt=\"foto_cb\" width=\"149\" height=\"223\" data-credit=\"cb\" srcset=\"https:\/\/www.hsu-hh.de\/idgbe\/wp-content\/uploads\/sites\/853\/2021\/01\/20_10_ClemensBach017_b-200x300.jpg 200w, https:\/\/www.hsu-hh.de\/idgbe\/wp-content\/uploads\/sites\/853\/2021\/01\/20_10_ClemensBach017_b-683x1024.jpg 683w, https:\/\/www.hsu-hh.de\/idgbe\/wp-content\/uploads\/sites\/853\/2021\/01\/20_10_ClemensBach017_b-768x1152.jpg 768w, https:\/\/www.hsu-hh.de\/idgbe\/wp-content\/uploads\/sites\/853\/2021\/01\/20_10_ClemensBach017_b-1024x1536.jpg 1024w, https:\/\/www.hsu-hh.de\/idgbe\/wp-content\/uploads\/sites\/853\/2021\/01\/20_10_ClemensBach017_b-1365x2048.jpg 1365w, https:\/\/www.hsu-hh.de\/idgbe\/wp-content\/uploads\/sites\/853\/2021\/01\/20_10_ClemensBach017_b-1100x1650.jpg 1100w, https:\/\/www.hsu-hh.de\/idgbe\/wp-content\/uploads\/sites\/853\/2021\/01\/20_10_ClemensBach017_b-scaled.jpg 1707w\" sizes=\"auto, (max-width: 149px) 100vw, 149px\" \/><\/div>\n<\/div>\n<div class=\"col-md-12 col-lg-3 col-xs-12 ansprechpartner-item kontakt floatright\" style=\"margin-bottom: 30px\">\n<div class=\"row\">\n<div class=\"col-xs-12 col-sm-6 col-lg-12\">\n<div class=\"row\">\n<div class=\"col-xs-12 col-lg-4 row-text bold\">Raum:<\/div>\n<div class=\"col-xs-12 col-lg-8 row-text\">226<\/div>\n<\/div>\n<\/div>\n<div class=\"col-xs-12 col-sm-6 col-lg-12\">\n<div class=\"row\">\n<div class=\"col-xs-12 col-lg-4 row-text bold\">Telefon:<\/div>\n<div class=\"col-xs-12 col-lg-8 row-text\">+49406541-3363<\/div>\n<\/div>\n<\/div>\n<div class=\"col-xs-12 col-sm-6 col-lg-12\">\n<div class=\"row\">\n<div class=\"col-xs-12 col-md-12 row-text bold\">E-Mail:<\/div>\n<div class=\"col-xs-12 col-md-12 row-text\"><a href=\"mailto:bachc@hsu-hh.de\" rel='nofollow'>bachc@hsu-hh.de<\/a><\/div>\n<div><strong>\u00a0 \u00a0 Sprechzeiten: <\/strong>n. V.\n<p>\u00a0<\/p>\n<\/div>\n<\/div>\n<\/div>\n<\/div>\n<\/div>\n<div class=\"col-md-6 col-lg-3 col-xs-12 ansprechpartner-item anschrift floatright\">\n<div class=\"row-headline\">Besucheranschrift<\/div>\n<div class=\"row-text\">Helmut-Schmidt-Universit\u00e4t<br \/>Geb\u00e4ude H4<br \/>Holstenhofweg 85<br \/>22043 Hamburg<\/div>\n<\/div>\n<div class=\"col-md-6 col-lg-3 col-xs-12 ansprechpartner-item anschrift floatright\">\n<div class=\"row-headline\">Postanschrift<\/div>\n<div class=\"row-text\">Helmut-Schmidt-Universit\u00e4t<br \/>Postfach 70 08 22<br \/>22008 Hamburg<\/div>\n<\/div>\n<\/div>\n<\/div>\n<\/div>\n<\/div>\n<\/div>\n<\/div>\n<div>\n<div class=\"clearfix\">\u00a0<\/div>\n<div class=\"ansprechparter-container\">\n<div class=\"row ansprechpartner-item ansprechparter-header\">\n<div class=\"col-xs-8 col-lg-12\" style=\"margin-bottom: 30px\">\n<div class=\"mobile-small\">Sylvia Draack (Sekretariat)<\/div>\n<\/div>\n<div class=\"col-md-4 col-lg-3 col-xs-4 ansprechpartner-item floatright img-circle center-block\" style=\"margin-bottom: 30px\">\n<div class=\"img-responsive-wrapper\"><img loading=\"lazy\" decoding=\"async\" class=\"wp-image-710 aligncenter\" src=\"https:\/\/www.hsu-hh.de\/idgbe\/wp-content\/uploads\/sites\/853\/2023\/05\/Portrait_Sylvia_23-e1684225066360-225x300.jpg\" alt=\"foto_sd\" width=\"148\" height=\"197\" data-credit=\"draack\" srcset=\"https:\/\/www.hsu-hh.de\/idgbe\/wp-content\/uploads\/sites\/853\/2023\/05\/Portrait_Sylvia_23-e1684225066360-225x300.jpg 225w, https:\/\/www.hsu-hh.de\/idgbe\/wp-content\/uploads\/sites\/853\/2023\/05\/Portrait_Sylvia_23-e1684225066360-768x1024.jpg 768w, https:\/\/www.hsu-hh.de\/idgbe\/wp-content\/uploads\/sites\/853\/2023\/05\/Portrait_Sylvia_23-e1684225066360.jpg 900w\" sizes=\"auto, (max-width: 148px) 100vw, 148px\" \/><\/div>\n<\/div>\n<div class=\"col-md-12 col-lg-3 col-xs-12 ansprechpartner-item kontakt floatright\" style=\"margin-bottom: 30px\">\n<div class=\"row\">\n<div class=\"col-xs-12 col-sm-6 col-lg-12\">\n<div class=\"row\">\n<div class=\"col-xs-12 col-lg-4 row-text bold\">Raum:<\/div>\n<div class=\"col-xs-12 col-lg-8 row-text\">112<\/div>\n<\/div>\n<\/div>\n<div class=\"col-xs-12 col-sm-6 col-lg-12\">\n<div class=\"row\">\n<div class=\"col-xs-12 col-lg-4 row-text bold\">Telefon:<\/div>\n<div class=\"col-xs-12 col-lg-8 row-text\">+49406541-2103<\/div>\n<\/div>\n<\/div>\n<div class=\"col-xs-12 col-sm-6 col-lg-12\">\n<div class=\"row\">\n<div class=\"col-xs-12 col-md-12 row-text bold\">E-Mail:<\/div>\n<div class=\"col-xs-12 col-md-12 row-text\"><a href=\"mailto:draacks@hsu-hh.de\" rel='nofollow'>draacks@hsu-hh.de<\/a><\/div>\n<\/div>\n<\/div>\n<\/div>\n<\/div>\n<div class=\"col-md-6 col-lg-3 col-xs-12 ansprechpartner-item anschrift floatright\">\n<div class=\"row-headline\">Besucheranschrift<\/div>\n<div class=\"row-text\">Helmut-Schmidt-Universit\u00e4t<br \/>Geb\u00e4ude H4<br \/>Holstenhofweg 85<br \/>22043 Hamburg<\/div>\n<\/div>\n<div class=\"col-md-6 col-lg-3 col-xs-12 ansprechpartner-item anschrift floatright\">\n<div class=\"row-headline\">Postanschrift<\/div>\n<div class=\"row-text\">Helmut-Schmidt-Universit\u00e4t<br \/>Personalpolitik<br \/>Postfach 70 08 22<br \/>22008 Hamburg<\/div>\n<\/div>\n<\/div>\n<\/div>\n<div class=\"clearfix\">\u00a0<\/div>\n<p>\u00a0<\/p>\n<\/div>\n\n\n<p><\/p>\n","protected":false},"excerpt":{"rendered":"<p>\u00a0 Prof. Dr. Esther Berner Raum: 220 Telefon: +49406541-2840 E-Mail: bernere@hsu-hh.de \u00a0 \u00a0 Sprechzeiten:\u00a0n. V. \u00a0 Besucheranschrift Helmut-Schmidt-Universit\u00e4tGeb\u00e4ude H4Holstenhofweg 8522043 Hamburg Postanschrift Helmut-Schmidt-Universit\u00e4tPostfach 70 08 2222008 Hamburg \u00a0 Dr. Susann [&hellip;]<\/p>\n","protected":false},"author":2643,"featured_media":0,"parent":0,"menu_order":0,"comment_status":"closed","ping_status":"closed","template":"","meta":{"footnotes":""},"categories":[4],"tags":[],"class_list":["post-147","page","type-page","status-publish","hentry","category-forschung"],"_links":{"self":[{"href":"https:\/\/www.hsu-hh.de\/idgbe\/wp-json\/wp\/v2\/pages\/147","targetHints":{"allow":["GET"]}}],"collection":[{"href":"https:\/\/www.hsu-hh.de\/idgbe\/wp-json\/wp\/v2\/pages"}],"about":[{"href":"https:\/\/www.hsu-hh.de\/idgbe\/wp-json\/wp\/v2\/types\/page"}],"author":[{"embeddable":true,"href":"https:\/\/www.hsu-hh.de\/idgbe\/wp-json\/wp\/v2\/users\/2643"}],"replies":[{"embeddable":true,"href":"https:\/\/www.hsu-hh.de\/idgbe\/wp-json\/wp\/v2\/comments?post=147"}],"version-history":[{"count":100,"href":"https:\/\/www.hsu-hh.de\/idgbe\/wp-json\/wp\/v2\/pages\/147\/revisions"}],"predecessor-version":[{"id":720,"href":"https:\/\/www.hsu-hh.de\/idgbe\/wp-json\/wp\/v2\/pages\/147\/revisions\/720"}],"wp:attachment":[{"href":"https:\/\/www.hsu-hh.de\/idgbe\/wp-json\/wp\/v2\/media?parent=147"}],"wp:term":[{"taxonomy":"category","embeddable":true,"href":"https:\/\/www.hsu-hh.de\/idgbe\/wp-json\/wp\/v2\/categories?post=147"},{"taxonomy":"post_tag","embeddable":true,"href":"https:\/\/www.hsu-hh.de\/idgbe\/wp-json\/wp\/v2\/tags?post=147"}],"curies":[{"name":"wp","href":"https:\/\/api.w.org\/{rel}","templated":true}]}}