{"id":970,"date":"2021-08-26T11:29:03","date_gmt":"2021-08-26T09:29:03","guid":{"rendered":"https:\/\/www.hsu-hh.de\/icu\/?page_id=970"},"modified":"2025-04-16T17:34:30","modified_gmt":"2025-04-16T15:34:30","slug":"pregov2","status":"publish","type":"page","link":"https:\/\/www.hsu-hh.de\/icu\/projekte\/pregov\/pregov2\/","title":{"rendered":"PREGOV II &#8211; Towards Transdisciplinary Perspectives on Algorithmic Prediction &amp; Decision-Making"},"content":{"rendered":"\n<p>17-18 September 2021<\/p>\n\n\n\n<p><strong><strong>WORKSHOP<\/strong><\/strong><\/p>\n\n\n\n<p>Aufbauend auf dem <a href=\"https:\/\/www.hsu-hh.de\/icu\/pregov1\/\" data-type=\"URL\" data-id=\"https:\/\/www.hsu-hh.de\/icu\/pregov1\/\">Workshop aus dem vergangenem Jahr<\/a>, findet vom 17-18 September 2021 die Fortsetzung \u201ePREGOV II &#8211; Towards Transdisciplinary Perspectives on Algorithmic Prediction &amp; Decision-Making\u201c in Hamburg statt.<\/p>\n\n\n\n<p>Ziel des Workshop wird es sein, die zunehmende Digitalisierung der Public Governance weiter zu erforschen und zu untersuchen, inwiefern neue Methoden der Datafizierung, Quantifizierung und Automatisierung es Regierungen und anderen m\u00e4chtigen Stakeholdern erm\u00f6glichen, zukunftsbezogene Prognosen zu konstruieren.<\/p>\n\n\n\n<p><strong>Organisation:<\/strong> <\/p>\n\n\n\n<ul class=\"wp-block-list\">\n<li><a href=\"https:\/\/www.hsu-hh.de\/sozgov\/team\/\" data-type=\"URL\" data-id=\"https:\/\/www.hsu-hh.de\/sozgov\/team\/\"><abbr title=\"Professor\">Prof.<\/abbr> <abbr title=\"Doktor\">Dr.<\/abbr> Sigrid Hartong<\/a>, <\/li>\n\n\n\n<li><a href=\"https:\/\/www.cbs.dk\/en\/research\/departments-and-centres\/department-of-operations-management\/staff\/chuom\" data-type=\"URL\" data-id=\"https:\/\/www.cbs.dk\/en\/research\/departments-and-centres\/department-of-operations-management\/staff\/chuom\" rel='nofollow'>Assoc. <abbr title=\"Professor\">Prof.<\/abbr> Christian Huber<\/a>, <\/li>\n\n\n\n<li><a href=\"https:\/\/heimstaedt.com\/\" data-type=\"URL\" data-id=\"https:\/\/heimstaedt.com\/\" rel='nofollow'><abbr title=\"Doktor\">Dr.<\/abbr><\/a> <a href=\"https:\/\/ekvv.uni-bielefeld.de\/pers_publ\/publ\/PersonDetail.jsp;jsessionid=89E1DF40C6E54DF4C9BAC2E942B8C1BE?personId=271746959\" data-type=\"URL\" data-id=\"https:\/\/ekvv.uni-bielefeld.de\/pers_publ\/publ\/PersonDetail.jsp;jsessionid=89E1DF40C6E54DF4C9BAC2E942B8C1BE?personId=271746959\" rel='nofollow'>Maximilian<\/a> <a href=\"https:\/\/www.weizenbaum-institut.de\/portrait\/p\/maximilian-heimstaedt\/?tx_nnaddress_list%5Bcontroller%5D=Person&amp;cHash=0fd6a58b12538f2ba1a7b5d06653f2fd\" data-type=\"URL\" data-id=\"https:\/\/www.weizenbaum-institut.de\/portrait\/p\/maximilian-heimstaedt\/?tx_nnaddress_list%5Bcontroller%5D=Person&amp;cHash=0fd6a58b12538f2ba1a7b5d06653f2fd\" rel='nofollow'>Heimst\u00e4dt<\/a>, <\/li>\n\n\n\n<li><a href=\"https:\/\/www.hsu-hh.de\/icu\/junne\/\" data-type=\"URL\" data-id=\"https:\/\/www.hsu-hh.de\/icu\/junne\/\"><abbr title=\"Doktor\">Dr.<\/abbr> Jaromir Junne<\/a>, <\/li>\n\n\n\n<li><a href=\"https:\/\/www.hsu-hh.de\/sozgov\/team\/\" data-type=\"URL\" data-id=\"https:\/\/www.hsu-hh.de\/sozgov\/team\/\"><abbr title=\"Doktor\">Dr.<\/abbr> Manuel Reinhard<\/a> und<\/li>\n\n\n\n<li><a href=\"https:\/\/www.hsu-hh.de\/sozgov\/team\/\">M.A. Annina F\u00f6rschler<\/a><\/li>\n<\/ul>\n\n\n\n<p><strong>Ort:<\/strong> <\/p>\n\n\n\n<ul class=\"wp-block-list\">\n<li>Pop-Up-Horst, <a href=\"https:\/\/www.google.com\/maps\/place\/Winterhuder+Weg+112,+22085+Hamburg\/@53.5766015,10.0178141,17z\/data=!3m1!4b1!4m6!3m5!1s0x47b18ed32289fd8d:0x93b854938cf66309!8m2!3d53.5766015!4d10.0200028!16s%2Fg%2F11c5jb474k\" rel='nofollow'>Winterhuder Weg 112, 22085 Hamburg<\/a><\/li>\n<\/ul>\n\n\n\n<p>Weitere Informationen sowie das Programm des Workshops k\u00f6nnen der folgenden, zum Download verf\u00fcgbaren PDF-Datei entnommen werden. <\/p>\n\n\n\n<p>Wir danken der <a rel=\"noreferrer noopener\" href=\"https:\/\/www.awhamburg.de\/nachwuchsfoerderung\/forum-junge-wissenschaft\/forum-junge-wissenschaft-2021.html\" target=\"_blank\">Akademie der Wissenschaften Hamburg<\/a> und der Helmut-Schmidt-Universit\u00e4t f\u00fcr ihre gro\u00dfz\u00fcgige Unterst\u00fctzung! <\/p>\n\n\n\n<div class=\"wp-block-hsu-downloadblock\"><div class=\"thumbnail-area\"><img decoding=\"async\" src=\"\/wp-content\/themes\/hsu\/img\/dummy\/downloads_dummy.png\" alt=\"Download Symbol-Icon\" \/><\/div><div class=\"text-area\">PREGOV II &#8211; Programm<\/div><div class=\"download-area\"><a class=\"download-link\" href=\"https:\/\/www.hsu-hh.de\/icu\/wp-content\/uploads\/sites\/851\/2021\/09\/Program_PREGOV-II-PREdictive-GOVernance-Towards-Transdisciplinary-Perspectives-on-Algorithmic-Prediction-Decision-Making_September-2021.pdf\"><span class=\"download-name\">pdf laden<\/span><span class=\"download-icon\"><img decoding=\"async\" class=\"download-icon\" alt=\"download icon\" src=\"\/wp-content\/themes\/hsu\/img\/icons\/download_icon.png\" \/><\/span><span class=\"download-size\">101 kB<\/span><\/a><\/div><\/div>\n\n\n\n<p>Anmeldung zur kostenlosten Teilnahme am PREGOV-Workshop bitte an:&nbsp;<a rel=\"noreferrer noopener\" href=\"mailto:jjunne@hsu-hh.de\" target=\"_blank\">jjunne@hsu-hh.de<\/a>.<\/p>\n\n\n\n<p><\/p>\n","protected":false},"excerpt":{"rendered":"<p>17-18 September 2021 WORKSHOP Aufbauend auf dem Workshop aus dem vergangenem Jahr, findet vom 17-18 September 2021 die Fortsetzung \u201ePREGOV II &#8211; Towards Transdisciplinary Perspectives on Algorithmic Prediction &amp; Decision-Making\u201c [&hellip;]<\/p>\n","protected":false},"author":2885,"featured_media":0,"parent":969,"menu_order":0,"comment_status":"closed","ping_status":"closed","template":"","meta":{"footnotes":""},"categories":[4],"tags":[],"class_list":["post-970","page","type-page","status-publish","hentry","category-forschung"],"_links":{"self":[{"href":"https:\/\/www.hsu-hh.de\/icu\/wp-json\/wp\/v2\/pages\/970","targetHints":{"allow":["GET"]}}],"collection":[{"href":"https:\/\/www.hsu-hh.de\/icu\/wp-json\/wp\/v2\/pages"}],"about":[{"href":"https:\/\/www.hsu-hh.de\/icu\/wp-json\/wp\/v2\/types\/page"}],"author":[{"embeddable":true,"href":"https:\/\/www.hsu-hh.de\/icu\/wp-json\/wp\/v2\/users\/2885"}],"replies":[{"embeddable":true,"href":"https:\/\/www.hsu-hh.de\/icu\/wp-json\/wp\/v2\/comments?post=970"}],"version-history":[{"count":13,"href":"https:\/\/www.hsu-hh.de\/icu\/wp-json\/wp\/v2\/pages\/970\/revisions"}],"predecessor-version":[{"id":1286,"href":"https:\/\/www.hsu-hh.de\/icu\/wp-json\/wp\/v2\/pages\/970\/revisions\/1286"}],"up":[{"embeddable":true,"href":"https:\/\/www.hsu-hh.de\/icu\/wp-json\/wp\/v2\/pages\/969"}],"wp:attachment":[{"href":"https:\/\/www.hsu-hh.de\/icu\/wp-json\/wp\/v2\/media?parent=970"}],"wp:term":[{"taxonomy":"category","embeddable":true,"href":"https:\/\/www.hsu-hh.de\/icu\/wp-json\/wp\/v2\/categories?post=970"},{"taxonomy":"post_tag","embeddable":true,"href":"https:\/\/www.hsu-hh.de\/icu\/wp-json\/wp\/v2\/tags?post=970"}],"curies":[{"name":"wp","href":"https:\/\/api.w.org\/{rel}","templated":true}]}}