{"id":941,"date":"2021-03-30T14:15:49","date_gmt":"2021-03-30T12:15:49","guid":{"rendered":"https:\/\/www.hsu-hh.de\/icu\/?page_id=941"},"modified":"2021-03-30T15:10:29","modified_gmt":"2021-03-30T13:10:29","slug":"online-health-platforms-patient-data-evaluative-infrastructures-and-health-citizenship","status":"publish","type":"page","link":"https:\/\/www.hsu-hh.de\/icu\/online-health-platforms-patient-data-evaluative-infrastructures-and-health-citizenship\/","title":{"rendered":"Online Health Platforms: Patient Data, Evaluative Infrastructures, and Health Citizenship"},"content":{"rendered":"\n<p>\u201eOnline health platforms: patient data, evaluative infrastructures, and health citizenship\u201c ist ein internationales Forschungsprojekt, welches die Rolle digitaler Technologien bei der Neugestaltung des Gesundheitssektors in den USA, Gro\u00dfbritannien und Deutschland untersuchen wird.<\/p>\n\n\n\n<p>Online-Plattformen, wie sie im Gesundheitswesen zu finden sind, erm\u00f6glichen neue Formen der Konnektivit\u00e4t zwischen \u00c4rzten und Patienten. Sie versprechen Patient-Empowerment, erh\u00f6hte Transparenz und Verbesserungen der Versorgung durch die Ver\u00f6ffentlichung von Patientenbewertungen. Au\u00dferdem schaffen sie auch monet\u00e4ren Wert aus Nutzerdaten, Werbung oder Serviceangeboten f\u00fcr Gesundheitsanbieter. Die Gestaltung von evaluativen Infrastrukturen &#8211; Netzwerken von interagierenden Technologien wie Algorithmen, Bewertungen, Rankings und Big Data &#8211; helfen dabei, die Ziele von Empowerment und Transparenz mit den kommerziellen Imperativen der Plattformen zu verbinden.<\/p>\n\n\n\n<p>Trotz der Allgegenw\u00e4rtigkeit und wachsenden Bedeutung von Gesundheitsplattformen sind ihre Auswirkungen auf soziale und \u00f6konomische Interaktionen sowie auf unser Verst\u00e4ndnis von Gesundheitsb\u00fcrgerschaft noch unklar. Dieses Projekt zielt daher darauf ab, die Beziehungen zwischen den Plattformversprechen, den Gesch\u00e4ftsmodellen, den evaluativen Infrastrukturen und ihren Auswirkungen auf das Gesundheitswesen besser zu verstehen. In einer ersten Phase des Projekts wollen die Projektleiter eine vollst\u00e4ndige Datenbank von Online-Gesundheitsplattformen in den drei L\u00e4ndern aufbauen und explorative Daten durch Interviews mit Plattformbetreibern sammeln. Die nachfolgenden Phasen des Projekts werden sich darauf konzentrieren, wie Anbieter und Patienten mit und \u00fcber die verschiedenen Plattformen interagieren.<\/p>\n\n\n\n<p><strong>Projektleiter:<\/strong><\/p>\n\n\n\n<p><a href=\"https:\/\/www.cbs.dk\/en\/research\/departments-and-centres\/department-of-operations-management\/staff\/chuom\" data-type=\"URL\" data-id=\"https:\/\/www.cbs.dk\/en\/research\/departments-and-centres\/department-of-operations-management\/staff\/chuom\" rel='nofollow'>Christian Huber<\/a><\/p>\n\n\n\n<p><a href=\"https:\/\/www.hec.edu\/en\/faculty-research\/faculty-directory\/faculty-member\/pflueger-dane\" data-type=\"URL\" data-id=\"https:\/\/www.hec.edu\/en\/faculty-research\/faculty-directory\/faculty-member\/pflueger-dane\" rel='nofollow'>Dane Pflueger<\/a><\/p>\n\n\n\n<p><a href=\"https:\/\/www.hsu-hh.de\/icu\/reilley\/\" data-type=\"URL\" data-id=\"https:\/\/www.hsu-hh.de\/icu\/reilley\/\">Jacob Reilley<\/a>&nbsp;<\/p>\n","protected":false},"excerpt":{"rendered":"<p>\u201eOnline health platforms: patient data, evaluative infrastructures, and health citizenship\u201c ist ein internationales Forschungsprojekt, welches die Rolle digitaler Technologien bei der Neugestaltung des Gesundheitssektors in den USA, Gro\u00dfbritannien und Deutschland [&hellip;]<\/p>\n","protected":false},"author":2885,"featured_media":0,"parent":0,"menu_order":0,"comment_status":"closed","ping_status":"closed","template":"","meta":{"footnotes":""},"categories":[4,55],"tags":[],"class_list":["post-941","page","type-page","status-publish","hentry","category-forschung","category-projekte"],"_links":{"self":[{"href":"https:\/\/www.hsu-hh.de\/icu\/wp-json\/wp\/v2\/pages\/941","targetHints":{"allow":["GET"]}}],"collection":[{"href":"https:\/\/www.hsu-hh.de\/icu\/wp-json\/wp\/v2\/pages"}],"about":[{"href":"https:\/\/www.hsu-hh.de\/icu\/wp-json\/wp\/v2\/types\/page"}],"author":[{"embeddable":true,"href":"https:\/\/www.hsu-hh.de\/icu\/wp-json\/wp\/v2\/users\/2885"}],"replies":[{"embeddable":true,"href":"https:\/\/www.hsu-hh.de\/icu\/wp-json\/wp\/v2\/comments?post=941"}],"version-history":[{"count":2,"href":"https:\/\/www.hsu-hh.de\/icu\/wp-json\/wp\/v2\/pages\/941\/revisions"}],"predecessor-version":[{"id":947,"href":"https:\/\/www.hsu-hh.de\/icu\/wp-json\/wp\/v2\/pages\/941\/revisions\/947"}],"wp:attachment":[{"href":"https:\/\/www.hsu-hh.de\/icu\/wp-json\/wp\/v2\/media?parent=941"}],"wp:term":[{"taxonomy":"category","embeddable":true,"href":"https:\/\/www.hsu-hh.de\/icu\/wp-json\/wp\/v2\/categories?post=941"},{"taxonomy":"post_tag","embeddable":true,"href":"https:\/\/www.hsu-hh.de\/icu\/wp-json\/wp\/v2\/tags?post=941"}],"curies":[{"name":"wp","href":"https:\/\/api.w.org\/{rel}","templated":true}]}}