{"id":924,"date":"2021-02-25T20:21:53","date_gmt":"2021-02-25T19:21:53","guid":{"rendered":"https:\/\/www.hsu-hh.de\/icu\/?page_id=924"},"modified":"2021-02-25T20:21:53","modified_gmt":"2021-02-25T19:21:53","slug":"smasch-smarte-schulen","status":"publish","type":"page","link":"https:\/\/www.hsu-hh.de\/icu\/smasch-smarte-schulen\/","title":{"rendered":"SMASCH &#8211; Smarte Schulen"},"content":{"rendered":"\n<p>Das Projekt begleitet und unterst\u00fctzt Schulen darin, nachhaltige, p\u00e4dagogisch sinnvolle und bedarfsgerechte Digitalisierungskonzepte zu entwickeln, die mittel- und langfristig sachgerecht und zielad\u00e4quat wirken. Schulen werden dabei als jeweils spezifische organisationale Kontexte begriffen, deren komplexe Eigenheiten zum Ausgangspunkt f\u00fcr die Digitalisierung genommen werden m\u00fcssen. Das erfordert, Digitalisierung nicht nur als Problem der technischen Ausstattung von Schulen, sondern vor allem als Treiber nachhaltiger Schulentwicklung zu verstehen. \u00dcber drei Interventionswellen hinweg vermittelt das Projekt einem ausgew\u00e4hlten Kreis an Schulen organisationsspezifisch und vernetzend Beratungsdienstleistungen, Fortbildungen, Anbieter f\u00fcr IT-Infrastrukturen sowie Unterst\u00fctzung bei der Gestaltung analoger Randbedingungen und evaluiert deren Implementation. Begleitend werden in der gesamten Projektlaufzeit Erkenntnisse gewonnen, die den beteiligten Schulen wie auch der interessierten \u00d6ffentlichkeit dazu dienen sollen, die vielschichtigen und hochdynamischen Wirkungen digitaler Technologien in Bildungsorganisationen zu verstehen und angemessene Handlungsstrategien zu entwerfen.<\/p>\n\n\n\n<p>Das Projekt wird finanziert aus Mittel des Zentrums f\u00fcr Digitalisierung und Technologieforschung der Bundeswehr (DTEC.Bw).<\/p>\n\n\n\n<p>Projektlaufzeit: 2021-2024<\/p>\n\n\n\n<p>Projektvolumen: ca. 3,6 Mio \u20ac.<\/p>\n\n\n\n<p>Projektleitung: Univ.-Prof. Dr. Sigrid Hartong, Professur f\u00fcr Soziologie, insb. Transformation von Governance in Bildung und Gesellschaft (https:\/\/www.hsu-hh.de\/sozgov\/) und Univ.-Prof. Dr. Tobias Scheytt, Institut f\u00fcr Controlling und Unternehmensrechnung, Helmut-Schmidt-Universit\u00e4t \u2013 Universit\u00e4t der Bundeswehr Hamburg (https:\/\/www.hsu-hh.de\/icu)<\/p>\n\n\n\n<p>Projektpartner: Prof. Dr. Matthias Decuypere, Methodology of Educational Sciences Research Group, KU Leuven (BE)<\/p>\n","protected":false},"excerpt":{"rendered":"<p>Das Projekt begleitet und unterst\u00fctzt Schulen darin, nachhaltige, p\u00e4dagogisch sinnvolle und bedarfsgerechte Digitalisierungskonzepte zu entwickeln, die mittel- und langfristig sachgerecht und zielad\u00e4quat wirken. Schulen werden dabei als jeweils spezifische organisationale [&hellip;]<\/p>\n","protected":false},"author":2885,"featured_media":0,"parent":0,"menu_order":0,"comment_status":"closed","ping_status":"closed","template":"","meta":{"footnotes":""},"categories":[4],"tags":[],"class_list":["post-924","page","type-page","status-publish","hentry","category-forschung"],"_links":{"self":[{"href":"https:\/\/www.hsu-hh.de\/icu\/wp-json\/wp\/v2\/pages\/924","targetHints":{"allow":["GET"]}}],"collection":[{"href":"https:\/\/www.hsu-hh.de\/icu\/wp-json\/wp\/v2\/pages"}],"about":[{"href":"https:\/\/www.hsu-hh.de\/icu\/wp-json\/wp\/v2\/types\/page"}],"author":[{"embeddable":true,"href":"https:\/\/www.hsu-hh.de\/icu\/wp-json\/wp\/v2\/users\/2885"}],"replies":[{"embeddable":true,"href":"https:\/\/www.hsu-hh.de\/icu\/wp-json\/wp\/v2\/comments?post=924"}],"version-history":[{"count":1,"href":"https:\/\/www.hsu-hh.de\/icu\/wp-json\/wp\/v2\/pages\/924\/revisions"}],"predecessor-version":[{"id":927,"href":"https:\/\/www.hsu-hh.de\/icu\/wp-json\/wp\/v2\/pages\/924\/revisions\/927"}],"wp:attachment":[{"href":"https:\/\/www.hsu-hh.de\/icu\/wp-json\/wp\/v2\/media?parent=924"}],"wp:term":[{"taxonomy":"category","embeddable":true,"href":"https:\/\/www.hsu-hh.de\/icu\/wp-json\/wp\/v2\/categories?post=924"},{"taxonomy":"post_tag","embeddable":true,"href":"https:\/\/www.hsu-hh.de\/icu\/wp-json\/wp\/v2\/tags?post=924"}],"curies":[{"name":"wp","href":"https:\/\/api.w.org\/{rel}","templated":true}]}}