{"id":897,"date":"2021-02-18T11:39:23","date_gmt":"2021-02-18T10:39:23","guid":{"rendered":"https:\/\/www.hsu-hh.de\/icu\/?page_id=897"},"modified":"2021-02-18T11:39:23","modified_gmt":"2021-02-18T10:39:23","slug":"phd-students","status":"publish","type":"page","link":"https:\/\/www.hsu-hh.de\/icu\/en\/phd-students\/","title":{"rendered":"PhD students"},"content":{"rendered":"\n<ul class=\"wp-block-list\" id=\"block-8551ab54-1047-45ad-8fe1-dffcbc4fb144\"><li>Alexandra Palt<\/li><li>Lukas Crepaz<\/li><li>G\u00fcnther Neusch\u00fctz<ul><li><strong>Thema der Dissertation:<\/strong> Krisenbew\u00e4ltigung in exportabh\u00e4ngigen mittelst\u00e4ndischen Unternehmen<\/li><\/ul><\/li><li>Andreas Wurdak<ul><li><strong>Thema der Dissertation:&nbsp;<\/strong>Controlling in China \u2013 Auswirkungen von Strategemeinsatz auf die Rationalit\u00e4tssicherung<\/li><\/ul><\/li><li>Benjamin Ditzel<ul><li><a href=\"https:\/\/www.hsu-hh.de\/icu\/wirqung\/\">Forschungsprojekt WirQung<\/a><\/li><li><a href=\"https:\/\/www.hsu-hh.de\/icu\/publikationen-von-benjamin-ditzel\/\">Publikationen von Benjamin Ditzel<\/a><\/li><\/ul><\/li><li>Torsten Fischer<\/li><\/ul>\n","protected":false},"excerpt":{"rendered":"<p>Alexandra Palt Lukas Crepaz G\u00fcnther Neusch\u00fctz Thema der Dissertation: Krisenbew\u00e4ltigung in exportabh\u00e4ngigen mittelst\u00e4ndischen Unternehmen Andreas Wurdak Thema der Dissertation:&nbsp;Controlling in China \u2013 Auswirkungen von Strategemeinsatz auf die Rationalit\u00e4tssicherung Benjamin Ditzel [&hellip;]<\/p>\n","protected":false},"author":2885,"featured_media":0,"parent":0,"menu_order":0,"comment_status":"closed","ping_status":"closed","template":"","meta":{"footnotes":""},"categories":[9],"tags":[],"class_list":["post-897","page","type-page","status-publish","hentry","category-team-en"],"_links":{"self":[{"href":"https:\/\/www.hsu-hh.de\/icu\/wp-json\/wp\/v2\/pages\/897","targetHints":{"allow":["GET"]}}],"collection":[{"href":"https:\/\/www.hsu-hh.de\/icu\/wp-json\/wp\/v2\/pages"}],"about":[{"href":"https:\/\/www.hsu-hh.de\/icu\/wp-json\/wp\/v2\/types\/page"}],"author":[{"embeddable":true,"href":"https:\/\/www.hsu-hh.de\/icu\/wp-json\/wp\/v2\/users\/2885"}],"replies":[{"embeddable":true,"href":"https:\/\/www.hsu-hh.de\/icu\/wp-json\/wp\/v2\/comments?post=897"}],"version-history":[{"count":1,"href":"https:\/\/www.hsu-hh.de\/icu\/wp-json\/wp\/v2\/pages\/897\/revisions"}],"predecessor-version":[{"id":900,"href":"https:\/\/www.hsu-hh.de\/icu\/wp-json\/wp\/v2\/pages\/897\/revisions\/900"}],"wp:attachment":[{"href":"https:\/\/www.hsu-hh.de\/icu\/wp-json\/wp\/v2\/media?parent=897"}],"wp:term":[{"taxonomy":"category","embeddable":true,"href":"https:\/\/www.hsu-hh.de\/icu\/wp-json\/wp\/v2\/categories?post=897"},{"taxonomy":"post_tag","embeddable":true,"href":"https:\/\/www.hsu-hh.de\/icu\/wp-json\/wp\/v2\/tags?post=897"}],"curies":[{"name":"wp","href":"https:\/\/api.w.org\/{rel}","templated":true}]}}