{"id":73,"date":"2017-07-03T15:52:08","date_gmt":"2017-07-03T13:52:08","guid":{"rendered":"https:\/\/www.hsu-hh.de\/vorlage\/?page_id=73"},"modified":"2025-01-06T16:25:45","modified_gmt":"2025-01-06T15:25:45","slug":"startseite","status":"publish","type":"page","link":"https:\/\/www.hsu-hh.de\/icu\/","title":{"rendered":"Institut f\u00fcr Controlling und Unternehmensrechnung"},"content":{"rendered":"\n<p><strong><abbr title=\"Universit\u00e4tsprofessor\">Univ.-Prof.<\/abbr>&nbsp;<abbr title=\"Doktor\">Dr.<\/abbr>&nbsp;Tobias Scheytt<\/strong><\/p>\n\n\n\n<h2 class=\"wp-block-heading\"><a href=\"http:\/\/www.hsu-hh.de\/icu\/forschung\" data-type=\"URL\" data-id=\"www.hsu-hh.de\/icu\/forschung\">Forschung<\/a><\/h2>\n\n\n\n<p>Wir erforschen die Entwicklung, Implementierung und die Wirkungen von kalkulativen Praktiken in organisierten Kontexten. Controlling verstehen wir dabei als eine in Unternehmen und anderen Organisationen weit verbreitete Form dieser Praktiken: als strategiekonforme, erfolgsorientierte und gleichzeitig risikobewusste Form der Steuerung.<\/p>\n\n\n\n<p>Die Unternehmensrechnung, insbesondere das interne Rechnungswesen, bildet als Basis kalkulativer Praktiken und Informationslieferant im Unternehmen einen wesentlichen Fokus. Aber auch andere kalkulative Praktiken, wie das Qualit\u00e4ts- und Risikomanagement, stehen im Mittelpunkt unseres Forschungsinteresses. Wir ber\u00fccksichtigen auch die Varianten solcher Systeme, wie sie in \u00f6ffentlichen und Non-Profit-Organisationen vorzufinden sind.<\/p>\n\n\n\n<p>Betriebswirtschaftliche, aber auch sozialwissenschaftliche Theorieans\u00e4tze liefern den Rahmen f\u00fcr Erkl\u00e4rungen der Effekte, die kalkulative Praktiken in ihrem Einsatz entfalten.&nbsp;Mehr finden Sie <a href=\"https:\/\/web.hsu-hh.de\/fak\/wiso\/fach\/icu\/forschung\" rel='nofollow'>hier<\/a>.<\/p>\n\n\n\n<h2 class=\"wp-block-heading\">Mitarbeiterinnen und Mitarbeiter der Professur Betriebswirtschaftslehre, insbesondere Controlling<\/h2>\n\n\n\n<ul class=\"wp-block-list\">\n<li><a href=\"https:\/\/www.hsu-hh.de\/icu\/scheytt\/\" data-type=\"link\" data-id=\"https:\/\/www.hsu-hh.de\/icu\/scheytt\/\">Leitung<\/a><\/li>\n\n\n\n<li><a href=\"https:\/\/www.hsu-hh.de\/icu\/sekretariat\/\" data-type=\"URL\" data-id=\"https:\/\/www.hsu-hh.de\/icu\/sekretariat\/\">Sekretariat<\/a><\/li>\n\n\n\n<li><a href=\"https:\/\/www.hsu-hh.de\/icu\/mitarbeiter-2\/\">Mitarbeiterinnen und Mitarbeiter<\/a><\/li>\n\n\n\n<li><a href=\"https:\/\/www.hsu-hh.de\/icu\/studentische-hilfskraefte\/\" data-type=\"URL\" data-id=\"https:\/\/www.hsu-hh.de\/icu\/studentische-hilfskraefte\/\">Studentische Hilfskr\u00e4fte<\/a><\/li>\n\n\n\n<li><a href=\"https:\/\/www.hsu-hh.de\/icu\/externe-doktoranden\/\" data-type=\"URL\" data-id=\"https:\/\/www.hsu-hh.de\/icu\/externe-doktoranden\/\">Externe Doktoranden<\/a><\/li>\n\n\n\n<li><a href=\"https:\/\/www.hsu-hh.de\/icu\/ehemalige-mitarbeiter\/\" data-type=\"URL\" data-id=\"https:\/\/www.hsu-hh.de\/icu\/ehemalige-mitarbeiter\/\">Ehemalige Mitarbeiter<\/a><\/li>\n<\/ul>\n","protected":false},"excerpt":{"rendered":"<p>Univ.-Prof.&nbsp;Dr.&nbsp;Tobias Scheytt Forschung Wir erforschen die Entwicklung, Implementierung und die Wirkungen von kalkulativen Praktiken in organisierten Kontexten. Controlling verstehen wir dabei als eine in Unternehmen und anderen Organisationen weit verbreitete [&hellip;]<\/p>\n","protected":false},"author":26,"featured_media":0,"parent":0,"menu_order":0,"comment_status":"closed","ping_status":"closed","template":"faculty.php","meta":{"footnotes":""},"categories":[35],"tags":[],"class_list":["post-73","page","type-page","status-publish","hentry","category-startseite"],"_links":{"self":[{"href":"https:\/\/www.hsu-hh.de\/icu\/wp-json\/wp\/v2\/pages\/73","targetHints":{"allow":["GET"]}}],"collection":[{"href":"https:\/\/www.hsu-hh.de\/icu\/wp-json\/wp\/v2\/pages"}],"about":[{"href":"https:\/\/www.hsu-hh.de\/icu\/wp-json\/wp\/v2\/types\/page"}],"author":[{"embeddable":true,"href":"https:\/\/www.hsu-hh.de\/icu\/wp-json\/wp\/v2\/users\/26"}],"replies":[{"embeddable":true,"href":"https:\/\/www.hsu-hh.de\/icu\/wp-json\/wp\/v2\/comments?post=73"}],"version-history":[{"count":19,"href":"https:\/\/www.hsu-hh.de\/icu\/wp-json\/wp\/v2\/pages\/73\/revisions"}],"predecessor-version":[{"id":1517,"href":"https:\/\/www.hsu-hh.de\/icu\/wp-json\/wp\/v2\/pages\/73\/revisions\/1517"}],"wp:attachment":[{"href":"https:\/\/www.hsu-hh.de\/icu\/wp-json\/wp\/v2\/media?parent=73"}],"wp:term":[{"taxonomy":"category","embeddable":true,"href":"https:\/\/www.hsu-hh.de\/icu\/wp-json\/wp\/v2\/categories?post=73"},{"taxonomy":"post_tag","embeddable":true,"href":"https:\/\/www.hsu-hh.de\/icu\/wp-json\/wp\/v2\/tags?post=73"}],"curies":[{"name":"wp","href":"https:\/\/api.w.org\/{rel}","templated":true}]}}