{"id":579,"date":"2021-01-30T11:05:25","date_gmt":"2021-01-30T10:05:25","guid":{"rendered":"https:\/\/www.hsu-hh.de\/icu\/?page_id=579"},"modified":"2021-01-30T11:05:25","modified_gmt":"2021-01-30T10:05:25","slug":"publikationen-irina-duscher","status":"publish","type":"page","link":"https:\/\/www.hsu-hh.de\/icu\/publikationen-irina-duscher\/","title":{"rendered":"Publikationen Irina Duscher"},"content":{"rendered":"\n<p><strong>Monographie:<\/strong><br>Bilanzierung selbst erstellter immaterieller Verm\u00f6gensgegenst\u00e4nde am Beispiel biotechnologischer Forschungs- und Entwicklungsprojekte, 2014, Hamburg.<br><br><strong>Wissenschaftliche Beitr\u00e4ge in Fachzeitschriften:<\/strong><\/p>\n\n\n\n<p>Drivers of Citations: An Analysis of Publications in &#8222;top&#8220; accounting journals. Critical Perspectives on Accounting,&nbsp;<em>a<\/em><em>vailable online 8 September 2017&nbsp;<\/em>(Co-Autoren:&nbsp;Meyer, M., Waldkirch, R.W., Just, A.).&nbsp;<\/p>\n\n\n\n<p>Nach dem BilMoG: Ann\u00e4herung an die IFRS im Bereich selbst erstellter immaterieller Verm\u00f6gensgegenst\u00e4nde in der Bilanzierungspraxis innovativer Unternehmen? Fall der biotechnologischen Forschungs- und Entwicklungsprojekte. IRZ Zeitschrift f\u00fcr internationale Rechnungslegung 4, 2014, S. 149-154.<br><br>BilMoG und Controlling: Eine simulationsbasierte Ermittlung der Erfolgsaussichten selbst erstellter immaterieller Verm\u00f6gensgegenst\u00e4nde. ZfC Zeitschrift f\u00fcr Controlling 24 (10), 2012, S. 561-567 (Co-Autor: Meyer, M.).<br><br>Volatilit\u00e4t kalkulieren und steuern im Sinne eines wertorientierten Investitionscontrollings. ZfCM Zeitschrift f\u00fcr Controlling und Management, Special Issue 2, 2012, S. 46-51 (Co-Autoren: Meyer, M., Spitzner, J.).<\/p>\n","protected":false},"excerpt":{"rendered":"<p>Monographie:Bilanzierung selbst erstellter immaterieller Verm\u00f6gensgegenst\u00e4nde am Beispiel biotechnologischer Forschungs- und Entwicklungsprojekte, 2014, Hamburg. Wissenschaftliche Beitr\u00e4ge in Fachzeitschriften: Drivers of Citations: An Analysis of Publications in &#8222;top&#8220; accounting journals. Critical Perspectives [&hellip;]<\/p>\n","protected":false},"author":2885,"featured_media":0,"parent":0,"menu_order":0,"comment_status":"closed","ping_status":"closed","template":"","meta":{"footnotes":""},"categories":[8],"tags":[],"class_list":["post-579","page","type-page","status-publish","hentry","category-team"],"_links":{"self":[{"href":"https:\/\/www.hsu-hh.de\/icu\/wp-json\/wp\/v2\/pages\/579","targetHints":{"allow":["GET"]}}],"collection":[{"href":"https:\/\/www.hsu-hh.de\/icu\/wp-json\/wp\/v2\/pages"}],"about":[{"href":"https:\/\/www.hsu-hh.de\/icu\/wp-json\/wp\/v2\/types\/page"}],"author":[{"embeddable":true,"href":"https:\/\/www.hsu-hh.de\/icu\/wp-json\/wp\/v2\/users\/2885"}],"replies":[{"embeddable":true,"href":"https:\/\/www.hsu-hh.de\/icu\/wp-json\/wp\/v2\/comments?post=579"}],"version-history":[{"count":2,"href":"https:\/\/www.hsu-hh.de\/icu\/wp-json\/wp\/v2\/pages\/579\/revisions"}],"predecessor-version":[{"id":581,"href":"https:\/\/www.hsu-hh.de\/icu\/wp-json\/wp\/v2\/pages\/579\/revisions\/581"}],"wp:attachment":[{"href":"https:\/\/www.hsu-hh.de\/icu\/wp-json\/wp\/v2\/media?parent=579"}],"wp:term":[{"taxonomy":"category","embeddable":true,"href":"https:\/\/www.hsu-hh.de\/icu\/wp-json\/wp\/v2\/categories?post=579"},{"taxonomy":"post_tag","embeddable":true,"href":"https:\/\/www.hsu-hh.de\/icu\/wp-json\/wp\/v2\/tags?post=579"}],"curies":[{"name":"wp","href":"https:\/\/api.w.org\/{rel}","templated":true}]}}