{"id":344,"date":"2021-01-26T17:25:43","date_gmt":"2021-01-26T16:25:43","guid":{"rendered":"https:\/\/www.hsu-hh.de\/icu\/?page_id=344"},"modified":"2021-01-26T17:25:43","modified_gmt":"2021-01-26T16:25:43","slug":"veroeffentlichung-des-sammelbandes-qualitaetssicherung-und-qualitaetsmanagement-an-hochschulen","status":"publish","type":"page","link":"https:\/\/www.hsu-hh.de\/icu\/veroeffentlichung-des-sammelbandes-qualitaetssicherung-und-qualitaetsmanagement-an-hochschulen\/","title":{"rendered":"Ver\u00f6ffentlichung des Sammelbandes Qualit\u00e4tssicherung und Qualit\u00e4tsmanagement an Hochschulen"},"content":{"rendered":"\n<div class=\"wp-block-media-text alignwide has-media-on-the-right is-stacked-on-mobile is-vertically-aligned-top\" style=\"grid-template-columns:auto 21%\"><figure class=\"wp-block-media-text__media\"><img loading=\"lazy\" decoding=\"async\" width=\"200\" height=\"150\" src=\"https:\/\/www.hsu-hh.de\/icu\/wp-content\/uploads\/sites\/851\/2021\/01\/Sammelband.jpg\" data-credit=\"\" alt=\"\" class=\"wp-image-345\" \/><\/figure><div class=\"wp-block-media-text__content\">\n<p>Am 9. Juli ist der neueste Band aus der Schriftenreihe zur Universit\u00e4tsentwicklung &#8211; Universit\u00e4t und Gesellschaft von den Herausgebern Florian Reith, Benjamin Ditzel, Markus Seyfried, Isabel Steinhardt und Tobias Scheytt erschienen.<\/p>\n\n\n\n<p>Qualit\u00e4tssicherung und Qualit\u00e4tsmanagement an Hochschulen &#8211; Theoretische Perspektiven und Methoden ist der 9. Band der Schriftenreihe Universit\u00e4t und Gesellschaft \u2013 Schriftenreihe zur Universit\u00e4tsentwicklung, herausgegeben von Ada Pellert, Tobias Scheytt und Elke Wild.<\/p>\n\n\n\n<p>In diesem Sammelband sind u. a. Beitr\u00e4ge von aktuellen und ehemaligen Mitgliedern des ICU mit weiteren Ko-Autoren enthalten:<\/p>\n\n\n\n<p>Ditzel, Benjamin; Reith, Florian; Seyfried, Markus und\u00a0Tobias Scheytt: \u00dcber die Erforschung von Qualit\u00e4tsmanagement in Studium und Lehre (S. 5-30)<\/p>\n\n\n\n<p>Ditzel, Benjamin: Wirksamkeitsfeststellung und Sinnzuschreibung (S. 55-88)<\/p>\n\n\n\n<p>Lust, Michael: Die (Un)Eindeutigkeit akademischen Widerstands (S. 109-132)<\/p>\n\n\n\n<p>Scheytt, Tobias: Die Disziplin der Rankings (S. 155-182)<\/p>\n<\/div><\/div>\n\n\n\n<p><\/p>\n","protected":false},"excerpt":{"rendered":"<p>Am 9. Juli ist der neueste Band aus der Schriftenreihe zur Universit\u00e4tsentwicklung &#8211; Universit\u00e4t und Gesellschaft von den Herausgebern Florian Reith, Benjamin Ditzel, Markus Seyfried, Isabel Steinhardt und Tobias Scheytt [&hellip;]<\/p>\n","protected":false},"author":2885,"featured_media":0,"parent":0,"menu_order":0,"comment_status":"closed","ping_status":"closed","template":"","meta":{"footnotes":""},"categories":[4],"tags":[],"class_list":["post-344","page","type-page","status-publish","hentry","category-forschung"],"_links":{"self":[{"href":"https:\/\/www.hsu-hh.de\/icu\/wp-json\/wp\/v2\/pages\/344","targetHints":{"allow":["GET"]}}],"collection":[{"href":"https:\/\/www.hsu-hh.de\/icu\/wp-json\/wp\/v2\/pages"}],"about":[{"href":"https:\/\/www.hsu-hh.de\/icu\/wp-json\/wp\/v2\/types\/page"}],"author":[{"embeddable":true,"href":"https:\/\/www.hsu-hh.de\/icu\/wp-json\/wp\/v2\/users\/2885"}],"replies":[{"embeddable":true,"href":"https:\/\/www.hsu-hh.de\/icu\/wp-json\/wp\/v2\/comments?post=344"}],"version-history":[{"count":1,"href":"https:\/\/www.hsu-hh.de\/icu\/wp-json\/wp\/v2\/pages\/344\/revisions"}],"predecessor-version":[{"id":346,"href":"https:\/\/www.hsu-hh.de\/icu\/wp-json\/wp\/v2\/pages\/344\/revisions\/346"}],"wp:attachment":[{"href":"https:\/\/www.hsu-hh.de\/icu\/wp-json\/wp\/v2\/media?parent=344"}],"wp:term":[{"taxonomy":"category","embeddable":true,"href":"https:\/\/www.hsu-hh.de\/icu\/wp-json\/wp\/v2\/categories?post=344"},{"taxonomy":"post_tag","embeddable":true,"href":"https:\/\/www.hsu-hh.de\/icu\/wp-json\/wp\/v2\/tags?post=344"}],"curies":[{"name":"wp","href":"https:\/\/api.w.org\/{rel}","templated":true}]}}