{"id":292,"date":"2021-01-26T12:37:09","date_gmt":"2021-01-26T11:37:09","guid":{"rendered":"https:\/\/www.hsu-hh.de\/icu\/?page_id=292"},"modified":"2021-01-26T12:37:09","modified_gmt":"2021-01-26T11:37:09","slug":"veranstaltungen-2018","status":"publish","type":"page","link":"https:\/\/www.hsu-hh.de\/icu\/veranstaltungen-2018\/","title":{"rendered":"Veranstaltungen 2018"},"content":{"rendered":"\n<h2 class=\"wp-block-heading\">Wintertrimester 2018<\/h2>\n\n\n\n<h4 class=\"wp-block-heading\">Unternehmensf\u00fchrung: Behavioral Accounting<\/h4>\n\n\n\n<ul class=\"wp-block-list\"><li><strong>Modul- und\u00a0Lehrveranstaltungsnummer:\u00a0<\/strong>WS21B53.3\/ WS24B43.1\/ WS21B91.2<ul><li><strong>Dozent:<\/strong>\u00a0Prof. Dr. Tobias Scheytt<\/li><li><strong>Zeit und Ort:<\/strong>\u00a0Dienstag, 11:30 &#8211; 13:00 Uhr, Hautgeb\u00e4ude H1 &#8211; Seminarraum 401\/402<\/li><\/ul><\/li><\/ul>\n\n\n\n<h4 class=\"wp-block-heading\">F\u00fchrung internationaler Unternehmen: Controlling internationaler Unternehmen<\/h4>\n\n\n\n<ul class=\"wp-block-list\"><li><strong>Modul- und\u00a0Lehrveranstaltungsnummer:\u00a0<\/strong>WS21B61.2<ul><li><strong>Dozent:<\/strong>\u00a0Prof. Dr. Tobias Scheytt<\/li><li><strong>Zeit und Ort:<\/strong>\u00a0Dienstag, 17:30 Uhr &#8211; 19:00 Uhr, Hautgeb\u00e4ude H1 &#8211; Seminarraum 110<\/li><\/ul><\/li><\/ul>\n\n\n\n<h4 class=\"wp-block-heading\">Organisation und Entscheidung<\/h4>\n\n\n\n<ul class=\"wp-block-list\"><li><strong>Modul- und Lehrveranstaltungsnummer:\u00a0<\/strong>WS21B82<ul><li><strong>Dozent:<\/strong>\u00a0Prof. Dr. Tobias Scheytt &amp; PD Dr. Christian Huber<\/li><li><strong>Zeit und Ort:<\/strong>\u00a0Dienstag, 14:00 &#8211; 15:30 Uhr,\u00a0Hauptgeb\u00e4ude H1 &#8211; Seminarraum 105<\/li><\/ul><\/li><\/ul>\n\n\n\n<h4 class=\"wp-block-heading\">Controlling im sozialen und organisationalen Kontext<\/h4>\n\n\n\n<ul class=\"wp-block-list\"><li><strong>Modul- und Lehrveranstaltungsnummer:\u00a0<\/strong>WS24B87 \/ WS24B43.2<ul><li><strong>Dozent:<\/strong>\u00a0PD Dr. Christian Huber &amp; Dipl.-\u00d6k. Jaromir Junne<\/li><li><strong>Zeit und Ort:<\/strong>\u00a0Mittwoch, 11:30 &#8211; 13:00 Uhr,\u00a0Hauptgeb\u00e4ude H1 &#8211; Seminarraum 108<\/li><\/ul><\/li><\/ul>\n\n\n\n<h4 class=\"wp-block-heading\">Grundlagen der Unternehmensf\u00fchrung: Controlling<\/h4>\n\n\n\n<ul class=\"wp-block-list\"><li><strong>Modul- und Lehrveranstaltungsnummer:\u00a0<\/strong>WS14B08<ul><li><strong>Dozent:<\/strong>\u00a0Prof. Dr. Tobias Scheytt<\/li><li><strong>Zeit und Ort:<\/strong>\u00a0Mittwoch, 11:30 &#8211; 13:00 Uhr,\u00a0Hauptgeb\u00e4ude H1 &#8211; Komplexraum 1002<\/li><\/ul><\/li><\/ul>\n\n\n\n<h4 class=\"wp-block-heading\">Master-Thesis\/ Master Kolloquium ABT, MOIN, IM &amp; RM<\/h4>\n\n\n\n<ul class=\"wp-block-list\"><li><strong>Modul- und Lehrveranstaltungsnummer:\u00a0<\/strong>WS25B95\/ WS25B96 \/WS25B97\/ WS25B99<ul><li><strong>Dozent:<\/strong>\u00a0Prof. Dr. Tobias Scheytt<\/li><li><strong>Zeit und Ort:<\/strong>\u00a0nach Vereinbarung<\/li><\/ul><\/li><\/ul>\n\n\n\n<h2 class=\"wp-block-heading\">Fr\u00fchjahrstrimester 2018<\/h2>\n\n\n\n<h4 class=\"wp-block-heading\">Seminar MOIN &amp; RM: Einf\u00fchrung zur Seminararbeit<\/h4>\n\n\n\n<ul class=\"wp-block-list\"><li><strong>Modul- und Lehrveranstaltungsnummer:\u00a0<\/strong>WS23B54 \/ WS23B85<ul><li><strong>Dozent:<\/strong>\u00a0Prof.\u00a0Dr.\u00a0Tobias Scheytt &amp;\u00a0PD\u00a0Dr.\u00a0Christian Huber<\/li><li><strong>Zeit und Ort:<\/strong>\u00a0n.V.<\/li><\/ul><\/li><\/ul>\n\n\n\n<h4 class=\"wp-block-heading\">Seminar Unternehmensf\u00fchrung: Risikomanagement und Controlling im Katastrophenschutz<\/h4>\n\n\n\n<ul class=\"wp-block-list\"><li><strong>Modul- und\u00a0Lehrveranstaltungsnummer:\u00a0<\/strong>WS16B12<ul><li><strong>Dozent:<\/strong>\u00a0Prof.\u00a0Dr.\u00a0Tobias Scheytt &amp; Dipl.-\u00d6k. Jaromir Junne<\/li><li><strong>Zeit und Ort:<\/strong>\u00a0Erster Termin und Themenvergabe: Donnerstag, 19. April, 10 Uhr, Hauptgeb\u00e4ude H1 &#8211; Seminarraum 109;<ul><li>Vobesprechung der Seminararbeiten und -pr\u00e4sentationen: Donnerstag, 3. Mai, 9 Uhr, Hauptgeb\u00e4ude H1 &#8211; Seminarraum 109;<\/li><li>Seminartermine: Donnerstags (ab 24. Mai), 09:00 &#8211; 12:15 Uhr, Hauptgeb\u00e4ude H1 &#8211; Seminarraum 109<\/li><\/ul><\/li><\/ul><\/li><\/ul>\n\n\n\n<h4 class=\"wp-block-heading\">Workshop Wissenschaftliches Arbeiten f\u00fcr Bachelor-Studierende<\/h4>\n\n\n\n<ul class=\"wp-block-list\"><li><strong>Modul- und\u00a0Lehrveranstaltungsnummer:\u00a0<\/strong>23649<ul><li><strong>Dozent:<\/strong>\u00a0Prof.\u00a0Dr.\u00a0Tobias Scheytt &amp; Dipl.-\u00d6k. Jaromir Junne<\/li><li><strong>Zeit und Ort:<\/strong>\u00a0Donnerstag, 09:00 &#8211; 12:15 Uhr, Hautgeb\u00e4ude H1 &#8211; Seminarraum 109<\/li><\/ul><\/li><\/ul>\n\n\n\n<h4 class=\"wp-block-heading\">Bachelor-Thesis\/ Bachelor-Kolloquium<\/h4>\n\n\n\n<ul class=\"wp-block-list\"><li><strong>Modul- und Lehrveranstaltungsnummer:\u00a0<\/strong>23648<ul><li><strong>Dozent:<\/strong>\u00a0Prof.\u00a0Dr.\u00a0Tobias Scheytt &amp; Dipl.-\u00d6k. Jaromir Junne<\/li><li><strong>Zeit und Ort:<\/strong>\u00a0n.V.<\/li><\/ul><\/li><\/ul>\n\n\n\n<h4 class=\"wp-block-heading\">Operatives Controlling und Risikocontrolling: Operatives Controlling\/ Management Accounting<\/h4>\n\n\n\n<ul class=\"wp-block-list\"><li><strong>Modul- und Lehrveranstaltungsnummer:\u00a0<\/strong>WS22B34.1 \/ WS22B44<ul><li><strong>Dozent:<\/strong>\u00a0PD\u00a0Dr.\u00a0Christian Huber<\/li><li><strong>Zeit und Ort:<\/strong>\u00a0Mittwoch, 11:30 &#8211; 13:00 Uhr,\u00a0Hauptgeb\u00e4ude H1 &#8211; Seminarraum 405 \/ 406<\/li><\/ul><\/li><\/ul>\n\n\n\n<h4 class=\"wp-block-heading\">Operatives Controlling und Risikocontrolling: Risikocontrolling<\/h4>\n\n\n\n<ul class=\"wp-block-list\"><li><strong>Modul- und Lehrveranstaltungsnummer:\u00a0<\/strong>WS22B34.2 \/ WS22B83<ul><li><strong>Dozent:<\/strong>\u00a0PD\u00a0Dr.\u00a0Christian Huber<\/li><li><strong>Zeit und Ort:<\/strong>\u00a0Mittwoch, 14:00 &#8211; 15:30 Uhr,\u00a0Hauptgeb\u00e4ude H1 &#8211; Seminarraum 405 \/ 406<\/li><\/ul><\/li><\/ul>\n\n\n\n<h4 class=\"wp-block-heading\">Begleitkurs zum operativen Controlling<\/h4>\n\n\n\n<ul class=\"wp-block-list\"><li><strong>Modul- und Lehrveranstaltungsnummer:\u00a0<\/strong>23934<ul><li><strong>Dozent:<\/strong>\u00a0Dipl.-Kffr. (FH) Nadine Gerhardt<\/li><li><strong>Zeit und Ort:<\/strong>\u00a0Mittwoch, 08:00 &#8211; 09:30 Uhr,\u00a0Hauptgeb\u00e4ude H1 &#8211; Seminarraum 405 \/ 406<\/li><\/ul><\/li><\/ul>\n\n\n\n<h4 class=\"wp-block-heading\">Master-Thesis\/ Master Kolloquium ABT, MOIN, IM &amp; RM<\/h4>\n\n\n\n<ul class=\"wp-block-list\"><li><strong>Modul- und Lehrveranstaltungsnummer:\u00a0<\/strong>WS25B95\/ WS25B96 \/WS25B97\/ WS25B99<ul><li><strong>Dozent:<\/strong>\u00a0Prof.\u00a0Dr.\u00a0Tobias Scheytt &amp;\u00a0PD\u00a0Dr.\u00a0Christian Huber<\/li><li><strong>Zeit und Ort:<\/strong>\u00a0n.V.<\/li><\/ul><\/li><\/ul>\n","protected":false},"excerpt":{"rendered":"<p>Wintertrimester 2018 Unternehmensf\u00fchrung: Behavioral Accounting Modul- und\u00a0Lehrveranstaltungsnummer:\u00a0WS21B53.3\/ WS24B43.1\/ WS21B91.2 Dozent:\u00a0Prof. Dr. Tobias Scheytt Zeit und Ort:\u00a0Dienstag, 11:30 &#8211; 13:00 Uhr, Hautgeb\u00e4ude H1 &#8211; Seminarraum 401\/402 F\u00fchrung internationaler Unternehmen: Controlling internationaler [&hellip;]<\/p>\n","protected":false},"author":2885,"featured_media":0,"parent":0,"menu_order":0,"comment_status":"closed","ping_status":"closed","template":"","meta":{"footnotes":""},"categories":[4],"tags":[],"class_list":["post-292","page","type-page","status-publish","hentry","category-forschung"],"_links":{"self":[{"href":"https:\/\/www.hsu-hh.de\/icu\/wp-json\/wp\/v2\/pages\/292","targetHints":{"allow":["GET"]}}],"collection":[{"href":"https:\/\/www.hsu-hh.de\/icu\/wp-json\/wp\/v2\/pages"}],"about":[{"href":"https:\/\/www.hsu-hh.de\/icu\/wp-json\/wp\/v2\/types\/page"}],"author":[{"embeddable":true,"href":"https:\/\/www.hsu-hh.de\/icu\/wp-json\/wp\/v2\/users\/2885"}],"replies":[{"embeddable":true,"href":"https:\/\/www.hsu-hh.de\/icu\/wp-json\/wp\/v2\/comments?post=292"}],"version-history":[{"count":2,"href":"https:\/\/www.hsu-hh.de\/icu\/wp-json\/wp\/v2\/pages\/292\/revisions"}],"predecessor-version":[{"id":299,"href":"https:\/\/www.hsu-hh.de\/icu\/wp-json\/wp\/v2\/pages\/292\/revisions\/299"}],"wp:attachment":[{"href":"https:\/\/www.hsu-hh.de\/icu\/wp-json\/wp\/v2\/media?parent=292"}],"wp:term":[{"taxonomy":"category","embeddable":true,"href":"https:\/\/www.hsu-hh.de\/icu\/wp-json\/wp\/v2\/categories?post=292"},{"taxonomy":"post_tag","embeddable":true,"href":"https:\/\/www.hsu-hh.de\/icu\/wp-json\/wp\/v2\/tags?post=292"}],"curies":[{"name":"wp","href":"https:\/\/api.w.org\/{rel}","templated":true}]}}