{"id":267,"date":"2021-01-25T15:55:19","date_gmt":"2021-01-25T14:55:19","guid":{"rendered":"https:\/\/www.hsu-hh.de\/icu\/?page_id=267"},"modified":"2021-01-26T16:57:27","modified_gmt":"2021-01-26T15:57:27","slug":"abschlussarbeiten","status":"publish","type":"page","link":"https:\/\/www.hsu-hh.de\/icu\/abschlussarbeiten\/","title":{"rendered":"Abschlussarbeiten"},"content":{"rendered":"\n<p>Die Professur betreut Abschlussarbeiten, deren Thematiken mit dem Controlling &#8211; im weiten Sinne verstanden &#8211; in Verbindung stehen. Themenvorschl\u00e4ge von Studierenden sind willkommen und werden im Anschluss zwischen Institutsmitarbeitern und Kandidaten genauer gepr\u00fcft&nbsp;und spezifiziert. Andererseits k\u00f6nnen Studierende aus Themenvorschl\u00e4gen des Instituts ausw\u00e4hlen. F\u00fcr die Annahme von Bachelor-Arbeiten gilt, dass solchen Studierenden der Vorzug gegeben wird, die im sechsten Trimester das von uns betreute Seminar besucht haben.<\/p>\n\n\n\n<p>Die Annahme von Abschlussarbeiten erfolgt stichtagsbezogen auf der Basis einer kurzen Darstellung des Abschlussarbeits-Projekts.\u00a0Interessentinnen und Interessenten sollten die Mitarbeiterin bzw. den Mitarbeiter, die \/ der die Betreuung \u00fcbernehmen soll, fr\u00fchzeitig via E-Mail ansprechen.<\/p>\n\n\n\n<div class=\"wp-block-hsu-downloadblock\"><div class=\"thumbnail-area\"><img decoding=\"async\" src=\"\/wp-content\/themes\/hsu\/img\/dummy\/downloads_dummy.png\" alt=\"Download Symbol-Icon\" \/><\/div><div class=\"text-area\">Checkliste Abschlussarbeiten am ICU<\/div><div class=\"download-area\"><a class=\"download-link\" href=\"https:\/\/www.hsu-hh.de\/icu\/wp-content\/uploads\/sites\/851\/2021\/01\/Checkliste-Abschlussarbeiten-am-ICU.pdf\"><span class=\"download-name\">pdf laden<\/span><span class=\"download-icon\"><img decoding=\"async\" class=\"download-icon\" alt=\"download icon\" src=\"\/wp-content\/themes\/hsu\/img\/icons\/download_icon.png\" \/><\/span><span class=\"download-size\">611 kB<\/span><\/a><\/div><\/div>\n\n\n\n<div class=\"wp-block-hsu-downloadblock\"><div class=\"thumbnail-area\"><img decoding=\"async\" src=\"\/wp-content\/themes\/hsu\/img\/dummy\/downloads_dummy.png\" alt=\"Download Symbol-Icon\" \/><\/div><div class=\"text-area\">Formatierungsrichtlinien Abschlussarbeiten am ICU<\/div><div class=\"download-area\"><a class=\"download-link\" href=\"https:\/\/www.hsu-hh.de\/icu\/wp-content\/uploads\/sites\/851\/2021\/01\/ICU_Formatierungsrichtlinien-Bachelor-und-masterarbeiten.pdf\"><span class=\"download-name\">pdf laden<\/span><span class=\"download-icon\"><img decoding=\"async\" class=\"download-icon\" alt=\"download icon\" src=\"\/wp-content\/themes\/hsu\/img\/icons\/download_icon.png\" \/><\/span><span class=\"download-size\">182 kB<\/span><\/a><\/div><\/div>\n\n\n\n<h4 class=\"wp-block-heading\">Abstracts der Master-Arbeiten<\/h4>\n\n\n\n<ul class=\"wp-block-list\"><li><a href=\"https:\/\/www.hsu-hh.de\/icu\/abstracts-der-master-arbeiten-2019\/\" data-type=\"URL\" data-id=\"https:\/\/www.hsu-hh.de\/icu\/abstracts-der-master-arbeiten-2019\/\">Abstracts der Master-Arbeiten 2019<\/a><\/li><li><a href=\"https:\/\/www.hsu-hh.de\/icu\/abstracts-der-master-arbeiten-2018\/\" data-type=\"URL\" data-id=\"https:\/\/www.hsu-hh.de\/icu\/abstracts-der-master-arbeiten-2018\/\">Abstracts der Master-Arbeiten 2018<\/a><\/li><li><a href=\"https:\/\/www.hsu-hh.de\/icu\/abstracts-der-master-arbeiten-2017\/\" data-type=\"URL\" data-id=\"https:\/\/www.hsu-hh.de\/icu\/abstracts-der-master-arbeiten-2017\/\">Abstracts der Master-Arbeiten 2017<\/a><\/li><li><a href=\"https:\/\/www.hsu-hh.de\/icu\/abstracts-der-master-arbeiten-2014\/\" data-type=\"URL\" data-id=\"https:\/\/www.hsu-hh.de\/icu\/abstracts-der-master-arbeiten-2014\/\">Abstracts der Master-Arbeiten 2014<\/a><\/li><\/ul>\n","protected":false},"excerpt":{"rendered":"<p>Die Professur betreut Abschlussarbeiten, deren Thematiken mit dem Controlling &#8211; im weiten Sinne verstanden &#8211; in Verbindung stehen. Themenvorschl\u00e4ge von Studierenden sind willkommen und werden im Anschluss zwischen Institutsmitarbeitern und [&hellip;]<\/p>\n","protected":false},"author":2885,"featured_media":0,"parent":0,"menu_order":0,"comment_status":"closed","ping_status":"closed","template":"","meta":{"footnotes":""},"categories":[6],"tags":[],"class_list":["post-267","page","type-page","status-publish","hentry","category-lehre"],"_links":{"self":[{"href":"https:\/\/www.hsu-hh.de\/icu\/wp-json\/wp\/v2\/pages\/267","targetHints":{"allow":["GET"]}}],"collection":[{"href":"https:\/\/www.hsu-hh.de\/icu\/wp-json\/wp\/v2\/pages"}],"about":[{"href":"https:\/\/www.hsu-hh.de\/icu\/wp-json\/wp\/v2\/types\/page"}],"author":[{"embeddable":true,"href":"https:\/\/www.hsu-hh.de\/icu\/wp-json\/wp\/v2\/users\/2885"}],"replies":[{"embeddable":true,"href":"https:\/\/www.hsu-hh.de\/icu\/wp-json\/wp\/v2\/comments?post=267"}],"version-history":[{"count":3,"href":"https:\/\/www.hsu-hh.de\/icu\/wp-json\/wp\/v2\/pages\/267\/revisions"}],"predecessor-version":[{"id":322,"href":"https:\/\/www.hsu-hh.de\/icu\/wp-json\/wp\/v2\/pages\/267\/revisions\/322"}],"wp:attachment":[{"href":"https:\/\/www.hsu-hh.de\/icu\/wp-json\/wp\/v2\/media?parent=267"}],"wp:term":[{"taxonomy":"category","embeddable":true,"href":"https:\/\/www.hsu-hh.de\/icu\/wp-json\/wp\/v2\/categories?post=267"},{"taxonomy":"post_tag","embeddable":true,"href":"https:\/\/www.hsu-hh.de\/icu\/wp-json\/wp\/v2\/tags?post=267"}],"curies":[{"name":"wp","href":"https:\/\/api.w.org\/{rel}","templated":true}]}}