{"id":182,"date":"2021-01-21T13:59:01","date_gmt":"2021-01-21T12:59:01","guid":{"rendered":"https:\/\/www.hsu-hh.de\/icu\/?page_id=182"},"modified":"2021-01-30T10:34:13","modified_gmt":"2021-01-30T09:34:13","slug":"wirqung","status":"publish","type":"page","link":"https:\/\/www.hsu-hh.de\/icu\/wirqung\/","title":{"rendered":"WirQung"},"content":{"rendered":"\n<h5 class=\"wp-block-heading\">Die Organisation des Qualit\u00e4tsmanagements \u2013 Wirkmechanismen und Wirksamkeit organisationaler Ans\u00e4tze in Studium und Lehre<\/h5>\n\n\n\n<div class=\"wp-block-hsu-publicationblock\"><div class=\"img-area download-image\"><img decoding=\"async\" src=\"https:\/\/www.hsu-hh.de\/icu\/wp-content\/uploads\/sites\/851\/2021\/01\/BMBF_170-100x100.jpg\" alt=\"BMBF\" \/><\/div><div class=\"content-area\">Dieses Projekt wurde im Zeitraum 2014 &#8211; 2018 aus Mitteln des <a href=\"https:\/\/www.bmbf.de\/\" data-type=\"URL\" data-id=\"https:\/\/www.bmbf.de\/\" rel='nofollow'>Bundesministeriums f\u00fcr Bildung und Forschung<\/a>\u00a0gef\u00f6rdert.\u00a0<\/div><\/div>\n\n\n\n<p>Informationen zu dem Symposium &#8222;Forschungsperspektiven auf Qualit\u00e4tssicherung und Qualit\u00e4tsmanagement an Hochschulen&#8220; vom 14. bis 15. Januar 2016 an der HSU, finden Sie <a href=\"https:\/\/www.hsu-hh.de\/icu\/symposium-2016\/\" data-type=\"URL\" data-id=\"https:\/\/www.hsu-hh.de\/icu\/symposium-2016\/\">hier<\/a>.<\/p>\n\n\n\n<h2 class=\"wp-block-heading\">Transfer von Forschungsergebnissen<\/h2>\n\n\n\n<p>Gemeinsame <a href=\"https:\/\/www.hsu-hh.de\/icu\/abschlusstagung\/\">Abschlusstagung<\/a> der Forschungsprojekte WirQung, EIQSL und WiQU am 28. und 29. September 2017 an der Helmut-Schmidt-Universit\u00e4t\/Universit\u00e4t der Bundeswehr Hamburg.<\/p>\n\n\n\n<p>Publikationen und Vortr\u00e4ge, die im Rahmen des Forschungsprojekts entstanden sind, finden Sie&nbsp;<a href=\"https:\/\/www.hsu-hh.de\/icu\/publikationen-2\/\" data-type=\"URL\" data-id=\"https:\/\/www.hsu-hh.de\/icu\/publikationen-2\/\">hier<\/a>.<\/p>\n\n\n\n<h2 class=\"wp-block-heading\">Forschungsfeld<\/h2>\n\n\n\n<p>Das Projekt erkundet das Forschungsfeld des Qualit\u00e4tsmanagements (QM) an Hochschulen und untersucht den Einfluss organisationaler Bedingungen auf Wirkung und Wirksamkeit von QM-Interventionen. Als solche werden Interventionen verstanden, wie sie sich aus Ma\u00dfnahmen der Qualit\u00e4tssicherung, der Qualit\u00e4tsentwicklung und des QM ergeben.<\/p>\n\n\n\n<p>Ausgangspunkt ist aus einer anwendungsbezogenen Perspektive die Beobachtung, dass derzeit unter dem Schlagwort \u201eQualit\u00e4tsmanagement\u201c sehr unterschiedliche Systeme zur Integration von Einzelma\u00dfnahmen der Qualit\u00e4tssicherung und -entwicklung in Hochschulen implementiert werden. Ans\u00e4tze f\u00fcr ein umfassendes QM sind \u00e4u\u00dferst heterogen und noch nicht in der Breite etabliert, so dass es mitunter an Orientierungswissen zur Implementierung fehlt. Andererseits ist bislang nicht gekl\u00e4rt, ob und in welcher Form die eingeleiteten Ma\u00dfnahmen und etablierten Instrumente eine Wirkung auf den verschiedenen Ebenen der Organisation entfalten. Zudem ist grunds\u00e4tzlich in Frage zu stellen, inwieweit mit qualit\u00e4tsbezogenen Interventionen \u00fcberhaupt ein Zugriff auf akademische Kernprozesse in Studium und Lehre m\u00f6glich ist.<\/p>\n\n\n\n<p>Angelehnt ist das Forschungsprojekt an den \u201e<a href=\"http:\/\/www.qualitaetspakt-lehre.de\/\" target=\"_blank\" rel=\"noreferrer noopener\">Qualit\u00e4tspakt Lehre<\/a>\u201c, einem Bund-L\u00e4nder-Programm, mit dem die Betreuung der Studierenden und die Lehrqualit\u00e4t an Hochschulen verbessert werden soll. Als Begleitforschung nimmt das Projekt insbesondere solche QM-Interventionen in den Blick, die aus dem Qualit\u00e4tspakt Lehre gef\u00f6rdert werden.<\/p>\n\n\n\n<h2 class=\"wp-block-heading\">Projektziele<\/h2>\n\n\n\n<p>Die Projektziele sind gleicherma\u00dfen auf Theoriebildung wie auf die Schaffung von Orientierungswissen ausgerichtet:<\/p>\n\n\n\n<ul class=\"wp-block-list\"><li><strong><em>Wirkmechanismen<\/em><\/strong>: Ans\u00e4tze des Qualit\u00e4tsmanagements werden mit der organisationalen Wirklichkeit der Hochschule und Erkenntnissen der Organisations- und Managementforschung gespiegelt. Durch eine auf die Praxis gerichtete Betrachtungsperspektive soll ein Verst\u00e4ndnis f\u00fcr die Wirkungsweise sowie die M\u00f6glichkeiten und Grenzen qualit\u00e4tsbezogener Interventionen in der Organisationsform Hochschule entwickelt werden. Im Fokus stehen dabei die strukturelle, strategische und kulturelle Ausgangssituation und ihr Einfluss auf die Wirkung fokaler QM-Interventionen.<\/li><li><strong><em>Wirksamkeit<\/em><\/strong>: Die Rekonstruktion der Wirksamkeit des Qualit\u00e4tsmanagements orientiert sich im Projekt daran, inwiefern es gelingt, dass QM-Interventionen auf die Handlungsebene in Studium und Lehre vordringen und dadurch eine nachhaltige Ver\u00e4nderung im Sinne einer kognitiven Verankerung von Qualit\u00e4t erreichen sowie Prozesse zur Verbesserung der Studienbedingungen und der Lehrqualit\u00e4t ansto\u00dfen.<\/li><li><strong><em>Orientierungsrahmen<\/em><\/strong>: Die Rekonstruktion des Forschungsfeldes \u201eQualit\u00e4tsmanagement an Hochschulen\u201c aus einer anwendungsorientierten Perspektive erfolgt entlang von konkret in der Praxis vorfindbaren Formen von Gestaltungsbedingungen. Diese Bedingungen konstituieren das Feld, in dem sich die Implementierung von QM vollzieht. Auf diese Weise werden in einem pragmatischen, evidenzbasierten Orientierungsrahmen Interventionsstrategien dokumentiert, die im Sinne der Wirksamkeit als erfolgreich bezeichnet werden k\u00f6nnen.<\/li><\/ul>\n\n\n\n<p>In konzeptioneller Hinsicht soll das Projekt einen Beitrag zur organisationsbezogenen Hochschulforschung sowie zum Verst\u00e4ndnis der Expertenorganisation Hochschule und der M\u00f6glichkeiten bzw. Grenzen ihrer Steuerung leisten.<\/p>\n\n\n\n<p>Zudem richtet sich das Projekt an die im Qualit\u00e4tsmanagement in Hochschulen T\u00e4tigen: die direkt beteiligten Kooperationspartner, indem es ihnen Reflexionsinstrumente zur Weiterentwicklung ihrer QM-Ans\u00e4tze an die Hand gibt; weiteren am Qualit\u00e4tsmanagement Interessierten, indem es &nbsp;handlungsrelevantes Wissen zu Wirkung und Wirksamkeit verschiedener Ans\u00e4tze des QM bereitstellt.<\/p>\n\n\n\n<p>Schlie\u00dflich sollen \u2013 im Sinne einer Begleitforschung zum Qualit\u00e4tspakt Lehre \u2013 das Potenzial institutioneller Ans\u00e4tze des Qualit\u00e4tsmanagements f\u00fcr Hochschulpraxis, Hochschulforschung und Hochschulpolitik \u00fcber den F\u00f6rderzeitraum hinaus sondiert werden.<\/p>\n\n\n\n<h2 class=\"wp-block-heading\">Forschungsstrategie<\/h2>\n\n\n\n<p>Das Forschungsprojekt verfolgt einen explorativen Zugang und n\u00e4hert sich dem Untersuchungsfeld in einem mehrstufigen und mehrdimensionalen Untersuchungsdesign. Die Ergebnisse werden durch Daten-, Akteurs- sowie Methoden-Triangulation validiert.<\/p>\n\n\n\n<p><strong>1. Phase: Exploration des Forschungsfeldes<\/strong><\/p>\n\n\n\n<p>Die erste Projektphase dient der Exploration des Forschungsfeldes. Hierin soll ein projektspezifisches Verst\u00e4ndnis f\u00fcr die Hochschule als Organisation, m\u00f6gliche Interventionsstrategien sowie deren Wirkmechanismen und Wirksamkeit entwickelt werden.<\/p>\n\n\n\n<p>Ausgehend von einer Literaturrecherche zur Hochschule als Organisation und zum Qualit\u00e4tsmanagement werden im Rahmen von Fallstudien m\u00f6gliche Interventionsstrategien des QM mittels Dokumentenanalyse und qualitativen Interviews rekonstruiert. Der Fokus liegt dabei auf der Sicht der handelnden Subjekte, sowohl aus dem Bereich des institutionalisierten QM wie aus dem wissenschaftlichen und Managementbereich von Hochschulen. Die Datenbasis bilden zwei Hochschulen, deren QM aus dem Qualit\u00e4tspakt Lehre gef\u00f6rdert wird.<\/p>\n\n\n\n<p><strong>2. Phase: Entwicklung eines Orientierungsrahmens f\u00fcr Qualit\u00e4tsmanagement an Hochschulen<\/strong><\/p>\n\n\n\n<p>Auf dieser Datengrundlage baut die zweite Phase auf, um die Erkenntnisse aus unterschiedlichen Perspektiven und mit Blick auf einen Orientierungsrahmen zu erg\u00e4nzen, aber auch zu interpretieren und zu verdichten. Der Akteursperspektive folgend, wird dies in Fokusgruppen wechselseitig durch die handelnden Akteure selbst vorgenommen. Die Datenbasis wird hierbei auf acht Hochschulen erweitert, deren QM gr\u00f6\u00dftenteils aus dem Qualit\u00e4tspakt Lehre gef\u00f6rdert wird. Als weiteres, erg\u00e4nzendes und reflektierendes Moment dienen die Ergebnisse einer Delphi-Studie, an der Expertinnen und Experten aus Hochschulforschung und -management beteiligt werden.<\/p>\n\n\n\n<h2 class=\"wp-block-heading\">Kooperationen<\/h2>\n\n\n\n<p>Im Rahmen der Feldforschung kooperieren wir mit insgesamt 21 \u00f6ffentlichen Hochschulen in Deutschland. An zwei der Hochschulen wurde eine Fallstudienanalyse durchgef\u00fchrt. Alle Hochschulen beteiligen sich an den Fokusgruppen-Workshops.<\/p>\n\n\n\n<p>Dar\u00fcber hinaus stehen wir in engem Austausch mit zwei Forschungsprojekten, die vom BMBF in der F\u00f6rderinitiative Leistungsbewertung in der Wissenschaft gef\u00f6rdert werden und die sich mit der Qualit\u00e4tssicherung und dem Qualit\u00e4tsmanagement an Hochschulen auseinandersetzen:&nbsp;&nbsp;&nbsp;&nbsp;&nbsp;<\/p>\n\n\n\n<ul class=\"wp-block-list\"><li>WiQu \u2013&nbsp;Wirkungsforschung in der Qualit\u00e4tssicherung von Lehre und Studium \u2013 prozedurale, strukturelle und personelle Ursachen der Wirkungen von Qualit\u00e4tssicherungseinrichtungen&nbsp;(BMBF F\u00f6rderkennzeichen 01PY13003).<\/li><li>eiQSL\u2013&nbsp;Externe und interne Qualit\u00e4tssicherung von Studium und Lehre durch Akkreditierungs- und Evaluationsverfahren&nbsp;(BMBF F\u00f6rderkennzeichen 01PY13017).<\/li><\/ul>\n\n\n\n<div class=\"wp-block-columns is-layout-flex wp-container-core-columns-is-layout-9d6595d7 wp-block-columns-is-layout-flex\">\n<div class=\"wp-block-column is-layout-flow wp-block-column-is-layout-flow\">\n<p>Postanschrift:<\/p>\n<\/div>\n\n\n\n<div class=\"wp-block-column is-layout-flow wp-block-column-is-layout-flow\">\n<p>Helmut-Schmidt-Universit\u00e4t, Universit\u00e4t der Bundeswehr Hamburg<br>Fakult\u00e4t f\u00fcr Wirtschafts- und Sozialwissenschaften<br>Institut f\u00fcr Controlling und Unternehmensrechnung<br>Projekt WirQung<br>Postfach 70 08 22, 22008 Hamburg<\/p>\n<\/div>\n<\/div>\n\n\n\n<div class=\"wp-block-columns is-layout-flex wp-container-core-columns-is-layout-9d6595d7 wp-block-columns-is-layout-flex\">\n<div class=\"wp-block-column is-layout-flow wp-block-column-is-layout-flow\">\n<p>Ansprechpartner:<\/p>\n<\/div>\n\n\n\n<div class=\"wp-block-column is-layout-flow wp-block-column-is-layout-flow\">\n<p>Univ.-Prof. Dr. Tobias Scheytt, 040 &#8211; 6541 2825<\/p>\n\n\n\n<p>Dipl.-Ing. Benjamin Ditzel,&nbsp;<a href=\"mailto:ditzel@hsu-hh.de?subject=Forschungsprojekt%20WirQung\" rel='nofollow'>ditzel@hsu-hh.de<\/a>, 040 &#8211; 6541 3871<br>Michael Lust, M.A.,&nbsp;<a href=\"mailto:lust@hsu-hh.de?subject=Forschungsprojekt%20WirQung\" rel='nofollow'>lust@hsu-hh.de<\/a>, 040 &#8211; 6541 3098<\/p>\n\n\n\n<p><a href=\"mailto:wirqung@hsu-hh.de?subject=Forschungsprojekt%20WirQung\" rel='nofollow'>wirqung@hsu-hh.de<\/a><\/p>\n\n\n\n<p><a href=\"https:\/\/twitter.com\/wirqung\" target=\"_blank\" rel=\"noreferrer noopener\">twitter<\/a><\/p>\n<\/div>\n<\/div>\n\n\n\n<p><\/p>\n","protected":false},"excerpt":{"rendered":"<p>Die Organisation des Qualit\u00e4tsmanagements \u2013 Wirkmechanismen und Wirksamkeit organisationaler Ans\u00e4tze in Studium und Lehre Informationen zu dem Symposium &#8222;Forschungsperspektiven auf Qualit\u00e4tssicherung und Qualit\u00e4tsmanagement an Hochschulen&#8220; vom 14. bis 15. Januar [&hellip;]<\/p>\n","protected":false},"author":2885,"featured_media":0,"parent":0,"menu_order":0,"comment_status":"closed","ping_status":"closed","template":"","meta":{"footnotes":""},"categories":[4],"tags":[],"class_list":["post-182","page","type-page","status-publish","hentry","category-forschung"],"_links":{"self":[{"href":"https:\/\/www.hsu-hh.de\/icu\/wp-json\/wp\/v2\/pages\/182","targetHints":{"allow":["GET"]}}],"collection":[{"href":"https:\/\/www.hsu-hh.de\/icu\/wp-json\/wp\/v2\/pages"}],"about":[{"href":"https:\/\/www.hsu-hh.de\/icu\/wp-json\/wp\/v2\/types\/page"}],"author":[{"embeddable":true,"href":"https:\/\/www.hsu-hh.de\/icu\/wp-json\/wp\/v2\/users\/2885"}],"replies":[{"embeddable":true,"href":"https:\/\/www.hsu-hh.de\/icu\/wp-json\/wp\/v2\/comments?post=182"}],"version-history":[{"count":6,"href":"https:\/\/www.hsu-hh.de\/icu\/wp-json\/wp\/v2\/pages\/182\/revisions"}],"predecessor-version":[{"id":568,"href":"https:\/\/www.hsu-hh.de\/icu\/wp-json\/wp\/v2\/pages\/182\/revisions\/568"}],"wp:attachment":[{"href":"https:\/\/www.hsu-hh.de\/icu\/wp-json\/wp\/v2\/media?parent=182"}],"wp:term":[{"taxonomy":"category","embeddable":true,"href":"https:\/\/www.hsu-hh.de\/icu\/wp-json\/wp\/v2\/categories?post=182"},{"taxonomy":"post_tag","embeddable":true,"href":"https:\/\/www.hsu-hh.de\/icu\/wp-json\/wp\/v2\/tags?post=182"}],"curies":[{"name":"wp","href":"https:\/\/api.w.org\/{rel}","templated":true}]}}