{"id":178,"date":"2021-01-21T13:12:03","date_gmt":"2021-01-21T12:12:03","guid":{"rendered":"https:\/\/www.hsu-hh.de\/icu\/?page_id=178"},"modified":"2021-01-21T13:12:04","modified_gmt":"2021-01-21T12:12:04","slug":"publikationen-christian-huber","status":"publish","type":"page","link":"https:\/\/www.hsu-hh.de\/icu\/publikationen-christian-huber\/","title":{"rendered":"Publikationen Christian Huber"},"content":{"rendered":"\n<p>Huber, C. (forthcoming) Kafka&#8217;s &#8222;Before the Law&#8220;: The participation of the subject in its subjectification.&nbsp;<em>Organization Studies<\/em>, accepted manuscript.<\/p>\n\n\n\n<p>Huber, C. (2019) Subjekt und Selbstsubjektivierung in &#8222;Im Dom&#8220;. In: Ortmann, G. &amp; Schuller, M. (Hg.)&nbsp;<em>Kafka: Organisaiton, Recht und Schrift<\/em>, Weilerswist: Velbr\u00fcck Wissenschaft, 152-164.<\/p>\n\n\n\n<p>M\u00fcller, M., Huber, C. &amp; Messner, M. (in press) Meaningful work at a distance: A case study in a hospital.&nbsp;<em>European Journal of Management<\/em>.&nbsp;<a href=\"https:\/\/doi.org\/10.1016\/j.emj.2019.03.008\" target=\"_blank\" rel=\"noreferrer noopener\">https:\/\/doi.org\/10.1016\/j.emj.2019.03.008<\/a><\/p>\n\n\n\n<p>Huber, C. &amp; Scheytt, T. (2018). Pitfalls of algorithmic control and their implications for support systems: Algorithmic control as a threat to accountability. In: Weidner, R. &amp; Karafillidis, A. (Hg.) Konferenzband zur Dritten Transdisziplin\u00e4ren Konferenz Technische Unterst\u00fctzungssysteme, die die Menschen wirklich wollen, 205-212.<\/p>\n\n\n\n<p>Lust, M., Junne, J. &amp; Huber, C. (2019).&nbsp;Academic identity as a discursive resource for resistance: The case of quality management in German higher education institutions. Higher Education Policy, 32(1), 49-69.<\/p>\n\n\n\n<p>Huber, C. &amp; G\u00e4rtner, C. (2018) Digital transformations in healthcare professionals&#8216; work: Dynamics of autonomy, control and accountability. Management&nbsp;Revue&nbsp;29(2), 139-161.<\/p>\n\n\n\n<p>Busche, K.-H., Gahrns, C., Gerhardt, N. &amp; Huber, C. (2018) Risiko-Management erfolgreich einf\u00fchren. Controlling &amp; Management Review, 1\/2018, S. 24-32.<\/p>\n\n\n\n<p>Huber, C. &amp; Scheytt, T. (2019) Event Risks and Crises: Barriers to Learning. In: Gephart, R., Miller, C. &amp; Svedberg Helgesson, K. (eds.) Routledge Companion to Risk, Crisis and Emergency Management, Routledge, 228-242.<\/p>\n\n\n\n<p>Iloga Balep, N. &amp; Huber, C. (2018) Quantification times 16: When decentralization stands in the way of markets. Risk &amp; Regulation, Summer 2017.&nbsp;<a href=\"http:\/\/www.lse.ac.uk\/accounting\/CARR\/pdf\/Risk&amp;Regulation\/r&amp;r-34\/171215-risk&amp;regulation-05.pdf\" target=\"_blank\" rel=\"noreferrer noopener\">http:\/\/www.lse.ac.uk\/accounting\/CARR\/pdf\/Risk&amp;Regulation\/r&amp;r-34\/171215-risk&amp;regulation-05.pdf<\/a><\/p>\n\n\n\n<p>G\u00e4rtner, C. &amp; Huber, C. (2018)&nbsp;Pick up your tools: Integrating tools into a sociomaterial model of mindful organizing. Journal of Management Inquiry 27(3), 267-283.<\/p>\n\n\n\n<p>Huber, C. &amp; Scheytt, T. (2017)&nbsp;\u201eI\u2019m fucking smart\u201c \u2013 Narzisstische F\u00fchrungskr\u00e4fte&nbsp;und ihre Wirkung auf Organisationskulturen:ENRON \u2013 The smartest guys in the room. In: M\u00f6ller, H. &amp; Giernalczyk, T. (Hg.) (2017) Organisationskulturen im Spielfilm. Springer.<\/p>\n\n\n\n<p>Klein, V. &amp; Huber, C. (2016) Imagination and the Political Use of Images. In: Anders \u00d6rtenblad, Kiran Trehan &amp; Linda Putnam (eds.) (2016) Exploring Morgan&#8217;s Metaphors: Theory, Research and Practise in Organisation Studies, Thousand Oaks: Sage.<\/p>\n\n\n\n<p>Crepaz, L., Huber, C. &amp; Scheytt, T. (2016) Governing Arts through Valuation: The Multiple State in the European Capital of Culture 2010. Critical Perspectives on Accounting 37, 35-50.<\/p>\n\n\n\n<p>G\u00e4rtner, C. &amp; Huber, C. (2015) Drawing the Line: Sketching out the role of visual templates&nbsp;in individual mindfulness and mindful organizing: in: Reb, J. &amp; Atkins, P. (eds.) Mindfulness and Organizations, Cambridge University Press, 305-332.<\/p>\n\n\n\n<p>Junne, J. &amp; Huber, C. (2014) The risk of users&#8216; choice: exploring the case of direct payments in German social care. Health, Risk &amp; Society, 16(7-8), 631-648.<\/p>\n\n\n\n<p>Huber, C. &amp; Munro, I. (2014) &#8222;Moral Distance&#8220; in organizations: An inquiry into ethical violence in the works of Kafka. Journal of Business Ethics, 124(2), 259-269.<\/p>\n\n\n\n<p>Soin, K., Huber, C. &amp; Wheatley, S. (2014) Management Control and Uncertainty: Risk Management in Universities, in: Otley, D. &amp; Soin, K. (eds.) (2014) Management Control and Uncertainty, 178-192.<\/p>\n\n\n\n<p>Soin, K. &amp; Huber, C. (2013) The Sedimentation of an Institution: Changing Governance in UK Financial Services. Journal of Management Inquiry, 22(3), 523-544.<\/p>\n\n\n\n<p>Huber, C. &amp; Scheytt, T. (2013) The Dispositif of Risk Management: Reconstructing Risk Managment After the Global Financial Crisis. Management Accounting Research, 24(2), 88-99.<\/p>\n\n\n\n<p>Soin, K. &amp; Huber, C. (2013) Financial Scandal??? Regulation! Risk &amp; Regulation, Winter 2013, 16-17.<\/p>\n\n\n\n<p>Munro, I., &amp; Huber, C. (2012). Kafka&#8217;s mythology: Organization, bureaucracy and the limits of sensemaking. Human Relations, 65(4), 523-544.<\/p>\n\n\n\n<p>Scheytt, Tobias; Huber, Christian; Junne, Barbara; Junne, Jaromir (2011): Kontextualit\u00e4t von Leistung -\u00dcberlegungen zur hartn\u00e4ckigen Unsch\u00e4rfe eines grundlegenden Begriffs im Controlling. Jahrbuch f\u00fcr Controlling und Rechnungswesen, 27, 131-153.<\/p>\n\n\n\n<p>Kappler, E., Scheytt, T., &amp; Huber, C. (2010). Risikomanagement trotz nicht abwendbarer Risiken. Jahrbuch f\u00fcr Rechnungswesen und Controlling, 26, 529-547.<\/p>\n\n\n\n<p>Huber, C. (2009). Risks and Risk-Based Regulation in Higher Education Institutions. Tertiary Education and Management, 15(2), 83 &#8211; 95.<\/p>\n\n\n\n<h3 class=\"wp-block-heading\">Book Reviews<\/h3>\n\n\n\n<p>Huber, C. &amp; Klein, V. (2016) Crisis, critique and alternatives: revolutionary politics as the lost substance of the left? Review of Memos, C. (2014) Castoriadis and Critical Theory: Crisis, Critique and Radical Alternatives. Ephemera.&nbsp;<a href=\"http:\/\/www.ephemerajournal.org\/contribution\/crisis-critique-and-alternatives-revolutionary-politics-lost-substance-left\" target=\"_blank\" rel=\"noreferrer noopener\">http:\/\/www.ephemerajournal.org\/contribution\/crisis-critique-and-alternatives-revolutionary-politics-lost-substance-left<\/a><\/p>\n\n\n\n<p>Huber, C. (2015) Organizational Analysis as Deconstructive Practice, in: K\u00fchl, S. (Hg.)&nbsp;Schl\u00fcsselwerke der Organisationsforschung, Springer VS-Verlag, 172-175.<\/p>\n\n\n\n<p>Huber C. &amp; M\u00fcller, M. (2014) Book Review: Constructing Identity in and around Organizations, Scandinavian Journal of Management, 30, 544-545.<\/p>\n\n\n\n<p>Huber, C. (2013) Book Review: The Illusions of Free Markets: Punishment and the Myth of Natural Order, Organization Studies, 33(11), 1641-1644.<\/p>\n\n\n\n<h3 class=\"wp-block-heading\"><strong>Transferbeitrag<\/strong><\/h3>\n\n\n\n<p>Huber, C. &amp; Junne, B. (2013) Neue Entwicklungen im Risikomanagement. Controlling &amp; Management Review, 5\/2013, 64-67.<\/p>\n\n\n\n<h3 class=\"wp-block-heading\">Sonstiges<\/h3>\n\n\n\n<p>Huber, C. (2018) 2008 &#8211; First Winner Best Paper Award, in: 40 Years of EAIR Anniversary Book, p. 46.<\/p>\n\n\n\n<p>Huber, C. (2013) Mapa Rizika (e. Risk map), in: Leksikon ekonomske diplomatije i medunarodnog poslovanja, Beograd: Institut za ekonomsku diplomatiju, S. 232-233. (auf Serbisch)<\/p>\n\n\n\n<p>Huber, C. (2013) Nefinansijski risici (e. Non-financial risks), in: Leksikon ekonomske diplomatije i medunarodnog poslovanja, Beograd: Institut za ekonomsku diplomatiju, S. 302-303. (auf Serbisch)<\/p>\n\n\n\n<p>Regulatory Roulette: Ladies and Gentlemen, please place your bets\u2026&nbsp; (with K. Soin) Blogpost @ management ink.&nbsp;<a href=\"https:\/\/managementink.wordpress.com\/2013\/02\/20\/regulatory-roulette-ladies-and-gentlemen-please-place-your-bets\/\" target=\"_blank\" rel=\"noreferrer noopener\">https:\/\/managementink.wordpress.com\/2013\/02\/20\/regulatory-roulette-ladies-and-gentlemen-please-place-your-bets\/<\/a><\/p>\n","protected":false},"excerpt":{"rendered":"<p>Huber, C. (forthcoming) Kafka&#8217;s &#8222;Before the Law&#8220;: The participation of the subject in its subjectification.&nbsp;Organization Studies, accepted manuscript. Huber, C. (2019) Subjekt und Selbstsubjektivierung in &#8222;Im Dom&#8220;. In: Ortmann, G. [&hellip;]<\/p>\n","protected":false},"author":2885,"featured_media":0,"parent":0,"menu_order":0,"comment_status":"closed","ping_status":"closed","template":"","meta":{"footnotes":""},"categories":[4],"tags":[],"class_list":["post-178","page","type-page","status-publish","hentry","category-forschung"],"_links":{"self":[{"href":"https:\/\/www.hsu-hh.de\/icu\/wp-json\/wp\/v2\/pages\/178","targetHints":{"allow":["GET"]}}],"collection":[{"href":"https:\/\/www.hsu-hh.de\/icu\/wp-json\/wp\/v2\/pages"}],"about":[{"href":"https:\/\/www.hsu-hh.de\/icu\/wp-json\/wp\/v2\/types\/page"}],"author":[{"embeddable":true,"href":"https:\/\/www.hsu-hh.de\/icu\/wp-json\/wp\/v2\/users\/2885"}],"replies":[{"embeddable":true,"href":"https:\/\/www.hsu-hh.de\/icu\/wp-json\/wp\/v2\/comments?post=178"}],"version-history":[{"count":1,"href":"https:\/\/www.hsu-hh.de\/icu\/wp-json\/wp\/v2\/pages\/178\/revisions"}],"predecessor-version":[{"id":179,"href":"https:\/\/www.hsu-hh.de\/icu\/wp-json\/wp\/v2\/pages\/178\/revisions\/179"}],"wp:attachment":[{"href":"https:\/\/www.hsu-hh.de\/icu\/wp-json\/wp\/v2\/media?parent=178"}],"wp:term":[{"taxonomy":"category","embeddable":true,"href":"https:\/\/www.hsu-hh.de\/icu\/wp-json\/wp\/v2\/categories?post=178"},{"taxonomy":"post_tag","embeddable":true,"href":"https:\/\/www.hsu-hh.de\/icu\/wp-json\/wp\/v2\/tags?post=178"}],"curies":[{"name":"wp","href":"https:\/\/api.w.org\/{rel}","templated":true}]}}