{"id":174,"date":"2021-01-21T13:09:55","date_gmt":"2021-01-21T12:09:55","guid":{"rendered":"https:\/\/www.hsu-hh.de\/icu\/?page_id=174"},"modified":"2021-01-21T13:09:55","modified_gmt":"2021-01-21T12:09:55","slug":"publikationen-claudia-meister-scheytt","status":"publish","type":"page","link":"https:\/\/www.hsu-hh.de\/icu\/publikationen-claudia-meister-scheytt\/","title":{"rendered":"Publikationen Claudia Meister-Scheytt"},"content":{"rendered":"\n<h5 class=\"wp-block-heading\">Mehr als 25 Ver\u00f6ffentlichungen, gro\u00dfteils in internationalen Journals und Sammelb\u00e4nden, darunter:<\/h5>\n\n\n\n<p>autonomie macht abh\u00e4ngigkeit. In: M\u00f6ller, Heidi (Hg.): Beratung in einer ratlosen Arbeitswelt. G\u00f6ttingen: Vandenhoeck &amp; Ruprecht (= Interdisziplin\u00e4re Beratungsforschung), 2010, S. 154-178. (mit H. M\u00f6ller)<\/p>\n\n\n\n<p>Supervision in &#8218;modern&#8216; university governance: boards under scrutiny. In: Studies in Higher Education&nbsp; 35\/3, 2010, S. 317 &#8211; 333. (mit H. de Boer; Jeroen Huisman)<\/p>\n\n\n\n<p>Governing Disciplines: Reform and Placation in the Austrian University System. In: Huisman, Jeroen (Hg.): International Perspectives on the Governance of Higher Education. London, New York [u.a.]: Routledge, 2009, S. 52 &#8211; 68. (mit A. Scott)<\/p>\n\n\n\n<p>Reinventing Governance: The Role of Board of Governors in the New Austrian University. In: Tertiary Education and Management&nbsp; 13\/3, 2007, S. 247 &#8211; 261.<\/p>\n\n\n\n<p>F\u00fchrungs- und Leitungskompetenz in Hochschulen. In: Pellert, Ada (Hg.): Einf\u00fchrung in das Hochschul- und Wissenschaftsmanagement. Ein Leitfaden f\u00fcr Theorie und Praxis. Bonn, Berlin, London: Lemmens, 2006, S. 102 &#8211; 118. (mit S. Laske)<\/p>\n\n\n\n<p>Organisation und F\u00fchrung. M\u00fcnster, New York [u.a.] Waxmann, 2006, 170 S. (mit S. Laske; W. K\u00fcpers)<\/p>\n\n\n\n<p>The Complexity of Change in Universities. In: Higher Education Quarterly&nbsp; 59\/1, 2005, S. 76 &#8211; 99. (mit T. Scheytt)<\/p>\n\n\n\n<p>Personalentwicklung in Universit\u00e4ten: Zwischen Emanzipation und Disziplinierung. In: Laske, Stephan; Meister-Scheytt, Claudia; Scheytt, Tobias (Hg.): Personalentwicklung und universit\u00e4rer Wandel: Programm &#8211; Aufgaben &#8211; Gestaltung. M\u00fcnchen, Mering: Hampp (= Universit\u00e4t und Gesellschaft 3), 2004, S. 33 &#8211; 58. (mit S. Laske; T. Scheytt)<\/p>\n\n\n\n<p>Wer glaubt, dass Universit\u00e4tsmanager Universit\u00e4ten managen, der glaubt auch, dass Zitronenfalter Zitronen falten. In: Nickel, Sigrun; L\u00fcthje, J\u00fcrgen (Hg.): Universit\u00e4tsentwicklung: Strategien, Erfahrungen, Reflexionen. Bern, Berlin [u.a.]: Peter Lang, 2003, S. 163 &#8211; 187. (mit S. Laske)<\/p>\n","protected":false},"excerpt":{"rendered":"<p>Mehr als 25 Ver\u00f6ffentlichungen, gro\u00dfteils in internationalen Journals und Sammelb\u00e4nden, darunter: autonomie macht abh\u00e4ngigkeit. In: M\u00f6ller, Heidi (Hg.): Beratung in einer ratlosen Arbeitswelt. G\u00f6ttingen: Vandenhoeck &amp; Ruprecht (= Interdisziplin\u00e4re Beratungsforschung), [&hellip;]<\/p>\n","protected":false},"author":2885,"featured_media":0,"parent":0,"menu_order":0,"comment_status":"closed","ping_status":"closed","template":"","meta":{"footnotes":""},"categories":[4],"tags":[],"class_list":["post-174","page","type-page","status-publish","hentry","category-forschung"],"_links":{"self":[{"href":"https:\/\/www.hsu-hh.de\/icu\/wp-json\/wp\/v2\/pages\/174","targetHints":{"allow":["GET"]}}],"collection":[{"href":"https:\/\/www.hsu-hh.de\/icu\/wp-json\/wp\/v2\/pages"}],"about":[{"href":"https:\/\/www.hsu-hh.de\/icu\/wp-json\/wp\/v2\/types\/page"}],"author":[{"embeddable":true,"href":"https:\/\/www.hsu-hh.de\/icu\/wp-json\/wp\/v2\/users\/2885"}],"replies":[{"embeddable":true,"href":"https:\/\/www.hsu-hh.de\/icu\/wp-json\/wp\/v2\/comments?post=174"}],"version-history":[{"count":1,"href":"https:\/\/www.hsu-hh.de\/icu\/wp-json\/wp\/v2\/pages\/174\/revisions"}],"predecessor-version":[{"id":175,"href":"https:\/\/www.hsu-hh.de\/icu\/wp-json\/wp\/v2\/pages\/174\/revisions\/175"}],"wp:attachment":[{"href":"https:\/\/www.hsu-hh.de\/icu\/wp-json\/wp\/v2\/media?parent=174"}],"wp:term":[{"taxonomy":"category","embeddable":true,"href":"https:\/\/www.hsu-hh.de\/icu\/wp-json\/wp\/v2\/categories?post=174"},{"taxonomy":"post_tag","embeddable":true,"href":"https:\/\/www.hsu-hh.de\/icu\/wp-json\/wp\/v2\/tags?post=174"}],"curies":[{"name":"wp","href":"https:\/\/api.w.org\/{rel}","templated":true}]}}