{"id":1693,"date":"2025-09-03T18:27:07","date_gmt":"2025-09-03T16:27:07","guid":{"rendered":"https:\/\/www.hsu-hh.de\/icu\/?page_id=1693"},"modified":"2025-09-18T15:44:58","modified_gmt":"2025-09-18T13:44:58","slug":"diwop","status":"publish","type":"page","link":"https:\/\/www.hsu-hh.de\/icu\/diwop\/","title":{"rendered":"DiWoP &#8211; Digitalisierung in der freien Wohlfahrtspflege"},"content":{"rendered":"\n<figure class=\"wp-block-image size-full is-resized\"><img loading=\"lazy\" decoding=\"async\" width=\"790\" height=\"426\" src=\"https:\/\/www.hsu-hh.de\/icu\/wp-content\/uploads\/sites\/851\/2022\/04\/MicrosoftTeams-image.png\" data-credit=\"https:\/\/dtecbw.de\/home\/forschung\/hsu\/projekt-diwop\/projekt-diwop\" alt=\"DiWop-Logo\" class=\"wp-image-1185\" style=\"width:401px;height:auto\" srcset=\"https:\/\/www.hsu-hh.de\/icu\/wp-content\/uploads\/sites\/851\/2022\/04\/MicrosoftTeams-image.png 790w, https:\/\/www.hsu-hh.de\/icu\/wp-content\/uploads\/sites\/851\/2022\/04\/MicrosoftTeams-image-300x162.png 300w, https:\/\/www.hsu-hh.de\/icu\/wp-content\/uploads\/sites\/851\/2022\/04\/MicrosoftTeams-image-768x414.png 768w\" sizes=\"auto, (max-width: 790px) 100vw, 790px\" \/><\/figure>\n\n\n\n<p><strong>Das Forschungsprojekt DiWop (Digitalisierung in der freien Wohlfahrtspflege) an der Helmut-Schmidt-Universit\u00e4t Hamburg kooperiert eng mit dem Kompetenzzentrum f\u00fcr Public Management (KPM) der Universit\u00e4t Bern. In dieser Zusammenarbeit erforschen die Mitarbeiter und Mitarbeiterinnen beider Institutionen gemeinsam die Digitalisierungsprozesse in kleinen und mittelgro\u00dfen Non-Profit-Organisationen der Eingliederungs- sowie der Kinder- und Jugendhilfe, wobei sie besonders die Wechselwirkungen zwischen organisationalem Wandel, modernen Steuerungsinstrumenten und technologischen Transformationen untersuchen.&nbsp;<\/strong><\/p>\n\n\n\n<p>Gemeinsam mit dem Kompetenzzentrum f\u00fcr Public Management (KPM) der Universit\u00e4t Bern werden in Zusammenarbeit mit bis zu 13 Non-Profit-Organisationen in der Eingliederungs- sowie Kinder- und Jugendhilfe innovative L\u00f6sungen entwickelt und erprobt. Dazu geh\u00f6ren Interviewstudien, Bedarfsanalysen und die Entwicklung prototypischer, modularer <abbr title=\"Informationstechnologie\">IT<\/abbr>-L\u00f6sungen, die auch kleineren Organisationen eine ma\u00dfgeschneiderte Digitalisierung erm\u00f6glichen. Das Projekt liefert wissenschaftliche Analysen, Reflexionen und praxisnahe Konzepte f\u00fcr die Digitalisierung der freien Wohlfahrtspflege.<strong>&nbsp;<\/strong>Das Projekt l\u00e4uft von 2021 bis 2026 und wird von der Helmut-Schmidt-Universit\u00e4t Hamburg koordiniert.<\/p>\n","protected":false},"excerpt":{"rendered":"<p>Das Forschungsprojekt DiWop (Digitalisierung in der freien Wohlfahrtspflege) an der Helmut-Schmidt-Universit\u00e4t Hamburg kooperiert eng mit dem Kompetenzzentrum f\u00fcr Public Management (KPM) der Universit\u00e4t Bern. In dieser Zusammenarbeit erforschen die Mitarbeiter [&hellip;]<\/p>\n","protected":false},"author":2133,"featured_media":0,"parent":0,"menu_order":0,"comment_status":"closed","ping_status":"closed","template":"","meta":{"footnotes":""},"categories":[80],"tags":[],"class_list":["post-1693","page","type-page","status-publish","hentry","category-diwop"],"_links":{"self":[{"href":"https:\/\/www.hsu-hh.de\/icu\/wp-json\/wp\/v2\/pages\/1693","targetHints":{"allow":["GET"]}}],"collection":[{"href":"https:\/\/www.hsu-hh.de\/icu\/wp-json\/wp\/v2\/pages"}],"about":[{"href":"https:\/\/www.hsu-hh.de\/icu\/wp-json\/wp\/v2\/types\/page"}],"author":[{"embeddable":true,"href":"https:\/\/www.hsu-hh.de\/icu\/wp-json\/wp\/v2\/users\/2133"}],"replies":[{"embeddable":true,"href":"https:\/\/www.hsu-hh.de\/icu\/wp-json\/wp\/v2\/comments?post=1693"}],"version-history":[{"count":3,"href":"https:\/\/www.hsu-hh.de\/icu\/wp-json\/wp\/v2\/pages\/1693\/revisions"}],"predecessor-version":[{"id":1714,"href":"https:\/\/www.hsu-hh.de\/icu\/wp-json\/wp\/v2\/pages\/1693\/revisions\/1714"}],"wp:attachment":[{"href":"https:\/\/www.hsu-hh.de\/icu\/wp-json\/wp\/v2\/media?parent=1693"}],"wp:term":[{"taxonomy":"category","embeddable":true,"href":"https:\/\/www.hsu-hh.de\/icu\/wp-json\/wp\/v2\/categories?post=1693"},{"taxonomy":"post_tag","embeddable":true,"href":"https:\/\/www.hsu-hh.de\/icu\/wp-json\/wp\/v2\/tags?post=1693"}],"curies":[{"name":"wp","href":"https:\/\/api.w.org\/{rel}","templated":true}]}}