{"id":1670,"date":"2025-07-28T17:15:01","date_gmt":"2025-07-28T15:15:01","guid":{"rendered":"https:\/\/www.hsu-hh.de\/icu\/?page_id=1670"},"modified":"2025-09-03T18:39:04","modified_gmt":"2025-09-03T16:39:04","slug":"publikationen","status":"publish","type":"page","link":"https:\/\/www.hsu-hh.de\/icu\/diwop\/publikationen\/","title":{"rendered":"Publikationen im Projekt DiWop"},"content":{"rendered":"\n<p><\/p>\n\n\n\n<p>Einhaus, M.; Klenk, T. (2024). Towards a platformised welfare state? How public admin-istration, personal data, and third-sector welfare get entangled in a nation-wide digitali-sation project. dms \u2013 der moderne staat \u2013 Zeitschrift f\u00fcr Public Policy, Recht und Management 17, S. 13-34. <a href=\"https:\/\/www.ssoar.info\/ssoar\/bitstream\/handle\/document\/98525\/ssoar-dms-2024-1-einhaus_et_al-Towards_a_platformised_welfare_state.pdf?sequence=1&amp;isAllowed=y\" rel='nofollow'>hier<\/a><\/p>\n\n\n\n<hr class=\"wp-block-separator has-alpha-channel-opacity\" \/>\n\n\n\n<p>Genth, F.; Jakobs, C. (2024). Serious Play als edukativer Ansatz f\u00fcr die Weiterbildung von Fachpersonen. In: dtec.bw-Beitr\u00e4ge der Helmut-Schmidt-Universit\u00e4t \/ Universit\u00e4t der Bundeswehr Hamburg: Forschungsaktivit\u00e4ten im Zentrum f\u00fcr Digitalisierungs- und Tech-nologieforschung der Bundeswehr dtec.bw, Band 2, S. 254-259. <a href=\"https:\/\/openhsu.ub.hsu-hh.de\/server\/api\/core\/bitstreams\/099ee353-e2b2-4b43-a201-c05b95d7cc12\/content\" rel='nofollow'>hier<\/a><\/p>\n\n\n\n<hr class=\"wp-block-separator has-alpha-channel-opacity\" \/>\n\n\n\n<p>Hilgert, C.; Genth, F.; Junne, J.; Lahme, L. (2025). Organisationsstrukturelle T\u00fccken der Digitalisierung. Zur Schwierigkeit, Soziale Arbeit durch Fachsoftware zu vereinfachen. In: Degel, A.; Liebsch, K. (<abbr title=\"Herausgeber\">Hrsg.<\/abbr>), Digitalit\u00e4t und Ambiguit\u00e4t: Organisationskulturen der Sozia-len Arbeit unter Druck, S. 80\u2013127. Weinheim: Beltz Juventa.&nbsp;<a href=\"http:\/\/dx.doi.org\/10.3262\/978-3-7799-8012-4\" rel='nofollow'>http:\/\/dx.doi.org\/10.3262\/978-3-7799-8012-4<\/a> <a href=\"https:\/\/library.oapen.org\/bitstream\/handle\/20.500.12657\/93897\/1\/9783779980124.pdf\" rel='nofollow'>hier<\/a><\/p>\n\n\n\n<hr class=\"wp-block-separator has-alpha-channel-opacity\" \/>\n\n\n\n<p>Junne, J.; Kurta, D. (2024). Digitale Transformation und hybride F\u00fchrungsidentit\u00e4ten in der Sozialen Arbeit. In: dtec.bw-Beitr\u00e4ge der Helmut-Schmidt-Universit\u00e4t \/ Universit\u00e4t der Bundeswehr Hamburg: Forschungsaktivit\u00e4ten im Zentrum f\u00fcr Digitalisierungs- und Technologieforschung der Bundeswehr dtec.bw, Band 2, S. 248-253. <a href=\"https:\/\/openhsu.ub.hsu-hh.de\/server\/api\/core\/bitstreams\/44b912eb-f64e-4c76-a528-752e47667372\/content\" rel='nofollow'>hier<\/a><\/p>\n\n\n\n<hr class=\"wp-block-separator has-alpha-channel-opacity\" \/>\n\n\n\n<p>Junne, J., L\u00f6hlein, L., Reilley, J. (2022). Attraktivit\u00e4t und Grenzen von Wirkungssteuerung in NPO-Netzwerken, Controlling &amp; Management Review 66, S. 8-13. https:\/\/doi.org\/10.1007\/s12176-022-1001-0&nbsp;<a href=\"https:\/\/link.springer.com\/content\/pdf\/10.1007\/s12176-022-1001-0.pdf\" rel='nofollow'>hier<\/a><\/p>\n\n\n\n<hr class=\"wp-block-separator has-alpha-channel-opacity\" \/>\n\n\n\n<p>Lahme, L.; Hilgert, C. (2024). Zu den Funktionen und Folgen von Informationsm\u00e4ngeln in der Organisationsberatung. In: dtec.bw-Beitr\u00e4ge der Helmut-Schmidt-Universit\u00e4t \/ Uni-versit\u00e4t der Bundeswehr Hamburg: Forschungsaktivit\u00e4ten im Zentrum f\u00fcr Digitalisie-rungs- und Technologieforschung der Bundeswehr dtec.bw, Band 2, S. 260-265. <a href=\"https:\/\/d-nb.info\/1355255813\/34#page=271\" rel='nofollow'>hier<\/a><\/p>\n\n\n\n<hr class=\"wp-block-separator has-alpha-channel-opacity\" \/>\n\n\n\n<p>Linke, V.; Einhaus, M.; Hilgert, C.; Junne, J. (2023). Prek\u00e4res Organisieren im subsidi\u00e4ren Wohlfahrtsstaat Pandemisches Krisenmanagement als Spannungsverst\u00e4rker oder -entsch\u00e4rfer f\u00fcr Einrichtungen der sozialen Daseinsvorsorge. In: Bode, Ingo; Jungmann, Robert; Serrano-Velarde, Katia (<abbr title=\"Herausgeber\">Hrsg.<\/abbr>, 2023): Staatliche Organisationen und Krisenma-nagement. Leviathan, 51. <abbr title=\"Jahrgang\">Jg.<\/abbr>, Sonderband 41, S. 110-134.&nbsp;<a href=\"https:\/\/doi.org\/10.5771\/9783748936794-110\" rel='nofollow'>https:\/\/doi.org\/10.5771\/9783748936794-110<\/a> <a href=\"https:\/\/www.nomos-elibrary.de\/de\/10.5771\/9783748936794-110.pdf\" rel='nofollow'>hier<\/a><\/p>\n\n\n\n<hr class=\"wp-block-separator has-alpha-channel-opacity\" \/>\n\n\n\n<p>Waeber, M.; Fohim, E.; Jacobs, C. (2024). Digital Technologies in Client Relationships: Juxtaposing Organizational and Management Perspectives with Insights from Addiction Counseling Research. The Journal of Applied Behavioral Science, online first.&nbsp;<a href=\"https:\/\/doi.org\/10.1177\/00218863241288987\" rel='nofollow'>https:\/\/doi.org\/10.1177\/00218863241288987<\/a> <a href=\"https:\/\/journals.sagepub.com\/doi\/pdf\/10.1177\/00218863241288987\" rel='nofollow'>hier<\/a><\/p>\n\n\n\n<p><\/p>\n","protected":false},"excerpt":{"rendered":"<p>Einhaus, M.; Klenk, T. (2024). Towards a platformised welfare state? How public admin-istration, personal data, and third-sector welfare get entangled in a nation-wide digitali-sation project. dms \u2013 der moderne staat [&hellip;]<\/p>\n","protected":false},"author":4141,"featured_media":0,"parent":1693,"menu_order":0,"comment_status":"closed","ping_status":"closed","template":"","meta":{"footnotes":""},"categories":[80],"tags":[115,121],"class_list":["post-1670","page","type-page","status-publish","hentry","category-diwop","tag-diwop","tag-publikationen"],"_links":{"self":[{"href":"https:\/\/www.hsu-hh.de\/icu\/wp-json\/wp\/v2\/pages\/1670","targetHints":{"allow":["GET"]}}],"collection":[{"href":"https:\/\/www.hsu-hh.de\/icu\/wp-json\/wp\/v2\/pages"}],"about":[{"href":"https:\/\/www.hsu-hh.de\/icu\/wp-json\/wp\/v2\/types\/page"}],"author":[{"embeddable":true,"href":"https:\/\/www.hsu-hh.de\/icu\/wp-json\/wp\/v2\/users\/4141"}],"replies":[{"embeddable":true,"href":"https:\/\/www.hsu-hh.de\/icu\/wp-json\/wp\/v2\/comments?post=1670"}],"version-history":[{"count":3,"href":"https:\/\/www.hsu-hh.de\/icu\/wp-json\/wp\/v2\/pages\/1670\/revisions"}],"predecessor-version":[{"id":1691,"href":"https:\/\/www.hsu-hh.de\/icu\/wp-json\/wp\/v2\/pages\/1670\/revisions\/1691"}],"up":[{"embeddable":true,"href":"https:\/\/www.hsu-hh.de\/icu\/wp-json\/wp\/v2\/pages\/1693"}],"wp:attachment":[{"href":"https:\/\/www.hsu-hh.de\/icu\/wp-json\/wp\/v2\/media?parent=1670"}],"wp:term":[{"taxonomy":"category","embeddable":true,"href":"https:\/\/www.hsu-hh.de\/icu\/wp-json\/wp\/v2\/categories?post=1670"},{"taxonomy":"post_tag","embeddable":true,"href":"https:\/\/www.hsu-hh.de\/icu\/wp-json\/wp\/v2\/tags?post=1670"}],"curies":[{"name":"wp","href":"https:\/\/api.w.org\/{rel}","templated":true}]}}