{"id":164,"date":"2021-01-21T13:04:02","date_gmt":"2021-01-21T12:04:02","guid":{"rendered":"https:\/\/www.hsu-hh.de\/icu\/?page_id=164"},"modified":"2021-01-21T13:04:02","modified_gmt":"2021-01-21T12:04:02","slug":"publikationen-tobias-scheytt","status":"publish","type":"page","link":"https:\/\/www.hsu-hh.de\/icu\/publikationen-tobias-scheytt\/","title":{"rendered":"Publikationen Tobias Scheytt"},"content":{"rendered":"\n<h3 class=\"wp-block-heading\">Recent Publications<\/h3>\n\n\n\n<p>(see <a href=\"https:\/\/www.researchgate.net\/profile\/Tobias_Scheytt\" data-type=\"URL\" data-id=\"https:\/\/www.researchgate.net\/profile\/Tobias_Scheytt\" rel='nofollow'>researchgate profile<\/a> for the complete list of publications)<\/p>\n\n\n\n<p>Kollegiale Beratung unter Qualit\u00e4tsmanagern&nbsp;in Hochschulen.&nbsp;<em>Organisationsberatung, Supervision, Coaching, 26<\/em>(4), 2019, 485-496&nbsp; (with M. Lust, C. Meister-Scheytt).<\/p>\n\n\n\n<p>A Calculative Infrastructure in the Making: The Emergence of a Multi-Layered Complex for Governing Healthcare.&nbsp;<em>Research in the Sociology of Organizations 62: Thinking Infrastructures&nbsp;<\/em>[ed. M. Kornberger, G.C. Bowker, J. Elyachar, A. Mennicken, P. Miller, J. Randa Nucho, N. Pollock]. Bingley: Emerald, 2019, 43-68 (with J. Reilley).<\/p>\n\n\n\n<p>Die Disziplin der Rankings: Anmerkungen zu den methodischen Grundlagen des Qualit\u00e4tsmanagements in Hochschulen aus Sicht der Critical-Accounting-Forschung. In Reith, F.; Ditzel, B.; Seyfried, M.; Steinhardt, I. &amp; Scheytt, T. (Eds.),&nbsp;<em>Qualit\u00e4tssicherung und Qualit\u00e4tsmanagement an Hochschulen: Theoretische Perspektiven und Methoden.&nbsp;<\/em>Augsburg\/M\u00fcnchen: Hampp, 2019,155-182.<\/p>\n\n\n\n<p>\u00dcber die Erforschung von Qualit\u00e4tsmanagement in Studium und Lehre. In Reith, F.; Ditzel, B.; Seyfried, M.; Steinhardt, I. &amp; Scheytt, T. (Eds.),&nbsp;<em>Qualit\u00e4tssicherung und Qualit\u00e4tsmanagement an Hochschulen: Theoretische Perspektiven und Methoden.<\/em>&nbsp;Augsburg\/M\u00fcnchen: Hampp, 2019, 5-27 (with B. Ditzel, F. Reith &amp; M. Seyfried).<\/p>\n\n\n\n<p><em>Qualit\u00e4tssicherung und Qualit\u00e4tsmanagement an Hochschulen: Theoretische Perspektiven und Methoden<\/em>. Augsburg\/M\u00fcnchen: Hampp, 2019 (ed. with F. Reith, B. Ditzel, M. Seyfried, I. Steinhardt).<\/p>\n\n\n\n<p>Pitfalls of algorithmic control and their implications for support systems: Algorithmic control as a threat to accountability. In Weidner, R. &amp; Karafillidis, A. (Eds.)&nbsp;<em>Technische Unterst\u00fctzungssysteme, die die Menschen wirklich wollen,<\/em>&nbsp;[Konferenzband zur gleichnamigen dritten transdisziplin\u00e4ren Konferenz]. Hamburg: Helmut-Schmidt-Universit\u00e4t, 2019, 205-212.<\/p>\n\n\n\n<p>Event Risks and Crises: Barriers to Learning. In: Gephart, R., Miller, C.C., &amp; Svedberg-Nilsson, K. (Eds.),&nbsp;<em>The Routledge Companion to Risk and Crisis Management.<\/em>&nbsp;Abingdon: Routledge, 2019, 228-242. (with C. Huber).<\/p>\n\n\n\n<p>Qualit\u00e4tsmanagement: Es geht um mehr als nur um Effizienz und Effektivit\u00e4t.&nbsp;<em>Deutsche Universit\u00e4tszeitung&nbsp;Wissenschaft und Management 1<\/em>(6), 2018, 18-21.<\/p>\n\n\n\n<p>Die begr\u00fc\u00dfenswerte Vielfalt der Controllinghteorie. Kommentar zum Beitrag \u201eControlling \u2013 eine bis heute r\u00e4tselhafte Entwicklungs- und Ideengeschichte\u201c von Hans-Ulrich K\u00fcpper. In Matiaske, W. &amp; Weber, W. (Eds.)&nbsp;<em>Ideengeschichte der BWL. ABWL, Organisation, Personal, Rechnungswesen und Steuern<\/em>. Wiesbaden: Springer Gabler, 2018, 219-228.<\/p>\n\n\n\n<p>Akademischer Widerstand in universit\u00e4ren Entscheidungsprozessen &#8211; eine Systematisierung.&nbsp;<em>Betriebswirtschaftliche Forschung und Praxis 69<\/em>(6), 2017,&nbsp;653-672 (with M. Lust).<\/p>\n\n\n\n<p>Governing through quantification: developing a calculative infrastructure for controlling Quality in German hospitals.&nbsp;<em>Risk &amp; Regulation<\/em>&nbsp;33, 2017, 17-21 (with J. Reilley).<\/p>\n\n\n\n<p>&#8222;I&#8217;m fucking smart&#8220; &#8211; Narzisstische F\u00fchrungskr\u00e4fte und ihre Wirkung auf Organisationskulturen. In M\u00f6ller, H. &amp; Giernalczyk, T. (Eds.),&nbsp;<em>Organisationskulturen im Spielfilm. Von Banken, Kl\u00f6stern und der Mafia: 29 Film- und Firmenanalysen.<\/em>&nbsp;Berlin: Springer 2016, 17-26 (with C. Huber).<\/p>\n\n\n\n<p>Governing Arts through Valuation: The Role of the State as Network Actor in the European Capital of Culture 2010.<em>Critical Perspectives on Accounting 37<\/em>(1), 2016, 35-50 [Special issue &#8222;The Arts, the State and Popular Culture&#8220;, ed. by I. Jaecle &amp; P. Miller] (with L. Crepaz &amp; C. Huber).<\/p>\n","protected":false},"excerpt":{"rendered":"<p>Recent Publications (see researchgate profile for the complete list of publications) Kollegiale Beratung unter Qualit\u00e4tsmanagern&nbsp;in Hochschulen.&nbsp;Organisationsberatung, Supervision, Coaching, 26(4), 2019, 485-496&nbsp; (with M. Lust, C. Meister-Scheytt). A Calculative Infrastructure in [&hellip;]<\/p>\n","protected":false},"author":2885,"featured_media":0,"parent":0,"menu_order":0,"comment_status":"closed","ping_status":"closed","template":"","meta":{"footnotes":""},"categories":[4],"tags":[],"class_list":["post-164","page","type-page","status-publish","hentry","category-forschung"],"_links":{"self":[{"href":"https:\/\/www.hsu-hh.de\/icu\/wp-json\/wp\/v2\/pages\/164","targetHints":{"allow":["GET"]}}],"collection":[{"href":"https:\/\/www.hsu-hh.de\/icu\/wp-json\/wp\/v2\/pages"}],"about":[{"href":"https:\/\/www.hsu-hh.de\/icu\/wp-json\/wp\/v2\/types\/page"}],"author":[{"embeddable":true,"href":"https:\/\/www.hsu-hh.de\/icu\/wp-json\/wp\/v2\/users\/2885"}],"replies":[{"embeddable":true,"href":"https:\/\/www.hsu-hh.de\/icu\/wp-json\/wp\/v2\/comments?post=164"}],"version-history":[{"count":1,"href":"https:\/\/www.hsu-hh.de\/icu\/wp-json\/wp\/v2\/pages\/164\/revisions"}],"predecessor-version":[{"id":165,"href":"https:\/\/www.hsu-hh.de\/icu\/wp-json\/wp\/v2\/pages\/164\/revisions\/165"}],"wp:attachment":[{"href":"https:\/\/www.hsu-hh.de\/icu\/wp-json\/wp\/v2\/media?parent=164"}],"wp:term":[{"taxonomy":"category","embeddable":true,"href":"https:\/\/www.hsu-hh.de\/icu\/wp-json\/wp\/v2\/categories?post=164"},{"taxonomy":"post_tag","embeddable":true,"href":"https:\/\/www.hsu-hh.de\/icu\/wp-json\/wp\/v2\/tags?post=164"}],"curies":[{"name":"wp","href":"https:\/\/api.w.org\/{rel}","templated":true}]}}