{"id":146,"date":"2021-01-21T11:08:46","date_gmt":"2021-01-21T10:08:46","guid":{"rendered":"https:\/\/www.hsu-hh.de\/icu\/?page_id=146"},"modified":"2021-01-21T14:47:22","modified_gmt":"2021-01-21T13:47:22","slug":"services","status":"publish","type":"page","link":"https:\/\/www.hsu-hh.de\/icu\/services\/","title":{"rendered":"Services"},"content":{"rendered":"\n<h2 class=\"wp-block-heading\">Weiterbildung und Trainings<\/h2>\n\n\n\n<p>Seminare und Workshops (in-house oder \u00fcber Bildungstr\u00e4ger) f\u00fcr das Top Management und Professionals zu den Themen Strategisches Controlling, Management Control, Qualit\u00e4tsentwicklung und Prozessmanagement, Personalcontrolling, Innovationscontrolling, Steuerung mittelst\u00e4ndischer Unternehmen.<\/p>\n\n\n\n<h2 class=\"wp-block-heading\">Auftragsforschung<\/h2>\n\n\n\n<p>Bereitstellung von Expertise f\u00fcr Unternehmen, Non-Profit-Organisationen und \u00f6ffentliche Verwaltungen zu den oben genannten Themen.<\/p>\n","protected":false},"excerpt":{"rendered":"<p>Weiterbildung und Trainings Seminare und Workshops (in-house oder \u00fcber Bildungstr\u00e4ger) f\u00fcr das Top Management und Professionals zu den Themen Strategisches Controlling, Management Control, Qualit\u00e4tsentwicklung und Prozessmanagement, Personalcontrolling, Innovationscontrolling, Steuerung mittelst\u00e4ndischer [&hellip;]<\/p>\n","protected":false},"author":2885,"featured_media":0,"parent":0,"menu_order":0,"comment_status":"closed","ping_status":"closed","template":"","meta":{"footnotes":""},"categories":[4,45],"tags":[],"class_list":["post-146","page","type-page","status-publish","hentry","category-forschung","category-services"],"_links":{"self":[{"href":"https:\/\/www.hsu-hh.de\/icu\/wp-json\/wp\/v2\/pages\/146","targetHints":{"allow":["GET"]}}],"collection":[{"href":"https:\/\/www.hsu-hh.de\/icu\/wp-json\/wp\/v2\/pages"}],"about":[{"href":"https:\/\/www.hsu-hh.de\/icu\/wp-json\/wp\/v2\/types\/page"}],"author":[{"embeddable":true,"href":"https:\/\/www.hsu-hh.de\/icu\/wp-json\/wp\/v2\/users\/2885"}],"replies":[{"embeddable":true,"href":"https:\/\/www.hsu-hh.de\/icu\/wp-json\/wp\/v2\/comments?post=146"}],"version-history":[{"count":2,"href":"https:\/\/www.hsu-hh.de\/icu\/wp-json\/wp\/v2\/pages\/146\/revisions"}],"predecessor-version":[{"id":216,"href":"https:\/\/www.hsu-hh.de\/icu\/wp-json\/wp\/v2\/pages\/146\/revisions\/216"}],"wp:attachment":[{"href":"https:\/\/www.hsu-hh.de\/icu\/wp-json\/wp\/v2\/media?parent=146"}],"wp:term":[{"taxonomy":"category","embeddable":true,"href":"https:\/\/www.hsu-hh.de\/icu\/wp-json\/wp\/v2\/categories?post=146"},{"taxonomy":"post_tag","embeddable":true,"href":"https:\/\/www.hsu-hh.de\/icu\/wp-json\/wp\/v2\/tags?post=146"}],"curies":[{"name":"wp","href":"https:\/\/api.w.org\/{rel}","templated":true}]}}