{"id":144,"date":"2021-01-21T10:54:08","date_gmt":"2021-01-21T09:54:08","guid":{"rendered":"https:\/\/www.hsu-hh.de\/icu\/?page_id=144"},"modified":"2021-01-21T14:46:29","modified_gmt":"2021-01-21T13:46:29","slug":"gaeste","status":"publish","type":"page","link":"https:\/\/www.hsu-hh.de\/icu\/gaeste\/","title":{"rendered":"G\u00e4ste"},"content":{"rendered":"\n<p><strong>2018<\/strong><\/p>\n\n\n\n<p><a href=\"https:\/\/www.whu.edu\/fakultaet-forschung\/management-group\/institut-fuer-management-und-controlling\/team\/cv\/monica-wagner-mba\/\" target=\"_blank\" rel=\"noreferrer noopener\">Monica Wagner, MBA, Institut f\u00fcr Management &amp; Controlling (IMC), WHU &#8211; Otto Beisheim School of Mangement, Vallendar<\/a><\/p>\n\n\n\n<p><a href=\"https:\/\/www.wiso.uni-hamburg.de\/fachbereich-sozoek\/professuren\/geiger\/team\/geiger-daniel.html\" target=\"_blank\" rel=\"noreferrer noopener\">Prof. Dr. Daniel Geiger, Chair for Organization Studies der Universit\u00e4t Hamburg<\/a><\/p>\n\n\n\n<p><strong>2017<\/strong><\/p>\n\n\n\n<p><a href=\"https:\/\/ekvv.uni-bielefeld.de\/pers_publ\/publ\/PersonDetail.jsp?personId=84474229\" target=\"_blank\" rel=\"noreferrer noopener\">Dr. Maarten Hillebrandt, Fakult\u00e4t f\u00fcr Soziologie, Universit\u00e4t Bielefeld<\/a><\/p>\n\n\n\n<p><a href=\"http:\/\/www.lse.ac.uk\/government\/people\/academic-staff\/martin-lodge\" target=\"_blank\" rel=\"noreferrer noopener\">Prof. Dr. Martin Lodge, Centre for the Analysis of Risk and Regulation (CARR), London School of Economics and&nbsp;Political&nbsp;Science (LSE), UK<\/a><\/p>\n\n\n\n<p><a href=\"https:\/\/www.whu.edu\/fakultaet-forschung\/management-group\/institut-fuer-management-und-controlling\/team\/cv\/asst-prof-dr-lukas-loehlein\/\" target=\"_blank\" rel=\"noreferrer noopener\">Dr. Lukas L\u00f6hlein, Institut f\u00fcr Management &amp; Controlling (IMC), WHU &#8211; Otto Beisheim School of Mangement, Vallendar<\/a><\/p>\n\n\n\n<p><a href=\"http:\/\/www.lse.ac.uk\/accounting\/People\/profiles\/mennicken.aspx\" target=\"_blank\" rel=\"noreferrer noopener\">Prof. Dr. Andrea Mennicken, Centre for the Analysis of Risk and Regulation (CARR), London School of Economics and&nbsp;Political&nbsp;Science (LSE), UK<\/a><\/p>\n\n\n\n<p><a href=\"http:\/\/www.csi.mines-paristech.fr\/en\/people\/researchers\/fabian-muniesa\/\" target=\"_blank\" rel=\"noreferrer noopener\">Prof.&nbsp;Dr.&nbsp;Fabian Muniesa, Centre de Sociologie de l\u2019Innovation, Mines ParisTech (\u00c9cole&nbsp;nationale&nbsp;sup\u00e9rieure des&nbsp;mines&nbsp;de Paris), Frankreich<\/a><\/p>\n\n\n\n<p><a href=\"https:\/\/www.puma.uni-freiburg.de\/lehrstuhl\/prof\" target=\"_blank\" rel=\"noreferrer noopener\">Prof.&nbsp;Dr.&nbsp;Iris Saliterer, Public und Non-Profit Management &#8211; Kommunale Verwaltung, Albert-Ludwigs-Universit\u00e4t, Freiburg<\/a><\/p>\n\n\n\n<p><a href=\"https:\/\/www.leuphana.de\/universitaet\/personen\/christoph-seckler.html\" target=\"_blank\" rel=\"noreferrer noopener\">Dr. Christoph Seckler, Institut f\u00fcr Management &amp; Organisation (IMO), Leuphana Universit\u00e4t, L\u00fcneburg<\/a><\/p>\n\n\n\n<p><a href=\"https:\/\/www.cbs.dk\/en\/research\/departments-and-centres\/department-of-accounting-and-auditing\/staff\/mlsacc\" target=\"_blank\" rel=\"noreferrer noopener\">Dr.&nbsp;Melanie Schneider, Department of Accounting and Auditing, Copenhagen Business School, D\u00e4nemark<\/a><\/p>\n\n\n\n<p><strong>2015<\/strong><\/p>\n\n\n\n<p><a href=\"http:\/\/www.deirdremccloskey.com\/\" target=\"_blank\" rel=\"noreferrer noopener\">Prof. Dr. Deirdre McKloskey, University of Illinois at Chicago, USA<\/a><\/p>\n\n\n\n<p><a href=\"https:\/\/www.uibk.ac.at\/iol\/controlling\/team\/messner\/martin-messner.html\" target=\"_blank\" rel=\"noreferrer noopener\">Prof. Dr. Martin Messner, Universit\u00e4t Innsbruck, \u00d6sterreich<\/a><\/p>\n\n\n\n<p><strong>2014<\/strong><\/p>\n\n\n\n<p><a href=\"https:\/\/pure.royalholloway.ac.uk\/portal\/en\/persons\/jeremy-morales(96ba421c-46f4-4e44-a140-fc4335c6c2e5).html\" target=\"_blank\" rel=\"noreferrer noopener\">Dr. Jeremy Morales, Royal Holloway University of London, UK<\/a><\/p>\n\n\n\n<p><a href=\"http:\/\/www.su.se\/profiles\/nwl-1.187539\" target=\"_blank\" rel=\"noreferrer noopener\">Dr. Niklas W\u00e4llstedt,&nbsp;Stockhom&nbsp;Business School, Stockholm University, Schweden<\/a><\/p>\n\n\n\n<p><strong>2013<\/strong><\/p>\n\n\n\n<p>Becker, Claudia,&nbsp;<a href=\"http:\/\/www.flusser-archive.org\/\" target=\"_blank\" rel=\"noreferrer noopener\">Vil\u00e9m Flusser Archive<\/a><\/p>\n\n\n\n<p><a href=\"https:\/\/www.uibk.ac.at\/iol\/index.html.de\" target=\"_blank\" rel=\"noreferrer noopener\">Prof. Dr. Dr. h.c. Ekkehard Kappler, Universit\u00e4t Innsbruck, \u00d6sterreich<\/a><\/p>\n\n\n\n<p><a href=\"http:\/\/www.martinkornberger.com\/\" target=\"_blank\" rel=\"noreferrer noopener\">Prof. Dr. Martin Kornberger,<\/a>&nbsp;<a href=\"http:\/\/www.em-lyon.com\/en\/faculte-recherche-enseignement-superieur\/faculte-recherche-emlyon\/corps-professoral\/Permanent-Professors\/Martin-KORNBERGER\" target=\"_blank\" rel=\"noreferrer noopener\">EM Lyon Business School, Frankreich<\/a><\/p>\n\n\n\n<p><a href=\"https:\/\/www.uni-wh.de\/wirtschaft\/lehrstuehle-und-professuren\/professur-fuer-fuehrung\/\" target=\"_blank\" rel=\"noreferrer noopener\">Prof. Dr. G\u00fcnther Ortmann, Universit\u00e4t Witten\/Herdecke<\/a><\/p>\n\n\n\n<p><a href=\"http:\/\/business-school.exeter.ac.uk\/about\/people\/profile\/index.php?web_id=Kim_Soin\" target=\"_blank\" rel=\"noreferrer noopener\">Prof. Dr. Kim Soin, University of Exeter, UK<\/a><\/p>\n\n\n\n<p><strong>2012<\/strong><\/p>\n\n\n\n<p>Oberstleutnant Karlheinz Busche, Leiter Controlling und Qualit\u00e4tsmanagement,&nbsp;<a href=\"https:\/\/hamburg.bwkrankenhaus.de\/startseite.html\" target=\"_blank\" rel=\"noreferrer noopener\">Bundeswehrkrankenhaus Hamburg<\/a><\/p>\n\n\n\n<p><a href=\"http:\/\/www.ncl.ac.uk\/business-school\/staff\/profile\/iainmunro.html#background\" target=\"_blank\" rel=\"noreferrer noopener\">Prof.&nbsp;Dr.&nbsp;Iain Munro, Newcastle University, UK<\/a><\/p>\n\n\n\n<p><strong>2011<\/strong><\/p>\n\n\n\n<p><a href=\"http:\/\/www.business-school.ed.ac.uk\/about\/people\/928\/Chris\/Carter\" target=\"_blank\" rel=\"noreferrer noopener\">Prof. Dr. Chris Carter, Edinburgh University, UK<\/a><\/p>\n\n\n\n<p><a href=\"http:\/\/www.uni-bielefeld.de\/soz\/personen\/huber\/\" target=\"_blank\" rel=\"noreferrer noopener\">Prof. Dr. Michael Huber, Fakult\u00e4t f\u00fcr Soziologie, Universit\u00e4t Bielefeld<\/a><\/p>\n\n\n\n<p>Oberst i.G. Christopher Kaatz, Leiter Referat HC II 3 (Zentrales Strategisches Controlling),&nbsp;<a href=\"https:\/\/www.bmvg.de\/de\" target=\"_blank\" rel=\"noreferrer noopener\">Bundesministerium der Verteidigung<\/a><\/p>\n\n\n\n<p><a href=\"https:\/\/www2.le.ac.uk\/departments\/business\/people\/academic\/hendrik-vollmer\" target=\"_blank\" rel=\"noreferrer noopener\">Prof. Dr. Hendrik Vollmer, University of Leicester, UK<\/a><\/p>\n","protected":false},"excerpt":{"rendered":"<p>2018 Monica Wagner, MBA, Institut f\u00fcr Management &amp; Controlling (IMC), WHU &#8211; Otto Beisheim School of Mangement, Vallendar Prof. Dr. Daniel Geiger, Chair for Organization Studies der Universit\u00e4t Hamburg 2017 [&hellip;]<\/p>\n","protected":false},"author":2885,"featured_media":0,"parent":0,"menu_order":0,"comment_status":"closed","ping_status":"closed","template":"","meta":{"footnotes":""},"categories":[43],"tags":[],"class_list":["post-144","page","type-page","status-publish","hentry","category-gaeste"],"_links":{"self":[{"href":"https:\/\/www.hsu-hh.de\/icu\/wp-json\/wp\/v2\/pages\/144","targetHints":{"allow":["GET"]}}],"collection":[{"href":"https:\/\/www.hsu-hh.de\/icu\/wp-json\/wp\/v2\/pages"}],"about":[{"href":"https:\/\/www.hsu-hh.de\/icu\/wp-json\/wp\/v2\/types\/page"}],"author":[{"embeddable":true,"href":"https:\/\/www.hsu-hh.de\/icu\/wp-json\/wp\/v2\/users\/2885"}],"replies":[{"embeddable":true,"href":"https:\/\/www.hsu-hh.de\/icu\/wp-json\/wp\/v2\/comments?post=144"}],"version-history":[{"count":2,"href":"https:\/\/www.hsu-hh.de\/icu\/wp-json\/wp\/v2\/pages\/144\/revisions"}],"predecessor-version":[{"id":214,"href":"https:\/\/www.hsu-hh.de\/icu\/wp-json\/wp\/v2\/pages\/144\/revisions\/214"}],"wp:attachment":[{"href":"https:\/\/www.hsu-hh.de\/icu\/wp-json\/wp\/v2\/media?parent=144"}],"wp:term":[{"taxonomy":"category","embeddable":true,"href":"https:\/\/www.hsu-hh.de\/icu\/wp-json\/wp\/v2\/categories?post=144"},{"taxonomy":"post_tag","embeddable":true,"href":"https:\/\/www.hsu-hh.de\/icu\/wp-json\/wp\/v2\/tags?post=144"}],"curies":[{"name":"wp","href":"https:\/\/api.w.org\/{rel}","templated":true}]}}