{"id":1397,"date":"2024-03-05T18:05:10","date_gmt":"2024-03-05T17:05:10","guid":{"rendered":"https:\/\/www.hsu-hh.de\/icu\/?page_id=1397"},"modified":"2025-07-14T15:16:06","modified_gmt":"2025-07-14T13:16:06","slug":"lukaslahme","status":"publish","type":"page","link":"https:\/\/www.hsu-hh.de\/icu\/lukaslahme\/","title":{"rendered":""},"content":{"rendered":"\n<div class=\"wp-block-columns is-layout-flex wp-container-core-columns-is-layout-9d6595d7 wp-block-columns-is-layout-flex\">\n<div class=\"wp-block-column is-layout-flow wp-block-column-is-layout-flow\" style=\"flex-basis:100%\"><script type=\"application\/ld+json\">[{\"@context\": \"https:\/\/www.schema.org\",\"@type\": \"Person\",\"name\": \"Lukas Lahme\",\"worksFor\": [{\t\"@type\": \"Organization\",\t\"name\": \"Helmut-Schmidt-Universit\u00e4t\",\t\"url\": \"https:\/\/www.hsu-hh.de\"\t, \"department\": {\"@type\": \"Organization\",\t\t\t\t\t\"name\": \"Controlling\",\t\t\t\t\t\"location\": {\t\t\t\t\t\t\"@type\": \"PostalAddress\",\t\t\t\t\t\t\"addressLocality\": \"\",        \t\t\t\t\"postalCode\": \"22043\",        \t\t\t\t\"streetAddress\": \"Holstenhofweg 85 , Geb\u00e4ude \"\t\t\t\t\t}},\t\"location\": {\t\t\"@type\": \"PostalAddress\",    \t\"addressLocality\": \"\",    \t\"postalCode\": \"22008\",    \t\"postOfficeBoxNumber\": \"700822\"\t}   }],\"image\": \"https:\/\/www.hsu-hh.de\/icu\/wp-content\/uploads\/sites\/851\/2025\/07\/023_3616-150x150.jpg\",\"telephone\": \"+49 172 6757159\",\"faxNumber\": \"\",\"email\": \"lukas.lahme@hsu-hh.de\"}]<\/script><div class=\"clearfix\"><\/div><div class=\"ansprechparter-container \" style=\"margin-top:1em; \"><div class=\"row ansprechpartner-item ansprechparter-header\" ><div class=\"col-xs-8 col-lg-12\" style=\"margin-bottom: 30px;\"><h3 class=\"ansprechparter-headline\">Lukas Lahme<\/h3><\/div><\/div><div class=\"col-md-4 col-lg-3 col-xs-4 ansprechpartner-item floatright img-circle center-block\" style=\"margin-bottom: 30px;\"><div class=\"img-responsive-wrapper\"><img decoding=\"async\" src=\"https:\/\/www.hsu-hh.de\/icu\/wp-content\/uploads\/sites\/851\/2025\/07\/023_3616-150x150.jpg\" alt=\"\" class=\"img-circle img-responsive center-block\" \/><\/div><\/div><div class=\"col-md-12 col-lg-3 col-xs-12 ansprechpartner-item kontakt floatright\" style=\"margin-bottom: 30px; \"><div class=\"row\"><div class=\"col-xs-12 col-sm-6 col-lg-12\"><div class=\"row\"><div class=\"col-xs-4 col-lg-4 row-text bold\" >Raum:<\/div><div class=\" row-text\">2504<\/div><\/div><\/div><div class=\"col-xs-12 col-sm-6 col-lg-12\"><div class=\"row\"><div class=\"col-xs-4 col-lg-4 row-text bold\">Telefon:<\/div><div class=\" row-text\">+49 172 6757159<\/div><\/div><\/div><div class=\"col-xs-12 col-sm-6 col-lg-12\"><div class=\"row\"><div class=\"col-xs-4 col-lg-4 row-text bold\">E-Mail:<\/div><div class=\"row-text\" style=\"overflow:hidden; word-break: break-word\"><a href=\"mailto:lukas.lahme@hsu-hh.de\" rel=\"nofollow\">lukas.lahme@hsu-hh.de<\/a><\/div><\/div><\/div><\/div><\/div><div class=\"col-md-6 col-lg-3 col-xs-12 ansprechpartner-item anschrift floatright\" ><div class=\"row-headline\">Besucheranschrift<\/div><div class=\"dataBesucheranschrift\" style=\"\"><div class=\"row-text\">Helmut-Schmidt-Universit\u00e4t<\/div><div class=\"row-text\">Geb\u00e4ude <\/div><div class=\"row-text\">Holstenhofweg 85<\/div><div class=\"row-text\">22043 Hamburg<\/div><\/div><\/div><div class=\"col-md-6 col-lg-3 col-xs-12 ansprechpartner-item anschrift floatright\"><div class=\"row-headline\">Postanschrift<\/div><div class=\"dataPostanschrift\" style=\"\"><div class=\"row-text\">Helmut-Schmidt-Universit\u00e4t<\/div><div class=\"row-text\">Controlling<\/div><div class=\"row-text\">Postfach 70 08 22<\/div><div class=\"row-text\">22008 Hamburg<\/div><\/div><\/div><\/div><div class=\"clearfix\"><\/div><\/div>\n<\/div>\n\n\n\n<p><\/p>\n\n\n\n<p>Lukas Lahme ist seit 2023 als wissenschaftlicher Mitarbeiter am Institut f\u00fcr Controlling und Unternehmensrechnung angestellt. In seiner Dissertation forscht er zur Interaktionsarbeit zwischen Sozialarbeitern und Klienten.<\/p>\n\n\n\n<p><strong>Forschungsinteressen<\/strong><br>\u2022 Organisationssoziologie&nbsp;<br>\u2022 Interaktionssoziologie<br>\u2022 Organisationen sozialer Hilfe<\/p>\n\n\n\n<p><strong>Ver\u00f6ffentlichungen<\/strong><br>Hilgert, Christian, Felix Genth, Jaromir Junne, und Lukas Lahme. 2024. Organisationsstrukturelle T\u00fccken der Digitalisierung. Zur Schwierigkeit, Soziale Arbeit durch Fachsoftware zu vereinfachen. In <em>Digitalit\u00e4t und Ambiguit\u00e4t: Organisationskulturen der Sozialen Arbeit unter Druck<\/em>, <abbr title=\"Herausgeber\">Hrsg.<\/abbr> Alexander Degel und Katharina Liebsch, 80\u2013127. Beltz Juventa.<\/p>\n\n\n\n<p>Lahme, Lukas und Christian Hilgert. 2024. Zu den Funktionen und Folgen von Informationsm\u00e4ngeln in der Organisationsberatung. In <em>Forschungsaktivit\u00e4ten im Zentrum f\u00fcr Digitalisierungs- und Technologieforschung der Bundeswehr dtec.bw<\/em>, <em>dtec.bw-Beitr\u00e4ge der Helmut-Schmidt-Universit\u00e4t \/ Universit\u00e4t der Bundeswehr Hamburg<\/em>, <abbr title=\"Herausgeber\">Hrsg.<\/abbr> Manuel Schulz, Alexander Fay, Oliver Niggemann, Wenzel Matiaske und Detlef Schulz, 258\u2013261. Hamburg: dtec.bw Zentrum f\u00fcr Digitalisierungs- und Technologieforschung der Bundeswehr.<\/p>\n\n\n\n<p><\/p>\n","protected":false},"excerpt":{"rendered":"<p>Lukas Lahme ist seit 2023 als wissenschaftlicher Mitarbeiter am Institut f\u00fcr Controlling und Unternehmensrechnung angestellt. In seiner Dissertation forscht er zur Interaktionsarbeit zwischen Sozialarbeitern und Klienten. Forschungsinteressen\u2022 Organisationssoziologie&nbsp;\u2022 Interaktionssoziologie\u2022 Organisationen [&hellip;]<\/p>\n","protected":false},"author":3810,"featured_media":0,"parent":0,"menu_order":0,"comment_status":"closed","ping_status":"closed","template":"","meta":{"footnotes":""},"categories":[8],"tags":[94],"class_list":["post-1397","page","type-page","status-publish","hentry","category-team","tag-lahme_seite"],"_links":{"self":[{"href":"https:\/\/www.hsu-hh.de\/icu\/wp-json\/wp\/v2\/pages\/1397","targetHints":{"allow":["GET"]}}],"collection":[{"href":"https:\/\/www.hsu-hh.de\/icu\/wp-json\/wp\/v2\/pages"}],"about":[{"href":"https:\/\/www.hsu-hh.de\/icu\/wp-json\/wp\/v2\/types\/page"}],"author":[{"embeddable":true,"href":"https:\/\/www.hsu-hh.de\/icu\/wp-json\/wp\/v2\/users\/3810"}],"replies":[{"embeddable":true,"href":"https:\/\/www.hsu-hh.de\/icu\/wp-json\/wp\/v2\/comments?post=1397"}],"version-history":[{"count":10,"href":"https:\/\/www.hsu-hh.de\/icu\/wp-json\/wp\/v2\/pages\/1397\/revisions"}],"predecessor-version":[{"id":1605,"href":"https:\/\/www.hsu-hh.de\/icu\/wp-json\/wp\/v2\/pages\/1397\/revisions\/1605"}],"wp:attachment":[{"href":"https:\/\/www.hsu-hh.de\/icu\/wp-json\/wp\/v2\/media?parent=1397"}],"wp:term":[{"taxonomy":"category","embeddable":true,"href":"https:\/\/www.hsu-hh.de\/icu\/wp-json\/wp\/v2\/categories?post=1397"},{"taxonomy":"post_tag","embeddable":true,"href":"https:\/\/www.hsu-hh.de\/icu\/wp-json\/wp\/v2\/tags?post=1397"}],"curies":[{"name":"wp","href":"https:\/\/api.w.org\/{rel}","templated":true}]}}