{"id":1212,"date":"2023-01-13T15:50:25","date_gmt":"2023-01-13T14:50:25","guid":{"rendered":"https:\/\/www.hsu-hh.de\/icu\/?page_id=1212"},"modified":"2025-09-05T13:35:44","modified_gmt":"2025-09-05T11:35:44","slug":"projectteam","status":"publish","type":"page","link":"https:\/\/www.hsu-hh.de\/icu\/en\/diwop-2\/projectteam\/","title":{"rendered":"Project team"},"content":{"rendered":"\n<div class=\"wp-block-columns is-layout-flex wp-container-core-columns-is-layout-9d6595d7 wp-block-columns-is-layout-flex\">\n<div class=\"wp-block-column is-layout-flow wp-block-column-is-layout-flow\" style=\"flex-basis:25%\">\n<h2 class=\"wp-block-heading\" id=\"block-454197a7-015c-47aa-b322-baa8a473881e\"><strong>Principal investigator<\/strong><\/h2>\n\n\n\n<p id=\"block-0a0df995-f138-48c6-96ee-fa5b0faf879d\"><strong><a href=\"https:\/\/www.hsu-hh.de\/icu\/scheytt\/\"><abbr title=\"Universit\u00e4tsprofessor\">Univ.-Prof.<\/abbr> <abbr title=\"Doktor\">Dr.<\/abbr> Tobias Scheytt<\/a><\/strong><br>Helmut-Schmidt-University |<br>University of the Federal Armed Forces<br>Department of Management Accounting and Control<br>E-Mail:&nbsp;<a href=\"mailto:scheytt@hsu-hh.de\" rel='nofollow'>scheytt@hsu-hh.de<\/a><\/p>\n\n\n\n<p><strong>Co-Principal Investigator<br><a href=\"https:\/\/www.hsu-hh.de\/icu\/jj\/\"><abbr title=\"Doktor\">Dr.<\/abbr> Jaromir Junne<\/a><\/strong><br>Helmut-Schmidt-University |<br>University of the Federal Armed Forces<br>Department of Management Accounting and Control<br>Tel.: +49 40 6541-2373<br>E-Mail:&nbsp;<a href=\"mailto:jjunne@hsu-hh.de\" rel='nofollow'>jjunne@hsu-hh.de<\/a><\/p>\n\n\n\n<p><a rel=\"noreferrer noopener\" href=\"https:\/\/www.hsu-hh.de\/icu\" target=\"_blank\">www.hsu-hh.de\/icu<\/a><\/p>\n<\/div>\n\n\n\n<div class=\"wp-block-column is-layout-flow wp-block-column-is-layout-flow\" style=\"flex-basis:25%\">\n<h2 class=\"wp-block-heading\" id=\"block-34260b76-01c2-493f-b600-37bc64db1441\"><strong>Cooperation partner<\/strong><\/h2>\n\n\n\n<p id=\"block-97950db4-1a7a-4466-8449-5eb3402b70ce\">University Bern (CH)<br>KPM Center for Public Management<\/p>\n\n\n\n<p id=\"block-f739fff0-72cb-4926-a7ef-5faab2df2b47\"><strong><abbr title=\"Professor\">Prof.<\/abbr> Claus Jacobs, PhD<\/strong><br><a rel=\"noreferrer noopener\" href=\"https:\/\/www.kpm.unibe.ch\/\" target=\"_blank\">www.kpm.unibe.ch<\/a><\/p>\n<\/div>\n\n\n\n<div class=\"wp-block-column is-layout-flow wp-block-column-is-layout-flow\" style=\"flex-basis:25%\">\n<h2 class=\"wp-block-heading\" id=\"block-7ee7b3d3-766a-427e-bfe3-d2f572b6e81e\">Project Staff<\/h2>\n\n\n\n<p><strong><a href=\"https:\/\/www.hsu-hh.de\/icu\/dkurta\/\" data-type=\"link\" data-id=\"https:\/\/www.hsu-hh.de\/icu\/mitarbeiter-2\/\">Dorina Kurta<\/a><br><a href=\"https:\/\/www.hsu-hh.de\/icu\/felixgenth\/\" data-type=\"link\" data-id=\"https:\/\/www.hsu-hh.de\/icu\/mitarbeiter-2\/\">Felix Genth<\/a><br><a href=\"https:\/\/www.hsu-hh.de\/icu\/lukaslahme\/\" data-type=\"link\" data-id=\"https:\/\/www.hsu-hh.de\/icu\/mitarbeiter-2\/\">Lukas Lahme<\/a><\/strong><br>Helmut-Schmidt-Universit\u00e4t |<br>Universit\u00e4t der Bundeswehr Hamburg<br>Department of Management Accounting and Control<br><br><strong>Former Project members:<\/strong><\/p>\n\n\n\n<p id=\"block-e8ed5d6f-a21f-4af2-ab82-a0726bc6efd0\"><strong><a href=\"https:\/\/www.whu.edu\/de\/fakultaet-forschung\/management-group\/institut-fuer-management-und-controlling\/vera-linke\/\" rel='nofollow'><abbr title=\"Doktor\">Dr.<\/abbr> Vera Linke<\/a><\/strong><br>now at the Institute of Management Accounting and Control at the WHU Otto Beisheim School of Management<\/p>\n\n\n\n<p id=\"block-0423bd72-e96e-4c19-a4ff-9a82e1e4a790\"><strong><a href=\"https:\/\/www.hsu-hh.de\/icu\/mei\/\">Maximilian Einhaus<\/a><\/strong><br>Helmut-Schmidt-University |<br>University of the Federal Armed Forces<br>Department of Management Accounting and Control<\/p>\n<\/div>\n\n\n\n<div class=\"wp-block-column is-layout-flow wp-block-column-is-layout-flow\" style=\"flex-basis:25%\">\n<h2 class=\"wp-block-heading\" id=\"block-bd4e6581-96ab-4789-b2ea-924f6ba220cc\">Student assistants in the project<\/h2>\n\n\n\n<p><strong><em>Ehemalige Hilfskr\u00e4fte: <\/em><\/strong><\/p>\n\n\n\n<p><strong>Lucas Ziebarth<\/strong><\/p>\n\n\n\n<p>Helmut-Schmidt-Universit\u00e4t |<br>Universit\u00e4t der Bundeswehr Hamburg<br>Institut f\u00fcr Controlling und Unternehmensrechnung<\/p>\n\n\n\n<p><br><strong>Sofya Kvasha<\/strong><br>Kommunale Hochschule f\u00fcr Verwaltung in Niedersachsen HSVN \/ Institut f\u00fcr Controlling und Unternehmensrechnung an der <abbr title=\"Helmut Schmidt Universit\u00e4t\">HSU<\/abbr><\/p>\n\n\n\n<p><strong>Janes Winkler<\/strong><br><strong>Niclas Nahrwold<\/strong> <br><strong>Lennart Deisen<\/strong><br><strong>Julian Peikert<\/strong><br>Helmut-Schmidt-Universit\u00e4t |<br>Universit\u00e4t der Bundeswehr Hamburg<br>Institut f\u00fcr Controlling und Unternehmensrechnung<\/p>\n<\/div>\n<\/div>\n","protected":false},"excerpt":{"rendered":"<p>Principal investigator Univ.-Prof. Dr. Tobias ScheyttHelmut-Schmidt-University |University of the Federal Armed ForcesDepartment of Management Accounting and ControlE-Mail:&nbsp;scheytt@hsu-hh.de Co-Principal InvestigatorDr. Jaromir JunneHelmut-Schmidt-University |University of the Federal Armed ForcesDepartment of Management Accounting [&hellip;]<\/p>\n","protected":false},"author":174,"featured_media":0,"parent":1704,"menu_order":0,"comment_status":"closed","ping_status":"closed","template":"","meta":{"footnotes":""},"categories":[96,7],"tags":[],"class_list":["post-1212","page","type-page","status-publish","hentry","category-englische-website-en","category-research"],"_links":{"self":[{"href":"https:\/\/www.hsu-hh.de\/icu\/wp-json\/wp\/v2\/pages\/1212","targetHints":{"allow":["GET"]}}],"collection":[{"href":"https:\/\/www.hsu-hh.de\/icu\/wp-json\/wp\/v2\/pages"}],"about":[{"href":"https:\/\/www.hsu-hh.de\/icu\/wp-json\/wp\/v2\/types\/page"}],"author":[{"embeddable":true,"href":"https:\/\/www.hsu-hh.de\/icu\/wp-json\/wp\/v2\/users\/174"}],"replies":[{"embeddable":true,"href":"https:\/\/www.hsu-hh.de\/icu\/wp-json\/wp\/v2\/comments?post=1212"}],"version-history":[{"count":10,"href":"https:\/\/www.hsu-hh.de\/icu\/wp-json\/wp\/v2\/pages\/1212\/revisions"}],"predecessor-version":[{"id":1710,"href":"https:\/\/www.hsu-hh.de\/icu\/wp-json\/wp\/v2\/pages\/1212\/revisions\/1710"}],"up":[{"embeddable":true,"href":"https:\/\/www.hsu-hh.de\/icu\/wp-json\/wp\/v2\/pages\/1704"}],"wp:attachment":[{"href":"https:\/\/www.hsu-hh.de\/icu\/wp-json\/wp\/v2\/media?parent=1212"}],"wp:term":[{"taxonomy":"category","embeddable":true,"href":"https:\/\/www.hsu-hh.de\/icu\/wp-json\/wp\/v2\/categories?post=1212"},{"taxonomy":"post_tag","embeddable":true,"href":"https:\/\/www.hsu-hh.de\/icu\/wp-json\/wp\/v2\/tags?post=1212"}],"curies":[{"name":"wp","href":"https:\/\/api.w.org\/{rel}","templated":true}]}}