{"id":1069,"date":"2021-10-20T10:22:13","date_gmt":"2021-10-20T08:22:13","guid":{"rendered":"https:\/\/www.hsu-hh.de\/icu\/?page_id=1069"},"modified":"2023-11-10T20:45:26","modified_gmt":"2023-11-10T19:45:26","slug":"vlinke","status":"publish","type":"page","link":"https:\/\/www.hsu-hh.de\/icu\/vlinke\/","title":{"rendered":""},"content":{"rendered":"<script type=\"application\/ld+json\">[{\"@context\": \"https:\/\/www.schema.org\",\"@type\": \"Person\",\"name\": \"Vera Linke\",\"worksFor\": [{\t\"@type\": \"Organization\",\t\"name\": \"Helmut-Schmidt-Universit\u00e4t\",\t\"url\": \"https:\/\/www.hsu-hh.de\"}],\"image\": \"https:\/\/www.hsu-hh.de\/icu\/wp-content\/uploads\/sites\/851\/2022\/06\/Foto_VeraLinke-150x150.jpg\",\"telephone\": \"\",\"faxNumber\": \"\",\"email\": \"vera.linke@whu.edu\"}]<\/script><div class=\"clearfix\"><\/div><div class=\"ansprechparter-container \" style=\"margin-top:1em; \"><div class=\"row ansprechpartner-item ansprechparter-header\" ><div class=\"col-xs-8 col-lg-12\" style=\"margin-bottom: 30px;\"><h3 class=\"ansprechparter-headline\">Vera Linke<\/h3><\/div><\/div><div class=\"col-md-4 col-lg-3 col-xs-4 ansprechpartner-item floatright img-circle center-block\" style=\"margin-bottom: 30px;\"><div class=\"img-responsive-wrapper\"><img decoding=\"async\" src=\"https:\/\/www.hsu-hh.de\/icu\/wp-content\/uploads\/sites\/851\/2022\/06\/Foto_VeraLinke-150x150.jpg\" alt=\"Bild_VeraLinke\" class=\"img-circle img-responsive center-block\" \/><\/div><\/div><div class=\"col-md-12 col-lg-3 col-xs-12 ansprechpartner-item kontakt floatright\" style=\"margin-bottom: 30px; \"><div class=\"row\"><div class=\"col-xs-12 col-sm-6 col-lg-12\"><div class=\"row\"><div class=\"col-xs-4 col-lg-4 row-text bold\">E-Mail:<\/div><div class=\"row-text\" style=\"overflow:hidden; word-break: break-word\"><a href=\"mailto:vera.linke@whu.edu\" rel=\"nofollow\">vera.linke@whu.edu<\/a><\/div><\/div><\/div><\/div><\/div><div class=\"col-md-6 col-lg-3 col-xs-12 ansprechpartner-item anschrift floatright\" ><div class=\"row-headline\">Besucheranschrift<\/div><div class=\"dataBesucheranschrift\" style=\"\"><div class=\"row-text\">Helmut-Schmidt-Universit\u00e4t<\/div><div class=\"row-text\">Geb\u00e4ude H1<\/div><div class=\"row-text\">Holstenhofweg 85<\/div><div class=\"row-text\">22043 Hamburg<\/div><\/div><\/div><div class=\"col-md-6 col-lg-3 col-xs-12 ansprechpartner-item anschrift floatright\"><div class=\"row-headline\">Postanschrift<\/div><div class=\"dataPostanschrift\" style=\"\"><div class=\"row-text\">Helmut-Schmidt-Universit\u00e4t<\/div><div class=\"row-text\">Postfach 700822<\/div><div class=\"row-text\">22008 Hamburg<\/div><\/div><\/div><\/div><div class=\"clearfix\"><\/div>\n\n\n<h2 class=\"wp-block-heading\">Lebenslauf<\/h2>\n\n\n\n<p>Seit Oktober 2023 Juniorprofessorin an der WHU Otto Beisheim School of Mangement, Vallendar: <a href=\"https:\/\/www.whu.edu\/en\/faculty\/management-group\/institute-of-management-accounting-and-control\/team\/vera-linke\/ \" rel='nofollow'>https:\/\/www.whu.edu\/en\/faculty\/management-group\/institute-of-management-accounting-and-control\/team\/vera-linke\/ <\/a><\/p>\n\n\n\n<p>2021-2023 Post-Doc am Institut f\u00fcr Controlling und Unternehmensrechnung (<abbr title=\"Professor\">Prof.<\/abbr> <abbr title=\"Doktor\">Dr.<\/abbr> Tobias Scheytt) Helmut-Schmidt-Universit\u00e4t\/Universit\u00e4t der Bundeswehr Hamburg <\/p>\n\n\n\n<p>2014-2020 Promotion (summa cum laude) zu Kategorisierungsdynamiken im Versicherungssektor aus historisch-soziologischer Perspektive; betreut durch <abbr title=\"Professor\">Prof.<\/abbr> <abbr title=\"Doktor\">Dr.<\/abbr> Michael Huber (Universit\u00e4t Bielefeld) und <abbr title=\"Doktor\">Dr.<\/abbr> Liz McFall (Universit\u00e4t Edinburgh) <\/p>\n\n\n\n<p>2013-2019 wissenschaftliche Mitarbeiterin am Arbeitsbereich Recht und Gesellschaft (<abbr title=\"Professor\">Prof.<\/abbr> <abbr title=\"Doktor\">Dr.<\/abbr> Michael Huber\/ <abbr title=\"Professor\">Prof.<\/abbr> <abbr title=\"Doktor\">Dr.<\/abbr> Alfons Bora), Fakult\u00e4t f\u00fcr Soziologie, Universit\u00e4t Bielefeld <\/p>\n\n\n\n<p>2010-2013 MA-Studium der Soziologie an der Universit\u00e4t Bielefeld <\/p>\n\n\n\n<p>2006-2010 BA-Studium \u201aEuropean Studies\u2018 an der Otto-von-Guericke Universit\u00e4t, der Staatlichen Universit\u00e4t Sankt Petersburg, sowie der European University Sankt Petersburg<\/p>\n\n\n\n<p><\/p>\n\n\n\n<p><\/p>\n\n\n\n<p><\/p>\n\n\n\n<p><\/p>\n\n\n\n<h2 class=\"wp-block-heading\">Publikationen<\/h2>\n\n\n\n<ul class=\"wp-block-list\">\n<li>Linke, V. (2022, im Erscheinen): Die Organisation der Versicherung. In: M. Apelt &amp; V. Tacke (<abbr title=\"Herausgeber\">Hrsg.<\/abbr>), Handbuch Organisationstypen, 2. \u00dcberarbeitete und erweiterte Auflage, Wiesbaden: VS-Verlag.<\/li>\n\n\n\n<li>Linke, V (2022): <a href=\"https:\/\/blogs.lse.ac.uk\/lsereviewofbooks\/2022\/01\/10\/book-review-model-cases-on-canonical-research-objects-and-sites-by-monika-krause\/\" rel='nofollow'>Krause (2021): Model Cases: On Canonical Research Objects and Sites.<\/a> In: LSE Review of Books.<\/li>\n\n\n\n<li>Linke, V (2020): <a href=\"https:\/\/katalogplus.ub.uni-bielefeld.de\/Record\/991025873405306442\" rel='nofollow'>Common Grounds. A Study of the Shared Foundations of Today&#8217;s Separate Spheres of Insurance.<\/a> Dissertation. Universit\u00e4t Bielefeld, Fakult\u00e4t f\u00fcr Soziologie.<\/li>\n\n\n\n<li>Linke, V (2017): van Leeuwen (2016): Mutual Insurance 1550-2015: From Guild Welfare and Friendly Societies to Contemporary Micro-Insurers. In: <em>economic sociology_the european electronic newsletter<\/em>&nbsp;19(1): 44-46.<\/li>\n\n\n\n<li>Linke, V (2016): Jarzabkowski et al (2015): Making a Market for Acts of God. The Practice of Risk-Trading in the Global Reinsurance Industry. In: <em>economic sociology_the european electronic newsletter<\/em>&nbsp;17(3): 51-54.<\/li>\n\n\n\n<li>Linke, V., Skripchenko A (2015): Hughes (1958): Men and Their Work. In: Schl\u00fcsselwerke der Organisationsforschung. K\u00fchl S (Ed); Wiesbaden: Springer VS: 359-362.<\/li>\n\n\n\n<li>Linke, V. (2012): Bericht: Grenzen der Erzeugung, Verwendung und Bewertung wissenschaftlichen Wissens. Neue Konturen der Disziplinarit\u00e4t? Technikfolgenabsch\u00e4tzung \u2013 Theorie und Praxis; 21 (3).<\/li>\n\n\n\n<li>Linke, V. (2011): <a href=\"https:\/\/pub.uni-bielefeld.de\/record\/2907613\" rel='nofollow'>Handlungsoptionen im Umgang mit korrupten Politikern: Warum sich das Russland des fr\u00fchen 21. Jahrhunderts an der Inszenierung des korrupten Politikers satt gesehen hat und trotzdem nicht wegschaut.<\/a> Arbeitsbericht, Otto-von-Guericke-Universit\u00e4t Magdeburg, Fakult\u00e4t f\u00fcr Geistes-, Sozial- und Erziehungswissenschaften, Institut f\u00fcr Soziologie; 60.<\/li>\n\n\n\n<li>Linke, V. (2010): Handling Dynamics in Intergroup Relations. The Stereotype `polnische Wirtschaft\u00b4 after the 2004 EU-Expansion. In: Cross-Border Interactions. Polish-German Stereotype: Media Image and Change. Rzym A, Luotostanska J (Eds); Warszaty: Willy Brandt Zentrum Warschau: 115-130.<\/li>\n<\/ul>\n\n\n\n<p><\/p>\n","protected":false},"excerpt":{"rendered":"<p>Lebenslauf Seit Oktober 2023 Juniorprofessorin an der WHU Otto Beisheim School of Mangement, Vallendar: https:\/\/www.whu.edu\/en\/faculty\/management-group\/institute-of-management-accounting-and-control\/team\/vera-linke\/ 2021-2023 Post-Doc am Institut f\u00fcr Controlling und Unternehmensrechnung (Prof. Dr. Tobias Scheytt) Helmut-Schmidt-Universit\u00e4t\/Universit\u00e4t der Bundeswehr [&hellip;]<\/p>\n","protected":false},"author":2885,"featured_media":0,"parent":0,"menu_order":0,"comment_status":"closed","ping_status":"closed","template":"","meta":{"footnotes":""},"categories":[8],"tags":[],"class_list":["post-1069","page","type-page","status-publish","hentry","category-team"],"_links":{"self":[{"href":"https:\/\/www.hsu-hh.de\/icu\/wp-json\/wp\/v2\/pages\/1069","targetHints":{"allow":["GET"]}}],"collection":[{"href":"https:\/\/www.hsu-hh.de\/icu\/wp-json\/wp\/v2\/pages"}],"about":[{"href":"https:\/\/www.hsu-hh.de\/icu\/wp-json\/wp\/v2\/types\/page"}],"author":[{"embeddable":true,"href":"https:\/\/www.hsu-hh.de\/icu\/wp-json\/wp\/v2\/users\/2885"}],"replies":[{"embeddable":true,"href":"https:\/\/www.hsu-hh.de\/icu\/wp-json\/wp\/v2\/comments?post=1069"}],"version-history":[{"count":11,"href":"https:\/\/www.hsu-hh.de\/icu\/wp-json\/wp\/v2\/pages\/1069\/revisions"}],"predecessor-version":[{"id":1373,"href":"https:\/\/www.hsu-hh.de\/icu\/wp-json\/wp\/v2\/pages\/1069\/revisions\/1373"}],"wp:attachment":[{"href":"https:\/\/www.hsu-hh.de\/icu\/wp-json\/wp\/v2\/media?parent=1069"}],"wp:term":[{"taxonomy":"category","embeddable":true,"href":"https:\/\/www.hsu-hh.de\/icu\/wp-json\/wp\/v2\/categories?post=1069"},{"taxonomy":"post_tag","embeddable":true,"href":"https:\/\/www.hsu-hh.de\/icu\/wp-json\/wp\/v2\/tags?post=1069"}],"curies":[{"name":"wp","href":"https:\/\/api.w.org\/{rel}","templated":true}]}}