{"id":73,"date":"2017-07-03T15:52:08","date_gmt":"2017-07-03T13:52:08","guid":{"rendered":"https:\/\/www.hsu-hh.de\/iai\/?page_id=73"},"modified":"2026-03-18T10:37:27","modified_gmt":"2026-03-18T09:37:27","slug":"startseite","status":"publish","type":"page","link":"https:\/\/www.hsu-hh.de\/iai\/","title":{"rendered":"Ausrichtung und Schwerpunkte KI-Institut HSU-AI"},"content":{"rendered":"\n<p>K\u00fcnstliche Intelligenz (KI) ist eine wirtschaftliche, wissenschaftliche und gesellschaftliche Chance und Herausforderung zugleich. An der <abbr title=\"Helmut Schmidt Universit\u00e4t\">HSU<\/abbr> (Helmut-Schmidt-Universit\u00e4t \/ Universit\u00e4t der Bundeswehr Hamburg) verstehen wir KI als Probleml\u00f6sungsmethodik zur Erh\u00f6hung des Autonomiegrades von Systemen, zur Unterst\u00fctzung von Akteuren bei Prozessen und Entscheidungen, die bisher menschliche Intelligenz erforderten, zur Realisierung von personalisierten L\u00f6sungen, zur quantitativen Modellierung mentaler Prozesse und als datenbasierte Methode zur Optimierung von Strukturen und Abl\u00e4ufen. Dabei sind wir uns der teilweise unterschiedlichen Verst\u00e4ndnisse und Herangehensweisen zur Gestaltung und Nutzung von KI in verschiedenen Disziplinen bewusst und f\u00f6rdern die inter- und transdisziplin\u00e4re Zusammenarbeit. Neben methodischen Fragen sieht die <abbr title=\"Helmut Schmidt Universit\u00e4t\">HSU<\/abbr> enormen Forschungsbedarf zum verantwortungsvollen Umgang mit KI, <abbr title=\"zum Beispiel\">z.B.<\/abbr> mit Blick auf gesellschaftliche Implikationen, Transparenz, Regulierung oder Beteiligung.<\/p>\n\n\n\n<p>Zur F\u00f6rderung der KI-Forschung wurde am 1.1.2024 das KI@Bw &#8211; Institut f\u00fcr K\u00fcnstliche Intelligenz gegr\u00fcndet. Aufgabe dieser wissenschaftlichen Einrichtung ist die Profilierung der <abbr title=\"Helmut Schmidt Universit\u00e4t\">HSU<\/abbr> im Bereich der KI.<\/p>\n\n\n\n<p><strong>Vision<\/strong><\/p>\n\n\n\n<p>Unser Ziel ist es, das Institut KI@Bw als anerkannten Akteur in der interdisziplin\u00e4ren KI-Forschung zu etablieren. Dabei steht das Institut f\u00fcr eine Verkn\u00fcpfung von Grundlagen, Anwendungen und kritischer Reflexion.<\/p>\n\n\n\n<p>Innerhalb der Bundeswehr ist die <abbr title=\"Helmut Schmidt Universit\u00e4t\">HSU<\/abbr> ein zentrale Forschungspartner f\u00fcr das Thema KI. Die <abbr title=\"Helmut Schmidt Universit\u00e4t\">HSU<\/abbr> f\u00f6rdert eine dual-use fokussierte Forschung und verbindet dabei Forschung mit einer kritischen Reflexion der gesellschaftlichen Auswirkungen. In \u00e4hnlicher Weise arbeiten wir mit anderen Partnern im \u00f6ffentlichen Dienst und in der Wirtschaft zusammen.<\/p>\n\n\n\n<p><strong>Mission<\/strong><\/p>\n\n\n\n<p>Das KI@Bw verbindet die KI-Aktivit\u00e4ten der <abbr title=\"Helmut Schmidt Universit\u00e4t\">HSU<\/abbr> unter einem fakult\u00e4ts\u00fcbergreifenden Dach und Ansprechpartner nach au\u00dfen. Wir f\u00f6rdern die Vernetzung der internen und externen Expert*innen <abbr title=\"beziehungsweise\">bzw.<\/abbr> Anwender*innen. Dies geschieht durch Kommunikationsarbeit, Workshops, gemeinsame Forschungsprojekte und 3rd Mission Aktivit\u00e4ten.<\/p>\n\n\n\n<p>Die <abbr title=\"Helmut Schmidt Universit\u00e4t\">HSU<\/abbr> verf\u00fcgt \u00fcber ein f\u00fcr KI und Simulationen geeignetes, dem State-of-the-art und den Rechenbedarfen entsprechendes HPC-Rechenzentrum.<\/p>\n","protected":false},"excerpt":{"rendered":"<p>K\u00fcnstliche Intelligenz (KI) ist eine wirtschaftliche, wissenschaftliche und gesellschaftliche Chance und Herausforderung zugleich. An der HSU (Helmut-Schmidt-Universit\u00e4t \/ Universit\u00e4t der Bundeswehr Hamburg) verstehen wir KI als Probleml\u00f6sungsmethodik zur Erh\u00f6hung des [&hellip;]<\/p>\n","protected":false},"author":26,"featured_media":0,"parent":0,"menu_order":0,"comment_status":"closed","ping_status":"closed","template":"","meta":{"footnotes":""},"categories":[35],"tags":[],"class_list":["post-73","page","type-page","status-publish","hentry","category-startseite"],"_links":{"self":[{"href":"https:\/\/www.hsu-hh.de\/iai\/wp-json\/wp\/v2\/pages\/73","targetHints":{"allow":["GET"]}}],"collection":[{"href":"https:\/\/www.hsu-hh.de\/iai\/wp-json\/wp\/v2\/pages"}],"about":[{"href":"https:\/\/www.hsu-hh.de\/iai\/wp-json\/wp\/v2\/types\/page"}],"author":[{"embeddable":true,"href":"https:\/\/www.hsu-hh.de\/iai\/wp-json\/wp\/v2\/users\/26"}],"replies":[{"embeddable":true,"href":"https:\/\/www.hsu-hh.de\/iai\/wp-json\/wp\/v2\/comments?post=73"}],"version-history":[{"count":6,"href":"https:\/\/www.hsu-hh.de\/iai\/wp-json\/wp\/v2\/pages\/73\/revisions"}],"predecessor-version":[{"id":726,"href":"https:\/\/www.hsu-hh.de\/iai\/wp-json\/wp\/v2\/pages\/73\/revisions\/726"}],"wp:attachment":[{"href":"https:\/\/www.hsu-hh.de\/iai\/wp-json\/wp\/v2\/media?parent=73"}],"wp:term":[{"taxonomy":"category","embeddable":true,"href":"https:\/\/www.hsu-hh.de\/iai\/wp-json\/wp\/v2\/categories?post=73"},{"taxonomy":"post_tag","embeddable":true,"href":"https:\/\/www.hsu-hh.de\/iai\/wp-json\/wp\/v2\/tags?post=73"}],"curies":[{"name":"wp","href":"https:\/\/api.w.org\/{rel}","templated":true}]}}