{"id":647,"date":"2025-06-03T10:21:28","date_gmt":"2025-06-03T08:21:28","guid":{"rendered":"https:\/\/www.hsu-hh.de\/iai\/?page_id=647"},"modified":"2026-01-28T17:32:53","modified_gmt":"2026-01-28T16:32:53","slug":"kiforum","status":"publish","type":"page","link":"https:\/\/www.hsu-hh.de\/iai\/kiforum\/","title":{"rendered":"KI-Forum"},"content":{"rendered":"\n<div class=\"wp-block-columns is-layout-flex wp-container-core-columns-is-layout-9d6595d7 wp-block-columns-is-layout-flex\">\n<div class=\"wp-block-column is-layout-flow wp-block-column-is-layout-flow\" style=\"flex-basis:66.66%\">\n<figure class=\"wp-block-image size-large\"><img loading=\"lazy\" decoding=\"async\" width=\"1024\" height=\"683\" src=\"https:\/\/www.hsu-hh.de\/iai\/wp-content\/uploads\/sites\/925\/2025\/08\/Titelbild-Websitebig-1024x683.jpg\" data-credit=\"HSU\/Gelhausen\" alt=\"\" class=\"wp-image-672\" srcset=\"https:\/\/www.hsu-hh.de\/iai\/wp-content\/uploads\/sites\/925\/2025\/08\/Titelbild-Websitebig-1024x683.jpg 1024w, https:\/\/www.hsu-hh.de\/iai\/wp-content\/uploads\/sites\/925\/2025\/08\/Titelbild-Websitebig-300x200.jpg 300w, https:\/\/www.hsu-hh.de\/iai\/wp-content\/uploads\/sites\/925\/2025\/08\/Titelbild-Websitebig-768x512.jpg 768w, https:\/\/www.hsu-hh.de\/iai\/wp-content\/uploads\/sites\/925\/2025\/08\/Titelbild-Websitebig-1536x1024.jpg 1536w, https:\/\/www.hsu-hh.de\/iai\/wp-content\/uploads\/sites\/925\/2025\/08\/Titelbild-Websitebig-2048x1365.jpg 2048w, https:\/\/www.hsu-hh.de\/iai\/wp-content\/uploads\/sites\/925\/2025\/08\/Titelbild-Websitebig-1100x733.jpg 1100w\" sizes=\"auto, (max-width: 1024px) 100vw, 1024px\" \/><\/figure>\n<\/div>\n\n\n\n<div class=\"wp-block-column is-layout-flow wp-block-column-is-layout-flow\" style=\"flex-basis:33.33%\">\n<p><strong>Quick Links<\/strong><\/p>\n\n\n\n<p><a href=\"https:\/\/www.hsu-hh.de\/premiere-des-ki-forums-innovation-trifft-networking-in-der-speicherstadt\" data-type=\"link\" data-id=\"https:\/\/www.hsu-hh.de\/premiere-des-ki-forums-innovation-trifft-networking-in-der-speicherstadt\">1. KI-Forum<\/a><\/p>\n\n\n\n<p><a href=\"https:\/\/docs.google.com\/forms\/d\/e\/1FAIpQLSchqUmbeTLs9C03SqNwqUBp7GGG6pCmCHC11xFtblCs8sq3_Q\/viewform\" data-type=\"link\" data-id=\"https:\/\/docs.google.com\/forms\/d\/e\/1FAIpQLSchqUmbeTLs9C03SqNwqUBp7GGG6pCmCHC11xFtblCs8sq3_Q\/viewform\" rel='nofollow'>Anmeldung Email Verteiler<\/a><\/p>\n\n\n\n<p>    <strong>N\u00e4chstes KI-Forum<\/strong><\/p>\n\n\n\n<p>Wann? 5. M\u00e4rz 2026, 18:00<\/p>\n\n\n\n<p>Wo? Fab-City Haus, Zippelhaus 5<\/p>\n\n\n\n<p>Thema: Large Language Models<\/p>\n\n\n\n<p><strong>Kontakt:<\/strong><br><a href=\"mailto:ki-forum@hsu-hh.de\" rel='nofollow'>ki-forum@hsu-hh.de<\/a>  <\/p>\n<\/div>\n<\/div>\n\n\n\n<div class=\"wp-block-columns is-layout-flex wp-container-core-columns-is-layout-9d6595d7 wp-block-columns-is-layout-flex\">\n<div class=\"wp-block-column is-layout-flow wp-block-column-is-layout-flow\" style=\"flex-basis:66.66%\">\n<p>K\u00fcnstliche Intelligenz (KI) ist eine der zentralen Technologien unserer Zeit. Um den interdisziplin\u00e4ren Austausch und die Sichtbarkeit der KI-Forschung zu st\u00e4rken, l\u00e4dt das KI-Institut der Helmut-Schmidt-Universit\u00e4t \/ Universit\u00e4t der Bundeswehr (<abbr title=\"Helmut Schmidt Universit\u00e4t\">HSU<\/abbr>) zu einem regelm\u00e4\u00dfigen KI-Forum ein \u2013 eine Plattform f\u00fcr spannende Keynotes, Einblicke in aktuelle Forschungsprojekte und inspirierende Vernetzung.<\/p>\n\n\n\n<p><strong>WAS ERWARTET SIE?<\/strong><\/p>\n\n\n\n<p>\u2022 Keynote von f\u00fchrenden Expert:innen aus Industrie oder Wissenschaft zu aktuellen Themen der K\u00fcnstlichen Intelligenz<br>\u2022 Kurzpitches von Promovierenden mit innovativen Forschungsprojekten<br>\u2022 Postersession &amp; Get-Together, um mit Forschenden, Entwickelnden und Interessierten in den Austausch zu treten<\/p>\n\n\n\n<p><strong>F\u00dcR WEN IST DAS KI-FORUM?<\/strong><\/p>\n\n\n\n<p>\u2022 Forschende und Lehrende mit Interesse an KI<br>\u2022 Unternehmen &amp; Start-ups im KI-Bereich<br>\u2022 Entwickler:innen und Technologie-Expert:innen<br>\u2022 Alle, die sich mit KI vernetzen und inspirieren lassen m\u00f6chten<\/p>\n<\/div>\n\n\n\n<div class=\"wp-block-column is-layout-flow wp-block-column-is-layout-flow\" style=\"flex-basis:33.33%\"><\/div>\n<\/div>\n\n\n\n<p><\/p>\n","protected":false},"excerpt":{"rendered":"<p>Quick Links 1. KI-Forum Anmeldung Email Verteiler N\u00e4chstes KI-Forum Wann? 5. M\u00e4rz 2026, 18:00 Wo? Fab-City Haus, Zippelhaus 5 Thema: Large Language Models Kontakt:ki-forum@hsu-hh.de K\u00fcnstliche Intelligenz (KI) ist eine der [&hellip;]<\/p>\n","protected":false},"author":3401,"featured_media":0,"parent":0,"menu_order":0,"comment_status":"closed","ping_status":"closed","template":"","meta":{"footnotes":""},"categories":[4],"tags":[],"class_list":["post-647","page","type-page","status-publish","hentry","category-forschung"],"_links":{"self":[{"href":"https:\/\/www.hsu-hh.de\/iai\/wp-json\/wp\/v2\/pages\/647","targetHints":{"allow":["GET"]}}],"collection":[{"href":"https:\/\/www.hsu-hh.de\/iai\/wp-json\/wp\/v2\/pages"}],"about":[{"href":"https:\/\/www.hsu-hh.de\/iai\/wp-json\/wp\/v2\/types\/page"}],"author":[{"embeddable":true,"href":"https:\/\/www.hsu-hh.de\/iai\/wp-json\/wp\/v2\/users\/3401"}],"replies":[{"embeddable":true,"href":"https:\/\/www.hsu-hh.de\/iai\/wp-json\/wp\/v2\/comments?post=647"}],"version-history":[{"count":17,"href":"https:\/\/www.hsu-hh.de\/iai\/wp-json\/wp\/v2\/pages\/647\/revisions"}],"predecessor-version":[{"id":695,"href":"https:\/\/www.hsu-hh.de\/iai\/wp-json\/wp\/v2\/pages\/647\/revisions\/695"}],"wp:attachment":[{"href":"https:\/\/www.hsu-hh.de\/iai\/wp-json\/wp\/v2\/media?parent=647"}],"wp:term":[{"taxonomy":"category","embeddable":true,"href":"https:\/\/www.hsu-hh.de\/iai\/wp-json\/wp\/v2\/categories?post=647"},{"taxonomy":"post_tag","embeddable":true,"href":"https:\/\/www.hsu-hh.de\/iai\/wp-json\/wp\/v2\/tags?post=647"}],"curies":[{"name":"wp","href":"https:\/\/api.w.org\/{rel}","templated":true}]}}