{"id":162,"date":"2024-06-26T09:28:13","date_gmt":"2024-06-26T07:28:13","guid":{"rendered":"https:\/\/www.hsu-hh.de\/iai\/?page_id=162"},"modified":"2026-04-08T16:03:28","modified_gmt":"2026-04-08T14:03:28","slug":"publications","status":"publish","type":"page","link":"https:\/\/www.hsu-hh.de\/iai\/en\/publications\/","title":{"rendered":"Publications"},"content":{"rendered":"\n<p><strong>2025<\/strong><\/p>\n\n\n\n<p>Zhao, H.; Yang, K.; Madhu, N.: \u201cTowards complex-valued VAE-based distillation for representation learning in speech enhancement,\u201d in 16th ITG Speech Communications conference 2025, Berlin, Germany, 2025, pp. 101\u2013105. <a href=\"http:\/\/hdl.handle.net\/1854\/LU-01KBCYTXTKA0FW1Y2SJDV35GH6\" target=\"_blank\" rel=\"noreferrer noopener\">http:\/\/hdl.handle.net\/1854\/LU-01KBCYTXTKA0FW1Y2SJDV35GH6<\/a><\/p>\n\n\n\n<p>Upretee, P.; Botermans, W.; Martens, K.; Marion, S.; Fostier, J.; Madhu, N.: \u201cMethods for single-biomolecule translocation event detection from nanopore current signal\u202f: a review,\u201d IEEE SENSORS JOURNAL, vol. 25, no. 9, pp. 14505\u201314521, 2025. <a href=\"http:\/\/doi.org\/10.1109\/JSEN.2025.3551262\" target=\"_blank\" rel=\"noreferrer noopener\">http:\/\/doi.org\/10.1109\/JSEN.2025.3551262<\/a><\/p>\n\n\n\n<p>Neves, A. ; Gro\u00dfmann, W. ; Puskiel, J.; Warfsmann, J.; Hosseini, V.; Passing, M.; Carraro, T.; Klassen, T.; Niggemann, O.; Jepsen, J.: Kinetic-model identification in metal-hydride reactions using neural network autoencoder surrogate models, 2025 <a href=\"https:\/\/doi.org\/10.1016\/j.egyai.2025.100659\" rel='nofollow'>https:\/\/doi.org\/10.1016\/j.egyai.2025.100659<\/a><\/p>\n\n\n\n<p>Furat, O.; Gr\u00e4fensteiner, P.; Saxena, R.; Osenberg, M.; Neumann, M.; Manke, I.; Carraro, T.; Schmidt, V.: Super-resolving 3D nanostructures using artificially generated image data and spatial transport simulations, 2025<br><a href=\"https:\/\/doi.org\/10.1088\/2632-2153\/ae0c55\" rel='nofollow'>https:\/\/doi.org\/10.1088\/2632-2153\/ae0c55<\/a><\/p>\n\n\n\n<p>Furat, O.; Gr\u00e4fensteiner, P.; Saxena, R.; Osenberg, M.; Neumann, M.; Manke, I.; Carraro, T.; Schmidt, V.: Super-resolving 3D nanostructures using artificially generated image data and spatial transport simulations, 2025<br><a href=\"https:\/\/doi.org\/10.1088\/2632-2153\/ae0c55\" rel='nofollow'>https:\/\/doi.org\/10.1088\/2632-2153\/ae0c55<\/a><\/p>\n\n\n\n<p>Heuschmid, D.; Wacker, O.; Zimmermann, Y.; Penava, P.; Buettner, R.: Advancements in Landmine Detection: Deep Learning-Based Analysis with Thermal Drones, 2025<br><a href=\"https:\/\/doi.org\/10.1109\/ACCESS.2025.3572196\" rel='nofollow'>https:\/\/doi.org\/10.1109\/ACCESS.2025.3572196<\/a><\/p>\n\n\n\n<p>Hoffmann, J.; Mai, C.; Hu, B.; Buettner, R.: A Systematic Literature Review on System Dynamics, 2025<br><a href=\"https:\/\/doi.org\/10.1109\/ACCESS.2025.3571620\" rel='nofollow'>https:\/\/doi.org\/10.1109\/ACCESS.2025.3571620<\/a><\/p>\n\n\n\n<p>Auweiler, S.; Mueller, M.; Puhla, D.; Penava, P.; Buettner, R.: A Novel High Performance Object Identification Approach in Care Homes Using Gaussian Preprocessing, 2025<br><a href=\"https:\/\/doi.org\/10.1109\/ACCESS.2025.3566223\" rel='nofollow'>https:\/\/doi.org\/10.1109\/ACCESS.2025.3566223<\/a><\/p>\n\n\n<h3>2024<\/h3>\n<p>Jaehn, F.: Scheduling with jobs at fixed positions. European Journal of Operational Research, 318(2), 388-397, 2024<br \/><a href=\"https:\/\/doi.org\/10.1016\/j.ejor.2024.05.029\" rel='nofollow'>https:\/\/doi.org\/10.1016\/j.ejor.2024.05.029<\/a><\/p>\n<p>Schreiber, G.; Ohly, L.: AI:Text: AI Text Generator Discourses, Berlin\/Boston: De Gruyter (xi + 581 S.), 2024 <br \/><a href=\"https:\/\/doi.org\/10.1515\/9783111351490\" rel='nofollow'>https:\/\/doi.org\/10.1515\/9783111351490<\/a><\/p>\n<p>Schreiber, G.: Reconsidering Agency in the Age of AI, in: Filozofia, <abbr title=\"Band\">Bd.<\/abbr> 79(5), S. 529-537, 2024<br \/><a href=\"https:\/\/doi.org\/10.31577\/filozofia.2024.79.5.5\" rel='nofollow'>https:\/\/doi.org\/10.31577\/filozofia.2024.79.5.5<\/a><\/p>\n<p>Reinpold, L. M.; Wagner, L. P.; Gehlhoff, F.; Ramonat, M.; Kilthau, M.; Gill, M. S.; Reif, J. T.; Henkel, V. ; Scholz, L.; Fay, A.: Systematic comparison of software agents and Digital Twins: differences, similarities, and synergies in industrial production. In: Journal of Intelligent Manufacturing, Januar 2024 <br \/><a href=\"https:\/\/doi.org\/10.1007\/s10845-023-02278-y\" rel='nofollow'>https:\/\/doi.org\/10.1007\/s10845-023-02278-y<\/a><\/p>\n<p>Godbole, S.; Vo\u00df, H.; Gocke, A.; Schlumbohm, S.; Schumann, Y.; Peng, B.; Mynarek, M.; Rutkowski, S.; Dottermusch, M.; Dorostkar, M. M.; Korshunov, A.; Mair, T.; Pfister, S. M.; Kwiatkowski, M.; Hotze, M.; Neumann, P.; Hartmann, C.; Weis, J.; Liesche-Starnecker, F.; Guan, Y.; Moritz, M.; Siebels, B.; Struve, N.; Schl\u00fcter, H.; Sch\u00fcller, U.; Krisp, C.; Neumann, J. E.: Multiomic profiling of medulloblastoma reveals subtype-specific targetable alterations at the proteome and N-glycan level. Nature Communications, 15, 6237, 2024<\/p>\n<p>Deppe, C.; Fotescu, A.; Schaal, G. S.: The understanding of Cognitive Warfare in comparative perspective: Taking stock and bridging the gap to extant literatures. \u2013 Full conference paper. NATO STO Human Factors and Medicine (HFM) Panel HFM-361, Symposium on\u201c Mitigating and Responding to Cognitive Warfare\u201c, 13-14 November 2023, Madrid, Spain. NATO Science and Technology Organization (STO), 2024<\/p>\n<p>Bronder, S.; Jung, A.: Pentamode Structures Optimized by Machine Learning with Adaptive Sampling, Advanced Engineering Materials, 2302073, April 2024<br \/><a href=\"https:\/\/doi.org\/10.1002\/adem.202302073\" rel='nofollow'>https:\/\/doi.org\/10.1002\/adem.202302073<\/a><\/p>\n<p>Nezhi, Z.; Stiemer, M.; Schierholz, M.; Schuster, C.: Dimensional Reduction by Auto-Encoders in Machine Learning Based Power Integrity Analysis,\u00a02024 IEEE 28th Workshop on Signal and Power Integrity (SPI), pp. 1-4, Lisbon, Portugal, 2024<br \/>https:\/\/doi.org\/10.1109\/SPI60975.2024.10539211<\/p>\n<p>Liebert, A.; Dethof, F.; Ke\u00dfler, S; Niggemann, O.: Automated Impact Echo Spectrum Anomaly Detection using U-Net Autoencoder, PAIS24, Santiago de Compostela, Spain, October 2024<\/p>\n<p>Heesch, R.; Cimatti, A; Ehrhardt, J.; Diedrich, A.; Niggemann, O.: A Lazy Approach to Neural Numerical Planning with Control Parameters, 27TH European Conference on Artificial Intelligence (ECAI), Santiago de Compostela, Spain, 2024<\/p>\n<p>Cinar, B.; Grensing, F.; van den Boom, L.; Maleshkova, M.: Transfer Learning in Hypoglycemia Classification. In International Conference on AI in Healthcare (pp. 98-109). Cham: Springer Nature Switzerland, 2024<br \/><a href=\"https:\/\/doi.org\/10.1007\/978-3-031-67278-1_8\" rel='nofollow'>https:\/\/doi.org\/10.1007\/978-3-031-67278-1_8<\/a><\/p>\n<p>Jennifer I.; Onwuchekwa,D.; Cinar, B.; van den Boom, L.; Maleshkova, M: Time to Hypoglycemia predition for personalized diabetes care and management, 46th Annual International Conference of the IEEE Engineering in Medicine &amp; Biology Society (EMBC), Orlando, FL, USA, 2024<\/p>\n<h3>2023<\/h3>\n<p>Olaf Sanders: Die Perfektionierung von Menschen, Maschinen und Fernsehserien. Eine Abschweifung \u00fcber die US-Fernsehserie \u201eWestworld&#8220;. In: Catrin Heite, Chrisoph Henning und Veronika Magyar-Haas (Hg.): Perfektionierungen. Wiesbaden (Spinger) 2023, S. 185\u2013198, <br \/><a href=\"https:\/\/doi.org\/10.1007\/978-3-658-30384-6_1\" rel='nofollow'>https:\/\/doi.org\/10.1007\/978-3-658-30384-6_1<\/a><\/p>\n\n\n<p>Song, Y.; Madhu, N. (ICASSP 2023): \u201eAiding speech harmonic recovery in DNN-based single-channel noise reduction using cepstral excitation manipulation (CEM).\u201c <a href=\"http:\/\/doi.org\/10.1109\/icassp49357.2023.10096868\" target=\"_blank\" rel=\"noreferrer noopener\">http:\/\/doi.org\/10.1109\/icassp49357.2023.10096868<\/a><\/p>\n\n\n\n<p>Bohlender, A.; Spriet, A.; Tirry, W.; Madhu, N. (IEEE TASLP 2023): \u201eSpatially selective speaker separation using a DNN with location dependent feature extraction (LDE).\u201c <a href=\"http:\/\/doi.org\/10.1109\/TASLP.2023.3343605\" target=\"_blank\" rel=\"noreferrer noopener\">http:\/\/doi.org\/10.1109\/TASLP.2023.3343605<\/a><\/p>\n\n\n\n<p>Hartong, S.; Decuypere, M.: (2023) Platform(ed) professional(itie)s: Digitization and the ongoing transformation of education, Sonderheft der Tertium Comparationis, 29(1), 2023<br><a href=\"https:\/\/doi.org\/10.31244\/tc.2023.01.01\" rel='nofollow'>https:\/\/doi.org\/10.31244\/tc.2023.01.01<\/a><\/p>\n\n\n\n<p>Sander, I.: Critical datafication literacy \u2013 a framework for educating about datafication. Information and Learning Sciences, 125(3\/4), S.270-292, 2023<br><a href=\"https:\/\/www.hsu-hh.de\/sozgov\/wp-content\/uploads\/sites\/841\/2023\/12\/Critical-Datafication-Literacy-Framework-Paper-Preprint-AAM.pdf\">https:\/\/www.hsu-hh.de\/sozgov\/wp-content\/uploads\/sites\/841\/2023\/12\/Critical-Datafication-Literacy-Framework-Paper-Preprint-AAM.pdf<\/a><\/p>\n\n\n\n<p>Bachmat, E.; Erland, S.; Jaehn, F.; Neumann, S.: Air passenger preferences: An international comparison affects boarding theory. Operations Research, 71(3), 798-820, 2023<br><a href=\"https:\/\/doi.org\/10.1287\/opre.2021.2148\" rel='nofollow'>https:\/\/doi.org\/10.1287\/opre.2021.2148<\/a><\/p>\n\n\n\n<p>Benninger, M.; Liebschner, M.; Kreischer, C.: Fault Detection of Induction Motors with Combined Modeling- and Machine-Learning-Based Framework, In: Energies \u2013 Special Issue Reprint: Early Detection of Faults in Induction Motors, November 2023<br><a href=\"https:\/\/doi.org\/10.3390\/books978-3-0365-9334-0\" rel='nofollow'>https:\/\/doi.org\/10.3390\/books978-3-0365-9334-0<\/a><\/p>\n\n\n\n<p>Benninger, M.; Liebschner, M.; Kreischer, C.: Comparison of population-based algorithms for parameter identification for induction machine modeling, COMPEL, ISSN: 0332-1649, Januar 2023<br><a href=\"https:\/\/doi.org\/10.1108\/COMPEL-09-2022-0327\" rel='nofollow'>https:\/\/doi.org\/10.1108\/COMPEL-09-2022-0327<\/a><\/p>\n\n\n\n<p>M. Kilthau, M. Asman, A. Karmann, G. Suriyamoorthy, J.-P. Beck, V. Regener, C. Derksen, N. Loose, M. Volkmann, S. Tripathi, F. Gehlhoff, K. Korotkiewicz, P. Steinbusch, V. Skwarek, M. Zdrallek, A. Fay: Integrating Peer-to-Peer Energy Trading and Flexibility Market With Self-Sovereign Identity for Decentralized Energy Dispatch and Congestion Management. In: IEEE Access, Volume, pp. 145395-145420, November 2023<br><a href=\"https:\/\/doi.org\/10.1109\/ACCESS.2023.3344855\" rel='nofollow'>https:\/\/doi.org\/10.1109\/ACCESS.2023.3344855<\/a><\/p>\n\n\n\n<p>Clemett, N.; Rapps, C.; G\u00fcndel, M.: Evaluation of typology-specific fragility curves used for risk-targeted seismic demand maps in regions of low seismicity: A German case-study. Earthquake Engng StructDyn. 1-22, 2023<br><a href=\"https:\/\/doi.org\/10.1002\/eqe.3911\" rel='nofollow'>https:\/\/doi.org\/10.1002\/eqe.3911<\/a><\/p>\n\n\n\n<p>Thomas, D.; G\u00fcndel, M.; Wickers, A.; Alpen, M.; Horn, J.: Multivariate inspection of German steel civil infrastructure using autonomous UAS, in: Biondini, Fabio; Fragopol, Dan M. (Eds): Life-Cycle of Structures and Infrastructure Systems, Proceedings of the Eighth International Symposium on Life-Cycle Civil Engineering (IALCCE 2023), Mailand, Juli 2023 <br><a href=\"https:\/\/doi.org\/10.1201\/9781003323020\" rel='nofollow'>https:\/\/doi.org\/10.1201\/9781003323020<\/a><\/p>\n\n\n\n<p>Jarmatz, P.; Lerdo, S.; Neumann, P.: Convolutional Recurrent Autoencoder for Molecular-Continuum Coupling. ICCS 2023 proceedings, LNCS 10476, pp. 535-549, 2023<br><a href=\"https:\/\/doi.org\/10.1007\/978-3-031-36027-5_42\" rel='nofollow'>https:\/\/doi.org\/10.1007\/978-3-031-36027-5_42<\/a><\/p>\n\n\n\n<p>Berg, S.: Im Maschinenraum politischer Repr\u00e4sentation: \u00dcber den Umgang mit politischen Grundbegriffen in der digitalen Konstellation, in: Tobias Adler-Bartels et al.: Politische Grundbegriffe im 21. Jahrhundert. Nomos, 365-388, 2023<br><a href=\"https:\/\/doi.org\/10.5771\/9783748915591-365\" rel='nofollow'>https:\/\/doi.org\/10.5771\/9783748915591-365<\/a><\/p>\n\n\n\n<p>Fu, Y.; Versen, D. S.; Plenz, M.; Stiemer, M.; Schulz, D.: Electric Vehicle Charging Management for Avoiding Transformer Congestion Using Policy-based Reinforcement Learning,&nbsp;<em class=\"\">2023 IEEE PES Innovative Smart Grid Technologies Europe (ISGT EUROPE)<\/em>, pp. 1-5, Grenoble, France, 2023<br><a href=\"https:\/\/doi.org\/10.1109\/ISGTEUROPE56780.2023.10407357\" rel='nofollow'>https:\/\/doi.org\/10.1109\/ISGTEUROPE56780.2023.10407357<\/a><\/p>\n\n\n\n<p>Deppe, C.: Disinformation In Cognitive Warfare, Foreign Information Manipulation And Interference, And Hybrid Threats. The Defence Horizon Journal, Oktober 2023 <br><a href=\"https:\/\/doi.org\/10.5281\/zenodo.10005172\" rel='nofollow'>https:\/\/doi.org\/10.5281\/zenodo.10005172<\/a><\/p>\n\n\n\n<p>Sch\u00e4fer, P.J.; Karpouchtsis, C.B.; Schaal, G.S.: Bericht zur Konferenz Politische Kommunikation und KI \u2013 Chancen und Herausforderungen f\u00fcr die Regierungskommunikation. Zeitschrift f\u00fcr Au\u00dfen Sicherheitspolit, 2023<br><a href=\"https:\/\/doi.org\/10.1007\/s12399-023-00945-9\" rel='nofollow'>https:\/\/doi.org\/10.1007\/s12399-023-00945-9<\/a><\/p>\n\n\n\n<p>K\u00f6cher, A.; Belyaev, A.; Hermann, J.; Bock, J.; Meixner, K.; Volkmann, M.; Winter, M.; Zimmermann, P.; Grimm, S.; Diedrich, C.: A reference model for common understanding of capabilities and skills in manufacturing. In: at \u2013 Automatisierungstechnik, Vol. 71 (Issue 2), pp. 94-104, 2023 <br><a href=\"https:\/\/doi.org\/10.1515\/auto-2022-0117\" rel='nofollow'>https:\/\/doi.org\/10.1515\/auto-2022-0117<\/a><\/p>\n\n\n\n<p>Gertheiss, J.; Shinohara, R.: Proceedings of the 2023 SIAM International Conference on Data Mining (SDM) Penalized Non-Linear Canonical Correlation Analysis for Ordinal Data with Application to the International Classification of Functioning, Disability and Health, 2023<br><a href=\"https:\/\/doi.org\/10.1137\/1.9781611977653.ch60\" rel='nofollow'>https:\/\/doi.org\/10.1137\/1.9781611977653.ch60<\/a><\/p>\n\n\n\n<p>Windmann, A.; Steude, H.; Niggemann, O.: Robustness and Generalization Performance of Deep Learning Models on Cyber-Physical Systems: A Comparative Study. Workshop of Artificial Intelligence for Time Series Analysis (AI4TS), IJCAI 2023 \u2013 International Joint Conference on Artificial Intelligence, Macao, China<\/p>\n\n\n\n<p>Niggemann, O.; Zimmering, B.; Steude, H.; Augustin, J.L.; Windmann, A.; Multaheb, S.: Machine Learning for Cyber-Physical Systems. In: Vogel-Heuser, B.; Wimmer, M. (eds) Digital Transformation. Springer Vieweg, Berlin, Heidelberg, 2023<br><a href=\"https:\/\/doi.org\/10.1007\/978-3-662-65004-2_17\" rel='nofollow'>https:\/\/doi.org\/10.1007\/978-3-662-65004-2_17<\/a><\/p>\n\n\n<h3>2022<\/h3>\n<p>Olaf Sanders: Bildungsgr\u00fcnde. Zwei Antrittsvorlesungen. Dresden 2015 \/ Hamburg 2017. Hamburg (Katzenberg) 2020<\/p>\n\n\n<p>Bronder, S.; Herter, F.; B\u00e4hre, D.; Jung, A.: Optimized design for modified auxetic structures based on a neural network approach, Materials Today Communications 32, 103931, 2022<br><a href=\"https:\/\/doi.org\/10.1016\/j.mtcomm.2022.103931\" rel='nofollow'>https:\/\/doi.org\/10.1016\/j.mtcomm.2022.103931<\/a><\/p>\n\n\n\n<p>Gertheiss, J.; Selk, L.: Nonparametric regression and classification with functional, categorical, and mixed covariates, 2022<br><a href=\"https:\/\/rdcu.be\/dPYJg\" rel='nofollow'>https:\/\/rdcu.be\/dPYJg<\/a><\/p>\n\n\n\n<p>Gro\u00dfmann, W.; Horn, H.; Niggemann, O.: Improving remote material classification ability with thermal imagery. Sci Rep 12, 17288, 2022,<br><a href=\"https:\/\/doi.org\/10.1038\/s41598-022-21588-4\" rel='nofollow'>https:\/\/doi.org\/10.1038\/s41598-022-21588-4<\/a><\/p>\n\n\n<p>Kacupaj, E.; Singh, K.; Maleshkova, M.; Lehmann, J.:Contrastive Representation Learning for Conversational Question Answering over Knowledge Graphs. In Proceedings of the 31st ACM International Conference on Information &amp; Knowledge Management (CIKM &#8217;22). Association for Computing Machinery, New York, NY, USA, 925\u2013934, 2022 <br \/><a href=\"https:\/\/doi.org\/10.1145\/3511808.3557267\" rel='nofollow'>https:\/\/doi.org\/10.1145\/3511808.3557267<\/a><\/p>\n\n\n<p><\/p>\n\n\n\n<p>Diedrich, Alexander; Niggemann, Oliver: On Residual-based Diagnosis of Physical Systems. Elsevier Engineering Applications of Artificial Intelligence, Volume 109, March 2022, 104636.<\/p>\n\n\n\n<p>Balzereit, Kaja; Niggemann, Oliver:&nbsp;AutoConf: A New Algorithm for Reconfiguration of Cyber-Physical Production Systems, &nbsp;IEEE Transactions on Industrial Informatics, January 2022<\/p>\n\n\n\n<p><\/p>\n\n\n\n<p><\/p>\n\n\n\n<p><\/p>\n\n\n\n<p><\/p>\n\n\n<h3>2021<\/h3>\n<p>Borchert, H.; Sch\u00fctz, T.; Verbovszky, J.: Beware the Hype: What Military Conflicts in Ukraine, Syria, Libya, and N\u00adagorno-Karabakh (Don\u2019t) Tell Us About the Future of War\u201c, Hamburg: Defense AI Observatory, 2021<br \/><a href=\"https:\/\/doi.org\/10.13140\/RG.2.2.10456.62723\" rel='nofollow'>https:\/\/doi.org\/10.13140\/RG.2.2.10456.62723<\/a><\/p>\n<p>Borchert, H.; Sch\u00fctz, T.; Verbovszky, J.: Beware the Hype: What Military Conflicts in Ukraine, Syria, Libya, and N\u00adagorno-Karabakh (Don\u2019t) Tell Us About the Future of War, Hamburg: Defense AI Observatory, 2021<br \/><a href=\"https:\/\/doi.org\/10.13140\/RG.2.2.10456.62723\" rel='nofollow'>https:\/\/doi.org\/10.13140\/RG.2.2.10456.62723<\/a><\/p>\n\n\n<p><\/p>\n\n\n\n<p><\/p>\n\n\n\n<h1 class=\"wp-block-heading\">Projects<\/h1>\n\n\n\n<p><a href=\"https:\/\/www.hsu-hh.de\/am\/hibrain\">HiBRAIN \u2013 Holistic method of a combined data- and<br>model-based Electrode design supported by artificial intelligence (2022\u20132026)<\/a><\/p>\n\n\n\n<p><a href=\"http:\/\/www.smasch.eu\" rel='nofollow'><strong>DTEC<\/strong> Project SMASCH (Smart Schools) (2020-2026)<\/a><\/p>\n\n\n\n<p>Erasmus + Projekt ETH-TECH: Anchoring Ethical Technology (AI and data) Usage in the Educational Practice (Laufzeit 2024-2026)<\/p>\n\n\n\n<p>Predictive Governance: the example of Early Warning Systems in Education (Laufzeit 2020-2025)<\/p>\n\n\n\n<p><strong>DTEC<\/strong>: Optimization of decision-making processes in compact warehouses using AI (with Alice Kirchheim, <abbr title=\"Technische Universit\u00e4t\">TU<\/abbr> Dortmund \/ Fraunhofer IML)<\/p>\n\n\n\n<p>Algorithm selection in operations research using neural networks (with Dominik Kre\u00df, <abbr title=\"Helmut Schmidt Universit\u00e4t\">HSU<\/abbr>)<\/p>\n\n\n\n<p><a href=\"https:\/\/www.hsu-hh.de\/theevs\/en\/research\" data-type=\"link\" data-id=\"https:\/\/www.hsu-hh.de\/theevs\/en\/research\">The Trustworthy AI Lab at Helmut Schmidt University (<abbr title=\"Helmut Schmidt Universit\u00e4t\">HSU<\/abbr>\/<abbr title=\"Universit\u00e4t der Bundeswehr Hamburg\">UniBwH<\/abbr>)<\/a><\/p>\n\n\n\n<p><a href=\"https:\/\/zevedi.de\/en\/topics\/radm-2\/\" rel='nofollow'>Responsible Algorithmic Decision-Making (RADM)<\/a><\/p>\n\n\n\n<p>DTEC: KIKU &#8211; <a href=\"https:\/\/www.hsu-hh.de\/ema\/kiku-antriebssysteme-fuer-unterstuetzungssysteme\">AI-based, wearable body support systems<\/a><\/p>\n\n\n\n<p>Development of an intelligent shaft vibration torsion sensor (AI-Torque)<\/p>\n\n\n\n<p>AI planning for cyber-physical system functions and assembly planning<\/p>\n\n\n\n<p>LLM-based creation of functional models for cyber-physical systems<\/p>\n\n\n\n<p>Use of LLMs and chatbots for intuitive communication between users and ontologies in assistance systems<\/p>\n\n\n\n<p><a href=\"https:\/\/www.hsu-hh.de\/stahlbau\/en\/research\/shm\/\">SHM &#8211; Digitalisation of infrastructure for monitoring: Structural Health Monitoring<\/a><\/p>\n\n\n\n<p><a href=\"https:\/\/www.hsu-hh.de\/stahlbau\/en\/research\/misdro\/\">MISDRO &#8211; Condition assessment of steel infrastructure using multivaraible inspection systems and drones<\/a><\/p>\n\n\n\n<p>Convolutional Recurrent Autoencoder for Molecular &#8211; Continuum Coupling<\/p>\n\n\n\n<p>Morphology &#8211; Based Molecular Classification of Spinal Cord Ependymomas Using Deep Neural Networks<\/p>\n\n\n\n<p><a href=\"https:\/\/www.hsu-hh.de\/imb\/projekte\/bmvg-dtec-smartship\"><strong>BMVg, DTEC:<\/strong> SmartShip \u2013 Digital Twins for Intelligent Ships and for Ship Fleets<\/a><\/p>\n\n\n\n<p><a href=\"http:\/\/\u201eGhostPlay&quot; is a simulation environment for AI-based decision-making at machine speed\" rel='nofollow'>GhostPlay is a simulation environment for AI-based decision-making at machine speed<\/a><\/p>\n\n\n\n<p><a href=\"https:\/\/dtecbw.de\/home\/forschung\/hsu\/projekt-smart-systeme\/projekt-smarte-systeme\" rel='nofollow'>Smarte Systeme analyses the transformation of local administration in Germany to E-Government, including the use of AI to increase the performance of local administrations<\/a><\/p>\n\n\n\n<p><a href=\"https:\/\/www.hsu-hh.de\/statdat\/en\/research\"><strong>DTEC:<\/strong> Data Analytics \u2013 Digitization and Monitoring of Bridge Infrastructure<\/a><\/p>\n\n\n\n<p><a href=\"https:\/\/www.hsu-hh.de\/statdat\/forschung\">HPC for semi-parametric statistical modeling on massive datasets<\/a><\/p>\n\n\n\n<p><a href=\"https:\/\/www.edacentrum.de\/progressivki\/\" rel='nofollow'><strong>BMWK<\/strong>: progressivKI \u2013 Supporting the development of efficient and safe electronic systems for future automotive applications with automated driving functions using a modularly structured AI platform<\/a><\/p>\n\n\n\n<p><a href=\"https:\/\/dtecbw.de\/home\/forschung\/hsu\/projekt-esas\" rel='nofollow'><strong>DTEC<\/strong>: ESAS Electromagnetic immunity of autonomous systems<\/a><\/p>\n\n\n\n<p><a href=\"https:\/\/www.hsu-hh.de\/ees\/dtec-emob-deu\"><strong>DTEC: <\/strong>emob Digitalisation and Electromobility &#8211; Grid and Charging Infastructure: Full spectrum digitally regulated grid and charging infastructure for electromobility on land, in the air and on water<\/a><\/p>\n\n\n\n<p>Optimisation of mechanical metamaterials using machine learning &#8211; establishing a new workflow<\/p>\n\n\n\n<p><a href=\"https:\/\/www.hsu-hh.de\/imb\/projekte\/evalspek-ml\"><a href=\"https:\/\/www.hsu-hh.de\/imb\/en\/projects\/evalspek-ml\"><abbr title=\"Bundesministerium f\u00fcr Bildung und Forschung\">BMBF<\/abbr>: EvalSpek-ML \u2013 Disassembling Linear Combinations into their Constituent Parts<\/a><\/a><\/p>\n\n\n\n<p><a href=\"https:\/\/www.hsu-hh.de\/imb\/projekte\/dfg-spp-2422-datenbasierte-werkzeugeinarbeitung-in-der-blechumformung\"><a href=\"https:\/\/www.hsu-hh.de\/imb\/en\/projects\/dfg-spp-2422-data-based-tool-try-out-in-sheet-metal-forming\">DFG (SPP 2422): Data-based tool try out in sheet metal forming<\/a><\/a><\/p>\n\n\n\n<p><a href=\"https:\/\/www.hsu-hh.de\/imb\/projekte\/kiss-kuenstliche-intelligenz-fuer-die-diagnose-der-internationalen-raumstation-iss\"><a href=\"https:\/\/www.hsu-hh.de\/imb\/en\/projects\/k-iss-artificial-intelligence-for-the-diagnosis-of-the-international-space-station-iss\">(K) ISS \u2013 Artificial Intelligence for the diagnosis of the International Space Station ISS<\/a><\/a><\/p>\n\n\n<p>DiaKids &#8211; AI-based prediction of hypoglycemia in diabetes patients<\/p>\n<p>Fear recognition and therapy personalization for spider phobia<\/p>\n<p>Vital data-based stress and emotion detection<br \/><!--more--><\/p>\n\n\n<p><br><br><\/p>\n\n\n\n<p>TBA<\/p>\n","protected":false},"excerpt":{"rendered":"<p>2025 Zhao, H.; Yang, K.; Madhu, N.: \u201cTowards complex-valued VAE-based distillation for representation learning in speech enhancement,\u201d in 16th ITG Speech Communications conference 2025, Berlin, Germany, 2025, pp. 101\u2013105. http:\/\/hdl.handle.net\/1854\/LU-01KBCYTXTKA0FW1Y2SJDV35GH6 [&hellip;]<\/p>\n","protected":false},"author":2355,"featured_media":0,"parent":0,"menu_order":0,"comment_status":"closed","ping_status":"closed","template":"","meta":{"footnotes":""},"categories":[58],"tags":[],"class_list":["post-162","page","type-page","status-publish","hentry","category-publications"],"_links":{"self":[{"href":"https:\/\/www.hsu-hh.de\/iai\/wp-json\/wp\/v2\/pages\/162","targetHints":{"allow":["GET"]}}],"collection":[{"href":"https:\/\/www.hsu-hh.de\/iai\/wp-json\/wp\/v2\/pages"}],"about":[{"href":"https:\/\/www.hsu-hh.de\/iai\/wp-json\/wp\/v2\/types\/page"}],"author":[{"embeddable":true,"href":"https:\/\/www.hsu-hh.de\/iai\/wp-json\/wp\/v2\/users\/2355"}],"replies":[{"embeddable":true,"href":"https:\/\/www.hsu-hh.de\/iai\/wp-json\/wp\/v2\/comments?post=162"}],"version-history":[{"count":19,"href":"https:\/\/www.hsu-hh.de\/iai\/wp-json\/wp\/v2\/pages\/162\/revisions"}],"predecessor-version":[{"id":745,"href":"https:\/\/www.hsu-hh.de\/iai\/wp-json\/wp\/v2\/pages\/162\/revisions\/745"}],"wp:attachment":[{"href":"https:\/\/www.hsu-hh.de\/iai\/wp-json\/wp\/v2\/media?parent=162"}],"wp:term":[{"taxonomy":"category","embeddable":true,"href":"https:\/\/www.hsu-hh.de\/iai\/wp-json\/wp\/v2\/categories?post=162"},{"taxonomy":"post_tag","embeddable":true,"href":"https:\/\/www.hsu-hh.de\/iai\/wp-json\/wp\/v2\/tags?post=162"}],"curies":[{"name":"wp","href":"https:\/\/api.w.org\/{rel}","templated":true}]}}