{"id":73,"date":"2017-07-03T15:52:08","date_gmt":"2017-07-03T13:52:08","guid":{"rendered":"https:\/\/www.hsu-hh.de\/vorlage\/?page_id=73"},"modified":"2026-01-13T11:37:13","modified_gmt":"2026-01-13T10:37:13","slug":"startseite","status":"publish","type":"page","link":"https:\/\/www.hsu-hh.de\/hsm\/","title":{"rendered":""},"content":{"rendered":"<h2>Herzlich Willkommen beim Hochschulmarketing der Helmut-Schmidt-Universit\u00e4t!<\/h2>\n<h2><\/h2>\n<p>Auf diesen Seiten informieren wir \u00fcber die <strong>Studienm\u00f6glichkeiten f\u00fcr zivile Studierende<\/strong> an der <abbr title=\"Helmut Schmidt Universit\u00e4t\">HSU<\/abbr>.\u00a0 Sollten Sie sich f\u00fcr ein Studium im Rahmen der Offiziersausbildung interessieren, wenden Sie sich bitte direkt an die <a href=\"https:\/\/www.bundeswehrkarriere.de\/\" target=\"_blank\" rel=\"noopener noreferrer\">Karriereberatung der Bundeswehr<\/a>.<\/p>\n<p><strong>\u00dcber die <abbr title=\"Helmut Schmidt Universit\u00e4t\">HSU<\/abbr><\/strong><br \/>\nSeit \u00fcber 45 Jahren bilden wir als staatlich anerkannte Hochschule qualifizierte Fach- und F\u00fchrungskr\u00e4fte f\u00fcr verantwortungsvolle Positionen in Bundeswehr, Politik und Wirtschaft aus. In Aufgaben, Struktur und Rechten sind wir nach den Ma\u00dfgaben des Hamburger Hochschulrechts organisiert. Wir besitzen das Promotions- und Habilitationsrecht. Alle Studieng\u00e4nge sind akkreditiert und entsprechen nationalen und internationalen Vorgaben. Unser Leitbild ist innovativ, interdisziplin\u00e4r und forschungsintensiv.<\/p>\n<p><strong>Studierendenschaft<br \/>\n<\/strong>Auf unserem Campus im Hamburger Osten studieren rund 2500 angehende Offiziere in 13 anspruchsvollen Bachelor- und 20 Masterstudieng\u00e4ngen der Fakult\u00e4ten Elektrotechnik, Geistes- und Sozialwissenschaften, Maschinenbau sowie Wirtschafts- und Sozialwissenschaften. <a href=\"https:\/\/www.hsu-hh.de\/hsm\/ziviles-studium\">Zivile Studierende<\/a> k\u00f6nnen in Verbindung mit einem institutionellem Partner, <abbr title=\"zum Beispiel\">z.B.<\/abbr> einem Unternehmen oder einer Beh\u00f6rde, grunds\u00e4tzlich an der <abbr title=\"Helmut Schmidt Universit\u00e4t\">HSU<\/abbr> zugelassen werden. Auch Soldaten, die sich f\u00fcr ihre zivile Karriere akademisch weiterbilden wollen, k\u00f6nnen <a href=\"https:\/\/www.hsu-hh.de\/hsm\/wp-content\/uploads\/sites\/796\/2018\/10\/2018-Schneller-zum-Ziel_BFD.pdf\">im Rahmen des BFD<\/a> ebenfalls an der <abbr title=\"Helmut Schmidt Universit\u00e4t\">HSU<\/abbr> studieren.<\/p>\n<p><strong>Angebote\u00a0 f\u00fcr Beh\u00f6rden und Unternehmen<\/strong><br \/>\nDie <abbr title=\"Helmut Schmidt Universit\u00e4t\">HSU<\/abbr> fungiert als Wissenschaftspartner des Bundes, der Industrie und der Wirtschaft. Im Rahmen von Kooperationen k\u00f6nnen Beh\u00f6rden, Unternehmen oder andere institutionelle Partner unmittelbar von unserem vielseitigen Studienangebot profitieren &#8211; ob sie qualifizierte Personen f\u00fcr ihre Einrichtung gewinnen, zielgerichtet weiterentwickeln wollen oder spezifische Angebote unseres <a href=\"https:\/\/www.hsu-hh.de\/weiterbildung\/\" target=\"_blank\" rel=\"noopener noreferrer\">Zentrums f\u00fcr Wissenschaftliche Weiterbildung (ZWW)<\/a> wahrnehmen m\u00f6chten.<\/p>\n<div><img loading=\"lazy\" decoding=\"async\" class=\"wp-image-418 alignright\" src=\"https:\/\/www.hsu-hh.de\/hsm\/wp-content\/uploads\/sites\/796\/2017\/11\/IMG_5542-300x225.jpg\" alt=\"Team Hochschulmarketing\" width=\"250\" height=\"188\" srcset=\"https:\/\/www.hsu-hh.de\/hsm\/wp-content\/uploads\/sites\/796\/2017\/11\/IMG_5542-300x225.jpg 300w, https:\/\/www.hsu-hh.de\/hsm\/wp-content\/uploads\/sites\/796\/2017\/11\/IMG_5542-768x576.jpg 768w, https:\/\/www.hsu-hh.de\/hsm\/wp-content\/uploads\/sites\/796\/2017\/11\/IMG_5542-1024x768.jpg 1024w\" sizes=\"auto, (max-width: 250px) 100vw, 250px\" \/><\/div>\n<p>Nutzen Sie das vielf\u00e4ltige Angebot der <abbr title=\"Helmut Schmidt Universit\u00e4t\">HSU<\/abbr> und sprechen Sie uns gerne an!<\/p>\n<p>Ihr <a href=\"https:\/\/www.hsu-hh.de\/hsm\/kontakt\/\">Hochschulmarketing-Team<\/a><\/p>\n<p>Astrid Str\u00fc\u00dfmann &amp; Susanne Killus<\/p>\n<div class=\"clearfix\"><\/div>\n<h3>Informationen f\u00fcr zivile Studieninteressierte<\/h3>\n<p>Wie Sie an der Helmut-Schmidt-Universit\u00e4t zivil studieren k\u00f6nnen und was Sie daf\u00fcr wissen m\u00fcssen erfahren Sie <a href=\"https:\/\/www.hsu-hh.de\/hsm\/ziviles-studium\" target=\"_blank\" rel=\"noopener noreferrer\">hier <\/a>!<\/p>\n<h3>Kooperationsangebot f\u00fcr Beh\u00f6rden \/ Unternehmen \/ Institutionelle Partner<\/h3>\n<p>Wenn Sie Mitarbeiter durch ein Studium an der Helmut-Schmidt-Universit\u00e4t gewinnen oder f\u00f6rdern wollen, erhalten Sie <a href=\"https:\/\/www.hsu-hh.de\/hsm\/wp-content\/uploads\/sites\/796\/2022\/04\/Kooperationskonzept_2022.pdf\" target=\"_blank\" rel=\"noopener noreferrer\">hier <\/a>weitere Informationen.<\/p>\n","protected":false},"excerpt":{"rendered":"<p>Herzlich Willkommen beim Hochschulmarketing der Helmut-Schmidt-Universit\u00e4t! Auf diesen Seiten informieren wir \u00fcber die Studienm\u00f6glichkeiten f\u00fcr zivile Studierende an der HSU.\u00a0 Sollten Sie sich f\u00fcr ein Studium im Rahmen der Offiziersausbildung [&hellip;]<\/p>\n","protected":false},"author":1,"featured_media":0,"parent":0,"menu_order":0,"comment_status":"closed","ping_status":"closed","template":"","meta":{"footnotes":""},"categories":[35],"tags":[],"class_list":["post-73","page","type-page","status-publish","hentry","category-startseite"],"_links":{"self":[{"href":"https:\/\/www.hsu-hh.de\/hsm\/wp-json\/wp\/v2\/pages\/73","targetHints":{"allow":["GET"]}}],"collection":[{"href":"https:\/\/www.hsu-hh.de\/hsm\/wp-json\/wp\/v2\/pages"}],"about":[{"href":"https:\/\/www.hsu-hh.de\/hsm\/wp-json\/wp\/v2\/types\/page"}],"author":[{"embeddable":true,"href":"https:\/\/www.hsu-hh.de\/hsm\/wp-json\/wp\/v2\/users\/1"}],"replies":[{"embeddable":true,"href":"https:\/\/www.hsu-hh.de\/hsm\/wp-json\/wp\/v2\/comments?post=73"}],"version-history":[{"count":61,"href":"https:\/\/www.hsu-hh.de\/hsm\/wp-json\/wp\/v2\/pages\/73\/revisions"}],"predecessor-version":[{"id":1140,"href":"https:\/\/www.hsu-hh.de\/hsm\/wp-json\/wp\/v2\/pages\/73\/revisions\/1140"}],"wp:attachment":[{"href":"https:\/\/www.hsu-hh.de\/hsm\/wp-json\/wp\/v2\/media?parent=73"}],"wp:term":[{"taxonomy":"category","embeddable":true,"href":"https:\/\/www.hsu-hh.de\/hsm\/wp-json\/wp\/v2\/categories?post=73"},{"taxonomy":"post_tag","embeddable":true,"href":"https:\/\/www.hsu-hh.de\/hsm\/wp-json\/wp\/v2\/tags?post=73"}],"curies":[{"name":"wp","href":"https:\/\/api.w.org\/{rel}","templated":true}]}}