{"id":281,"date":"2017-10-26T09:48:31","date_gmt":"2017-10-26T07:48:31","guid":{"rendered":"https:\/\/www.hsu-hh.de\/hsm\/?page_id=281"},"modified":"2025-12-12T11:14:11","modified_gmt":"2025-12-12T10:14:11","slug":"foerderung","status":"publish","type":"page","link":"https:\/\/www.hsu-hh.de\/hsm\/ziviles-studium\/foerderung","title":{"rendered":"Aktuelle Angebote f\u00fcr zivile Studierende"},"content":{"rendered":"\n<div class=\"wp-block-columns is-layout-flex wp-container-core-columns-is-layout-9d6595d7 wp-block-columns-is-layout-flex\">\n<div class=\"wp-block-column is-vertically-aligned-center is-layout-flow wp-block-column-is-layout-flow\"><div class=\"wp-block-image\">\n<figure class=\"aligncenter size-large is-resized\"><img loading=\"lazy\" decoding=\"async\" width=\"1024\" height=\"895\" src=\"https:\/\/www.hsu-hh.de\/hsm\/wp-content\/uploads\/sites\/796\/2020\/11\/Uebersicht_HSU-Kooperationspartner-03-1024x895.png\" data-credit=\"Michael B\u00f6lke \/ HSU\" alt=\"Kooperationspartner HSU\" class=\"wp-image-711\" style=\"object-fit:contain;width:425px;height:370px\" srcset=\"https:\/\/www.hsu-hh.de\/hsm\/wp-content\/uploads\/sites\/796\/2020\/11\/Uebersicht_HSU-Kooperationspartner-03-1024x895.png 1024w, https:\/\/www.hsu-hh.de\/hsm\/wp-content\/uploads\/sites\/796\/2020\/11\/Uebersicht_HSU-Kooperationspartner-03-300x262.png 300w, https:\/\/www.hsu-hh.de\/hsm\/wp-content\/uploads\/sites\/796\/2020\/11\/Uebersicht_HSU-Kooperationspartner-03-768x671.png 768w, https:\/\/www.hsu-hh.de\/hsm\/wp-content\/uploads\/sites\/796\/2020\/11\/Uebersicht_HSU-Kooperationspartner-03-1536x1342.png 1536w, https:\/\/www.hsu-hh.de\/hsm\/wp-content\/uploads\/sites\/796\/2020\/11\/Uebersicht_HSU-Kooperationspartner-03-2048x1790.png 2048w, https:\/\/www.hsu-hh.de\/hsm\/wp-content\/uploads\/sites\/796\/2020\/11\/Uebersicht_HSU-Kooperationspartner-03-1100x961.png 1100w\" sizes=\"auto, (max-width: 1024px) 100vw, 1024px\" \/><\/figure>\n<\/div><\/div>\n\n\n\n<div class=\"wp-block-column is-layout-flow wp-block-column-is-layout-flow\">\n<h2 class=\"wp-block-heading\"><strong>Studienpl\u00e4tze mit finanzieller F\u00f6rderung<\/strong><\/h2>\n\n\n\n<p>In der breiten \u00d6ffentlichkeit ist die Helmut-Schmidt-Universit\u00e4t insbesondere f\u00fcr die akademische Ausbildung von F\u00fchrungskr\u00e4ften der Bundeswehr bekannt, doch als Wissenschaftspartnerin des Bundes baute sie ihre Fachkr\u00e4fteentwicklung f\u00fcr zivile Bundesbeh\u00f6rden zuletzt massiv aus.<\/p>\n\n\n\n<p>Als &#8222;Universit\u00e4t des Bundes&#8220; unterst\u00fctzt die Helmut-Schmidt-Universit\u00e4t Ministerien, Beh\u00f6rden und Institutionen bei der gezielten Fachkr\u00e4fteentwicklung. Hierzu werden Kooperationen geschlossen, welche zahlreiche Stipendien- oder andere F\u00f6rderm\u00f6glichkeiten bieten, um hier an der <abbr title=\"Helmut Schmidt Universit\u00e4t\">HSU<\/abbr> einen Studienabschluss zu erwerben und im Nachgang hervorragende Karrierechancen im jeweiligen Unternehmen zu erhalten.<\/p>\n<\/div>\n<\/div>\n\n\n\n<p>In Kooperation mit anderen Bundesbeh\u00f6rden bietet sie attraktive, teilweise neue Studienangebote f\u00fcr zivile Interessent*innen, die f\u00fcr ihre sp\u00e4tere berufliche T\u00e4tigkeit beim jeweiligen Kooperationspartner zuvor an der <abbr title=\"Helmut Schmidt Universit\u00e4t\">HSU<\/abbr> eine fundierte akademische Grundlage erhalten.<\/p>\n\n\n\n<p>F\u00fcr Berufseinsteiger*innen interessant: Die Kooperationspartner \u00fcbernehmen nicht nur die Studiengeb\u00fchren, die f\u00fcr ein Studium an der <abbr title=\"Helmut Schmidt Universit\u00e4t\">HSU<\/abbr> anfallen. Studierende erhalten zudem ein attraktives monatliches Studienentgelt.<\/p>\n\n\n\n<p>Interessent*innen k\u00f6nnen sich direkt auf die Angebote der Kooperationspartner bewerben. Informationen und Links zu den jeweiligen Ausschreibungen finden Sie nachstehend:<\/p>\n\n\n\n<hr class=\"wp-block-separator has-alpha-channel-opacity\"\/>\n\n\n\n<p><\/p>\n\n\n\n<div style=\"height:30px\" aria-hidden=\"true\" class=\"wp-block-spacer\"><\/div>\n\n\n\n<div class=\"wp-block-columns is-layout-flex wp-container-core-columns-is-layout-9d6595d7 wp-block-columns-is-layout-flex\">\n<div class=\"wp-block-column is-vertically-aligned-center is-layout-flow wp-block-column-is-layout-flow\" style=\"flex-basis:20%\"><div class=\"wp-block-image\">\n<figure class=\"aligncenter size-full\"><img loading=\"lazy\" decoding=\"async\" width=\"300\" height=\"167\" src=\"https:\/\/www.hsu-hh.de\/hsm\/wp-content\/uploads\/sites\/796\/2018\/02\/logo-wasser-und-schifffahrtsverwaltung-des-bundes-300x167.jpg\" data-credit=\"WSV\" alt=\"WSV Logo\" class=\"wp-image-451\"\/><\/figure>\n<\/div><\/div>\n\n\n\n<div class=\"wp-block-column is-vertically-aligned-center is-layout-flow wp-block-column-is-layout-flow\" style=\"flex-basis:80%\">\n<p class=\"has-text-align-left\"><strong><strong><strong><strong>Stipendien im Studiengang Bauingenieurwesen (B.Sc.\/<abbr title=\"Master of Science\">M.Sc.<\/abbr>)<\/strong><\/strong><\/strong><\/strong><\/p>\n<\/div>\n<\/div>\n\n\n\n<p>Die Wasserstra\u00dfen- und Schifffahrtsverwaltung des Bundes (WSV) bietet in Kooperation mit der Helmut-Schmidt-Universit\u00e4t 18 Stipendien im Studiengang Bauingenieurwesen (Bachelor und Master) mit anschlie\u00dfender Besch\u00e4ftigungsoption in der Wasserstra\u00dfen- und Schifffahrtsverwaltung des Bundes.<\/p>\n\n\n\n<p>Die Kosten des Studiums tr\u00e4gt die WSV, dar\u00fcber hinaus wird den Studierenden ein Studienentgelt bezahlt.<\/p>\n\n\n\n<p>Bei Fragen direkt zum Angebot der WSV setzen Sie sich bitte mit der zust\u00e4ndigen Bearbeiterin Frau Gellenbeck in Verbindung:<br>E-Mail: <a href=\"mailto:Myriam.Gellenbeck@wsv.bund.de\" rel='nofollow'>Myriam.Gellenbeck@wsv.bund.de<\/a>, Telefon:&nbsp; +49 (0)228 7090-5475<br>Allgemeine Informationen zur WSV und dem Stipendium finden Sie <a href=\"https:\/\/www.hsu-hh.de\/hsm\/wp-content\/uploads\/sites\/796\/2023\/10\/Masterstudium.pdf\" target=\"_blank\" rel=\"noreferrer noopener\">hier.<\/a><\/p>\n\n\n\n<p>Die Ausschreibung f\u00fcr den Studienbeginn Oktober 2026 steht Ihnen nachstehend zum Download bereit:<br><\/p>\n\n\n\n<div class=\"wp-block-hsu-downloadblock\"><div class=\"thumbnail-area\"><img decoding=\"async\" src=\"\/wp-content\/themes\/hsu\/img\/dummy\/downloads_dummy.png\" alt=\"Download Symbol-Icon\"\/><\/div><div class=\"text-area\"><strong>Ausschreibung Bauingenieurwesen f\u00fcr 2026<\/strong><\/div><div class=\"download-area\"><a class=\"download-link\" href=\"https:\/\/www.hsu-hh.de\/hsm\/wp-content\/uploads\/sites\/796\/2025\/11\/Werbung-HSU-2026.pdf\"><span class=\"download-name\">pdf laden<\/span><span class=\"download-icon\"><img decoding=\"async\" class=\"download-icon\" alt=\"download icon\" src=\"\/wp-content\/themes\/hsu\/img\/icons\/download_icon.png\"\/><\/span><span class=\"download-size\">210 kB<\/span><\/a><\/div><\/div>\n\n\n\n<div style=\"height:30px\" aria-hidden=\"true\" class=\"wp-block-spacer\"><\/div>\n\n\n\n<hr class=\"wp-block-separator has-alpha-channel-opacity\"\/>\n\n\n\n<div style=\"height:30px\" aria-hidden=\"true\" class=\"wp-block-spacer\"><\/div>\n\n\n\n<div class=\"wp-block-columns is-layout-flex wp-container-core-columns-is-layout-9d6595d7 wp-block-columns-is-layout-flex\">\n<div class=\"wp-block-column is-vertically-aligned-center is-layout-flow wp-block-column-is-layout-flow\" style=\"flex-basis:20%\"><div class=\"wp-block-image\">\n<figure class=\"aligncenter size-full\"><img loading=\"lazy\" decoding=\"async\" width=\"519\" height=\"331\" src=\"https:\/\/www.hsu-hh.de\/hsm\/wp-content\/uploads\/sites\/796\/2018\/12\/Bw-e1575890351546.jpg\" data-credit=\"Bundeswehr\" alt=\"Bundeswehr Logo\" class=\"wp-image-535\" srcset=\"https:\/\/www.hsu-hh.de\/hsm\/wp-content\/uploads\/sites\/796\/2018\/12\/Bw-e1575890351546.jpg 519w, https:\/\/www.hsu-hh.de\/hsm\/wp-content\/uploads\/sites\/796\/2018\/12\/Bw-e1575890351546-300x191.jpg 300w\" sizes=\"auto, (max-width: 519px) 100vw, 519px\" \/><\/figure>\n<\/div><\/div>\n\n\n\n<div class=\"wp-block-column is-vertically-aligned-center is-layout-flow wp-block-column-is-layout-flow\" style=\"flex-basis:80%\">\n<p class=\"has-text-align-left\"><strong><strong><strong><strong><strong>35&nbsp; finanzierte Studienpl\u00e4tze im Studiengang Rechtswissenschaft f\u00fcr die \u00f6ffentliche Verwaltung (LL.B.)<\/strong><\/strong><\/strong><\/strong><\/strong><\/p>\n<\/div>\n<\/div>\n\n\n\n<p>Im Rahmen einer Kooperation mit dem Bundesamt f\u00fcr Personalmanagement der Bundeswehr (BAPersBw) werden f\u00fcr den Studiengang Rechtswissenschaft f\u00fcr die \u00f6ffentliche Verwaltung (LL.B.) j\u00e4hrlich 25 Studienpl\u00e4tze an zivile Interessenten vergeben. Die Studierenden erhalten ein mtl. Entgelt in H\u00f6he von \u20ac 1.475,- , s\u00e4mtliche Studiengeb\u00fchren werden vom BAPersBw \u00fcbernommen.<\/p>\n\n\n\n<p>Das Angebot richtet sich an Personen, die Interesse an einer rechtswissenschaftlichen Ausbildung mit Schwerpunkt \u00f6ffentliche Verwaltung haben.<br>Im Anschluss an das Bachelorstudium ist eine mehrj\u00e4hrige T\u00e4tigkeit im \u00f6ffentlichen Dienst, i.d.R. als Beamtin oder Beamter, vorgesehen.<\/p>\n\n\n\n<p>Bei Fragen direkt zum Angebot des BAPersBw setzen Sie sich bitte mit dem zust\u00e4ndigen Bearbeiter Herrn Jens Hoffmann in Verbindung: E-Mail: BAPersBwVSZWestSachgebiet1@bundeswehr.org, Telefon:&nbsp; +49 (0)211 959 2128<\/p>\n\n\n\n<p><strong>Weitere Informationen zum Angebot des BAPersBw finden Sie unter folgendem Link: <\/strong><br><a href=\"https:\/\/www.bundeswehrkarriere.de\/duales-studium-rechtswissenschaft-fuer-die-oeffentliche-verwaltung-156\" target=\"_blank\" rel=\"noreferrer noopener\">https:\/\/www.bundeswehrkarriere.de\/duales-studium-rechtswissenschaft-fuer-die-oeffentliche-verwaltung-156<\/a><\/p>\n\n\n\n<p>Ausschreibung f\u00fcr den Studienbeginn 2026 steht Ihnen nachfolgend zum Download bereit<\/p>\n\n\n\n<div class=\"wp-block-hsu-downloadblock\"><div class=\"thumbnail-area\"><img decoding=\"async\" src=\"\/wp-content\/themes\/hsu\/img\/dummy\/downloads_dummy.png\" alt=\"Download Symbol-Icon\"\/><\/div><div class=\"text-area\"><strong>Ausschreibung Rechtswissenschaft f\u00fcr die \u00f6ffentliche Verwaltung f\u00fcr 2026<\/strong><\/div><div class=\"download-area\"><a class=\"download-link\" href=\"https:\/\/www.hsu-hh.de\/hsm\/wp-content\/uploads\/sites\/796\/2025\/11\/5.-Ausschreibung-RoeV.pdf\"><span class=\"download-name\">pdf laden<\/span><span class=\"download-icon\"><img decoding=\"async\" class=\"download-icon\" alt=\"download icon\" src=\"\/wp-content\/themes\/hsu\/img\/icons\/download_icon.png\"\/><\/span><span class=\"download-size\">37 kB<\/span><\/a><\/div><\/div>\n\n\n\n<p><\/p>\n\n\n\n<div style=\"height:30px\" aria-hidden=\"true\" class=\"wp-block-spacer\"><\/div>\n\n\n\n<hr class=\"wp-block-separator has-alpha-channel-opacity\"\/>\n\n\n\n<div style=\"height:30px\" aria-hidden=\"true\" class=\"wp-block-spacer\"><\/div>\n\n\n\n<div class=\"wp-block-columns is-layout-flex wp-container-core-columns-is-layout-9d6595d7 wp-block-columns-is-layout-flex\">\n<div class=\"wp-block-column is-vertically-aligned-center is-layout-flow wp-block-column-is-layout-flow\" style=\"flex-basis:20%\"><div class=\"wp-block-image\">\n<figure class=\"aligncenter size-full\"><img loading=\"lazy\" decoding=\"async\" width=\"519\" height=\"331\" src=\"https:\/\/www.hsu-hh.de\/hsm\/wp-content\/uploads\/sites\/796\/2018\/12\/Bw-e1575890351546.jpg\" data-credit=\"Bundeswehr\" alt=\"Bundeswehr Logo\" class=\"wp-image-535\" srcset=\"https:\/\/www.hsu-hh.de\/hsm\/wp-content\/uploads\/sites\/796\/2018\/12\/Bw-e1575890351546.jpg 519w, https:\/\/www.hsu-hh.de\/hsm\/wp-content\/uploads\/sites\/796\/2018\/12\/Bw-e1575890351546-300x191.jpg 300w\" sizes=\"auto, (max-width: 519px) 100vw, 519px\" \/><\/figure>\n<\/div><\/div>\n\n\n\n<div class=\"wp-block-column is-vertically-aligned-center is-layout-flow wp-block-column-is-layout-flow\" style=\"flex-basis:80%\">\n<p class=\"has-text-align-left\"><strong>15 finanzierte Studienpl\u00e4tze im Studiengang Bauingenieurwesen (B.Sc.)<\/strong><\/p>\n<\/div>\n<\/div>\n\n\n\n<p>Im Rahmen einer Kooperation mit dem Bundesamt f\u00fcr Personalmanagement der Bundeswehr (BAPersBw) werden f\u00fcr den Bachelorstudiengang Bauingenieurwesen (B.Sc.) j\u00e4hrlich bis zu 15 Studienpl\u00e4tze an zivile Interessenten vergeben. Die Studierenden erhalten ein mtl. Entgelt in H\u00f6he von \u20ac 1.475,- , s\u00e4mtliche Studiengeb\u00fchren werden vom BAPersBw \u00fcbernommen.<br>Im Anschluss an das Bachelorstudium ist eine mehrj\u00e4hrige T\u00e4tigkeit im \u00f6ffentlichen Dienst, i.d.R. als Beamtin oder Beamter, vorgesehen.<\/p>\n\n\n\n<p>Bei Fragen direkt zum Angebot des BAPersBw setzen Sie sich bitte mit dem zust\u00e4ndigen Bearbeiter Herrn Jens Hoffmann in Verbindung: E-Mail: BAPersBwVSZWestSachgebiet1@bundeswehr.org, Telefon:&nbsp; +49 (0)211 959 2128<br><br>Die Zulassungsvoraussetzungen f\u00fcr das Studium an der <abbr title=\"Helmut Schmidt Universit\u00e4t\">HSU<\/abbr>\/ UniBw H finden Sie im Hamburgischen Hochschulgesetz (HmbHG \u00a7\u00a7 37, 38).<\/p>\n\n\n\n<p>Die Ausschreibung f\u00fcr den Studienbeginn Oktober 2026 steht Ihnen nachfolgend zum Download bereit:<\/p>\n\n\n\n<div class=\"wp-block-hsu-downloadblock\"><div class=\"thumbnail-area\"><img decoding=\"async\" src=\"\/wp-content\/themes\/hsu\/img\/dummy\/downloads_dummy.png\" alt=\"Download Symbol-Icon\"\/><\/div><div class=\"text-area\"><strong>Ausschreibung Bauingenieurwesen f\u00fcr 2026 <\/strong><\/div><div class=\"download-area\"><a class=\"download-link\" href=\"https:\/\/www.hsu-hh.de\/hsm\/wp-content\/uploads\/sites\/796\/2025\/11\/3.-Ausschreibung_Bauingenieurwesen_Bauingenieurwesen_Umweltwissenschaften.pdf\"><span class=\"download-name\">pdf laden<\/span><span class=\"download-icon\"><img decoding=\"async\" class=\"download-icon\" alt=\"download icon\" src=\"\/wp-content\/themes\/hsu\/img\/icons\/download_icon.png\"\/><\/span><span class=\"download-size\">30 kB<\/span><\/a><\/div><\/div>\n\n\n\n<div style=\"height:30px\" aria-hidden=\"true\" class=\"wp-block-spacer\"><\/div>\n\n\n\n<hr class=\"wp-block-separator has-alpha-channel-opacity\"\/>\n\n\n\n<div style=\"height:30px\" aria-hidden=\"true\" class=\"wp-block-spacer\"><\/div>\n\n\n\n<div class=\"wp-block-columns is-layout-flex wp-container-core-columns-is-layout-9d6595d7 wp-block-columns-is-layout-flex\">\n<div class=\"wp-block-column is-vertically-aligned-center is-layout-flow wp-block-column-is-layout-flow\" style=\"flex-basis:20%\"><div class=\"wp-block-image\">\n<figure class=\"aligncenter size-full\"><img loading=\"lazy\" decoding=\"async\" width=\"519\" height=\"331\" src=\"https:\/\/www.hsu-hh.de\/hsm\/wp-content\/uploads\/sites\/796\/2018\/12\/Bw-e1575890351546.jpg\" data-credit=\"Bundeswehr\" alt=\"Bundeswehr Logo\" class=\"wp-image-535\" srcset=\"https:\/\/www.hsu-hh.de\/hsm\/wp-content\/uploads\/sites\/796\/2018\/12\/Bw-e1575890351546.jpg 519w, https:\/\/www.hsu-hh.de\/hsm\/wp-content\/uploads\/sites\/796\/2018\/12\/Bw-e1575890351546-300x191.jpg 300w\" sizes=\"auto, (max-width: 519px) 100vw, 519px\" \/><\/figure>\n<\/div><\/div>\n\n\n\n<div class=\"wp-block-column is-vertically-aligned-center is-layout-flow wp-block-column-is-layout-flow\" style=\"flex-basis:80%\">\n<p><strong>Finanziertes Dual- Studium im Rahmen der Laufbahnausbildung gehobener technischer Dienst (Wehrtechnik<\/strong>)<\/p>\n<\/div>\n<\/div>\n\n\n\n<p>Im Rahmen der Laufbahnausbildung des gehobenen technischen Dienstes besteht die M\u00f6glichkeit, an der <abbr title=\"Helmut Schmidt Universit\u00e4t\">HSU<\/abbr>\/UniBw H die Bachelor-Studieng\u00e4nge<\/p>\n\n\n\n<ul class=\"wp-block-list\">\n<li><strong>Digital Engineering<\/strong> sowie<\/li>\n\n\n\n<li><strong>Klimafreundliche elektrische Energie und Mobilit\u00e4t<\/strong> zu absolvieren<\/li>\n<\/ul>\n\n\n\n<p>Die Laufbahnausbildung f\u00fcr den gehobenen technischen Dienst in Deutschland ist ein spezialisierter Vorbereitungsdienst, der Beamtenanw\u00e4rter auf verantwortungsvolle Fach- und Managementaufgaben im \u00f6ffentlichen Dienst vorbereitet. Sie endet mit der Laufbahnpr\u00fcfung, deren erfolgreicher Abschluss die Bef\u00e4higung f\u00fcr diese Laufbahn verleiht.&nbsp;<\/p>\n\n\n\n<p>Das Studium findet an der <abbr title=\"Helmut Schmidt Universit\u00e4t\">HSU<\/abbr>\/UniBw H statt. Die zus\u00e4tzlichen bundeswehrspezifischen Lehrg\u00e4nge werden <abbr title=\"unter anderem\">u.a.<\/abbr> am Bildungszentrum der Bundeswehr in Mannheim durchgef\u00fchrt. Die dazugeh\u00f6rigen Praktika absolvieren Sie in verschiedenen Dienststellen der Bundeswehr.<\/p>\n\n\n\n<p>Zum Studienstart Oktober 2026 erfolgt die Einstellung zum 01.09.2026. Hierf\u00fcr ist der <strong>Ausschreibungsschluss der 02.03.2025<\/strong><br>Gerne k\u00f6nnen Sie sich aber auch bereits f\u00fcr Folgeeinstellungstermine bewerben.<\/p>\n\n\n\n<p>Den Link f\u00fcr die direkte Online Bewerbung finden Sie <a href=\"https:\/\/bewerbung.bundeswehr-karriere.de\/erece\/portal\/index.html#\/JobDetail\/none\/ThreeColumnsEndExpanded\/FA163EC863931FE0ADC94131A1C80545\/?json=%257B%2522Keywords%2522:%2522216S_0926%2522%257D\" data-type=\"link\" data-id=\"https:\/\/bewerbung.bundeswehr-karriere.de\/erece\/portal\/index.html#\/JobDetail\/none\/ThreeColumnsEndExpanded\/FA163EC863931FE0ADC94131A1C80545\/?json=%257B%2522Keywords%2522:%2522216S_0926%2522%257D\" target=\"_blank\" rel=\"noreferrer noopener\">hier<\/a>.<\/p>\n\n\n\n<p><\/p>\n\n\n\n<div class=\"wp-block-hsu-downloadblock\"><div class=\"thumbnail-area\"><img decoding=\"async\" src=\"\/wp-content\/themes\/hsu\/img\/dummy\/downloads_dummy.png\" alt=\"Download Symbol-Icon\"\/><\/div><div class=\"text-area\"><strong>Ausschreibung Bw Duales Studium Engineering 2026<\/strong><\/div><div class=\"download-area\"><a class=\"download-link\" href=\"https:\/\/www.hsu-hh.de\/hsm\/wp-content\/uploads\/sites\/796\/2025\/12\/Ausschreibung-Duales-Studium-B.-Engineering-2026.pdf\"><span class=\"download-name\">pdf laden<\/span><span class=\"download-icon\"><img decoding=\"async\" class=\"download-icon\" alt=\"download icon\" src=\"\/wp-content\/themes\/hsu\/img\/icons\/download_icon.png\"\/><\/span><span class=\"download-size\">30 kB<\/span><\/a><\/div><\/div>\n\n\n\n<p><\/p>\n\n\n\n<div style=\"height:30px\" aria-hidden=\"true\" class=\"wp-block-spacer\"><\/div>\n\n\n\n<hr class=\"wp-block-separator has-alpha-channel-opacity\"\/>\n\n\n\n<div style=\"height:30px\" aria-hidden=\"true\" class=\"wp-block-spacer\"><\/div>\n\n\n\n<div class=\"wp-block-columns is-layout-flex wp-container-core-columns-is-layout-9d6595d7 wp-block-columns-is-layout-flex\">\n<div class=\"wp-block-column is-vertically-aligned-center is-layout-flow wp-block-column-is-layout-flow\" style=\"flex-basis:20%\"><div class=\"wp-block-image\">\n<figure class=\"aligncenter size-full\"><img loading=\"lazy\" decoding=\"async\" width=\"519\" height=\"331\" src=\"https:\/\/www.hsu-hh.de\/hsm\/wp-content\/uploads\/sites\/796\/2018\/12\/Bw-e1575890351546.jpg\" data-credit=\"Bundeswehr\" alt=\"Bundeswehr Logo\" class=\"wp-image-535\" srcset=\"https:\/\/www.hsu-hh.de\/hsm\/wp-content\/uploads\/sites\/796\/2018\/12\/Bw-e1575890351546.jpg 519w, https:\/\/www.hsu-hh.de\/hsm\/wp-content\/uploads\/sites\/796\/2018\/12\/Bw-e1575890351546-300x191.jpg 300w\" sizes=\"auto, (max-width: 519px) 100vw, 519px\" \/><\/figure>\n<\/div><\/div>\n\n\n\n<div class=\"wp-block-column is-vertically-aligned-center is-layout-flow wp-block-column-is-layout-flow\" style=\"flex-basis:80%\">\n<p class=\"has-text-align-left\"><strong>Stipendien des Bundesministeriums der Verteidigung<\/strong><\/p>\n<\/div>\n<\/div>\n\n\n\n<p>Zur Gewinnung geeigneter ziviler Nachwuchskr\u00e4fte vergibt auch das Bundesministerium der Verteidigung Stipendien an zivile Studierende der Fachrichtungen Informationstechnik und Elektrotechnik.<\/p>\n\n\n\n<p>Neben den Studiengeb\u00fchren umfasst das Stipendium einen Beitrag in H\u00f6he von 580 Euro\/Monat zu den Lebenshaltungskosten, einen Beitrag zu den studentischen Sozialeinrichtungen und Krankenversicherung von 300 Euro\/Trimester, einen Lernmittelzuschuss von 100 Euro\/Trimester und einen Zuschuss f\u00fcr Exkursionen <abbr title=\"et cetera\">etc.<\/abbr> von bis zu 250 Euro\/Kalenderjahr.<\/p>\n\n\n\n<p>Weitere Informationen finden Sie <a href=\"https:\/\/www.hsu-hh.de\/hsm\/flyer-stipendium-technische-studiengaenge-05-2015-data1\/\" target=\"_blank\" rel=\"noreferrer noopener\">hier<\/a>.<br><br>Der Link zum Online Bewerbungsportal: <a href=\"https:\/\/www.bundeswehrkarriere.de\/stipendium-fuer-technische-studiengaenge-365\" rel='nofollow'>https:\/\/www.bundeswehrkarriere.de\/stipendium-fuer-technische-studiengaenge-365<\/a><\/p>\n\n\n\n<hr class=\"wp-block-separator has-alpha-channel-opacity\"\/>\n\n\n\n<p>Derzeit stehen wir in Kooperationsgespr\u00e4chen mit weiteren Partnern. Angebote hierzu werden jeweils auf dieser Seite ver\u00f6ffentlicht. Schauen Sie einfach ab und zu vorbei!<\/p>\n\n\n\n<hr class=\"wp-block-separator has-alpha-channel-opacity\"\/>\n","protected":false},"excerpt":{"rendered":"<p>Studienpl\u00e4tze mit finanzieller F\u00f6rderung In der breiten \u00d6ffentlichkeit ist die Helmut-Schmidt-Universit\u00e4t insbesondere f\u00fcr die akademische Ausbildung von F\u00fchrungskr\u00e4ften der Bundeswehr bekannt, doch als Wissenschaftspartnerin des Bundes baute sie ihre Fachkr\u00e4fteentwicklung [&hellip;]<\/p>\n","protected":false},"author":108,"featured_media":0,"parent":133,"menu_order":0,"comment_status":"closed","ping_status":"closed","template":"","meta":{"footnotes":""},"categories":[6],"tags":[],"class_list":["post-281","page","type-page","status-publish","hentry","category-lehre"],"_links":{"self":[{"href":"https:\/\/www.hsu-hh.de\/hsm\/wp-json\/wp\/v2\/pages\/281","targetHints":{"allow":["GET"]}}],"collection":[{"href":"https:\/\/www.hsu-hh.de\/hsm\/wp-json\/wp\/v2\/pages"}],"about":[{"href":"https:\/\/www.hsu-hh.de\/hsm\/wp-json\/wp\/v2\/types\/page"}],"author":[{"embeddable":true,"href":"https:\/\/www.hsu-hh.de\/hsm\/wp-json\/wp\/v2\/users\/108"}],"replies":[{"embeddable":true,"href":"https:\/\/www.hsu-hh.de\/hsm\/wp-json\/wp\/v2\/comments?post=281"}],"version-history":[{"count":221,"href":"https:\/\/www.hsu-hh.de\/hsm\/wp-json\/wp\/v2\/pages\/281\/revisions"}],"predecessor-version":[{"id":1137,"href":"https:\/\/www.hsu-hh.de\/hsm\/wp-json\/wp\/v2\/pages\/281\/revisions\/1137"}],"up":[{"embeddable":true,"href":"https:\/\/www.hsu-hh.de\/hsm\/wp-json\/wp\/v2\/pages\/133"}],"wp:attachment":[{"href":"https:\/\/www.hsu-hh.de\/hsm\/wp-json\/wp\/v2\/media?parent=281"}],"wp:term":[{"taxonomy":"category","embeddable":true,"href":"https:\/\/www.hsu-hh.de\/hsm\/wp-json\/wp\/v2\/categories?post=281"},{"taxonomy":"post_tag","embeddable":true,"href":"https:\/\/www.hsu-hh.de\/hsm\/wp-json\/wp\/v2\/tags?post=281"}],"curies":[{"name":"wp","href":"https:\/\/api.w.org\/{rel}","templated":true}]}}