{"id":275,"date":"2017-10-26T09:36:58","date_gmt":"2017-10-26T07:36:58","guid":{"rendered":"https:\/\/www.hsu-hh.de\/hsm\/?page_id=275"},"modified":"2021-05-27T13:25:39","modified_gmt":"2021-05-27T11:25:39","slug":"bewerbung","status":"publish","type":"page","link":"https:\/\/www.hsu-hh.de\/hsm\/ziviles-studium\/bewerbung","title":{"rendered":"Bewerbung an der HSU"},"content":{"rendered":"\n<div class=\"wp-block-columns is-layout-flex wp-container-core-columns-is-layout-9d6595d7 wp-block-columns-is-layout-flex\">\n<div class=\"wp-block-column is-layout-flow wp-block-column-is-layout-flow\" style=\"flex-basis:100%\">\n<p>Wenn Sie sich f\u00fcr ein <a href=\"https:\/\/www.hsu-hh.de\/hsm\/ziviles-studium\/foerderung\" target=\"_blank\" rel=\"noopener\">Studienangebot unserer Kooperationspartner<\/a> interessieren und dort das Auswahlverfahren erfolgreich durchlaufen haben, wird das Bewerbungsverfahren automatisch \u00fcber Ihr entsendendes Unternehmen eingeleitet. Sie selber brauchen in diesem Fall nicht t\u00e4tig werden.<\/p>\n<p>F\u00fcr alle Studieninteressierten, welche sich im <strong>Rahmen des Berufsf\u00f6rderungsdienstes (BFD)<\/strong> an der Helmut-Schmidt-Universit\u00e4t bewerben m\u00f6chten, haben wir hier die einzelnen Schritte des Bewerbungsverfahrens aufgelistet:<\/p>\n<p style=\"padding-left: 30px\"><strong>Kontaktaufnahme<\/strong><br \/>Bitte nehmen Sie Kontakt mit uns auf, um die jeweiligen freien Kapazit\u00e4ten in dem gew\u00fcnschten Studiengang zu erfragen. Teilen Sie uns hierf\u00fcr bitte mit, f\u00fcr welchen Studiengang Sie sich bewerben und wann Sie beginnen m\u00f6chten. Die Bachelor-Studieng\u00e4nge beginnen jeweils zum 1. Oktober, die Master-Studieng\u00e4nge zum 1. Januar eines Jahres.<\/p>\n<p style=\"padding-left: 30px\"><strong>Bewerbungsfristen<\/strong><br \/>Zur Zeit gibt es formal\u00a0 keine Bewerbungsfristen an der Helmut-Schmidt-Universit\u00e4t. Es empfiehlt sich jedoch, die Bewerbung mind. 4 Monate vor Studienbeginn an uns zu richten. Mit dem fr\u00fchzeitigen Eingang Ihrer vollst\u00e4ndigen Bewerbungsunterlagen erh\u00f6hen sich Ihre Chancen auf den gew\u00fcnschten Studienplatz.<\/p>\n<p>\u00a0<\/p>\n<div class=\"background-grey\">\n<p>Um Ihre Bewerbung bearbeiten zu k\u00f6nnen, ben\u00f6tigen wir Ihre vollst\u00e4ndigen Bewerbungsunterlagen:<\/p>\n<ul>\n<li>\n<div class=\"background-grey\"><strong>Anschreiben:<\/strong> Im Anschreiben m\u00fcssen Ihr Name, Ihre Kontaktdaten, der gew\u00fcnschte Studiengang (einschlie\u00dflich des zu erreichenden Grades) und der geplante Studienbeginn aufgef\u00fchrt sein. Nennen Sie uns bitte ferner Ihre Beweggr\u00fcnde f\u00fcr ein Studium an der Helmut-Schmidt-Universit\u00e4t (<strong>Motivationsschreiben<\/strong>).<\/div>\n<\/li>\n<li>\n<div class=\"background-grey\"><strong>Lebenslauf<\/strong>: Bitte f\u00fcgen Sie der Bewerbung einen tabellarischen Lebenslauf bei.<\/div>\n<\/li>\n<li>\n<div class=\"background-grey\"><strong>Bachelor-Studium<\/strong>: Wenn Sie sich f\u00fcr einen Bachelor-Studiengang an der <abbr title=\"Helmut-Schmidt-Universit\u00e4t\">HSU<\/abbr> bewerben m\u00f6chten, ben\u00f6tigen wir einen Nachweis \u00fcber Ihre Hochschulzugangsberechtigung gem. \u00a7 37 oder \u00a7 38\u00a0 HmbHG (<abbr title=\"zum Beispiel\">z.B.<\/abbr> Abiturzeugnis).<\/div>\n<div class=\"background-grey\"><strong>Master-Studium<\/strong>: Wenn Sie sich f\u00fcr einen Master-Studiengang bewerben m\u00f6chten, ben\u00f6tigen Sie ein fachlich einschl\u00e4giges Bachelor-Studium mit der Note &#8222;gut&#8220; (2,5 oder besser). Ausnahmen und Besonderheiten sind in der Allgemeinen Pr\u00fcfungsordnung (APO) geregelt.<br \/>Als Nachweis ben\u00f6tigen wir Ihr Bachelor-Zeugnis &#8211; <abbr title=\"beziehungsweise\">bzw.<\/abbr> falls dieses noch nicht vorliegt &#8211; das Transcript of Records. Bitte \u00fcberpr\u00fcfen Sie im Vorwege, ob grunds\u00e4tzlich eine &#8222;fachliche Einschl\u00e4gigkeit&#8220; vorliegt, indem Sie Ihren Bachelor-Studiengang mit dem entsprechendem Bachelor-Studiengang an der Helmut-Schmidt-Universit\u00e4t vergleichen. Zur \u00dcberpr\u00fcfung k\u00f6nnen Sie die jeweiligen fachspezifischen Pr\u00fcfungsordnungen (FSPO) sowie die jeweiligen Modulbeschreibungen heranziehen.<\/div>\n<\/li>\n<li>\n<div class=\"background-grey\"><strong>Best\u00e4tigung Berufsf\u00f6rderungsdienst<\/strong>: Bitte legen Sie eine Kopie des aktuellen &#8222;Bescheid \u00fcber die Feststellung Ihres Anspruchs auf schulische und berufliche Bildung nach \u00a75 Soldatenversorgungsgesetz (SVG)&#8220; bei.<\/div>\n<\/li>\n<\/ul>\n<\/div>\n<p>\u00a0<\/p>\n<p>Bitte richten Sie Ihre vollst\u00e4ndigen Bewerbungsunterlagen per E-Mail direkt an das <a href=\"https:\/\/www.hsu-hh.de\/hsm\/kontakt\/\" target=\"_blank\" rel=\"noopener noreferrer\">Hochschulmarketing<\/a>. Hier werden Ihre Unterlagen gesichtet und das Pr\u00fcfungsverfahren innerhalb der Universit\u00e4t koordiniert.<\/p>\n<p>F\u00fcr weitere Informationen und ein pers\u00f6nliches Gespr\u00e4ch sind wir jederzeit f\u00fcr Sie da!<\/p>\n<\/div>\n<\/div>\n","protected":false},"excerpt":{"rendered":"<p>Wenn Sie sich f\u00fcr ein Studienangebot unserer Kooperationspartner interessieren und dort das Auswahlverfahren erfolgreich durchlaufen haben, wird das Bewerbungsverfahren automatisch \u00fcber Ihr entsendendes Unternehmen eingeleitet. Sie selber brauchen in diesem [&hellip;]<\/p>\n","protected":false},"author":108,"featured_media":0,"parent":133,"menu_order":0,"comment_status":"closed","ping_status":"closed","template":"","meta":{"footnotes":""},"categories":[4],"tags":[],"class_list":["post-275","page","type-page","status-publish","hentry","category-forschung"],"_links":{"self":[{"href":"https:\/\/www.hsu-hh.de\/hsm\/wp-json\/wp\/v2\/pages\/275","targetHints":{"allow":["GET"]}}],"collection":[{"href":"https:\/\/www.hsu-hh.de\/hsm\/wp-json\/wp\/v2\/pages"}],"about":[{"href":"https:\/\/www.hsu-hh.de\/hsm\/wp-json\/wp\/v2\/types\/page"}],"author":[{"embeddable":true,"href":"https:\/\/www.hsu-hh.de\/hsm\/wp-json\/wp\/v2\/users\/108"}],"replies":[{"embeddable":true,"href":"https:\/\/www.hsu-hh.de\/hsm\/wp-json\/wp\/v2\/comments?post=275"}],"version-history":[{"count":20,"href":"https:\/\/www.hsu-hh.de\/hsm\/wp-json\/wp\/v2\/pages\/275\/revisions"}],"predecessor-version":[{"id":805,"href":"https:\/\/www.hsu-hh.de\/hsm\/wp-json\/wp\/v2\/pages\/275\/revisions\/805"}],"up":[{"embeddable":true,"href":"https:\/\/www.hsu-hh.de\/hsm\/wp-json\/wp\/v2\/pages\/133"}],"wp:attachment":[{"href":"https:\/\/www.hsu-hh.de\/hsm\/wp-json\/wp\/v2\/media?parent=275"}],"wp:term":[{"taxonomy":"category","embeddable":true,"href":"https:\/\/www.hsu-hh.de\/hsm\/wp-json\/wp\/v2\/categories?post=275"},{"taxonomy":"post_tag","embeddable":true,"href":"https:\/\/www.hsu-hh.de\/hsm\/wp-json\/wp\/v2\/tags?post=275"}],"curies":[{"name":"wp","href":"https:\/\/api.w.org\/{rel}","templated":true}]}}