{"id":271,"date":"2017-10-26T09:30:49","date_gmt":"2017-10-26T07:30:49","guid":{"rendered":"https:\/\/www.hsu-hh.de\/hsm\/?page_id=271"},"modified":"2021-05-27T13:33:47","modified_gmt":"2021-05-27T11:33:47","slug":"zulassungsvoraussetzungen","status":"publish","type":"page","link":"https:\/\/www.hsu-hh.de\/hsm\/ziviles-studium\/zulassungsvoraussetzungen","title":{"rendered":"Zulassungsvoraussetzungen"},"content":{"rendered":"<p><br \/>F\u00fcr f\u00fcr ein Studium an der Helmut-Schmidt-Universit\u00e4t zugelassen zu werden ist es zwingend erforderlich, dass Sie durch ein Kooperationsunternehmen an die HSU entsendet oder als ausscheidender Soldat durch den Berufsf\u00f6rderungsdienst gef\u00f6rdert werden.<br \/>Eine Einschreibung von sogenannten &#8222;Selbstzahlern&#8220;, wie an Landesuniversit\u00e4ten \/ Privatuniversit\u00e4ten \u00fcblich, ist an der HSU leider nicht m\u00f6glich.<\/p>\n<h3>Allgemeine Zulassungsvoraussetzungen<\/h3>\n<p><img loading=\"lazy\" decoding=\"async\" class=\"wp-image-420 size-medium alignright\" src=\"https:\/\/www.hsu-hh.de\/hsm\/wp-content\/uploads\/sites\/796\/2017\/11\/Bibliothek-300x200.jpg\" alt=\"Studierende in Bibliotek\" width=\"300\" height=\"200\" srcset=\"https:\/\/www.hsu-hh.de\/hsm\/wp-content\/uploads\/sites\/796\/2017\/11\/Bibliothek-300x200.jpg 300w, https:\/\/www.hsu-hh.de\/hsm\/wp-content\/uploads\/sites\/796\/2017\/11\/Bibliothek-768x511.jpg 768w, https:\/\/www.hsu-hh.de\/hsm\/wp-content\/uploads\/sites\/796\/2017\/11\/Bibliothek-1024x681.jpg 1024w, https:\/\/www.hsu-hh.de\/hsm\/wp-content\/uploads\/sites\/796\/2017\/11\/Bibliothek.jpg 1648w\" sizes=\"auto, (max-width: 300px) 100vw, 300px\" \/>Gem. \u00a7 5 der Allgemeinen Pr\u00fcfungsordnung f\u00fcr die Bachelor-Studieng\u00e4nge und f\u00fcr die Master-Studieng\u00e4nge an der <abbr title=\"Helmut-Schmidt-Universit\u00e4t\">HSU<\/abbr>\/UniBW Hamburg (APO) kann zum Bachelor-Studium grunds\u00e4tzlich zugelassen werden, wer die in \u00a7 37 oder \u00a7 38 des Hamburgischen Hochschulgesetzes (HmbHG) geforderten Bildungsvorraussetzungen nachweist.<\/p>\n<p>Zum Master-Studium kann grunds\u00e4tzlich zugelassen werden, wer ein fachlich einschl\u00e4giges Bachelor-Studium an einer Hochschule mit mindestens der Gesamtnote &#8222;gut&#8220; (2,5 oder besser) abgeschlossen hat. Detaillierte Angaben und Besonderheiten finden Sie in der Allgemeinen Pr\u00fcfungsordnung (APO).<\/p>\n<p>Die jeweiligen\u00a0fachspezifischen Pr\u00fcfungsordnungen (FSPO) k\u00f6nnen dar\u00fcber hinaus weitere Zulassungsvoraussetzungen (z. B. Vor-Praktika) vorsehen. Sie regeln zudem, welche Studieng\u00e4nge fachlich einschl\u00e4gig sind.<\/p>\n<h3>\u00a0<\/h3>\n<h3>Spezifische Zulassungsvoraussetzungen<\/h3>\n<p><strong>Freie Kapazit\u00e4ten<\/strong><br \/>Voraussetzung ist weiterhin, dass in dem gew\u00fcnschten Studiengang freie Pl\u00e4tze vorhanden sind. Denn um das vorherrschende Kleingruppenprinzip und die akademische Betreuung &#8211; und damit den Studienerfolg &#8211; nicht zu gef\u00e4hrden, bestehen Kapazit\u00e4tsobergrenzen in unseren Studieng\u00e4ngen. Freie Kapazit\u00e4ten k\u00f6nnen sich durch Unterbelegung bestimmter Studieng\u00e4nge ergeben, aber auch im laufenden Studienjahr entstehen &#8211; durch Studierende, die den Studiengang wechseln, das Studium abbrechen oder nicht bestehen.<\/p>\n<p>Aufgrund der dadurch entstehenden Schwankungen k\u00f6nnen wir keine l\u00e4ngerfristig verbindlichen Zahlen ver\u00f6ffentlichen. Wir bitten Sie daher, sich bei Interesse an einem Studiengang im Vorwege mit uns in Verbindung zu setzen, um die aktuell bestehenden freien Kapazit\u00e4ten im gew\u00fcnschten Studiengang zu erfragen.<\/p>\n<p><strong>\u00dcbernahme der anteiligen Studiengeb\u00fchren f\u00fcr Studierende von Kooperationsunternehmen<\/strong><br \/>Gute Qualit\u00e4t hat ihren Preis: F\u00fcr zivile Studierende werden anteilig Studiengeb\u00fchren erhoben, welche im Rahmen einer gezielten Fachkr\u00e4fteentwicklung von dem entsendenden Kooperationsunternehmen\/Beh\u00f6rde (Industriestipendium)\u00a0 \u00fcbernommen werden.<br \/>Eine eigenst\u00e4ndige \u00dcbernahme der Geb\u00fchren (als Selbstzahler) ist nicht m\u00f6glich.<\/p>\n<p>Je nach Studiengang betragen die Studiengeb\u00fchren wie folgt:<\/p>\n<div class=\"content-block3\">\n<div class=\"background-grey\">\n<p><strong>Ingenieurwissenschaften<\/strong><br \/>Bachelor:\u00a0 23.962,50 \u20ac<br \/>Master: \u00a0 \u00a0\u00a0 18.637,50 \u20ac<\/p>\n<\/div>\n<\/div>\n<div class=\"content-block3\">\n<div class=\"background-grey\">\n<p><strong>Geisteswissenschaften<\/strong><br \/>Bachelor:\u00a0 20.587,50 \u20ac<br \/>Master:\u00a0\u00a0\u00a0\u00a0\u00a0 16.012,50 \u20ac<\/p>\n<\/div>\n<\/div>\n<div class=\"content-block3\">\n<div class=\"background-grey\">\n<p><strong>Rechts-\/Wirtschafts- und Sozialwissenschaften<\/strong><br \/>Bachelor:\u00a0 30.825,00 \u20ac<br \/>Master:\u00a0\u00a0\u00a0\u00a0 23.975,00 \u20ac<\/p>\n<\/div>\n<\/div>\n<hr \/>\n\n\n<p><\/p>\n\n\n\n<p><\/p>\n\n\n\n<p><strong>Erm\u00e4\u00dfigte<\/strong> <strong>Studiengeb\u00fchren f\u00fcr BFD-Studierende<\/strong><br>Das Studium f\u00fcr ausscheidende Soldaten wird im Rahmen der Eingliederungsma\u00dfnahmen durch den Berufsf\u00f6rderungsdienst finanziert. Hier gelten erm\u00e4\u00dfgte Studiengeb\u00fchren, welche der BFD im Umfang des jeweiligen Anspruchs auf F\u00f6rderung schulischer und beruflicher Bildung nach der Wehrdienstzeit, tr\u00e4gt.<br>Diese betragen f\u00fcr alle Studieng\u00e4nge einheitlich 1.250 \u20ac \/ Studientrimester.<br>Die gesamten Studiengeb\u00fchrenf\u00fcr einen Bachelor-Studiengang betragen somit 8.750 \u20ac, f\u00fcr einen Master-Studiengang 6.250,- \u20ac.<\/p>\n","protected":false},"excerpt":{"rendered":"<p>F\u00fcr f\u00fcr ein Studium an der Helmut-Schmidt-Universit\u00e4t zugelassen zu werden ist es zwingend erforderlich, dass Sie durch ein Kooperationsunternehmen an die HSU entsendet oder als ausscheidender Soldat durch den Berufsf\u00f6rderungsdienst [&hellip;]<\/p>\n","protected":false},"author":108,"featured_media":0,"parent":133,"menu_order":0,"comment_status":"closed","ping_status":"closed","template":"","meta":{"footnotes":""},"categories":[4],"tags":[],"class_list":["post-271","page","type-page","status-publish","hentry","category-forschung"],"_links":{"self":[{"href":"https:\/\/www.hsu-hh.de\/hsm\/wp-json\/wp\/v2\/pages\/271","targetHints":{"allow":["GET"]}}],"collection":[{"href":"https:\/\/www.hsu-hh.de\/hsm\/wp-json\/wp\/v2\/pages"}],"about":[{"href":"https:\/\/www.hsu-hh.de\/hsm\/wp-json\/wp\/v2\/types\/page"}],"author":[{"embeddable":true,"href":"https:\/\/www.hsu-hh.de\/hsm\/wp-json\/wp\/v2\/users\/108"}],"replies":[{"embeddable":true,"href":"https:\/\/www.hsu-hh.de\/hsm\/wp-json\/wp\/v2\/comments?post=271"}],"version-history":[{"count":14,"href":"https:\/\/www.hsu-hh.de\/hsm\/wp-json\/wp\/v2\/pages\/271\/revisions"}],"predecessor-version":[{"id":807,"href":"https:\/\/www.hsu-hh.de\/hsm\/wp-json\/wp\/v2\/pages\/271\/revisions\/807"}],"up":[{"embeddable":true,"href":"https:\/\/www.hsu-hh.de\/hsm\/wp-json\/wp\/v2\/pages\/133"}],"wp:attachment":[{"href":"https:\/\/www.hsu-hh.de\/hsm\/wp-json\/wp\/v2\/media?parent=271"}],"wp:term":[{"taxonomy":"category","embeddable":true,"href":"https:\/\/www.hsu-hh.de\/hsm\/wp-json\/wp\/v2\/categories?post=271"},{"taxonomy":"post_tag","embeddable":true,"href":"https:\/\/www.hsu-hh.de\/hsm\/wp-json\/wp\/v2\/tags?post=271"}],"curies":[{"name":"wp","href":"https:\/\/api.w.org\/{rel}","templated":true}]}}