{"id":133,"date":"2017-10-16T13:12:48","date_gmt":"2017-10-16T11:12:48","guid":{"rendered":"https:\/\/www.hsu-hh.de\/hsm\/?page_id=133"},"modified":"2024-04-23T14:18:44","modified_gmt":"2024-04-23T12:18:44","slug":"ziviles-studium","status":"publish","type":"page","link":"https:\/\/www.hsu-hh.de\/hsm\/ziviles-studium","title":{"rendered":"Als Zivilist an der HSU studieren"},"content":{"rendered":"\n<div class=\"wp-block-columns is-layout-flex wp-container-core-columns-is-layout-9d6595d7 wp-block-columns-is-layout-flex\">\n<div class=\"wp-block-column is-layout-flow wp-block-column-is-layout-flow\" style=\"flex-basis:100%\">\n\n\n<p><img loading=\"lazy\" decoding=\"async\" class=\"alignleft wp-image-202 size-medium\" src=\"https:\/\/www.hsu-hh.de\/hsm\/wp-content\/uploads\/sites\/796\/2017\/10\/00-300x211.jpg\" alt=\"B\u00fcste Helmut Schmidt\" width=\"300\" height=\"211\" srcset=\"https:\/\/www.hsu-hh.de\/hsm\/wp-content\/uploads\/sites\/796\/2017\/10\/00-300x211.jpg 300w, https:\/\/www.hsu-hh.de\/hsm\/wp-content\/uploads\/sites\/796\/2017\/10\/00-768x541.jpg 768w, https:\/\/www.hsu-hh.de\/hsm\/wp-content\/uploads\/sites\/796\/2017\/10\/00-1024x721.jpg 1024w\" sizes=\"auto, (max-width: 300px) 100vw, 300px\" \/>Die Helmut-Schmidt-Universit\u00e4t ist eine staatlich anerkannte Hochschule mit hochwertigen, zivil ausgerichteten Intensiv-Studieng\u00e4ngen.<\/p>\n<p>Die vier Fakult\u00e4ten der Universit\u00e4t, die Fakult\u00e4t f\u00fcr Elektrotechnik, Maschinenbau, Geistes- und Sozialwissenschaften und Wirtschaft- und Sozialwissenschaften, bieten insgesamt 13\u00a0 grundlagenorientierte Bachelor- und 20 spezialisierende Master-Studieng\u00e4nge an.<\/p>\n<p>Hier finden Sie eine <a href=\"https:\/\/www.hsu-hh.de\/hsm\/wp-content\/uploads\/sites\/796\/2024\/04\/Studienangebote_Uebersicht__D-240418.pdf\">\u00dcbersicht der Bachelor- und Masterstudieng\u00e4nge<\/a><\/p>\n<p>Es gibt zwei Wege um als Zivilist an der Helmut-Schmidt-Universit\u00e4t studieren zu k\u00f6nnen:<\/p>\n\n\n\n<p> <h3>Entsendung durch Kooperationsunternehmen<\/h3><\/p>\n<div class=\"col-xs-12 downloads-item\">\n<div class=\"row border-line\">\n<div class=\"thumbnail-area\"><img decoding=\"async\" class=\"download-image\" src=\"\/wp-content\/themes\/hsu\/img\/dummy\/downloads_dummy.png\" alt=\"\" \/><\/div>\n<div class=\"text-area\"><span class=\"download-text\">Informationsbrosch\u00fcre zum Kooperationskonzept Stand: 2024<br \/>&lt;zum Download bitte anklicken&gt;<\/span><\/div>\n<div class=\"download-area\"><a class=\"download-link\" href=\"https:\/\/www.hsu-hh.de\/hsm\/wp-content\/uploads\/sites\/796\/2024\/04\/Kooperationskonzept_2024.pdf\"><span class=\"download-name\">pdf laden<\/span><span class=\"donwload-icon\"><img decoding=\"async\" class=\"download-icon\" src=\"\/wp-content\/themes\/hsu\/img\/icons\/download_icon.png\" alt=\"download icon\" \/><\/span><span class=\"download-size\">725 kB<\/span><\/a><\/div>\n<\/div>\n<\/div>\n<p><br \/><h3>Soldaten im Berufsf\u00f6rderungsdienst (BFD)<\/h3><\/p>\n<div class=\"col-xs-12 downloads-item\">\n<div class=\"row border-line\">\n<div class=\"thumbnail-area\"><img decoding=\"async\" class=\"download-image\" src=\"\/wp-content\/themes\/hsu\/img\/dummy\/downloads_dummy.png\" alt=\"\" \/><\/div>\n<div class=\"text-area\"><span class=\"download-text\">2018 Schneller zum Ziel BFD Studienangebot f\u00fcr Soldaten im BFD zur Vorbereitung auf einen Zivilberuf &lt;zum Download bitte anklicken<\/span><\/div>\n<div class=\"download-area\"><a class=\"download-link\" href=\"https:\/\/www.hsu-hh.de\/hsm\/wp-content\/uploads\/sites\/796\/2018\/10\/2018-Schneller-zum-Ziel_BFD.pdf\"><span class=\"download-name\">pdf laden<\/span><span class=\"donwload-icon\"><img decoding=\"async\" class=\"download-icon\" src=\"\/wp-content\/themes\/hsu\/img\/icons\/download_icon.png\" alt=\"download icon\" \/><\/span><span class=\"download-size\">363 kB<\/span><\/a><\/div>\n<\/div>\n<\/div>\n<p><br \/><\/p>\n<div><br \/>\u00a0 <br \/>\u00a0 <br \/>\u00a0 <br \/>\u00a0<\/div>\n\n\n\n<div>\n<p><br \/><h3>Intensivstudium<\/h3><\/p>\n<p>An der <abbr title=\"Helmut Schmidt Universit\u00e4t\">HSU<\/abbr> wird effizient studiert: Anders als an Landesuniversit\u00e4ten erfolgt die akademische Ausbildung bei uns in Intensivstudieng\u00e4ngen: Den Stoff, den Landesuniversit\u00e4ten \u00fcblicherweise in einem Semester vermitteln, absolvieren unsere Studierenden in zw\u00f6lf Wochen (einem Trimester). Durch die Trimesterregelung wird mehr Wissen in weitaus k\u00fcrzerer Zeit vermittelt, der Bachelor wird bereits nach 2 \u00bc Jahren, der Master nach 1\u00a0\u00be Jahren erworben.<\/p>\n<p><br \/><h3>Profilsch\u00e4rfung<\/h3><\/p>\n<p>Die in all unseren Studieng\u00e4ngen obligatorisch zu belegenden Interdisziplin\u00e4ren Studienteile (ISA) erg\u00e4nzen den jeweiligen Fachstudiengang um allgemeine berufsfeldorientierende Fertigkeiten und fach- und methoden\u00fcbergreifende Kompetenzen. Eine Fremdsprachenausbildung ist f\u00fcr alle Studierende genauso obligatorisch wie das Absolvieren von Fachpraktika. Hierdurch werden berufsqualifizierende Kompetenzen vermittelt, welche die Besch\u00e4ftigungsf\u00e4higkeit sicherstellen und das Profil f\u00fcr den nationalen und internationalen Wettbewerb sch\u00e4rfen.<\/p>\n<p><br \/><h3>Exzellente akademische Betreuung<\/h3><\/p>\n<p>Unser hervorragendes akademisches Betreuungsverh\u00e4ltnis (8:1, Ingenieurwissenschaften 5:1) und unser Kleingruppenprinzip bieten beste Lehrbedingungen und ein pers\u00f6nliches, motivierendes Studienumfeld. Dies gew\u00e4hrleistet, dass unsere Studierenden den Anforderungen an das Intensivstudium gerecht werden k\u00f6nnen und tr\u00e4gt ma\u00dfgeblich zum Studienerfolg bei.<\/p>\n<p><br \/><h3>Ausstattung<\/h3><\/p>\n<p>Die Infrastruktur unserer Campus-Universit\u00e4t mit den Wohnheimen, den exzellent ausgestatteten Laboren, modernen H\u00f6rs\u00e4len, dem Sprachenzentrum sowie einer der besten Bibliotheken Deutschlands bieten alle erforderlichen Voraussetzungen f\u00fcr ein effizientes, erfolgreiches Studium.<\/p>\n<p><\/p>\n<p><h3>Forschung<\/h3><br \/>Die Forschung ist ein wesentlicher Bestandteil unserer Universit\u00e4t und auch der akademischen Ausbildung. Unsere rund 100 Professoren und rund 300 wissenschaftlichen Mitarbeiter sind in Forschungsverb\u00fcnden mit anderen Hochschulen, Unternehmen und Instituten nicht nur der Metropolregion bestens vernetzt, leiten DFG Schwerpunkte und sind in Leuchtturmprojekten aktiv. Die Forschungsbedingungen sind beispielhaft und spiegeln sich <abbr title=\"unter anderem\">u.a.<\/abbr> im hohen technischen Standard der Labore und den ausgezeichnet ausgestatteten Bibliotheken wieder.<br \/><br \/><h3>Offenheit<\/h3><br \/>Wir zeichnen uns durch Offenheit aus und entwickeln uns st\u00e4ndig weiter. Neben neuen, richtungsweisenden Studieng\u00e4ngen stehen wir Interessenten aus Wirtschaft, Politik und Gesellschaft &#8211; sowohl in der Lehre als auch in der Forschung &#8211; aufgeschlossen gegen\u00fcber.<br \/><br \/><\/p>\n<\/div>\n<\/div>\n<\/div>\n","protected":false},"excerpt":{"rendered":"<p>Die Helmut-Schmidt-Universit\u00e4t ist eine staatlich anerkannte Hochschule mit hochwertigen, zivil ausgerichteten Intensiv-Studieng\u00e4ngen. Die vier Fakult\u00e4ten der Universit\u00e4t, die Fakult\u00e4t f\u00fcr Elektrotechnik, Maschinenbau, Geistes- und Sozialwissenschaften und Wirtschaft- und Sozialwissenschaften, bieten [&hellip;]<\/p>\n","protected":false},"author":108,"featured_media":0,"parent":0,"menu_order":0,"comment_status":"closed","ping_status":"closed","template":"","meta":{"footnotes":""},"categories":[35],"tags":[],"class_list":["post-133","page","type-page","status-publish","hentry","category-startseite"],"_links":{"self":[{"href":"https:\/\/www.hsu-hh.de\/hsm\/wp-json\/wp\/v2\/pages\/133","targetHints":{"allow":["GET"]}}],"collection":[{"href":"https:\/\/www.hsu-hh.de\/hsm\/wp-json\/wp\/v2\/pages"}],"about":[{"href":"https:\/\/www.hsu-hh.de\/hsm\/wp-json\/wp\/v2\/types\/page"}],"author":[{"embeddable":true,"href":"https:\/\/www.hsu-hh.de\/hsm\/wp-json\/wp\/v2\/users\/108"}],"replies":[{"embeddable":true,"href":"https:\/\/www.hsu-hh.de\/hsm\/wp-json\/wp\/v2\/comments?post=133"}],"version-history":[{"count":65,"href":"https:\/\/www.hsu-hh.de\/hsm\/wp-json\/wp\/v2\/pages\/133\/revisions"}],"predecessor-version":[{"id":1070,"href":"https:\/\/www.hsu-hh.de\/hsm\/wp-json\/wp\/v2\/pages\/133\/revisions\/1070"}],"wp:attachment":[{"href":"https:\/\/www.hsu-hh.de\/hsm\/wp-json\/wp\/v2\/media?parent=133"}],"wp:term":[{"taxonomy":"category","embeddable":true,"href":"https:\/\/www.hsu-hh.de\/hsm\/wp-json\/wp\/v2\/categories?post=133"},{"taxonomy":"post_tag","embeddable":true,"href":"https:\/\/www.hsu-hh.de\/hsm\/wp-json\/wp\/v2\/tags?post=133"}],"curies":[{"name":"wp","href":"https:\/\/api.w.org\/{rel}","templated":true}]}}