{"id":976,"date":"2018-05-23T18:57:16","date_gmt":"2018-05-23T16:57:16","guid":{"rendered":"https:\/\/www.hsu-hh.de\/hrm-pol\/?page_id=976"},"modified":"2026-04-09T13:57:22","modified_gmt":"2026-04-09T11:57:22","slug":"lehre","status":"publish","type":"page","link":"https:\/\/www.hsu-hh.de\/hrm-pol\/lehre","title":{"rendered":"Lehre"},"content":{"rendered":"\n<h2 class=\"wp-block-heading\">Studiengang Bildungs- und Erziehungswissenschaft<\/h2>\n\n\n\n<p>In Kooperation und im Wechsel mit <abbr title=\"Professor\">Prof.<\/abbr> <abbr title=\"Doktor\">Dr.<\/abbr> Sven Hauff und Mitarbeiter:innen (<a href=\"https:\/\/www.hsu-hh.de\/apo\/\" target=\"_blank\" rel=\"noreferrer noopener\">Professur Arbeit, Personal und Organisation<\/a>) betreuen wir das <strong>Wahlpflichtfach Personalmanagement<\/strong> im Bachelor- und Masterstudiengang \u201eBildungs- und Erziehungswissenschaft\u201c (BuErz).<\/p>\n\n\n\n<p>Informationen zu allen aktuellen und kommenden <strong>Lehrveranstaltungen<\/strong> finden Sie im <a href=\"https:\/\/campus.hsu-hh.de\/qisserver\/rds\" target=\"_blank\" rel=\"noreferrer noopener\">Campus-Management-System der <abbr title=\"Helmut Schmidt Universit\u00e4t\">HSU<\/abbr><\/a> (Anmeldung erforderlich).<\/p>\n\n\n\n<h3 class=\"wp-block-heading\">Betreuung von Bachelor- und Masterarbeiten<\/h3>\n\n\n\n<details class=\"wp-block-details is-layout-flow wp-block-details-is-layout-flow\"><summary>Informationen und Richtlinien zur Betreuung von Abschlussarbeiten<\/summary>\n<p>Wenn Sie sich f\u00fcr die Betreuung Ihrer Abschlussarbeit an der Professur f\u00fcr Personalpolitik&nbsp;interessieren, k\u00f6nnen Sie sich hierf\u00fcr formlos per E-Mail (an <a href=\"mailto:barbara.sieben@hsu.hamburg\" target=\"_blank\" rel=\"noreferrer noopener\">barbara.sieben@hsu.hamburg<\/a>) bewerben. In der <strong>Bewerbung<\/strong> sollen Sie das Thema Ihrer Arbeit benennen. Wir geben Ihnen auf Anfrage gerne aktuelle Themenvorschl\u00e4ge. Alternativ sind wir auch offen f\u00fcr Ihre eigenen Ideen. In diesem Fall sollte die Bewerbung auch eine kurze Beschreibung der Fragestellung und geplanten Vorgehensweise erhalten.&nbsp;<\/p>\n\n\n\n<p>Der <strong>Abgabetermin f\u00fcr die Bewerbung<\/strong> ist&nbsp;in der Regel am<\/p>\n\n\n\n<ul class=\"wp-block-list\">\n<li>30.06. f\u00fcr Bachelorarbeiten, und am<\/li>\n\n\n\n<li>31.01. f\u00fcr Masterarbeiten.<\/li>\n<\/ul>\n\n\n\n<p>Das Professurteam trifft auf der Basis der zu den jeweiligen Terminen eingegangenen Bewerbungen und den vorhandenen Betreuungskapazit\u00e4ten zeitnah eine Entscheidung dar\u00fcber, welche Studierenden ihre Abschlussarbeit bei uns schreiben k\u00f6nnen und informiert die Studierenden dar\u00fcber.<\/p>\n\n\n\n<p>Wenn wir Ihre Arbeit an unserer Professur betreuen, m\u00fcssen wir dies mit dem \u201e<strong>Formblatt zur \u00dcbernahme der Bachelorarbeit\/Masterarbeit<\/strong>\u201c dem Pr\u00fcfungsamt anzeigen. Das Formblatt finden Sie auf der Seite des Pr\u00fcfungsamtes. Dieses sollten Sie nach R\u00fccksprache mit uns ausf\u00fcllen und rechtzeitig zur \u00dcbernahme der Arbeit (i.d.R. 01.10. <abbr title=\"beziehungsweise\">bzw.<\/abbr> 01.04.) an der Professur abgeben. Bei \u201eThemengebiet\u201c tragen Sie bitte nur \u201ePersonalmanagement\u201c ein. Hinter den Titel Ihrer Arbeit sollten Sie in Klammern \u201eArbeitstitel\u201c schreiben, so k\u00f6nnen Sie den Titel im Laufe der Bearbeitungszeit noch anpassen.<\/p>\n\n\n\n<p>Im Rahmen der Bearbeitung der Abschlussarbeit erwarten wir, dass Sie in den ersten vier Wochen nach Beginn der Bearbeitungszeit ein <strong>Expos\u00e9<\/strong> (Umfang von 2 bis 3 Seiten) erstellen und dieses mit Ihrer Betreuerin\/Ihrem Betreuer besprechen. In diesem Expos\u00e9 sollen Sie \u2013 unter Bezug auf bereits gesichtete einschl\u00e4gige Literatur \u2013 den Hintergrund <abbr title=\"beziehungsweise\">bzw.<\/abbr> das interessierende Problem sowie die daran ankn\u00fcpfende Fragestellung der Arbeit sowie die bei der Bearbeitung geplante Vorgehensweise festhalten. Ziel ist es, dass Sie sich m\u00f6glichst fr\u00fch auf eine Fragestellung festlegen und Ihre Arbeit gut strukturieren. Zudem gibt uns das Expos\u00e9 einen Eindruck \u00fcber Ihre Fertigkeiten zum wissenschaftlichen Arbeiten.<\/p>\n<\/details>\n\n\n\n<p><\/p>\n\n\n\n<details class=\"wp-block-details is-layout-flow wp-block-details-is-layout-flow\"><summary>Archiv Abschlussarbeiten<\/summary>\n<p><a href=\"https:\/\/www.hsu-hh.de\/hrm-pol\/wp-content\/uploads\/sites\/798\/2026\/03\/Archiv-Abschlussarbeiten_Stand-04-2026.pdf\" target=\"_blank\" rel=\"noreferrer noopener\">Hier<\/a> finden Sie eine Auflistung von Bachelor- und Masterarbeiten, die bislang im Team der Professur betreut wurden und die einen Einblick in das m\u00f6gliche Themenspektrum geben. <\/p>\n<\/details>\n\n\n\n<div style=\"height:100px\" aria-hidden=\"true\" class=\"wp-block-spacer\"><\/div>\n\n\n\n<h2 class=\"wp-block-heading\">Lehrtableau Gender, Diversity und Intersektionalit\u00e4t des ZGD<\/h2>\n\n\n\n<div class=\"wp-block-media-text has-media-on-the-right is-stacked-on-mobile is-vertically-aligned-center\" style=\"grid-template-columns:auto 24%\"><div class=\"wp-block-media-text__content\">\n<p class=\"has-text-align-left\">Das <a href=\"https:\/\/www.zgd-hamburg.de\/\" rel='nofollow'>Zentrum Gender und Diversity (ZGD)<\/a>, eine gemeinsame Einrichtung der Hamburger Hochschulen, bietet den Studierenden aller Mitgliedshochschulen Zugang zu vielf\u00e4ltigen Lehrangeboten. Jedes Semester werden im <a href=\"https:\/\/www.zgd-hamburg.de\/studieren\/lehrtableaus.html\" rel='nofollow'>Lehrtableau Gender, Diversity und Intersektionalit\u00e4t<\/a> ge\u00f6ffnete Lehrveranstaltungen der beteiligten Hochschulen verzeichnet. Diese Lehrveranstaltungen k\u00f6nnen vom ZGD f\u00fcr das Zertifikat Genderkompetenz und\/oder f\u00fcr das Zertifikat Intersektionalit\u00e4t &amp; Diversity anerkannt werden; i.d.R. sind auch Anrechnungen im Rahmen des eigenen Studiengangs m\u00f6glich.<\/p>\n<\/div><figure class=\"wp-block-media-text__media\"><img loading=\"lazy\" decoding=\"async\" width=\"565\" height=\"86\" src=\"https:\/\/www.hsu-hh.de\/hrm-pol\/wp-content\/uploads\/sites\/798\/2026\/03\/logo-zgd.png\" data-credit=\"\" alt=\"\" class=\"wp-image-5373 size-full\" srcset=\"https:\/\/www.hsu-hh.de\/hrm-pol\/wp-content\/uploads\/sites\/798\/2026\/03\/logo-zgd.png 565w, https:\/\/www.hsu-hh.de\/hrm-pol\/wp-content\/uploads\/sites\/798\/2026\/03\/logo-zgd-300x46.png 300w\" sizes=\"auto, (max-width: 565px) 100vw, 565px\" \/><\/figure><\/div>\n\n\n\n<p class=\"has-text-align-left\">An der Professur f\u00fcr Personalpolitik \u00f6ffnen wir regelm\u00e4\u00dfig unsere BuErz-Lehrveranstaltungen \u00fcber das Lehrtableau des ZGD. Hierzu geh\u00f6ren bspw. Personalmanagement-Seminare zu &#8222;Gender und Diversit\u00e4t in Organisationen&#8220;, &#8222;Arbeit, Emotionen und Gender&#8220; und &#8222;Diversit\u00e4t, Chancengleichheit und Inklusion (DEI) im internationalen Kontext&#8220;. Der Austausch mit Studierenden anderer Fakult\u00e4ten und anderer Hochschulen erweist sich regelm\u00e4\u00dfig als bereichernd f\u00fcr das Seminargeschehen.<\/p>\n\n\n\n<div style=\"height:100px\" aria-hidden=\"true\" class=\"wp-block-spacer\"><\/div>\n\n\n\n<h2 class=\"wp-block-heading\">Weiterbildung<\/h2>\n\n\n\n<p>Workshops im Rahmen des \u201eFemale Leadership. Empowerment-Programm zur F\u00f6rderung weiblicher Studierender an der <abbr title=\"Helmut Schmidt Universit\u00e4t\">HSU<\/abbr>\/UniBw Hamburg\u201c (seit 2025, Angela Kornau)<\/p>\n\n\n\n<ul class=\"wp-block-list\">\n<li>Auftaktveranstaltung: Strukturelle Barrieren in m\u00e4nnlich dominierten Organisationen \u2013 Herausforderungen und Strategien<\/li>\n\n\n\n<li>Moderne F\u00fchrung. Wertsch\u00e4tzend und authentisch<\/li>\n<\/ul>\n\n\n\n<p><\/p>\n\n\n\n<p>Workshops zu <a href=\"https:\/\/hsu-hh-weiterbildung.de\/sonstige-angebote\/\" target=\"_blank\" rel=\"noreferrer noopener\">Diversit\u00e4t und Chancengleichheit im Auftrag des Zentrums f\u00fcr wissenschaftliche Weiterbildung (ZWW)<\/a>,&nbsp;<abbr title=\"Helmut Schmidt Universit\u00e4t\">HSU<\/abbr><\/p>\n\n\n\n<p>(Vanessa Bernauer und Angela Kornau)<\/p>\n\n\n\n<ul class=\"wp-block-list\">\n<li>Modul im Traineeprogramm des Bundesministeriums f\u00fcr Finanzen, Berlin (seit 2023)<\/li>\n<\/ul>\n\n\n\n<ul class=\"wp-block-list\">\n<li><a href=\"https:\/\/www.hsu-hh.de\/hrm-pol\/fuehrungskraefte-workshop-zu-diversitaet-und-chancengleichheit-am-technischen-ausbildungszentrum-der-luftwaffe-fassberg-2021\">F\u00fchrungskr\u00e4fte-Workshop am Technischen Ausbildungszentrum der Luftwaffe<\/a>, Fa\u00dfberg (2021)<\/li>\n<\/ul>\n\n\n\n<p><br><a href=\"https:\/\/www.zfw.uni-hamburg.de\/weiterbildung\/gesundheit-psychologie-kriminologie\/diversity-management.html\" rel='nofollow'>Lehre im Zertifikatsstudiengang Personal- und Organisationsentwicklung mit Schwerpunkt Diversity Management am Zentrum f\u00fcr Weiterbildung der Universit\u00e4t Hamburg.<\/a> Modulverantwortliche f\u00fcr Gender- und Diversit\u00e4tskompetenz (seit 2021, Wiebke Frie\u00df).\u00a0<\/p>\n\n\n\n<p><a href=\"https:\/\/www.hsu-hh.de\/hrm-pol\/fuehrungskraefte-workshop-leading-diversity-leading-digitally-leadershiphelmholtz-kompakt-2021\">F\u00fchrungskr\u00e4fte-Workshop \u201eLeading diversity, leading digitally\u201c<\/a>,&nbsp;Leadership@Helmholtz: kompakt (2021, Barbara Sieben und Vanessa Bernauer)<\/p>\n\n\n\n<p><a href=\"https:\/\/www.hsu-hh.de\/hrm-pol\/lehre\/weiterbildender-masterstudiengang-leading-diversity-m-lead\" data-type=\"page\" data-id=\"5416\">Weiterbildender Studiengang \u201eLeading Diversity\u201c (LeaD)<\/a>, <abbr title=\"Helmut Schmidt Universit\u00e4t\">HSU<\/abbr> (2018-2020)&nbsp;<\/p>\n\n\n\n<p><a href=\"https:\/\/www.hsu-hh.de\/hrm-pol\/pilotmodul-leading-diversity-hsu\">Pilotmodul \u201eLeading Diversity\u201c<\/a>,&nbsp;<abbr title=\"Helmut Schmidt Universit\u00e4t\">HSU<\/abbr>&nbsp;(2017\/2018)<\/p>\n\n\n\n<p><\/p>\n","protected":false},"excerpt":{"rendered":"<p>Studiengang Bildungs- und Erziehungswissenschaft In Kooperation und im Wechsel mit Prof. Dr. Sven Hauff und Mitarbeiter:innen (Professur Arbeit, Personal und Organisation) betreuen wir das Wahlpflichtfach Personalmanagement im Bachelor- und Masterstudiengang [&hellip;]<\/p>\n","protected":false},"author":1503,"featured_media":0,"parent":0,"menu_order":0,"comment_status":"closed","ping_status":"closed","template":"","meta":{"footnotes":""},"categories":[6],"tags":[],"class_list":["post-976","page","type-page","status-publish","hentry","category-lehre"],"_links":{"self":[{"href":"https:\/\/www.hsu-hh.de\/hrm-pol\/wp-json\/wp\/v2\/pages\/976","targetHints":{"allow":["GET"]}}],"collection":[{"href":"https:\/\/www.hsu-hh.de\/hrm-pol\/wp-json\/wp\/v2\/pages"}],"about":[{"href":"https:\/\/www.hsu-hh.de\/hrm-pol\/wp-json\/wp\/v2\/types\/page"}],"author":[{"embeddable":true,"href":"https:\/\/www.hsu-hh.de\/hrm-pol\/wp-json\/wp\/v2\/users\/1503"}],"replies":[{"embeddable":true,"href":"https:\/\/www.hsu-hh.de\/hrm-pol\/wp-json\/wp\/v2\/comments?post=976"}],"version-history":[{"count":62,"href":"https:\/\/www.hsu-hh.de\/hrm-pol\/wp-json\/wp\/v2\/pages\/976\/revisions"}],"predecessor-version":[{"id":5448,"href":"https:\/\/www.hsu-hh.de\/hrm-pol\/wp-json\/wp\/v2\/pages\/976\/revisions\/5448"}],"wp:attachment":[{"href":"https:\/\/www.hsu-hh.de\/hrm-pol\/wp-json\/wp\/v2\/media?parent=976"}],"wp:term":[{"taxonomy":"category","embeddable":true,"href":"https:\/\/www.hsu-hh.de\/hrm-pol\/wp-json\/wp\/v2\/categories?post=976"},{"taxonomy":"post_tag","embeddable":true,"href":"https:\/\/www.hsu-hh.de\/hrm-pol\/wp-json\/wp\/v2\/tags?post=976"}],"curies":[{"name":"wp","href":"https:\/\/api.w.org\/{rel}","templated":true}]}}