{"id":784,"date":"2018-04-11T23:45:36","date_gmt":"2018-04-11T21:45:36","guid":{"rendered":"https:\/\/www.hsu-hh.de\/hrm-pol\/?page_id=784"},"modified":"2026-03-26T12:37:39","modified_gmt":"2026-03-26T11:37:39","slug":"katja-buerger","status":"publish","type":"page","link":"https:\/\/www.hsu-hh.de\/hrm-pol\/team-d\/katja-buerger","title":{"rendered":"Dr. Katja B\u00fcrger"},"content":{"rendered":"\n<div class=\"wp-block-columns is-layout-flex wp-container-core-columns-is-layout-9d6595d7 wp-block-columns-is-layout-flex\">\n<div class=\"wp-block-column is-layout-flow wp-block-column-is-layout-flow\">\n<h2 class=\"wp-block-heading\">Wissenschaftliche Mitarbeiterin<\/h2>\n\n\n\n<hr class=\"wp-block-separator has-alpha-channel-opacity\" \/>\n\n\n\n<div class=\"wp-block-columns is-layout-flex wp-container-core-columns-is-layout-9d6595d7 wp-block-columns-is-layout-flex\">\n<div class=\"wp-block-column is-layout-flow wp-block-column-is-layout-flow\">\n<div class=\"wp-block-columns is-layout-flex wp-container-core-columns-is-layout-9d6595d7 wp-block-columns-is-layout-flex\">\n<div class=\"wp-block-column is-layout-flow wp-block-column-is-layout-flow\">\n<p><strong>Postanschrift:<\/strong> Helmut-Schmidt-Universit\u00e4t<br>Professur f\u00fcr Personalpolitik<br>Postfach 70 08 22<br>22008 Hamburg<\/p>\n<\/div>\n\n\n\n<div class=\"wp-block-column is-layout-flow wp-block-column-is-layout-flow\">\n<p><strong>Besucheranschrift:<\/strong> Helmut-Schmidt-Universit\u00e4t<br>Geb\u00e4ude H4<br>Holstenhofweg 85<br>22043 Hamburg<\/p>\n<\/div>\n<\/div>\n<\/div>\n\n\n\n<div class=\"wp-block-column is-layout-flow wp-block-column-is-layout-flow\">\n<div class=\"wp-block-columns is-layout-flex wp-container-core-columns-is-layout-9d6595d7 wp-block-columns-is-layout-flex\">\n<div class=\"wp-block-column is-layout-flow wp-block-column-is-layout-flow\">\n<p><strong>Raum:<\/strong> 104, H4<\/p>\n\n\n\n<p><strong>Telefon: <\/strong>(040) 6541 366<\/p>\n\n\n\n<p><strong>E-Mail:<\/strong> <a href=\"mailto:katja.buerger@hsu.hamburg\" data-type=\"mailto\" data-id=\"mailto:katja.buerger@hsu.hamburg\" rel='nofollow'>katja.buerger@hsu.hamburg<\/a><\/p>\n<\/div>\n\n\n\n<div class=\"wp-block-column is-layout-flow wp-block-column-is-layout-flow\">\n<figure class=\"wp-block-image size-large\"><img loading=\"lazy\" decoding=\"async\" width=\"683\" height=\"1024\" src=\"https:\/\/www.hsu-hh.de\/hrm-pol\/wp-content\/uploads\/sites\/798\/2025\/03\/Katja-edited-1-683x1024.jpg\" data-credit=\"Catharina Peppel\" alt=\"\" class=\"wp-image-4640\" srcset=\"https:\/\/www.hsu-hh.de\/hrm-pol\/wp-content\/uploads\/sites\/798\/2025\/03\/Katja-edited-1-683x1024.jpg 683w, https:\/\/www.hsu-hh.de\/hrm-pol\/wp-content\/uploads\/sites\/798\/2025\/03\/Katja-edited-1-200x300.jpg 200w, https:\/\/www.hsu-hh.de\/hrm-pol\/wp-content\/uploads\/sites\/798\/2025\/03\/Katja-edited-1-768x1152.jpg 768w, https:\/\/www.hsu-hh.de\/hrm-pol\/wp-content\/uploads\/sites\/798\/2025\/03\/Katja-edited-1-1024x1536.jpg 1024w, https:\/\/www.hsu-hh.de\/hrm-pol\/wp-content\/uploads\/sites\/798\/2025\/03\/Katja-edited-1-1365x2048.jpg 1365w, https:\/\/www.hsu-hh.de\/hrm-pol\/wp-content\/uploads\/sites\/798\/2025\/03\/Katja-edited-1-1100x1650.jpg 1100w, https:\/\/www.hsu-hh.de\/hrm-pol\/wp-content\/uploads\/sites\/798\/2025\/03\/Katja-edited-1-scaled.jpg 1706w\" sizes=\"auto, (max-width: 683px) 100vw, 683px\" \/><\/figure>\n<\/div>\n<\/div>\n<\/div>\n<\/div>\n<\/div>\n<\/div>\n\n\n\n<hr class=\"wp-block-separator has-alpha-channel-opacity\" \/>\n\n\n<div>\n<p><strong>Sprechzeiten <\/strong>nach Vereinbarung per E-Mail.\u00a0<\/p>\n<p><abbr title=\"Doktor\">Dr.<\/abbr>\u00a0Katja\u00a0B\u00fcrger\u00a0(sie\/ihr)\u00a0ist seit Januar 2025 wissenschaftliche Mitarbeiterin an\u00a0der Professur f\u00fcr Personalpolitik an der Helmut-Schmidt-Universit\u00e4t Hamburg.\u00a0Zuvor war sie an der Universit\u00e4t Wien,\u00a0Institut f\u00fcr Politikwissenschaft\u00a0(2015-2019) und an\u00a0der Christian-Albrechts-Universit\u00e4t zu Kiel,\u00a0Institut f\u00fcr Sozialwissenschaften (2022-2024) als wissenschaftliche Mitarbeiterin und Lehrende t\u00e4tig.\u00a0Sie\u00a0studierte Politikwissenschaft an der Phillipps-Universit\u00e4t Marburg und an der Universit\u00e4t Wien.\u00a0In ihrer Dissertation, die sie 2025 abgeschlossen hat,\u00a0besch\u00e4ftigt sie sich mit\u00a0Arbeitsverh\u00e4ltnissen von\u00a0Pflegepersonal\u00a0in deutschen Krankenh\u00e4usern. Ausgehend von Affekten, die im Arbeitsprozess entstehen, stellt sie die Frage nach der Entstehung von Handlungsmacht aus einer affekttheoretischen Perspektive.\u00a0Ihre\u00a0Forschung wurde durch das\u00a0Marietta Blau-Stipendium\u00a0des\u00a0\u00f6sterreichischen\u00a0Bundesministeriums\u00a0f\u00fcr Wissenschaft, Forschung und Wirtschaft (BMWFW)\u00a0gef\u00f6rdert.\u00a0Zu ihren\u00a0weiteren\u00a0Forschungsinteressen z\u00e4hlen\u00a0politische Repr\u00e4sentation und Geschlecht.\u00a0\u00a0<\/p>\n<p><strong>Arbeitsschwerpunkte<\/strong><\/p>\n<ul>\n<li>\u00a0Arbeits- und Sozialpolitik (Schwerpunkt Gesundheitspolitik)\u00a0<\/li>\n<li>Interaktive Dienstleistungsarbeit\/emotionale und affektive Arbeit\u00a0<\/li>\n<li>Affekttheorien\/Affect Studies<\/li>\n<li>Politische Repr\u00e4sentation und Geschlecht<\/li>\n<\/ul>\n<h3>Publikationen<\/h3>\n<p>Chmilewski, K. &amp; Sauer, B. (2022). Nested newness and critical junctures: Quota implementation flaws in the Austrian party democracy. In Lang, S., Meier, P., Sauer, B. (<abbr title=\"Herausgeber\">Hrsg.<\/abbr>): <em>Implementing Gender Quotas in Political Representation: Resisting Institutions <\/em>(S. 73-92). Springer International Publishing. <a href=\"https:\/\/doi.org\/10.1007\/978-3-031-08931-2_4\" rel='nofollow'>https:\/\/doi.org\/10.1007\/978-3-031-08931-2_4<\/a><\/p>\n<p>Chmilewski, K. (2022). Deborah B. Gould: Moving Politics. Emotion and ACT UP\u2019s fight against AIDS. In Senge, K., Sch\u00fctzeichel, R., Zink, V. (<abbr title=\"Herausgeber\">Hrsg.<\/abbr>), <em>Hauptwerke der Emotionssoziologie <\/em>(S. 231-237). Springer. <a href=\"https:\/\/doi.org\/10.1007\/978-3-658-37869-1_26\" rel='nofollow'>https:\/\/doi.org\/10.1007\/978-3-658-37869-1_26<\/a><\/p>\n<p>Ahrens, P., Chmilewski, K., Lang, S. &amp; Sauer, B. (2020). <em>Gender Equality in Politics. Implementing Party Quotas in Germany and Austria.<\/em>\u00a0 Springer.\u00a0<a href=\"https:\/\/doi.org\/10.1007\/978-3-030-34895-3\" rel='nofollow'>https:\/\/doi.org\/10.1007\/978-3-030-34895-3<\/a><\/p>\n<p>Chmilewski, K. &amp; Hajek, K. (2018). Mobilizing affects about intimate relationships \u2013 Emotional pedagogy among the New Right in Germany. In Kolehmainen, M., Juvonen, T. (<abbr title=\"Herausgeber\">Hrsg.<\/abbr>), <em>Affective Inequalities in Intimate Relationships<\/em> (S. 171-185). Routledge.\u00a0<a href=\"http:\/\/dx.doi.org\/10.4324\/9781315107318-12\" rel='nofollow'>http:\/\/dx.doi.org\/10.4324\/9781315107318-12<\/a><\/p>\n<p>Chmilewski, K. &amp; Hajek, K. (2017). Mit Gefu\u0308hl von Rechts zur Verteidigung der \u201aLufthoheit u\u0308ber Kinderbetten\u2018. In Bargetz, B., Kreisky, E. &amp; Ludwig, G. (<abbr title=\"Herausgeber\">Hrsg.<\/abbr>)<em>, Dauerka\u0308mpfe. Feministische Zeitdiagnosen und Strategien <\/em>(S.175-184). Campus Verlag.\u00a0<\/p>\n<\/div>\n<p><strong>Vortr\u00e4ge auf Konferenzen<\/strong><\/p>\n<p>2023: Ersch\u00f6pfung und Emp\u00f6rung \u2013 Affekttheorien und kollektive Handlungsmacht. Vortrag im Rahmen des Kolloquiums: Das Politische Denken (Leitung <abbr title=\"Professor\">Prof.<\/abbr> <abbr title=\"Doktor\">Dr.<\/abbr> Paula Diehl), Christian-Albrechts-Universit\u00e4t zu Kiel.<\/p>\n<p>2019: Die Emotionalisierung des Politischen, Jena: \u201aZum Verh\u00e4ltnis von\u00a0 Politik und Emotionen\u2018. Workshoporganisation zusammen mit Frederik Metje und Myriam Gaitsch.<\/p>\n<p>07\/2019: \u201aNegotiating Solidarity: A queer-feminist analysis of the\u00a0 affective dimensions of migration and public health care politics in Germany\u2019. European Conference on Gender and Politics, Amsterdam, zusammen mit Maria M. Mayer.<\/p>\n<p>03\/2019: Arbeitskonflikte und Gender, N\u00fcrnberg: \u201aVon der Kommodifizierung zur Mobilisierung von Gef\u00fchlen?! \u2013 Affekt, Mobilisierung und gewerkschaftliche Auseinandersetzungen im Pflege- und Sorgebereich\u2018.<\/p>\n<p>03\/2019: \u201aEmpathie \u2013 Solidarit\u00e4t \u2013 und Widerstand: Eine kritisch-feministische\u00a0 Auseinandersetzung mit Gef\u00fchlen\u2018. Vortrag im Rahmen der\u00a0 Ringvorlesung: re\/boot: Widerst\u00e4ndigkeiten und Solidarit\u00e4ten (neu) performen. Vortragsreihe der Abteilung f\u00fcr Genderangelegenheiten, Universit\u00e4t f\u00fcr angewandte Kunst, Wien, zusammen mit Maria M. Mayer.<\/p>\n<p>12\/2018: Bis zu den Gef\u00fchlen und wie weiter? Forschungswerkstatt zu affektiven Methodologien mit Encarnacio\u0301n Gutie\u0301rrez-Rodri\u0301guez und Christine Hentschel, Universit\u00e4t Wien, zusammen mit Brigitte Bargetz, Maria M. Mayer und Myriam Gaitsch.<\/p>\n<p>09\/2018: \u201e\u201aNur wir als Betroffene&#8230;\u2018 \u2013 Zum\u00a0 Verst\u00e4ndnis der affektiven Politiken der Neuen Rechten in\u00a0 Deutschland\u201c. 27. Wissenschaftlicher Kongress der deutschen Vereinigung f\u00fcr Politikwissenschaft, Frankfurt.<\/p>\n<p>07\/2018: Affekte und Effekte: Perspektiven der sozial- und\u00a0 kulturwissenschaftlichen Gender Studies; Internationale Summer\u00a0 School, M\u00fcnchen: \u201e\u201aFrom the managed to the mobilized heart?!\u2018 \u2013 Zum Verst\u00e4ndnis von Pflege- und Sorgestreiks aus affekttheoretischer Perspektive\u201c.<\/p>\n<p>04\/2018: \u201aAffective Solidarity and in\/equality\u2018 Graduate Conference in Gender Studies, Budapest: Panel Organisation, zusammen mit Maria M. Mayer.<\/p>\n<p>08\/2017: \u201aTrade Unions, Mobilization and Affect \u2013 Re-thinking labor struggle\u00a0 from an affect theoretical perspective\u2019, Conference of the European Sociological Association, Athen.<\/p>\n<p>06\/2017: \u201aTrade Unions, Mobilization and Affect \u2013 Re-thinking labor struggle from an affect theoretical perspective\u2019 European Conference on Gender and Politics, Lausanne.\u00a0<\/p>\n<p>06\/2017: \u201aThe affective politics of the New Right in Germany\u2018. European Conference on Gender and Politics, Lausanne, zusammen mit Katharina Hajek.<\/p>\n<p>05\/2016: \u201aThe success of party gender quota in Austria: a never ending story?\u2019. Gender Equality Policy Implementation, London, zusammen mit Birgit Sauer.\u00a0\u00a0<\/p>\n<p>04\/2016: \u201aWhy the Fine Print matters: Electoral\u00a0 Systems and Regulatory Policies for Implementing Party Quotas in Germany and Austria\u2019. ECPR Joint Sessions, Pisa, zusammen mit Petra Ahrens, Sabine Lang und Birgit Sauer.<\/p>\n<p>11\/2014: \u201aU\u0308ber das Verha\u0308ltnis von Critical\u00a0 Realism und Poststrukturalismus am Beispiel der Theorien von Anna\u00a0 G. Jo\u0301nasdo\u0301ttir und Judith Butler\u2018. Tag der Politikwissenschaft der \u00d6sterreichischen Gesellschaft fu\u0308r Politikwissenschaft, Wien.<\/p>\n<div>\u00a0<\/div>\n<div>\n<p style=\"padding-left: 40px\">\u00a0<\/p>\n<\/div>\n<div>\u00a0<\/div>\n<div>\u00a0<\/div>","protected":false},"excerpt":{"rendered":"<p>Wissenschaftliche Mitarbeiterin Postanschrift: Helmut-Schmidt-Universit\u00e4tProfessur f\u00fcr PersonalpolitikPostfach 70 08 2222008 Hamburg Besucheranschrift: Helmut-Schmidt-Universit\u00e4tGeb\u00e4ude H4Holstenhofweg 8522043 Hamburg Raum: 104, H4 Telefon: (040) 6541 366 E-Mail: katja.buerger@hsu.hamburg Sprechzeiten nach Vereinbarung per E-Mail.\u00a0 Dr.\u00a0Katja\u00a0B\u00fcrger\u00a0(sie\/ihr)\u00a0ist [&hellip;]<\/p>\n","protected":false},"author":2873,"featured_media":0,"parent":134,"menu_order":0,"comment_status":"closed","ping_status":"closed","template":"","meta":{"footnotes":""},"categories":[8],"tags":[],"class_list":["post-784","page","type-page","status-publish","hentry","category-team"],"_links":{"self":[{"href":"https:\/\/www.hsu-hh.de\/hrm-pol\/wp-json\/wp\/v2\/pages\/784","targetHints":{"allow":["GET"]}}],"collection":[{"href":"https:\/\/www.hsu-hh.de\/hrm-pol\/wp-json\/wp\/v2\/pages"}],"about":[{"href":"https:\/\/www.hsu-hh.de\/hrm-pol\/wp-json\/wp\/v2\/types\/page"}],"author":[{"embeddable":true,"href":"https:\/\/www.hsu-hh.de\/hrm-pol\/wp-json\/wp\/v2\/users\/2873"}],"replies":[{"embeddable":true,"href":"https:\/\/www.hsu-hh.de\/hrm-pol\/wp-json\/wp\/v2\/comments?post=784"}],"version-history":[{"count":215,"href":"https:\/\/www.hsu-hh.de\/hrm-pol\/wp-json\/wp\/v2\/pages\/784\/revisions"}],"predecessor-version":[{"id":5166,"href":"https:\/\/www.hsu-hh.de\/hrm-pol\/wp-json\/wp\/v2\/pages\/784\/revisions\/5166"}],"up":[{"embeddable":true,"href":"https:\/\/www.hsu-hh.de\/hrm-pol\/wp-json\/wp\/v2\/pages\/134"}],"wp:attachment":[{"href":"https:\/\/www.hsu-hh.de\/hrm-pol\/wp-json\/wp\/v2\/media?parent=784"}],"wp:term":[{"taxonomy":"category","embeddable":true,"href":"https:\/\/www.hsu-hh.de\/hrm-pol\/wp-json\/wp\/v2\/categories?post=784"},{"taxonomy":"post_tag","embeddable":true,"href":"https:\/\/www.hsu-hh.de\/hrm-pol\/wp-json\/wp\/v2\/tags?post=784"}],"curies":[{"name":"wp","href":"https:\/\/api.w.org\/{rel}","templated":true}]}}