{"id":682,"date":"2018-03-22T11:59:03","date_gmt":"2018-03-22T10:59:03","guid":{"rendered":"https:\/\/www.hsu-hh.de\/hrm-pol\/?page_id=682"},"modified":"2026-02-05T14:52:21","modified_gmt":"2026-02-05T13:52:21","slug":"georgia-stobrawe","status":"publish","type":"page","link":"https:\/\/www.hsu-hh.de\/hrm-pol\/team-d\/georgia-stobrawe","title":{"rendered":"Georgia Stobrawe"},"content":{"rendered":"\n<h2 class=\"wp-block-heading\">Studentische Hilfskraft<\/h2>\n\n\n\n<hr class=\"wp-block-separator has-alpha-channel-opacity\" \/>\n\n\n\n<div class=\"wp-block-columns is-layout-flex wp-container-core-columns-is-layout-9d6595d7 wp-block-columns-is-layout-flex\">\n<div class=\"wp-block-column is-layout-flow wp-block-column-is-layout-flow\">\n<div class=\"wp-block-columns is-layout-flex wp-container-core-columns-is-layout-9d6595d7 wp-block-columns-is-layout-flex\">\n<div class=\"wp-block-column is-layout-flow wp-block-column-is-layout-flow\">\n<p><strong>Postanschrift:<\/strong> Helmut-Schmidt-Universit\u00e4t<br>Professur f\u00fcr Personalpolitik<br>Postfach 70 08 22<br>22008 Hamburg<\/p>\n<\/div>\n\n\n\n<div class=\"wp-block-column is-layout-flow wp-block-column-is-layout-flow\">\n<p><strong>Besucheranschrift:<\/strong> Helmut-Schmidt-Universit\u00e4t<br>Geb\u00e4ude H4<br>Holstenhofweg 85<br>22043 Hamburg<\/p>\n<\/div>\n<\/div>\n<\/div>\n\n\n\n<div class=\"wp-block-column is-layout-flow wp-block-column-is-layout-flow\">\n<div class=\"wp-block-columns is-layout-flex wp-container-core-columns-is-layout-9d6595d7 wp-block-columns-is-layout-flex\">\n<div class=\"wp-block-column is-layout-flow wp-block-column-is-layout-flow\">\n<p><strong>Raum:<\/strong> 104, H4<\/p>\n\n\n\n<p><strong>E-mail:<\/strong> <a href=\"mailto:stobrawg@hsu.hamburg\" rel='nofollow'>stobrawg@hsu.hamburg<\/a><\/p>\n<\/div>\n\n\n\n<div class=\"wp-block-column is-layout-flow wp-block-column-is-layout-flow\">\n<figure class=\"wp-block-image size-large\"><img loading=\"lazy\" decoding=\"async\" width=\"1024\" height=\"755\" src=\"https:\/\/www.hsu-hh.de\/hrm-pol\/wp-content\/uploads\/sites\/798\/2025\/03\/Georgia-1024x755.jpg\" data-credit=\"G. Stobrawe\" alt=\"\" class=\"wp-image-4666\" srcset=\"https:\/\/www.hsu-hh.de\/hrm-pol\/wp-content\/uploads\/sites\/798\/2025\/03\/Georgia-1024x755.jpg 1024w, https:\/\/www.hsu-hh.de\/hrm-pol\/wp-content\/uploads\/sites\/798\/2025\/03\/Georgia-300x221.jpg 300w, https:\/\/www.hsu-hh.de\/hrm-pol\/wp-content\/uploads\/sites\/798\/2025\/03\/Georgia-768x566.jpg 768w, https:\/\/www.hsu-hh.de\/hrm-pol\/wp-content\/uploads\/sites\/798\/2025\/03\/Georgia-1536x1132.jpg 1536w, https:\/\/www.hsu-hh.de\/hrm-pol\/wp-content\/uploads\/sites\/798\/2025\/03\/Georgia-2048x1509.jpg 2048w, https:\/\/www.hsu-hh.de\/hrm-pol\/wp-content\/uploads\/sites\/798\/2025\/03\/Georgia-1100x811.jpg 1100w\" sizes=\"auto, (max-width: 1024px) 100vw, 1024px\" \/><\/figure>\n<\/div>\n<\/div>\n<\/div>\n<\/div>\n\n\n\n<hr class=\"wp-block-separator has-alpha-channel-opacity\" \/>\n\n\n\n<p>Seit 2024 ist Georgia Stobrawe studentische Hilfskraft an der Professur f\u00fcr Personalpolitik bei <abbr title=\"Professor\">Prof.<\/abbr> <abbr title=\"Doktor\">Dr.<\/abbr> Sieben an der Fakult\u00e4t f\u00fcr Geistes- und Sozialwissenschaften, Helmut-Schmidt-Universit\u00e4t \u2013 Universit\u00e4t der Bundeswehr Hamburg.<\/p>\n\n\n\n<p>Sie studiert Soziologie und Geschichte im Bachelor an der Universit\u00e4t Hamburg.<\/p>\n\n\n\n<h3 class=\"wp-block-heading\">&nbsp;<\/h3>\n\n\n\n<p><\/p>\n","protected":false},"excerpt":{"rendered":"<p>Studentische Hilfskraft Postanschrift: Helmut-Schmidt-Universit\u00e4tProfessur f\u00fcr PersonalpolitikPostfach 70 08 2222008 Hamburg Besucheranschrift: Helmut-Schmidt-Universit\u00e4tGeb\u00e4ude H4Holstenhofweg 8522043 Hamburg Raum: 104, H4 E-mail: stobrawg@hsu.hamburg Seit 2024 ist Georgia Stobrawe studentische Hilfskraft an der Professur [&hellip;]<\/p>\n","protected":false},"author":2873,"featured_media":0,"parent":134,"menu_order":0,"comment_status":"closed","ping_status":"closed","template":"","meta":{"footnotes":""},"categories":[8],"tags":[],"class_list":["post-682","page","type-page","status-publish","hentry","category-team"],"_links":{"self":[{"href":"https:\/\/www.hsu-hh.de\/hrm-pol\/wp-json\/wp\/v2\/pages\/682","targetHints":{"allow":["GET"]}}],"collection":[{"href":"https:\/\/www.hsu-hh.de\/hrm-pol\/wp-json\/wp\/v2\/pages"}],"about":[{"href":"https:\/\/www.hsu-hh.de\/hrm-pol\/wp-json\/wp\/v2\/types\/page"}],"author":[{"embeddable":true,"href":"https:\/\/www.hsu-hh.de\/hrm-pol\/wp-json\/wp\/v2\/users\/2873"}],"replies":[{"embeddable":true,"href":"https:\/\/www.hsu-hh.de\/hrm-pol\/wp-json\/wp\/v2\/comments?post=682"}],"version-history":[{"count":54,"href":"https:\/\/www.hsu-hh.de\/hrm-pol\/wp-json\/wp\/v2\/pages\/682\/revisions"}],"predecessor-version":[{"id":5070,"href":"https:\/\/www.hsu-hh.de\/hrm-pol\/wp-json\/wp\/v2\/pages\/682\/revisions\/5070"}],"up":[{"embeddable":true,"href":"https:\/\/www.hsu-hh.de\/hrm-pol\/wp-json\/wp\/v2\/pages\/134"}],"wp:attachment":[{"href":"https:\/\/www.hsu-hh.de\/hrm-pol\/wp-json\/wp\/v2\/media?parent=682"}],"wp:term":[{"taxonomy":"category","embeddable":true,"href":"https:\/\/www.hsu-hh.de\/hrm-pol\/wp-json\/wp\/v2\/categories?post=682"},{"taxonomy":"post_tag","embeddable":true,"href":"https:\/\/www.hsu-hh.de\/hrm-pol\/wp-json\/wp\/v2\/tags?post=682"}],"curies":[{"name":"wp","href":"https:\/\/api.w.org\/{rel}","templated":true}]}}