{"id":582,"date":"2018-03-05T10:18:54","date_gmt":"2018-03-05T09:18:54","guid":{"rendered":"https:\/\/www.hsu-hh.de\/hrm-pol\/?page_id=582"},"modified":"2026-02-05T14:27:29","modified_gmt":"2026-02-05T13:27:29","slug":"sieben","status":"publish","type":"page","link":"https:\/\/www.hsu-hh.de\/hrm-pol\/sieben","title":{"rendered":"Prof. Dr. Barbara Sieben"},"content":{"rendered":"\n<h2 class=\"wp-block-heading\">Professurinhaberin<\/h2>\n\n\n\n<hr class=\"wp-block-separator has-alpha-channel-opacity\" \/>\n\n\n\n<div class=\"wp-block-columns is-layout-flex wp-container-core-columns-is-layout-9d6595d7 wp-block-columns-is-layout-flex\">\n<div class=\"wp-block-column is-layout-flow wp-block-column-is-layout-flow\">\n<div class=\"wp-block-columns is-layout-flex wp-container-core-columns-is-layout-9d6595d7 wp-block-columns-is-layout-flex\">\n<div class=\"wp-block-column is-layout-flow wp-block-column-is-layout-flow\">\n<p><strong>Postanschrift:<\/strong> Helmut-Schmidt-Universit\u00e4t<br>Professur f\u00fcr Personalpolitik<br>Postfach 70 08 22<br>22008 Hamburg<\/p>\n<\/div>\n\n\n\n<div class=\"wp-block-column is-layout-flow wp-block-column-is-layout-flow\">\n<p><strong>Besucheranschrift:<\/strong> Helmut-Schmidt-Universit\u00e4t<br>Geb\u00e4ude H4<br>Holstenhofweg 85<br>22043 Hamburg<\/p>\n<\/div>\n<\/div>\n<\/div>\n\n\n\n<div class=\"wp-block-column is-layout-flow wp-block-column-is-layout-flow\">\n<div class=\"wp-block-columns is-layout-flex wp-container-core-columns-is-layout-9d6595d7 wp-block-columns-is-layout-flex\">\n<div class=\"wp-block-column is-layout-flow wp-block-column-is-layout-flow\">\n<p><strong>Raum:<\/strong> 111, H4<\/p>\n\n\n\n<p><strong>Telefon<\/strong>: (040) 6541 2103<\/p>\n\n\n\n<p><strong>E-Mail:<\/strong> <a href=\"mailto:barbara.sieben@hsu.hamburg\" rel='nofollow'>barbara.sieben@hsu.hamburg<\/a><\/p>\n<\/div>\n\n\n\n<div class=\"wp-block-column is-layout-flow wp-block-column-is-layout-flow\">\n<figure class=\"wp-block-image size-large\"><img loading=\"lazy\" decoding=\"async\" width=\"739\" height=\"1024\" src=\"https:\/\/www.hsu-hh.de\/hrm-pol\/wp-content\/uploads\/sites\/798\/2024\/02\/Barbara-Sieben-c-HSU-Fotograf-R.-Scheiblich-02-2023-739x1024.jpg\" data-credit=\"Barbara Sieben\" alt=\"\" class=\"wp-image-4318\" srcset=\"https:\/\/www.hsu-hh.de\/hrm-pol\/wp-content\/uploads\/sites\/798\/2024\/02\/Barbara-Sieben-c-HSU-Fotograf-R.-Scheiblich-02-2023-739x1024.jpg 739w, https:\/\/www.hsu-hh.de\/hrm-pol\/wp-content\/uploads\/sites\/798\/2024\/02\/Barbara-Sieben-c-HSU-Fotograf-R.-Scheiblich-02-2023-217x300.jpg 217w, https:\/\/www.hsu-hh.de\/hrm-pol\/wp-content\/uploads\/sites\/798\/2024\/02\/Barbara-Sieben-c-HSU-Fotograf-R.-Scheiblich-02-2023-768x1064.jpg 768w, https:\/\/www.hsu-hh.de\/hrm-pol\/wp-content\/uploads\/sites\/798\/2024\/02\/Barbara-Sieben-c-HSU-Fotograf-R.-Scheiblich-02-2023-1109x1536.jpg 1109w, https:\/\/www.hsu-hh.de\/hrm-pol\/wp-content\/uploads\/sites\/798\/2024\/02\/Barbara-Sieben-c-HSU-Fotograf-R.-Scheiblich-02-2023-1479x2048.jpg 1479w, https:\/\/www.hsu-hh.de\/hrm-pol\/wp-content\/uploads\/sites\/798\/2024\/02\/Barbara-Sieben-c-HSU-Fotograf-R.-Scheiblich-02-2023-1100x1524.jpg 1100w, https:\/\/www.hsu-hh.de\/hrm-pol\/wp-content\/uploads\/sites\/798\/2024\/02\/Barbara-Sieben-c-HSU-Fotograf-R.-Scheiblich-02-2023.jpg 1535w\" sizes=\"auto, (max-width: 739px) 100vw, 739px\" \/><\/figure>\n<\/div>\n<\/div>\n<\/div>\n<\/div>\n\n\n\n<hr class=\"wp-block-separator has-alpha-channel-opacity\" \/>\n\n\n\n<p><strong><abbr title=\"Professor\">Prof.<\/abbr> <abbr title=\"Doktor\">Dr.<\/abbr> Barbara Sieben<\/strong> ist Professorin f\u00fcr Personalpolitik an der Fakult\u00e4t f\u00fcr Geistes- und Sozialwissenschaften der Helmut-Schmidt-Universit\u00e4t. Sie absolvierte einen Lehramtsstudiengang mit Erstfach Wirtschaftswissenschaft und Zweitfach Spanisch und promovierte 2006 an der Freien Universit\u00e4t Berlin. Sie war als wissenschaftliche Mitarbeiterin am Arbeitsbereich Personalpolitik des Instituts f\u00fcr Management t\u00e4tig und 2007 bis 2013 als Juniorprofessorin f\u00fcr Human Resource Management, Schwerpunkt Diversity. Weitere Lehrt\u00e4tigkeiten \u00fcbernahm sie an der Universit\u00e4t Innsbruck sowie 2013 als Teaching-Equality-Gastprofessorin an der Universit\u00e4t T\u00fcbingen. Ihre Forschungsschwerpunkte umfassen verschiedene Kontexte von Diversit\u00e4t und Chancengleichheit in Organisationen, Personalpraktiken in ihrem Zusammenhang mit Gender, Diversity und Intersektionalit\u00e4t sowie kritische Analysen von Managementdiskursen <abbr title=\"zum Beispiel\">z.B.<\/abbr> zu Emotionen und Management. Theoretisch wie empirisch verfolgt sie einen multiparadigmatischen Forschungszugang unter Einbeziehung von Ans\u00e4tzen der kritischen Managementforschung. Ihre Arbeiten wurden in f\u00fchrenden internationalen Zeitschriften wie <em>British Journal of Management, Equality, Diversity and Inclusion, Group &amp; Organization Management, Human Relations, International Journal of Human Resource Management, Organization Studies<\/em> und <em>Scandinavian Journal of Management<\/em> ver\u00f6ffentlicht. Sie ist Mitglied im Editorial Board der Zeitschrift <em>Emotions and Society<\/em> und Mitherausgeberin der <em>Zeitschrift f\u00fcr Diversit\u00e4tsforschung und -management.<\/em><\/p>\n\n\n\n<details class=\"wp-block-details is-layout-flow wp-block-details-is-layout-flow\"><summary>Lebenslauf<\/summary>\n<h3 class=\"wp-block-heading\">Akademische T\u00e4tigkeiten<\/h3>\n\n\n\n<p>Seit Oktober 2013 <strong>Professorin f\u00fcr Personalpolitik<\/strong> an der Fakult\u00e4t f\u00fcr Geistes-und Sozialwissenschaften, Helmut-Schmidt-Universit\u00e4t \u2013 Universit\u00e4t der Bundeswehr Hamburg<\/p>\n\n\n\n<p>2013 Teaching-Equality-Gastprofessorin, Wirtschafts- und Sozialwissenschaftliche Fakult\u00e4t, Eberhard Karls Universit\u00e4t T\u00fcbingen<\/p>\n\n\n\n<p>2007\u20132013 Juniorprofessorin f\u00fcr Human Resource Management, Schwerpunkt Diversity, am Management-Department, Freie Universit\u00e4t Berlin<\/p>\n\n\n\n<p>2012 Forschungsaufenthalt am College of Management, University of Massachusetts Boston<\/p>\n\n\n\n<p>2009\u20132011 Lehrbeauftragte am Institut f\u00fcr Organisation und Lernen, Universit\u00e4t Innsbruck<\/p>\n\n\n\n<p>2006\u20132007 Lehrbeauftragte am Fachbereich Wirtschaftswissenschaft, Freie Universit\u00e4t Berlin<\/p>\n\n\n\n<p>2001\u20132006 Wissenschaftliche Mitarbeiterin am Institut f\u00fcr Management \u2013 Personalpolitik, Freie Universit\u00e4t Berlin<\/p>\n\n\n\n<p>1998\u20132001 Studentische Hilfskraft am Institut f\u00fcr Management \u2013 Personalpolitik, Freie Universit\u00e4t Berlin, mit Unterrichtsaufgaben (Tutorin) f\u00fcr das Fach \u201eEinzelwirtschaftliches Rechnungswesen II\u201c<\/p>\n\n\n\n<h3 class=\"wp-block-heading\">Akademische Ausbildung<\/h3>\n\n\n\n<p>2006 Promotion zur <abbr title=\"Doktor\">Dr.<\/abbr> <abbr title=\"rerum\">rer.<\/abbr> <abbr title=\"politicarum\">pol.<\/abbr> am Fachbereich Wirtschaftswissenschaft, Freie Universit\u00e4t Berlin<\/p>\n\n\n\n<p>2001 Erste (wissenschaftliche) Staatspr\u00fcfung f\u00fcr das Amt der Studienr\u00e4tin mit beruflicher Fachrichtung Wirtschaftswissenschaft<\/p>\n\n\n\n<p>Lehramtsstudiengang mit Erstfach Wirtschaftswissenschaft, Schwerpunkt <abbr title=\"Betriebswirtschaftslehre\">BWL<\/abbr>, und Zweitfach Spanisch, Freie Universit\u00e4t Berlin<\/p>\n\n\n\n<p>Einj\u00e4hriges Auslandsstudium, Universit\u00e4t Carlos III, Madrid<\/p>\n\n\n\n<h3 class=\"wp-block-heading\">Berufliche T\u00e4tigkeiten<\/h3>\n\n\n\n<p>1997\u20131998 St\u00fctzlehrerin im Ausbildungsrestaurant Am Kuhgraben der Sozial-Diakonischen Jugendarbeit Lichtenberg e.V., Berlin<\/p>\n\n\n\n<p>1996\u20131997 Empfangssekret\u00e4rin im Bildungszentrum Erkner, Erkner bei Berlin<\/p>\n\n\n\n<p>1995 Sekret\u00e4rin der Ausbildungsinitiative G\u00fcne\u015f e.V., Berlin<\/p>\n\n\n\n<p>1994\u20131995 Sekret\u00e4rin der Initiative Selbst\u00e4ndiger Immigrantinnen I.S.I. e.V., Berlin<\/p>\n\n\n\n<p>1991\u20131994 Empfangssekret\u00e4rin im Hotel Bremen, Berlin<\/p>\n\n\n\n<p>1989\u20131990 Empfangssekret\u00e4rin im Aerogolf Sheraton Hotel, Luxemburg<\/p>\n\n\n\n<p>1987\u20131989 Empfangssekret\u00e4rin im Waldhotel Krautkr\u00e4mer, M\u00fcnster<\/p>\n\n\n\n<h3 class=\"wp-block-heading\"><strong>Berufliche und schulische Ausbildung<\/strong><\/h3>\n\n\n\n<p>1992 Staatlich gepr\u00fcfte Betriebswirtin f\u00fcr das Hotel- und Gastst\u00e4ttengewerbe Hotelfachschule Berlin<\/p>\n\n\n\n<p>1987 Hotelfachfrau<br>Duale Berufsausbildung: Kollegschule Minden und DOHM-Hotel, Herford<\/p>\n\n\n\n<p>1984 Abitur, Friedrichsgymnasium Herford<\/p>\n<\/details>\n\n\n\n<h2 class=\"wp-block-heading\">Forschungsschwerpunkte<\/h2>\n\n\n\n<ul class=\"wp-block-list\">\n<li>Personalstrategien, <abbr title=\"insbesondere\">insb.<\/abbr> Besch\u00e4ftigung von Personen mit Migrationshintergrund, Fach- und F\u00fchrungskr\u00e4fte-Bindung<\/li>\n\n\n\n<li>Chancengleichheit durch Personalpolitik; Diversity und Diversity Management<\/li>\n\n\n\n<li>Emotionen in Organisationen<\/li>\n\n\n\n<li>Management von Dienstleistungsarbeit<\/li>\n\n\n\n<li>Multiparadigmatische Forschungszug\u00e4nge, <abbr title=\"insbesondere\">insb.<\/abbr> kritische Managementforschung<\/li>\n<\/ul>\n\n\n\n<h2 class=\"wp-block-heading\">Ausgew\u00e4hlte Publikationen<\/h2>\n\n\n\n<p>(Ein vollst\u00e4ndiges Verzeichnis der Publikationen und Vortr\u00e4ge finden Sie <a href=\"https:\/\/www.hsu-hh.de\/hrm-pol\/wp-content\/uploads\/sites\/798\/2024\/02\/BSieben-Publikationen-Vortraege-2024-01.pdf\">hier<\/a>.)<\/p>\n\n\n\n<p>Kornau, A., Knappert, L., Tatli, A., &amp; Sieben, B. (2023). Contested fields of equality, diversity and inclusion at work: An institutional work lens on power relations and actors\u2019 strategies in Germany and Turkey. <em>The International Journal of Human Resource Management, <\/em>34(12), 2481-2515. <a href=\"https:\/\/doi.org\/10.108\/09585192.2022.2086014\" rel='nofollow'>https:\/\/doi.org\/10.108\/09585192.2022.2086014&nbsp;<\/a><\/p>\n\n\n\n<p>Bernauer, V. S., Sieben, B., &amp; Haunschild, A. (2023). \u201cYou can call me Susan!\u201d Doing gendered-class work in luxury service encounters. <em>Equality, Diversity and Inclusion: An International Journal, <\/em>42(4), 494-511. <a href=\"https:\/\/doi.org\/10.1108\/EDI-10-2021-0272\" rel='nofollow'>https:\/\/doi.org\/10.1108\/EDI-10-2021-0272&nbsp;<\/a><\/p>\n\n\n\n<p>Kornau, A., Frerichs, I. M., &amp; Sieben, B. (2020). An empirical analysis of research paradigms within international human resource management: The need for more diversity. <em>German Journal of Human Resource Management, 34<\/em>(2), 148-177. <a href=\"https:\/\/doi.org\/10.1177\/2397002220908035\" rel='nofollow'>https:\/\/doi.org\/10.1177\/2397002220908035&nbsp;<\/a><\/p>\n\n\n\n<p>Klarsfeld, A., Knappert, L., Kornau, A., Ngunjiri, F. W., &amp; Sieben, B. (Eds.) (2019). Special Issue: Diversity in under-researched countries: New empirical fields challenging old theories? <em>Equality, Diversity and Inclusion: An International Journal, 38<\/em>(7).<\/p>\n\n\n\n<p>Ortlieb, R., &amp; Sieben, B. (2019). Balls, barbecues and boxing: Contesting gender regimes at organizational social events. <em>Organization Studies, 40<\/em>(1), 115-133. <a href=\"https:\/\/doi.org\/10.1177\/0170840617736941\" rel='nofollow'>https:\/\/doi.org\/10.1177\/0170840617736941&nbsp;<\/a><\/p>\n\n\n\n<p>Krell, G., Ortlieb, R., &amp; Sieben, B. (2018). Gender und Diversity in Organisationen: Grundlegendes zur <em>Chancengleichheit durch Personalpolitik<\/em>. Gabler. <a href=\"https:\/\/doi.org\/10.1007\/978-3-658-20554-6\" rel='nofollow'>https:\/\/doi.org\/10.1007\/978-3-658-20554-6&nbsp;<\/a><\/p>\n\n\n\n<p>Sieben, B., &amp; Rastetter, D. (2017). Management research on gender and diversity in German-speaking countries: A stock-taking. <em>Zeitschrift f\u00fcr Diversit\u00e4tsforschung und-management, 2<\/em>(2), 8-23. <a href=\"https:\/\/doi.org\/10.3224\/zdfm.v2i2.02\" rel='nofollow'>https:\/\/doi.org\/10.3224\/zdfm.v2i2.02&nbsp;<\/a><\/p>\n\n\n\n<p>Collien, I., Sieben, B., &amp; M\u00fcller-Camen, M. (2016). Age work in organizations: Maintaining and disrupting institutionalized understandings of higher age. <em>British Journal of Management<\/em>, 27, 778-795. <a href=\"https:\/\/doi.org\/10.1111\/1467-8551.12198\" rel='nofollow'>https:\/\/doi.org\/10.1111\/1467-8551.12198&nbsp;<\/a><\/p>\n\n\n\n<p>Sieben, B., Braun, T., &amp; Ferreira, A. (2016). Reproduction of \u2018typical\u2019 gender roles in temporary organizations\u2014No surprise for whom? The case of cooperative behaviors and their acknowledgement. <em>Scandinavian Journal of Management, 32<\/em>(1), 52-62. <a href=\"https:\/\/doi.org\/10.1016\/j.scaman.2015.12.001\" rel='nofollow'>https:\/\/doi.org\/10.1016\/j.scaman.2015.12.001&nbsp;<\/a><\/p>\n\n\n\n<p>Ortlieb, R., &amp; Sieben, B. (2014). The making of inclusion as structuration: Empirical evidence of a multinational company. <em>Equality, Diversity and Inclusion: An International Journal, 33(3),<\/em> 235-248. <a href=\"https:\/\/doi.org\/10.1108\/EDI-06-2012-0052\" rel='nofollow'>https:\/\/doi.org\/10.1108\/EDI-06-2012-0052&nbsp;<\/a><\/p>\n\n\n\n<p>Ortlieb, R., Sieben, B., &amp; Sichtmann, C. (2014). Assigning migrants to customer contact jobs: A context-specific exploration of the business case for diversity.<em> Review of Managerial Science, 8,<\/em> 249-273. <a href=\"https:\/\/doi.org\/10.1007\/s11846-013-0106-4\" rel='nofollow'>https:\/\/doi.org\/10.1007\/s11846-013-0106-4&nbsp;<\/a><\/p>\n\n\n\n<p>Ortlieb, R., &amp; Sieben, B. (2013). Diversity strategies and business logic: Why do companies employ ethnic minorities? <em>Group &amp; Organization Management, 38<\/em>(4), 480-511. <a href=\"https:\/\/doi.org\/10.1177\/1059601113497094\" rel='nofollow'>https:\/\/doi.org\/10.1177\/1059601113497094&nbsp;<\/a><\/p>\n\n\n\n<p>Ortlieb, R., &amp; Sieben, B. (2012). How to safeguard critical resources of professional and managerial staff: Exploration of a taxonomy of resource retention strategies. I<em>nternational Journal of Human Resource Management, 23<\/em>(8), 1688-1704. <a href=\"https:\/\/doi.org\/10.1080\/09585192.2011.61034\" rel='nofollow'>https:\/\/doi.org\/10.1080\/09585192.2011.61034&nbsp;<\/a><\/p>\n\n\n\n<p>Krell, G., Ortlieb, R., &amp; Sieben, B. (<abbr title=\"Herausgeber\">Hrsg.<\/abbr>) (2011).<em> Chancengleichheit durch Personalpolitik. Gleichstellung von Frauen und M\u00e4nnern in Unternehmen und Verwaltungen. Rechtliche Regelungen \u2013 Problemanalysen<\/em> \u2013 L\u00f6sungen. 6. <abbr title=\"Auflage\">Aufl.<\/abbr> Gabler. <a href=\"https:\/\/doi.org\/10.1007\/978-3-8349-9560-5_45\" rel='nofollow'>https:\/\/doi.org\/10.1007\/978-3-8349-9560-5_45&nbsp;<\/a><\/p>\n\n\n\n<p>Sieben, B., &amp; Wettergren, \u00c5. (Eds.) (2010). <em>Emotionalizing organizations and organizing emotions.<\/em> Palgrave Macmillan. <a href=\"https:\/\/doi.org\/10.1057\/9780230289895\" rel='nofollow'>https:\/\/doi.org\/10.1057\/9780230289895&nbsp;<\/a><\/p>\n\n\n\n<p>Krell, G., Riedm\u00fcller, B., Sieben, B., &amp; Vinz, D. (<abbr title=\"Herausgeber\">Hrsg.<\/abbr>) (2007). <em>Diversity Studies. Grundlagen und disziplin\u00e4re Ans\u00e4tze.<\/em> Campus.<\/p>\n\n\n\n<p>Sieben, B. (2007). Doing research on emotion and virtual work: A compass to assist orientation. <em>Human Relations, 60<\/em>(4), 561-580. <a href=\"https:\/\/doi.org\/10.1177\/2F0018726707078347\" rel='nofollow'>https:\/\/doi.org\/10.1177\/2F0018726707078347&nbsp;<\/a><\/p>\n\n\n\n<p>Sieben, B. (2007). <em>Management und Emotionen. Analyse einer ambivalenten Verkn\u00fcpfung<\/em>. Campus.<\/p>\n\n\n\n<h2 class=\"wp-block-heading\">Funktionen in Forschung und Lehre<\/h2>\n\n\n\n<details class=\"wp-block-details is-layout-flow wp-block-details-is-layout-flow\"><summary>Begutachtungen, Beiratst\u00e4tigkeiten, Gremient\u00e4tigkeiten<\/summary>\n<h3 class=\"wp-block-heading\">Begutachtungen<\/h3>\n\n\n\n<p><a href=\"https:\/\/www.bmbwf.gv.at\/Themen\/HS-Uni\/Gleichstellung-und-Diversit%C3%A4t\/Policy-und-Ma%C3%9Fnahmen\/Diversit%C3%A4tsmanagement\/DMP-Diversitas.html\" target=\"_blank\" rel=\"noreferrer noopener\">Diversit\u00e4tsmanagement-Preis Diversitas des BMBWF<\/a> &#8211; Bundesministerium f\u00fcr Bildung, Wissenschaft und Forschung \u00d6sterreich &#8211; zur Auszeichnung preisw\u00fcrdiger Projekte der geschlechter- und diversit\u00e4tsorientierten Gleichstellungspolitik und Organisationsentwicklung an \u00f6sterreichischen Hochschul- und Forschungseinrichtungen, Mitglied der Fachjury seit 2023<\/p>\n\n\n\n<p>Begutachtungen von Forschungsantr\u00e4gen (Themen: Gender und Diversity Management, Qualit\u00e4t von Dienstleistungsarbeit) <abbr title=\"unter anderem\">u.a.<\/abbr> f\u00fcr&nbsp;<abbr title=\"Bundesministerium f\u00fcr Bildung und Forschung\">BMBF<\/abbr> \u2013 Bundesministerium f\u00fcr Bildung und Forschung,&nbsp;DFG \u2013 Deutsche Forschungsgemeinschaft,&nbsp;FWF \u2013 Fonds zur F\u00f6rderung der wissenschaftlichen Forschung, \u00d6sterreich,&nbsp;FWO \u2013 Fonds Wetenschappelijk Onderzoek, Research Foundation Flandern, Belgien, SNF &#8211; Schweizerischer Nationalfonds, Wissenschaftliche Kommission Niedersachsen<\/p>\n\n\n\n<p>Ad-Hoc-Reviews <abbr title=\"unter anderem\">u.a.<\/abbr> f\u00fcr Betriebswirtschaftliche Forschung und Praxis, Canadian Journal of Administrative Sciences, Equality, Diversity and Inclusion, German Journal of Human Resource Management (ZfP), Human Relations, International Journal of Conflict Management, International Journal of Human Resource Management, International Journal of Work Organization and Emotion, Journal of Business Ethics, Managementforschung, Management Revue, Organization Studies, Research Policy, Zeitschrift f\u00fcr Betriebswirtschaft, WKs Personal und Organisation im VHB<\/p>\n\n\n\n<h3 class=\"wp-block-heading\">Beiratst\u00e4tigkeiten<\/h3>\n\n\n\n<p>Wissenschaftlicher Beirat \u201e<a href=\"https:\/\/www.bib.bund.de\/DE\/Forschung\/Migration\/Projekte\/kulturelle-diversitaet-in-der-bundesverwaltung.html\" rel='nofollow'>Kulturelle Diversit\u00e4t und Chancengleichheit in der Bundesverwaltung<\/a>\u201c, Projekt des Bundesinstituts f\u00fcr Bev\u00f6lkerungsforschung (BiB), durchgef\u00fchrt mit und gef\u00f6rdert von der Beauftragten der Bundesregierung f\u00fcr Migration, Fl\u00fcchtlinge und Integration, 2018\u20132020<\/p>\n\n\n\n<p>Geladene Expertin im Forum \u201eGleichstellungsorientiertes Personalmanagement\u201c, Sachverst\u00e4ndigenkommission Zweiter Gleichstellungsbericht der Bundesregierung, April 2016<\/p>\n\n\n\n<p>Wissenschaftlicher Beirat \u201eFrauen im mitbestimmten Aufsichtsrat\u201c, Forschungsprojekt gef\u00f6rdert von der Hans-B\u00f6ckler-Stiftung, 2014\u20132017<\/p>\n\n\n\n<p>Expertenbeirat des <abbr title=\"Bundesministerium f\u00fcr Bildung und Forschung\">BMBF<\/abbr>-Metavorhabens ServProf (Service Professionalit\u00e4t lernen und leben), 2009\u20132013<\/p>\n\n\n\n<p>Wissenschaftlicher Beirat der idm (Internationale Gesellschaft f\u00fcr Diversity Management e.V.), seit 2007<\/p>\n\n\n\n<h3 class=\"wp-block-heading\">Gremient\u00e4tigkeiten<\/h3>\n\n\n\n<h4 class=\"wp-block-heading\"><strong>an der Helmut-Schmidt-Universit\u00e4t<\/strong><\/h4>\n\n\n\n<p>Senatsausschuss zur F\u00f6rderung der Chancengleichheit (SenAChance), professorales Mitglied der <abbr title=\"Geistes- und Sozialwissenschaften\">GeiSo<\/abbr>-Fakult\u00e4t seit 10\/2022, Vorsitz (mit <abbr title=\"Professor\">Prof.<\/abbr> <abbr title=\"Doktor\">Dr.<\/abbr> Tanja Klenk) seit 2023<\/p>\n\n\n\n<p><a href=\"https:\/\/zgd-hamburg.de\/\" target=\"_blank\" rel=\"noreferrer noopener\">Zentrum Gender &amp; Diversity (ZDG)<\/a> Hamburg, stellv. Vertretung der <abbr title=\"Helmut Schmidt Universit\u00e4t\">HSU<\/abbr> in der Gemeinsamen Kommission, dem hochschul\u00fcbergreifenden Leitungsgremium des ZGD, seit 2021<\/p>\n\n\n\n<p>Weiterbildender Masterstudiengang Leading Diversity (M-LeaD): Konzeption und Akkreditierungsbegleitung 2015\u20132017; Studiengangsleitung 2018\u20132020; Pr\u00fcfungsausschuss-Vorsitzende 2018\u20132017<\/p>\n\n\n\n<p>ZWW-Beirat (Zentrum f\u00fcr Wissenschaftliche Weiterbildung), stellvertretende Vorsitzende 2016\u20132019<\/p>\n\n\n\n<p>Studiendekanat Bildungs- und Erziehungswissenschaften, 2017\u20132018; Stellvertreterin 2019<\/p>\n\n\n\n<p>Senatsausschuss f\u00fcr Lehre und Studium, 2017\u20132018<\/p>\n\n\n\n<p>Fakult\u00e4tsrat Geistes- und Sozialwissenschaften, 2017\u20132018<\/p>\n\n\n\n<p>Senatsausschuss f\u00fcr Forschung und wissenschaftlichen Nachwuchs, 2015\u20132018<\/p>\n\n\n\n<p>Ausschuss f\u00fcr Praktikumsfragen, 2015\u20132016<\/p>\n\n\n\n<h4 class=\"wp-block-heading\"><strong>an der Freien Universit\u00e4t Berlin<\/strong><\/h4>\n\n\n\n<p>Institutsrat der WE 1 (<abbr title=\"Betriebswirtschaftslehre\">BWL<\/abbr>) des Fachbereichs Wirtschaftswissenschaft, Stellvertretende Direktorin, 2009\u20132011<\/p>\n\n\n\n<p>Weiterbildender Masterstudiengang Gender- und Diversity-Kompetenz: Gemeinsame Kommission der Fachbereiche Politik- und Sozialwissenschaften, Rechtswissenschaft und Wirtschaftswissenschaft, Mitglied 2007\u20132013, Vorsitz 2011\u20132013, Gesch\u00e4ftsf\u00fchrende Kommission und Pr\u00fcfungsausschuss, Mitglied 2009\u20132013, Vorsitz 2011\u20132013<\/p>\n\n\n\n<p>Frauenrat der Freien Universit\u00e4t Berlin, 2008\u20132011<\/p>\n\n\n\n<p><\/p>\n<\/details>\n\n\n\n<h2 class=\"wp-block-heading\">Mitgliedschaften<\/h2>\n\n\n\n<p>AOM \u2013 Academy of Management, Divisions: CMS (Critical Management Studies), GDO (Gender and Diversity in Organizations) und HRM (Human Resource Management)<\/p>\n\n\n\n<p><a href=\"https:\/\/www.iop.unibe.ch\/forschung\/diversity_netzwerk\/index_ger.html\" data-type=\"link\" data-id=\"https:\/\/www.iop.unibe.ch\/forschung\/diversity_netzwerk\/index_ger.html\" target=\"_blank\" rel=\"noreferrer noopener\">Diversity-Netzwerk<\/a> \u2013 Netzwerk von Forschenden zu Diversit\u00e4t, Chancengleichheit und Inklusion aus Deutschland, \u00d6sterreich und der Schweiz<\/p>\n\n\n\n<p><a href=\"https:\/\/efas.htw-berlin.de\/\" data-type=\"link\" data-id=\"https:\/\/efas.htw-berlin.de\/\" target=\"_blank\" rel=\"noreferrer noopener\">efas<\/a> \u2013 economy, feminism and science, deutschsprachiges Netzwerk von \u00d6konominnen und Frauen aus angrenzenden Berufsfeldern<\/p>\n\n\n\n<p>EGOS \u2013 European Group of Organization Studies<\/p>\n\n\n\n<p>ESA \u2013 Sociology of Emotions Research Network<\/p>\n\n\n\n<p><a href=\"https:\/\/idm-diversity.org\/\" target=\"_blank\" rel=\"noreferrer noopener\">idm<\/a> \u2013 Internationale Gesellschaft f\u00fcr Diversity Management e.V.<\/p>\n\n\n\n<p>VHB \u2013 Verband der Hochschullehrer f\u00fcr Betriebswirtschaftslehre, WKs Personal, Organisation und Wissenschaftstheorie<\/p>\n","protected":false},"excerpt":{"rendered":"<p>Professurinhaberin Postanschrift: Helmut-Schmidt-Universit\u00e4tProfessur f\u00fcr PersonalpolitikPostfach 70 08 2222008 Hamburg Besucheranschrift: Helmut-Schmidt-Universit\u00e4tGeb\u00e4ude H4Holstenhofweg 8522043 Hamburg Raum: 111, H4 Telefon: (040) 6541 2103 E-Mail: barbara.sieben@hsu.hamburg Prof. Dr. Barbara Sieben ist Professorin f\u00fcr [&hellip;]<\/p>\n","protected":false},"author":1503,"featured_media":0,"parent":0,"menu_order":0,"comment_status":"closed","ping_status":"closed","template":"","meta":{"footnotes":""},"categories":[8],"tags":[102,76],"class_list":["post-582","page","type-page","status-publish","hentry","category-team","tag-sieben","tag-team"],"_links":{"self":[{"href":"https:\/\/www.hsu-hh.de\/hrm-pol\/wp-json\/wp\/v2\/pages\/582","targetHints":{"allow":["GET"]}}],"collection":[{"href":"https:\/\/www.hsu-hh.de\/hrm-pol\/wp-json\/wp\/v2\/pages"}],"about":[{"href":"https:\/\/www.hsu-hh.de\/hrm-pol\/wp-json\/wp\/v2\/types\/page"}],"author":[{"embeddable":true,"href":"https:\/\/www.hsu-hh.de\/hrm-pol\/wp-json\/wp\/v2\/users\/1503"}],"replies":[{"embeddable":true,"href":"https:\/\/www.hsu-hh.de\/hrm-pol\/wp-json\/wp\/v2\/comments?post=582"}],"version-history":[{"count":71,"href":"https:\/\/www.hsu-hh.de\/hrm-pol\/wp-json\/wp\/v2\/pages\/582\/revisions"}],"predecessor-version":[{"id":5064,"href":"https:\/\/www.hsu-hh.de\/hrm-pol\/wp-json\/wp\/v2\/pages\/582\/revisions\/5064"}],"wp:attachment":[{"href":"https:\/\/www.hsu-hh.de\/hrm-pol\/wp-json\/wp\/v2\/media?parent=582"}],"wp:term":[{"taxonomy":"category","embeddable":true,"href":"https:\/\/www.hsu-hh.de\/hrm-pol\/wp-json\/wp\/v2\/categories?post=582"},{"taxonomy":"post_tag","embeddable":true,"href":"https:\/\/www.hsu-hh.de\/hrm-pol\/wp-json\/wp\/v2\/tags?post=582"}],"curies":[{"name":"wp","href":"https:\/\/api.w.org\/{rel}","templated":true}]}}