{"id":5469,"date":"2026-05-13T14:00:28","date_gmt":"2026-05-13T12:00:28","guid":{"rendered":"https:\/\/www.hsu-hh.de\/hrm-pol\/?page_id=5469"},"modified":"2026-05-13T15:50:28","modified_gmt":"2026-05-13T13:50:28","slug":"diversity-coaching","status":"publish","type":"page","link":"https:\/\/www.hsu-hh.de\/hrm-pol\/diversity-coaching","title":{"rendered":"Diversity Coaching\u00a0"},"content":{"rendered":"\n<p>This project examines the role of systemic consulting and coaching in addressing societal diversity and organizational dynamics of discrimination. Against the backdrop of increasing diversity in work contexts and a growing demand for diversity-sensitive coaching approaches, the project analyzes conceptual and practical perspectives on diversity-oriented coaching. Building on a systematic literature review, an integrative conceptual framework is developed that differentiates between target groups, overarching&nbsp;objectives, as well as process design and contextual conditions of diversity-oriented consulting.&nbsp;<\/p>\n\n\n\n<p>In addition, qualitative expert interviews are used to empirically reconstruct how systemic practitioners understand and enact diversity in their work. The findings reveal a range of diversity-oriented practices, including forms of (self-)positioning, the integration of diversity-critical knowledge, and specific interventions aimed at&nbsp;facilitating&nbsp;reflection on shame. At the same time, the analysis highlights tensions between a traditional systemic stance and a power-critical perspective on societal inequalities and relations of privilege.&nbsp;<\/p>\n\n\n\n<p>The project aims to further specify these tensions and make them accessible for consulting practice. At its core is the question of how diversity can be not only addressed in&nbsp;coaching, but&nbsp;also reflected upon and integrated as a fundamental&nbsp;component&nbsp;of professional process design. In doing so, the project contributes to the further development of systemic consulting in the context of broader societal transformation processes.&nbsp;<\/p>\n\n\n\n<p><strong>Selected contributions:<\/strong>&nbsp;<\/p>\n\n\n\n<p>H\u00fclsemann, J. &amp;\u00a0Kornau, A. (2026).\u00a0Diversit\u00e4t in der systemischen Beratung \u2013 Praktiken und Spannungsfelder.\u00a0<em>Systhema,\u00a0<\/em>40(1), 19-31.\u00a0<\/p>\n\n\n\n<p>Kornau, A. (2025).&nbsp;Diversity&nbsp;Coaching!? Eine begrifflich-konzeptionelle Ann\u00e4herung anhand einer systematischen Literaturanalyse.&nbsp;<em>Organisationsberatung, Supervision, Coaching<\/em>. Advanced online publication.&nbsp;<a href=\"https:\/\/doi.org\/10.1007\/s11613-024-00923-w\" target=\"_blank\" rel=\"noreferrer noopener\">https:\/\/doi.org\/10.1007\/s11613-024-00923-w<\/a>&nbsp;<\/p>\n\n\n\n<p>H\u00fclsemann, J. (2025). (Be-)Deutung von Diversit\u00e4t in der systemischen Beratung. Eine qualitative Interviewstudie zu Praktiken, Wirkungen und Herausforderungen. Unver\u00f6ffentlichte Masterarbeit, Georg-August-Universit\u00e4t G\u00f6ttingen (Erstgutachterin: A. B\u00fchrmann; Zweitgutachterin: A. Kornau)&nbsp;<\/p>\n","protected":false},"excerpt":{"rendered":"<p>This project examines the role of systemic consulting and coaching in addressing societal diversity and organizational dynamics of discrimination. Against the backdrop of increasing diversity in work contexts and a [&hellip;]<\/p>\n","protected":false},"author":4075,"featured_media":0,"parent":0,"menu_order":0,"comment_status":"closed","ping_status":"closed","template":"","meta":{"footnotes":""},"categories":[4],"tags":[],"class_list":["post-5469","page","type-page","status-publish","hentry","category-forschung"],"_links":{"self":[{"href":"https:\/\/www.hsu-hh.de\/hrm-pol\/wp-json\/wp\/v2\/pages\/5469","targetHints":{"allow":["GET"]}}],"collection":[{"href":"https:\/\/www.hsu-hh.de\/hrm-pol\/wp-json\/wp\/v2\/pages"}],"about":[{"href":"https:\/\/www.hsu-hh.de\/hrm-pol\/wp-json\/wp\/v2\/types\/page"}],"author":[{"embeddable":true,"href":"https:\/\/www.hsu-hh.de\/hrm-pol\/wp-json\/wp\/v2\/users\/4075"}],"replies":[{"embeddable":true,"href":"https:\/\/www.hsu-hh.de\/hrm-pol\/wp-json\/wp\/v2\/comments?post=5469"}],"version-history":[{"count":2,"href":"https:\/\/www.hsu-hh.de\/hrm-pol\/wp-json\/wp\/v2\/pages\/5469\/revisions"}],"predecessor-version":[{"id":5473,"href":"https:\/\/www.hsu-hh.de\/hrm-pol\/wp-json\/wp\/v2\/pages\/5469\/revisions\/5473"}],"wp:attachment":[{"href":"https:\/\/www.hsu-hh.de\/hrm-pol\/wp-json\/wp\/v2\/media?parent=5469"}],"wp:term":[{"taxonomy":"category","embeddable":true,"href":"https:\/\/www.hsu-hh.de\/hrm-pol\/wp-json\/wp\/v2\/categories?post=5469"},{"taxonomy":"post_tag","embeddable":true,"href":"https:\/\/www.hsu-hh.de\/hrm-pol\/wp-json\/wp\/v2\/tags?post=5469"}],"curies":[{"name":"wp","href":"https:\/\/api.w.org\/{rel}","templated":true}]}}