{"id":5416,"date":"2026-03-31T12:06:24","date_gmt":"2026-03-31T10:06:24","guid":{"rendered":"https:\/\/www.hsu-hh.de\/hrm-pol\/?page_id=5416"},"modified":"2026-03-31T12:06:24","modified_gmt":"2026-03-31T10:06:24","slug":"weiterbildender-masterstudiengang-leading-diversity-m-lead","status":"publish","type":"page","link":"https:\/\/www.hsu-hh.de\/hrm-pol\/lehre\/weiterbildender-masterstudiengang-leading-diversity-m-lead","title":{"rendered":"Weiterbildender Masterstudiengang Leading Diversity (M-LeaD)"},"content":{"rendered":"\n<p>Der weiterbildende Masterstudiengang \u201eLeading Diversity\u201c (M-LeaD), konzipiert und initiiert in Kooperation des Zentrums f\u00fcr wissenschaftliche Weiterbildung (ZWW) und der Fakult\u00e4t f\u00fcr Geistes- und Sozialwissenschaften (<abbr title=\"Geistes- und Sozialwissenschaften\">GeiSo<\/abbr>), richtete sich an Fach- und (Nachwuchs-)F\u00fchrungskr\u00e4fte aus \u00f6ffentlichem Dienst, Wissenschaft und Privatwirtschaft, die sich mit Aufgaben des Diversity Managements besch\u00e4ftigen (z. B. Verantwortliche f\u00fcr Personalauswahl oder \u2010entwicklung, Diversit\u00e4ts\u2010 oder Gleichstellungsbeauftragte). \u00dcber Ziele und Inhalte des Studiengangs berichten die Initiatorinnen hier: <\/p>\n\n\n\n<p>Senger, U. &amp; Sieben, B. (2016): Weiterbildender Masterstudiengang \u201eLeading Diversity\u201c (M.A.) an der Helmut Schmidt Universit\u00e4t\/Universit\u00e4t der Bundeswehr Hamburg. <em>Zeitschrift f\u00fcr Diversit\u00e4tsforschung und -management<\/em>,<em> 1<\/em>(1), 110\u2013112. <a href=\"https:\/\/doi.org\/10.3224\/zdfm.v1i1.26085\" rel='nofollow'>https:\/\/doi.org\/10.3224\/zdfm.v1i1.26085<\/a> <\/p>\n\n\n\n<p>Im Herbst 2017 wurde der Studiengang erfolgreich akkreditiert und ein <a href=\"https:\/\/www.hsu-hh.de\/hrm-pol\/pilotmodul-leading-diversity-hsu\" data-type=\"page\" data-id=\"3020\">Pilotmodul<\/a> durchgef\u00fchrt, das einen Vorgeschmack auf das Studienprogramm gab. Im April 2018 startete der Masterstudiengang M-LeaD unter der Leitung von Ulrike Senger und Barbara Sieben mit insgesamt 20 Teilnehmenden. Ab Fr\u00fchjahr 2019 wurde die Studiengangskoordination durch Angela Kornau und Vanessa S. Bernauer verst\u00e4rkt. Vielf\u00e4ltige Lehrformate kamen zum Einsatz wie Fachvortr\u00e4ge, Lehrwerkstatt, Showcase, Design-Thinking-Sprint, F\u00fchrungskr\u00e4fte-Schulung und neben Kolleg*innen der Fakult\u00e4t bereicherten zahlreiche Expert*innen aus Wissenschaft und (Beratungs-)Praxis das Programm. Im M\u00e4rz 2020 endete das Studienprogramm mit einer Pr\u00e4sentation der Masterarbeitsprojekte, deren Themen die folgenden umfassten:<\/p>\n\n\n\n<ul class=\"wp-block-list\">\n<li>Diversit\u00e4t und Inklusion in alternativen Organisationen. Eine Analyse der Online-Pr\u00e4senz von Premium<\/li>\n\n\n\n<li>Integration von Migranten \u2013 Chancen und Herausforderungen aus personalwirtschaftlicher Sicht<\/li>\n\n\n\n<li>Arbeitswerte der Generationen \u2013 ein empirischer Vergleich zu den Erwartungen an die Arbeitswelt zwischen den Generationen \u201aBabyboomer\u2018, \u201aX\u2018 und \u201aY\u2018<\/li>\n\n\n\n<li>Diversit\u00e4tsgerechte Lehr- und Lernsettings zur F\u00f6rderung der Kompetenzentwicklung in der Mathematik und den Ingenieurwissenschaften<\/li>\n\n\n\n<li>Diversit\u00e4t, Antidiskriminierung und soziale Verantwortung im Kontext Hochschule<\/li>\n\n\n\n<li>Gesundheit durch F\u00fchrung \u2013 Eine vergleichende Analyse aktueller F\u00fchrungskonzepte.<\/li>\n<\/ul>\n\n\n\n<p><\/p>\n\n\n\n<p>Den kr\u00f6nenden Abschluss bildete eine feierliche Zeugnisverleihung im September 2020. <\/p>\n\n\n\n<div class=\"wp-block-columns is-layout-flex wp-container-core-columns-is-layout-9d6595d7 wp-block-columns-is-layout-flex\">\n<div class=\"wp-block-column is-layout-flow wp-block-column-is-layout-flow\">\n<figure class=\"wp-block-image size-large\"><img loading=\"lazy\" decoding=\"async\" width=\"1024\" height=\"768\" src=\"https:\/\/www.hsu-hh.de\/hrm-pol\/wp-content\/uploads\/sites\/798\/2026\/03\/MLeaD-Zeugnisverleigung202009-1024x768.jpg\" data-credit=\"HSU \/ ZWW\" alt=\"\" class=\"wp-image-5417\" srcset=\"https:\/\/www.hsu-hh.de\/hrm-pol\/wp-content\/uploads\/sites\/798\/2026\/03\/MLeaD-Zeugnisverleigung202009-1024x768.jpg 1024w, https:\/\/www.hsu-hh.de\/hrm-pol\/wp-content\/uploads\/sites\/798\/2026\/03\/MLeaD-Zeugnisverleigung202009-300x225.jpg 300w, https:\/\/www.hsu-hh.de\/hrm-pol\/wp-content\/uploads\/sites\/798\/2026\/03\/MLeaD-Zeugnisverleigung202009-768x576.jpg 768w, https:\/\/www.hsu-hh.de\/hrm-pol\/wp-content\/uploads\/sites\/798\/2026\/03\/MLeaD-Zeugnisverleigung202009-1536x1152.jpg 1536w, https:\/\/www.hsu-hh.de\/hrm-pol\/wp-content\/uploads\/sites\/798\/2026\/03\/MLeaD-Zeugnisverleigung202009-2048x1536.jpg 2048w, https:\/\/www.hsu-hh.de\/hrm-pol\/wp-content\/uploads\/sites\/798\/2026\/03\/MLeaD-Zeugnisverleigung202009-1100x825.jpg 1100w\" sizes=\"auto, (max-width: 1024px) 100vw, 1024px\" \/><\/figure>\n\n\n\n<div class=\"wp-block-columns is-layout-flex wp-container-core-columns-is-layout-9d6595d7 wp-block-columns-is-layout-flex\">\n<div class=\"wp-block-column is-layout-flow wp-block-column-is-layout-flow\" style=\"flex-basis:33.33%\"><\/div>\n\n\n\n<div class=\"wp-block-column is-layout-flow wp-block-column-is-layout-flow\" style=\"flex-basis:66.66%\"><\/div>\n<\/div>\n\n\n\n<div class=\"wp-block-columns is-layout-flex wp-container-core-columns-is-layout-9d6595d7 wp-block-columns-is-layout-flex\">\n<div class=\"wp-block-column is-layout-flow wp-block-column-is-layout-flow\" style=\"flex-basis:33.33%\"><\/div>\n\n\n\n<div class=\"wp-block-column is-layout-flow wp-block-column-is-layout-flow\" style=\"flex-basis:66.66%\"><\/div>\n<\/div>\n<\/div>\n\n\n\n<div class=\"wp-block-column is-layout-flow wp-block-column-is-layout-flow\">\n<figure class=\"wp-block-image size-full-image is-resized\"><img loading=\"lazy\" decoding=\"async\" width=\"1100\" height=\"1560\" src=\"https:\/\/www.hsu-hh.de\/hrm-pol\/wp-content\/uploads\/sites\/798\/2026\/03\/LEAD_Programm_Zeugnisverleihung_2020_08-Web-1100x1560.jpg\" data-credit=\"HSU \/ ZWW\" alt=\"\" class=\"wp-image-5426\" style=\"aspect-ratio:0.7066521500166981;width:295px;height:auto\" srcset=\"https:\/\/www.hsu-hh.de\/hrm-pol\/wp-content\/uploads\/sites\/798\/2026\/03\/LEAD_Programm_Zeugnisverleihung_2020_08-Web-1100x1560.jpg 1100w, https:\/\/www.hsu-hh.de\/hrm-pol\/wp-content\/uploads\/sites\/798\/2026\/03\/LEAD_Programm_Zeugnisverleihung_2020_08-Web-211x300.jpg 211w, https:\/\/www.hsu-hh.de\/hrm-pol\/wp-content\/uploads\/sites\/798\/2026\/03\/LEAD_Programm_Zeugnisverleihung_2020_08-Web-722x1024.jpg 722w, https:\/\/www.hsu-hh.de\/hrm-pol\/wp-content\/uploads\/sites\/798\/2026\/03\/LEAD_Programm_Zeugnisverleihung_2020_08-Web-768x1089.jpg 768w, https:\/\/www.hsu-hh.de\/hrm-pol\/wp-content\/uploads\/sites\/798\/2026\/03\/LEAD_Programm_Zeugnisverleihung_2020_08-Web-1083x1536.jpg 1083w, https:\/\/www.hsu-hh.de\/hrm-pol\/wp-content\/uploads\/sites\/798\/2026\/03\/LEAD_Programm_Zeugnisverleihung_2020_08-Web.jpg 1166w\" sizes=\"auto, (max-width: 1100px) 100vw, 1100px\" \/><\/figure>\n<\/div>\n<\/div>\n\n\n\n<p><\/p>\n","protected":false},"excerpt":{"rendered":"<p>Der weiterbildende Masterstudiengang \u201eLeading Diversity\u201c (M-LeaD), konzipiert und initiiert in Kooperation des Zentrums f\u00fcr wissenschaftliche Weiterbildung (ZWW) und der Fakult\u00e4t f\u00fcr Geistes- und Sozialwissenschaften (GeiSo), richtete sich an Fach- und [&hellip;]<\/p>\n","protected":false},"author":1028,"featured_media":0,"parent":976,"menu_order":0,"comment_status":"closed","ping_status":"closed","template":"","meta":{"footnotes":""},"categories":[6],"tags":[],"class_list":["post-5416","page","type-page","status-publish","hentry","category-lehre"],"_links":{"self":[{"href":"https:\/\/www.hsu-hh.de\/hrm-pol\/wp-json\/wp\/v2\/pages\/5416","targetHints":{"allow":["GET"]}}],"collection":[{"href":"https:\/\/www.hsu-hh.de\/hrm-pol\/wp-json\/wp\/v2\/pages"}],"about":[{"href":"https:\/\/www.hsu-hh.de\/hrm-pol\/wp-json\/wp\/v2\/types\/page"}],"author":[{"embeddable":true,"href":"https:\/\/www.hsu-hh.de\/hrm-pol\/wp-json\/wp\/v2\/users\/1028"}],"replies":[{"embeddable":true,"href":"https:\/\/www.hsu-hh.de\/hrm-pol\/wp-json\/wp\/v2\/comments?post=5416"}],"version-history":[{"count":7,"href":"https:\/\/www.hsu-hh.de\/hrm-pol\/wp-json\/wp\/v2\/pages\/5416\/revisions"}],"predecessor-version":[{"id":5427,"href":"https:\/\/www.hsu-hh.de\/hrm-pol\/wp-json\/wp\/v2\/pages\/5416\/revisions\/5427"}],"up":[{"embeddable":true,"href":"https:\/\/www.hsu-hh.de\/hrm-pol\/wp-json\/wp\/v2\/pages\/976"}],"wp:attachment":[{"href":"https:\/\/www.hsu-hh.de\/hrm-pol\/wp-json\/wp\/v2\/media?parent=5416"}],"wp:term":[{"taxonomy":"category","embeddable":true,"href":"https:\/\/www.hsu-hh.de\/hrm-pol\/wp-json\/wp\/v2\/categories?post=5416"},{"taxonomy":"post_tag","embeddable":true,"href":"https:\/\/www.hsu-hh.de\/hrm-pol\/wp-json\/wp\/v2\/tags?post=5416"}],"curies":[{"name":"wp","href":"https:\/\/api.w.org\/{rel}","templated":true}]}}