{"id":4921,"date":"2025-04-11T02:14:13","date_gmt":"2025-04-11T00:14:13","guid":{"rendered":"https:\/\/www.hsu-hh.de\/hrm-pol\/?page_id=4921"},"modified":"2025-04-11T02:14:20","modified_gmt":"2025-04-11T00:14:20","slug":"gastvortrag-mvd-brink-6-2024","status":"publish","type":"page","link":"https:\/\/www.hsu-hh.de\/hrm-pol\/gastvortrag-mvd-brink-6-2024","title":{"rendered":"Interaktiver Gastvortrag: \u201cMentoring and sponsorship: re-thinking possibilities for career support\u201d, Juni 2024"},"content":{"rendered":"\n<p>Es luden herzlich ein: Pr\u00e4sidialabteilung, Zentrale Aufgaben, DEI&amp;E und <abbr title=\"Professor\">Prof.<\/abbr> <abbr title=\"Doktor\">Dr.<\/abbr> Barbara Sieben, Professur f\u00fcr Personalpolitik. <\/p>\n\n\n\n<hr class=\"wp-block-separator has-alpha-channel-opacity\" \/>\n\n\n\n<div class=\"wp-block-media-text has-media-on-the-right is-stacked-on-mobile is-vertically-aligned-center\" style=\"grid-template-columns:auto 33%\"><div class=\"wp-block-media-text__content\">\n<h1 class=\"wp-block-heading\"><a href=\"https:\/\/www.ru.nl\/en\/people\/brink-m-van-den\" target=\"_blank\" rel=\"noreferrer noopener\"><abbr title=\"Professor\">Prof.<\/abbr> dr. Marieke van den Brink, Radboud University Nijmegen<\/a><\/h1>\n\n\n\n<p>beleuchtete verschiedene Formen der Unterst\u00fctzung von (nicht nur) akademischen Karrieren aus Perspektive der kritischen Gender- und Diversityforschung. Insbesondere diskutierte sie die Unterschiede von Sponsoring und Mentoring in ihrer Wirkung auf Chancen(un)gleichheiten in Organisationen.<\/p>\n\n\n\n<p>Der interaktive Vortrag sensibilisierte f\u00fcr Fallstricke und Chancen auf dem eigenen Karriereweg sowie vor allem f\u00fcr die Wirkungen des eigenen Handelns auf die Karriereentwicklung jener, f\u00fcr die wir F\u00fchrungsverantwortung oder fachliche Weisungsbefugnis \u00fcbernehmen, die wir betreuen, beraten, beurteilen\u2026 Insofern war die Veranstaltung f\u00fcr (Post-)Doktorand*innen und Professor*innen ebenso interessant wie f\u00fcr weitere Vorgesetzte, F\u00fchrungs(nachwuchs)kr\u00e4fte und (k\u00fcnftige) Personalverantwortliche, bspw. aus dem milit\u00e4rischen Bereich und der Verwaltung.<\/p>\n\n\n\n<hr class=\"wp-block-separator has-alpha-channel-opacity\" \/>\n<\/div><figure class=\"wp-block-media-text__media\"><img loading=\"lazy\" decoding=\"async\" width=\"200\" height=\"300\" src=\"https:\/\/www.hsu-hh.de\/hrm-pol\/wp-content\/uploads\/sites\/798\/2025\/04\/MvdBrink-FSW-portret-4-200x300.jpg\" data-credit=\"M. van den Brink\" alt=\"\" class=\"wp-image-4923 size-medium\" srcset=\"https:\/\/www.hsu-hh.de\/hrm-pol\/wp-content\/uploads\/sites\/798\/2025\/04\/MvdBrink-FSW-portret-4-200x300.jpg 200w, https:\/\/www.hsu-hh.de\/hrm-pol\/wp-content\/uploads\/sites\/798\/2025\/04\/MvdBrink-FSW-portret-4-683x1024.jpg 683w, https:\/\/www.hsu-hh.de\/hrm-pol\/wp-content\/uploads\/sites\/798\/2025\/04\/MvdBrink-FSW-portret-4-768x1152.jpg 768w, https:\/\/www.hsu-hh.de\/hrm-pol\/wp-content\/uploads\/sites\/798\/2025\/04\/MvdBrink-FSW-portret-4-1024x1536.jpg 1024w, https:\/\/www.hsu-hh.de\/hrm-pol\/wp-content\/uploads\/sites\/798\/2025\/04\/MvdBrink-FSW-portret-4-1365x2048.jpg 1365w, https:\/\/www.hsu-hh.de\/hrm-pol\/wp-content\/uploads\/sites\/798\/2025\/04\/MvdBrink-FSW-portret-4-1100x1650.jpg 1100w, https:\/\/www.hsu-hh.de\/hrm-pol\/wp-content\/uploads\/sites\/798\/2025\/04\/MvdBrink-FSW-portret-4.jpg 1600w\" sizes=\"auto, (max-width: 200px) 100vw, 200px\" \/><\/figure><\/div>\n\n\n\n<div class=\"wp-block-hsu-downloadblock\"><div class=\"thumbnail-area\"><img decoding=\"async\" src=\"https:\/\/www.hsu-hh.de\/hrm-pol\/wp-content\/uploads\/sites\/798\/2025\/04\/Screenshot-Poster-MvdB-min-100x100.jpg\" alt=\"\" \/><\/div><div class=\"text-area\">Flyer zum Gastvortrag &#8222;Mentoring and sponsorship&#8220;, M. van den Brink<\/div><div class=\"download-area\"><a class=\"download-link\" href=\"https:\/\/www.hsu-hh.de\/hrm-pol\/wp-content\/uploads\/sites\/798\/2025\/04\/Flyer_A5_Gastvortrag_Marieke-van_den-Brink_2024-06-03.pdf\"><span class=\"download-name\">pdf laden<\/span><span class=\"download-icon\"><img decoding=\"async\" class=\"download-icon\" alt=\"download icon\" src=\"\/wp-content\/themes\/hsu\/img\/icons\/download_icon.png\" \/><\/span><span class=\"download-size\">163 kB<\/span><\/a><\/div><\/div>\n\n\n\n<p><\/p>\n","protected":false},"excerpt":{"rendered":"<p>Es luden herzlich ein: Pr\u00e4sidialabteilung, Zentrale Aufgaben, DEI&amp;E und Prof. Dr. Barbara Sieben, Professur f\u00fcr Personalpolitik.<\/p>\n","protected":false},"author":1028,"featured_media":0,"parent":0,"menu_order":0,"comment_status":"closed","ping_status":"closed","template":"","meta":{"footnotes":""},"categories":[278,276],"tags":[],"class_list":["post-4921","page","type-page","status-publish","hentry","category-fachveranstaltungen-de","category-professurseite-de"],"_links":{"self":[{"href":"https:\/\/www.hsu-hh.de\/hrm-pol\/wp-json\/wp\/v2\/pages\/4921","targetHints":{"allow":["GET"]}}],"collection":[{"href":"https:\/\/www.hsu-hh.de\/hrm-pol\/wp-json\/wp\/v2\/pages"}],"about":[{"href":"https:\/\/www.hsu-hh.de\/hrm-pol\/wp-json\/wp\/v2\/types\/page"}],"author":[{"embeddable":true,"href":"https:\/\/www.hsu-hh.de\/hrm-pol\/wp-json\/wp\/v2\/users\/1028"}],"replies":[{"embeddable":true,"href":"https:\/\/www.hsu-hh.de\/hrm-pol\/wp-json\/wp\/v2\/comments?post=4921"}],"version-history":[{"count":8,"href":"https:\/\/www.hsu-hh.de\/hrm-pol\/wp-json\/wp\/v2\/pages\/4921\/revisions"}],"predecessor-version":[{"id":4932,"href":"https:\/\/www.hsu-hh.de\/hrm-pol\/wp-json\/wp\/v2\/pages\/4921\/revisions\/4932"}],"wp:attachment":[{"href":"https:\/\/www.hsu-hh.de\/hrm-pol\/wp-json\/wp\/v2\/media?parent=4921"}],"wp:term":[{"taxonomy":"category","embeddable":true,"href":"https:\/\/www.hsu-hh.de\/hrm-pol\/wp-json\/wp\/v2\/categories?post=4921"},{"taxonomy":"post_tag","embeddable":true,"href":"https:\/\/www.hsu-hh.de\/hrm-pol\/wp-json\/wp\/v2\/tags?post=4921"}],"curies":[{"name":"wp","href":"https:\/\/api.w.org\/{rel}","templated":true}]}}