{"id":4670,"date":"2025-03-20T15:22:53","date_gmt":"2025-03-20T14:22:53","guid":{"rendered":"https:\/\/www.hsu-hh.de\/hrm-pol\/?page_id=4670"},"modified":"2026-02-20T10:59:27","modified_gmt":"2026-02-20T09:59:27","slug":"judith-junghans","status":"publish","type":"page","link":"https:\/\/www.hsu-hh.de\/hrm-pol\/team-d\/judith-junghans","title":{"rendered":"Judith Junghans"},"content":{"rendered":"\n<h2 class=\"wp-block-heading\">Studentische Hilfskraft<\/h2>\n\n\n\n<hr class=\"wp-block-separator has-alpha-channel-opacity\" \/>\n\n\n\n<div class=\"wp-block-columns is-layout-flex wp-container-core-columns-is-layout-9d6595d7 wp-block-columns-is-layout-flex\">\n<div class=\"wp-block-column is-layout-flow wp-block-column-is-layout-flow\">\n<div class=\"wp-block-columns is-layout-flex wp-container-core-columns-is-layout-9d6595d7 wp-block-columns-is-layout-flex\">\n<div class=\"wp-block-column is-layout-flow wp-block-column-is-layout-flow\">\n<div class=\"wp-block-columns is-layout-flex wp-container-core-columns-is-layout-9d6595d7 wp-block-columns-is-layout-flex\">\n<div class=\"wp-block-column is-layout-flow wp-block-column-is-layout-flow\">\n<p><strong>Postanschrift:<\/strong> Helmut-Schmidt-Universit\u00e4t<br>Professur f\u00fcr Personalpolitik<br>Postfach 70 08 22<br>D 22008 Hamburg<\/p>\n<\/div>\n\n\n\n<div class=\"wp-block-column is-layout-flow wp-block-column-is-layout-flow\">\n<p><strong>Besucheranschrift:<\/strong> Helmut-Schmidt-Universit\u00e4t<br>Geb\u00e4ude H4<br>Holstenhofweg 85<br>22043 Hamburg<\/p>\n<\/div>\n<\/div>\n<\/div>\n<\/div>\n<\/div>\n\n\n\n<div class=\"wp-block-column is-layout-flow wp-block-column-is-layout-flow\">\n<div class=\"wp-block-columns is-layout-flex wp-container-core-columns-is-layout-9d6595d7 wp-block-columns-is-layout-flex\">\n<div class=\"wp-block-column is-layout-flow wp-block-column-is-layout-flow\">\n<div class=\"wp-block-columns is-layout-flex wp-container-core-columns-is-layout-9d6595d7 wp-block-columns-is-layout-flex\">\n<div class=\"wp-block-column is-layout-flow wp-block-column-is-layout-flow\">\n<p><strong>Raum:<\/strong> 104<\/p>\n\n\n\n<p><strong>E-Mail:<\/strong> <a href=\"mailto:p780580@hsu-hh.de\" rel='nofollow'><\/a><a href=\"mailto:p780580@hsu.hamburg\" data-type=\"mailto\" data-id=\"mailto:p780580@hsu.hamburg\" rel='nofollow'>p780580@hsu.hamburg<\/a><\/p>\n<\/div>\n<\/div>\n<\/div>\n\n\n\n<div class=\"wp-block-column is-layout-flow wp-block-column-is-layout-flow\">\n<figure class=\"wp-block-image size-large\"><img loading=\"lazy\" decoding=\"async\" width=\"877\" height=\"1024\" src=\"https:\/\/www.hsu-hh.de\/hrm-pol\/wp-content\/uploads\/sites\/798\/2025\/03\/Judith-877x1024.jpeg\" data-credit=\"Georgia Stobrawe\" alt=\"\" class=\"wp-image-4678\" srcset=\"https:\/\/www.hsu-hh.de\/hrm-pol\/wp-content\/uploads\/sites\/798\/2025\/03\/Judith-877x1024.jpeg 877w, https:\/\/www.hsu-hh.de\/hrm-pol\/wp-content\/uploads\/sites\/798\/2025\/03\/Judith-257x300.jpeg 257w, https:\/\/www.hsu-hh.de\/hrm-pol\/wp-content\/uploads\/sites\/798\/2025\/03\/Judith-768x896.jpeg 768w, https:\/\/www.hsu-hh.de\/hrm-pol\/wp-content\/uploads\/sites\/798\/2025\/03\/Judith-1316x1536.jpeg 1316w, https:\/\/www.hsu-hh.de\/hrm-pol\/wp-content\/uploads\/sites\/798\/2025\/03\/Judith-1755x2048.jpeg 1755w, https:\/\/www.hsu-hh.de\/hrm-pol\/wp-content\/uploads\/sites\/798\/2025\/03\/Judith-1100x1284.jpeg 1100w\" sizes=\"auto, (max-width: 877px) 100vw, 877px\" \/><\/figure>\n<\/div>\n<\/div>\n<\/div>\n<\/div>\n\n\n\n<hr class=\"wp-block-separator has-alpha-channel-opacity\" \/>\n\n\n\n<p>Seit 2024 ist Judith Junghans studentische Hilfskraft an der Professur f\u00fcr Personalpolitik bei <abbr title=\"Professor\">Prof.<\/abbr> <abbr title=\"Doktor\">Dr.<\/abbr> Sieben an der Fakult\u00e4t f\u00fcr Geistes- und Sozialwissenschaften, Helmut-Schmidt-Universit\u00e4t \u2013 Universit\u00e4t der Bundeswehr Hamburg.<\/p>\n\n\n\n<p>Sie ist Bachelorstudentin der Bildungs- und Erziehungswissenschaften an der Helmut-Schmidt-Universit\u00e4t &#8211; Universit\u00e4t der Bundeswehr Hamburg. Sie studiert im Schwerpunkt Erwachsenenbildung und Personalmanagement.<\/p>\n\n\n\n<p>Sie ist Leutnant bei den Feldj\u00e4gern.<\/p>\n\n\n\n<p><\/p>\n\n\n\n<details class=\"wp-block-details is-layout-flow wp-block-details-is-layout-flow\"><summary>Milit\u00e4rischer Werdegang<br><\/summary>\n<p>2020 Grundausbildung der Sanit\u00e4t, Rennerod<\/p>\n\n\n\n<p>2020-2021 Neurochierurgie, Unfallchirurgie und Innere Medizin, Bundeswehrkrankenhaus Westerstede<\/p>\n\n\n\n<p>2021-2022 Schule f\u00fcr Feldj\u00e4ger und Stabsdienst Hannover<\/p>\n\n\n\n<p>2022-2023 Feldj\u00e4gerdienstkommando Wilhelmshaven<\/p>\n\n\n\n<p>2023 Fahnenjunkerlehrgang, Schule f\u00fcr Feldj\u00e4ger und Stabsdienst Hannover<\/p>\n\n\n\n<p>seit 2023 Offizier*in im Studium, Helmut-Schmidt-Universit\u00e4t, Universit\u00e4t der Bundeswehr <\/p>\n\n\n\n<p><\/p>\n<\/details>\n\n\n\n<p><\/p>\n","protected":false},"excerpt":{"rendered":"<p>Studentische Hilfskraft Postanschrift: Helmut-Schmidt-Universit\u00e4tProfessur f\u00fcr PersonalpolitikPostfach 70 08 22D 22008 Hamburg Besucheranschrift: Helmut-Schmidt-Universit\u00e4tGeb\u00e4ude H4Holstenhofweg 8522043 Hamburg Raum: 104 E-Mail: p780580@hsu.hamburg Seit 2024 ist Judith Junghans studentische Hilfskraft an der Professur [&hellip;]<\/p>\n","protected":false},"author":4073,"featured_media":0,"parent":134,"menu_order":0,"comment_status":"closed","ping_status":"closed","template":"","meta":{"footnotes":""},"categories":[8],"tags":[],"class_list":["post-4670","page","type-page","status-publish","hentry","category-team"],"_links":{"self":[{"href":"https:\/\/www.hsu-hh.de\/hrm-pol\/wp-json\/wp\/v2\/pages\/4670","targetHints":{"allow":["GET"]}}],"collection":[{"href":"https:\/\/www.hsu-hh.de\/hrm-pol\/wp-json\/wp\/v2\/pages"}],"about":[{"href":"https:\/\/www.hsu-hh.de\/hrm-pol\/wp-json\/wp\/v2\/types\/page"}],"author":[{"embeddable":true,"href":"https:\/\/www.hsu-hh.de\/hrm-pol\/wp-json\/wp\/v2\/users\/4073"}],"replies":[{"embeddable":true,"href":"https:\/\/www.hsu-hh.de\/hrm-pol\/wp-json\/wp\/v2\/comments?post=4670"}],"version-history":[{"count":11,"href":"https:\/\/www.hsu-hh.de\/hrm-pol\/wp-json\/wp\/v2\/pages\/4670\/revisions"}],"predecessor-version":[{"id":5098,"href":"https:\/\/www.hsu-hh.de\/hrm-pol\/wp-json\/wp\/v2\/pages\/4670\/revisions\/5098"}],"up":[{"embeddable":true,"href":"https:\/\/www.hsu-hh.de\/hrm-pol\/wp-json\/wp\/v2\/pages\/134"}],"wp:attachment":[{"href":"https:\/\/www.hsu-hh.de\/hrm-pol\/wp-json\/wp\/v2\/media?parent=4670"}],"wp:term":[{"taxonomy":"category","embeddable":true,"href":"https:\/\/www.hsu-hh.de\/hrm-pol\/wp-json\/wp\/v2\/categories?post=4670"},{"taxonomy":"post_tag","embeddable":true,"href":"https:\/\/www.hsu-hh.de\/hrm-pol\/wp-json\/wp\/v2\/tags?post=4670"}],"curies":[{"name":"wp","href":"https:\/\/api.w.org\/{rel}","templated":true}]}}