{"id":4564,"date":"2024-11-13T19:28:04","date_gmt":"2024-11-13T18:28:04","guid":{"rendered":"https:\/\/www.hsu-hh.de\/hrm-pol\/?page_id=4564"},"modified":"2026-03-26T13:06:27","modified_gmt":"2026-03-26T12:06:27","slug":"wiebke-friess","status":"publish","type":"page","link":"https:\/\/www.hsu-hh.de\/hrm-pol\/en\/team-e\/wiebke-friess","title":{"rendered":"Dr. Wiebke Frie\u00df"},"content":{"rendered":"\n<h2 class=\"wp-block-heading\">Postdoctoral researcher and lecturer<\/h2>\n\n\n\n<hr class=\"wp-block-separator has-alpha-channel-opacity\" \/>\n\n\n\n<div class=\"wp-block-columns is-layout-flex wp-container-core-columns-is-layout-9d6595d7 wp-block-columns-is-layout-flex\">\n<div class=\"wp-block-column is-layout-flow wp-block-column-is-layout-flow\">\n<div class=\"wp-block-columns is-layout-flex wp-container-core-columns-is-layout-9d6595d7 wp-block-columns-is-layout-flex\">\n<div class=\"wp-block-column is-layout-flow wp-block-column-is-layout-flow\">\n<p><strong>Postal adress:<\/strong> Helmut-Schmidt-University<br>Chair of Human Resource Management<br>Postfach 70 08 22<br>D 22008 Hamburg<\/p>\n<\/div>\n\n\n\n<div class=\"wp-block-column is-layout-flow wp-block-column-is-layout-flow\">\n<p><strong>Visiting adress:<\/strong> Helmut-Schmidt-University<br>Building H4<br>Holstenhofweg 85<br>22043 Hamburg<\/p>\n<\/div>\n<\/div>\n<\/div>\n\n\n\n<div class=\"wp-block-column is-layout-flow wp-block-column-is-layout-flow\">\n<div class=\"wp-block-columns is-layout-flex wp-container-core-columns-is-layout-9d6595d7 wp-block-columns-is-layout-flex\">\n<div class=\"wp-block-column is-layout-flow wp-block-column-is-layout-flow\">\n<p><strong>Room:<\/strong> 104, H4<\/p>\n\n\n\n<p><strong>E-mail:<\/strong> <a href=\"mailto:wiebke.friess@hsu.hamburg\" data-type=\"mailto\" data-id=\"mailto:wiebke.friess@hsu.hamburg\" rel='nofollow'>wiebke.friess@hsu.hamburg<\/a><\/p>\n<\/div>\n\n\n\n<div class=\"wp-block-column is-layout-flow wp-block-column-is-layout-flow\">\n<figure class=\"wp-block-image size-large\"><img loading=\"lazy\" decoding=\"async\" width=\"1024\" height=\"949\" src=\"https:\/\/www.hsu-hh.de\/hrm-pol\/wp-content\/uploads\/sites\/798\/2024\/11\/Foto-Webseite-1024x949.jpg\" data-credit=\"HSU\" alt=\"\" class=\"wp-image-4537\" srcset=\"https:\/\/www.hsu-hh.de\/hrm-pol\/wp-content\/uploads\/sites\/798\/2024\/11\/Foto-Webseite-1024x949.jpg 1024w, https:\/\/www.hsu-hh.de\/hrm-pol\/wp-content\/uploads\/sites\/798\/2024\/11\/Foto-Webseite-300x278.jpg 300w, https:\/\/www.hsu-hh.de\/hrm-pol\/wp-content\/uploads\/sites\/798\/2024\/11\/Foto-Webseite-768x712.jpg 768w, https:\/\/www.hsu-hh.de\/hrm-pol\/wp-content\/uploads\/sites\/798\/2024\/11\/Foto-Webseite-1536x1423.jpg 1536w, https:\/\/www.hsu-hh.de\/hrm-pol\/wp-content\/uploads\/sites\/798\/2024\/11\/Foto-Webseite-1100x1019.jpg 1100w, https:\/\/www.hsu-hh.de\/hrm-pol\/wp-content\/uploads\/sites\/798\/2024\/11\/Foto-Webseite.jpg 1936w\" sizes=\"auto, (max-width: 1024px) 100vw, 1024px\" \/><\/figure>\n<\/div>\n<\/div>\n<\/div>\n<\/div>\n\n\n\n<hr class=\"wp-block-separator has-alpha-channel-opacity\" \/>\n\n\n<div>\n<div>\u00a0<\/div>\n<\/div>\n<div>\u00a0<\/div>\n<div>\n<div class=\"clearfix\"><strong>Consultation <\/strong>by arrangement<\/div>\n<\/div>\n<div>\u00a0<\/div>\n<div>\n<p><abbr title=\"Doktor\">Dr.<\/abbr> Wiebke Frie\u00df is a researcher and lecturer at the Chair of Human Resource Management at the Helmut Schmidt University in Hamburg. She studied sociology, gender studies, history and political science with a focus on diversity and social inequalities. In her dissertation project, she analyzed the strategic implementation of diversity management in an organization. To this end, she (re)constructed the processes of producing (personnel) diversity in the context of measures taken to addresses diversity. Previously, she worked on the research project &#8222;Participation through Crowdworking&#8220; funded by BMAS (Federal Ministry of Labour and Social Affairs), which investigated the opportunities and challenges of crowdwork for inclusion, and the reconciliation of unpaid care work and digital wage labor. She also has been a lecturer in the program &#8222;Personnel and Organizational Development with a Focus on Diversity&#8220; at the Zentrum f\u00fcr Weiterbildung at the University of Hamburg for several years.<\/p>\n<p>Her work focuses on gender and diversity studies, especially in the context of human resources and organizations. Her research perspective is based on post-structuralist theoretical approaches and her methodological approach is rooted in qualitative social research. She pays particular attention to questions of diversity and inclusion in organizations, critical-intersectional perspectives on diversity discourses and diversity strategies, inclusion and participation in the context of digital work, and the application of dispositif analysis as critical organizational analysis.<\/p>\n<\/div>\n<div>\u00a0<\/div>\n<div>\u00a0<\/div>\n<div><strong>Social Media<\/strong><\/div>\n<div>\u00a0<\/div>\n<div class=\"clearfix\"><a href=\"https:\/\/www.researchgate.net\/profile\/Wiebke-Friess\" rel='nofollow'>\u00a0 <img loading=\"lazy\" decoding=\"async\" class=\"alignnone wp-image-1648\" src=\"https:\/\/www.hsu-hh.de\/hrm-pol\/wp-content\/uploads\/sites\/798\/2021\/03\/ResearchGate-Thumbnail.png\" alt=\"ResearchGate Thumbnail\" width=\"59\" height=\"59\" data-credit=\"ResearchGate\" srcset=\"https:\/\/www.hsu-hh.de\/hrm-pol\/wp-content\/uploads\/sites\/798\/2021\/03\/ResearchGate-Thumbnail.png 200w, https:\/\/www.hsu-hh.de\/hrm-pol\/wp-content\/uploads\/sites\/798\/2021\/03\/ResearchGate-Thumbnail-150x150.png 150w, https:\/\/www.hsu-hh.de\/hrm-pol\/wp-content\/uploads\/sites\/798\/2021\/03\/ResearchGate-Thumbnail-100x100.png 100w\" sizes=\"auto, (max-width: 59px) 100vw, 59px\" \/><\/a><a href=\"https:\/\/de.linkedin.com\/in\/dr-wiebke-frie%C3%9F-241374320?trk=people-guest_people_search-card\" rel='nofollow'><img loading=\"lazy\" decoding=\"async\" class=\"alignnone wp-image-2689\" src=\"https:\/\/www.hsu-hh.de\/hrm-pol\/wp-content\/uploads\/sites\/798\/2021\/11\/LinkedIn-Thumbnail-1024x578-1-300x297.jpg\" alt=\"LinkedIn Thumbnail\" width=\"62\" height=\"61\" data-credit=\"LinkedIn\" srcset=\"https:\/\/www.hsu-hh.de\/hrm-pol\/wp-content\/uploads\/sites\/798\/2021\/11\/LinkedIn-Thumbnail-1024x578-1-300x297.jpg 300w, https:\/\/www.hsu-hh.de\/hrm-pol\/wp-content\/uploads\/sites\/798\/2021\/11\/LinkedIn-Thumbnail-1024x578-1-150x150.jpg 150w, https:\/\/www.hsu-hh.de\/hrm-pol\/wp-content\/uploads\/sites\/798\/2021\/11\/LinkedIn-Thumbnail-1024x578-1-100x100.jpg 100w, https:\/\/www.hsu-hh.de\/hrm-pol\/wp-content\/uploads\/sites\/798\/2021\/11\/LinkedIn-Thumbnail-1024x578-1.jpg 557w\" sizes=\"auto, (max-width: 62px) 100vw, 62px\" \/><\/a><\/div>\n<div>\n<div>\u00a0<\/div>\n<\/div>\n<h3>Curriculum Vitae<\/h3>\n<p><strong>Academic Career <\/strong><\/p>\n<p>Since July 2024: <strong>Researcher and lecturer at the Chair of Human Resource Management<\/strong> (<abbr title=\"Professor\">Prof.<\/abbr> <abbr title=\"Doktor\">Dr.<\/abbr> Barbara Sieben), at the Department of Humanities and Social Science, Helmut Schmidt University \/ University of the Federal Armed Forces Hamburg<\/p>\n<p>Since 2021: <strong>Lecturer<\/strong> in the program &#8222;Personnel and Organizational Development with a Focus on Diversity&#8220; at the Zentrum f\u00fcr Weiterbildung at the University of Hamburg.<\/p>\n<p>06\/2019-03\/2022: <strong>Researcher in the BMAS-funded<\/strong> (Federal Ministry of Labour and Social Affairs) <strong>research project<\/strong> \u201cTeilhabe durch Crowdworking: Eine Analyse der Gelingensbedingungen einer technisch-organisatorischen Innovation f\u00fcr Personengruppen mit erschwerter Teilhabe am Erwerbsleben [Participation through crowdworking. An analysis of the conditions required to improve participation for groups who are disadvantaged in the labor market]&#8220; (<abbr title=\"Professor\">Prof.<\/abbr> <abbr title=\"Doktor\">Dr.<\/abbr> Menz, <abbr title=\"Professor\">Prof.<\/abbr> <abbr title=\"Doktor\">Dr.<\/abbr> Schramm, <abbr title=\"Professor\">Prof.<\/abbr> <abbr title=\"Doktor\">Dr.<\/abbr> Rastetter) at the Department of Socioeconomics at the University of Hamburg<\/p>\n<p>02\/2015-12\/2018: <strong>Researcher and lecturer<\/strong> at the Professorship for Human Resources and Gender (<abbr title=\"Professor\">Prof.<\/abbr> <abbr title=\"Doktor\">Dr.<\/abbr> Daniela Rastetter) at the University of Hamburg<\/p>\n<p>04\/2014-03\/2016: Lecturer in the degree program in social work at the Evangelische Hochschule f\u00fcr Soziale Arbeit &amp; Diakonie \u2013 Das Rauhe Haus, Hamburg<\/p>\n<p><strong>Academic Education <\/strong><\/p>\n<p>2025: Doctorate at the Department of Socioeconomics at the University of Hamburg<\/p>\n<p>2014: Diploma in Sociology, Gender Studies, History and Political Science at the University of Hamburg<\/p>\n<h3>Main research interests and publications<\/h3>\n<h3>Main research interests<\/h3>\n<p>Diversity, equal opportunities and inclusion in organizations <br \/>Organizations in the context of power, knowledge and subjectivation<br \/>Inclusion and participation in the context of (digital) work <br \/>Qualitative social research, in particular dispositif analysis<\/p>\n<h3>Dissertation<\/h3>\n<p>2025: Diversity Management an der Hochschule. Eine Dispositivanalyse zu Herstellungsprozessen von Vielfalt.\u00a0 <a href=\"https:\/\/www.transcript-verlag.de\/978-3-8376-7860-4\/diversity-management-an-der-hochschule\/?number=978-3-8376-7860-4\" rel='nofollow'>https:\/\/www.transcript-verlag.de\/978-3-8376-7860-4\/diversity-management-an-der-hochschule\/?number=978-3-8376-7860-4<\/a>\u00a0<\/p>\n<h3>Publications in Journals<\/h3>\n<p>2017: Frie\u00df, Wiebke: \u201e\u2018Das ist nicht meine Genderforschung!\u2018 Ein Appell an den Mut [This is not my gender research! An appeal to courage], in: ZDfm. Zeitschrift f\u00fcr Diversit\u00e4tsforschung und \u2013management, 2(2), pp. 24-28.<\/p>\n<p>2017: H\u00f6ppner, Judith \/ Frie\u00df, Wiebke: Panel discussion: Arriving and staying, but how? \u2013 Prospects for female refugees in Hamburg, in: ZDfm. Zeitschrift f\u00fcr Diversit\u00e4tsforschung und \u2013management, 2(2), pp. 126-128.<\/p>\n<p>2017: Frie\u00df, Wiebke: : Zuh\u00f6ren, verlernen, voneinander lernen: Die Podiumsdiskussion \u201eFrauen auf der Flucht &#8211; Leerstellen aktueller Fl\u00fcchtlingsdiskurse\u201c [Listening, unlearning, learning from each other: The panel discussion \u201eFemale refugees \u2013 gaps in the current discourse on refugees\u201c], in: ZDfm. Zeitschrift f\u00fcr Diversit\u00e4tsforschung und -management, 2(1), pp. 110-112.<\/p>\n<p>2015: Mucha, Anna \/ Frie\u00df, Wiebke \/ Jarren, Jana \/ Rastetter, Daniela: Sch\u00fctzt strategisches Handeln vor den negativen Folgen von Stress? Zur Bedeutung mikropolitischer F\u00e4higkeiten als Gesundheitsressource in entgrenzten Arbeitskontexten [Does strategic acting prevent the negative effects of stress? On the importance of political skills as a health resource in working contexts with blurring boundaries], in: Arbeit. Zeitschrift f\u00fcr Arbeitsforschung, Arbeitsgestaltung und Arbeitspolitik, 24(3+4), pp. 111- 128.<\/p>\n<p>2008: Frie\u00df, Wiebke \/ Johannsen, Janina:<\/p>\n<p>Menschenrechte + queer = ? \u00dcberlegungen zu einer queeren Intervention in den Menschenrechtsdiskurs [Human rights + queer = ? Reflections on a queer intervention in the human rights discourse], in: Frauensolidarit\u00e4t, 105(3), 18-19.<\/p>\n<h3>Contributions to anthologies and other formats<\/h3>\n<p>Forthcoming: Frie\u00df, Wiebke \/ Rastetter, Daniela: Der Campus als Affektiv oder wie Emotionen Differenzen herstellen: Diversity Management an einer Hochschule, in: Maria Funder \/ Nina Hossain (<abbr title=\"Herausgeber\">Hrsg.<\/abbr>): Die Macht der Emotionen. Arbeit, Geschlecht und Diversit\u00e4t in der sp\u00e4tmodernen Arbeitswelt, Baden-Baden.<\/p>\n<p>2022: Nowak, Iris \/ Frie\u00df, Wiebke \/ Menz, Wolfgang \/ Rastetter, Daniela \/ Schramm, Florian: Teilhabe oder Reproduktion sozialer Ungleichheit durch Crowdwork? Empirische Einblicke in Erfahrungen von Menschen mit Beeintr\u00e4chtigungen und Menschen mit Sorgeverpflichtungen [Participation or reproduction of social inequality through crowdwork? Empirical findings from persons with disabilities and persons with care responsibilities], Working Paper No. 71 der Fakult\u00e4t f\u00fcr Wirtschaft- und Sozialwissenschaften der Universit\u00e4t Hamburg. <a href=\"https:\/\/www.wiso.uni-hamburg.de\/forschung\/forschungslabor\/working-papers.html\" rel='nofollow'>Working Paper Series: Forschungslabor: Universit\u00e4t Hamburg (uni-hamburg.de)<\/a><\/p>\n<p>2021: Frie\u00df, Wiebke \/ Nowak, Iris: Menschen mit Beeintr\u00e4chtigungen als Crowdworker_innen \u2013 Inklusion in die Prekarit\u00e4t? [Persons with disabilities as crowdworkers \u2013 precarious inclusion?], in: Moritz Altenried, Julia D\u00fcck, Mira Wallis (Eds.): Plattformkapitalismus und die Krise der sozialen Reproduktion [Platform capitalism and the crisis of social reproduction], M\u00fcnster, pp. 254-274.<\/p>\n<p>2020: Mucha, Anna \/ Frie\u00df, Wiebke \/ Rastetter, Daniela: Zwischen Entgrenzung, Subjektivierung und sozialer Interaktion. Arbeit im Kontext der Digitalisierung \u2013 Editorial [Between dissolution, subjectivation and social interaction. Work in the context of digitalization &#8211; Editorial], in: A. Mucha, W. Frie\u00df, D. Rastetter (Eds.): Zwischen Entgrenzung, Subjektivierung und sozialer Interaktion. Arbeit im Kontext der Digitalisierung [Between dissolution, subjectivation and social interaction. Work in the context of digitalization], M\u00fcnchen, pp. 9-13.<\/p>\n<p>2020: Frie\u00df, Wiebke \/ Mucha, Anna:\u00a0International students as learning space inventory? On the functional production of difference in the context of the university strategy Internationalization at Home \u2013 a post-structuralist analysis, in: W. Frie\u00df, A. Mucha, D. Rastetter (Eds.): Diversity Management und seine Kontexte. Celebrate Diversity?! [Diversity Management and its contexts], Opladen, pp. 55-67.<\/p>\n<p>2020: Frie\u00df, Wiebke \/ Mucha, Anna\/ Rastetter, Daniela: Celebrate diversity?! The significance of diversity (management) in different contexts, in: W. Frie\u00df, A. Mucha, D. Rastetter (Eds.): Diversity Management und seine Kontexte. Celebrate Diversity?! [Diversity Management and its contexts] Opladen, pp.15-21.<\/p>\n<h3>Editorial Work<\/h3>\n<p>2020: Frie\u00df, Wiebke \/ Mucha, Anna \/ Rastetter, Daniela 2020 (Eds.): Diversity Management und seine Kontexte. Ceberate Diversity?!, Opladen. [Diversity Management and its contexts]. Celebrate Diversity?!]<\/p>\n<p>2020: Mucha, Anna \/ Frie\u00df, Wiebke \/ Rastetter, Daniela 2020 (Eds.): Zwischen Entgrenzung, Subjektivierung und sozialer Interaktion. Arbeit im Kontext der Digitalisierung, M\u00fcnchen. [Between dissolution, subjectivation and social interaction. Work in the context of digitalization]<\/p>\n<h3>Conference Presentation<\/h3>\n<p>09\/2024: \u00bbAlles so sch\u00f6n bunt hier\u00ab \u2013 Zur Topologie von Vielfalt auf dem Campus [\u2018Everything is so colourful here\u2019 \u2013 On the topology of diversity on campus]. Presentation at the Diversity Conference \u201eFachtagung und wissenschaftliches Vernetzungstreffen der Diversity-Forschenden DACH\u201c at the University of G\u00f6ttingen<\/p>\n<p>11\/2021: Teilhabe durch Crowdworking? Eine Analyse der Gelingensbedingungen einer Innovation f\u00fcr Personengruppen mit erschwerter Teilhabe am Erwerbsleben, [Participation through Crowdworking. An analysis of the conditions required to improve participation for groups who are disadvantaged in the labor market], lecture with Iris Nowak at the DIFIS-conference (Deutsches Institut f\u00fcr interdisziplin\u00e4re Sozialpolitikforschung) [German institute for Interdisciplinary Social Policy Research]<\/p>\n<p>09-10\/2021: Panels at the lecture series Crowdwork im Spannungsverh\u00e4ltnis von Teilhabe und Prekarit\u00e4t [Crowdwork as a tension between participation and precarity] at the University of Hamburg <br \/>Inklusion in (digitale\/atypische) Arbeit \u2013 alte Ungleichheiten oder neue Chancen? [Inclusion in (digital\/atypical work \u2013 old inequalities or new opportunities?] together with JProf. Lena H\u00fcnefeld<\/p>\n<p>08\/2021: Teilhabechancen durch Crowdwork? Empirische Eindr\u00fccke aus einer diversen Crowd. [Participation through crowdwork? Empirical impressions from a diverse crowd], input with Iris Nowak for experts from the Federal Ministry of Labour and Social Affairs, online<\/p>\n<p>06\/2021: Neue (Un-)Gleichheiten durch Crowdwork? Empirische Eindr\u00fccke aus einer diversen Crowd [New (un)equality trough crowdwork? Empirical impressions from a diverse crowd], lecture with Iris Nowak at the Ringvorlesung \u201cDigitalisierung der Arbeitswelt\u201d [digitalization of work] at the Technische Universit\u00e4t Berlin, online<\/p>\n<p>05\/2021: Crowdwork als prek\u00e4re Teilhabe? Erfahrungen von Menschen mit Beeintr\u00e4chtigungen und mit Sorgeverpflichtungen, [Crowdwork as precarious participation? Experiences of persons with disabilities and care responsibilities], lecture with Iris Nowak at a sociological research colloquium at the University of Hamburg, online<\/p>\n<p>05\/2021:\u00a0Crowdwork \u2013 Gute Arbeit f\u00fcr Menschen mit Beeintr\u00e4chtigungen? [Crowdwork \u2013 Good work for persons with disabilities?], lecture with <abbr title=\"Professor\">Prof.<\/abbr> <abbr title=\"Doktor\">Dr.<\/abbr> Florian Schramm at the annual conference of the Arbeitskreis Empirische Personal- und Organisationsforschung [working group for empirical personnel and organizational research] at the Europa Universit\u00e4t Flensburg, online<\/p>\n<p>10\/2020: (Un)Equal Chances in a Fragmented Crowd?, lecture with Iris Nowak at the 2nd Crowdworking Symposium, University of Paderborn, online<\/p>\n<p>09\/2020: Crowdwork \u2013 Teilhabechancen im digitalen Kapitalismus? [Crowdwork \u2013 Opportunities of participation in the digital capitalism?], lecture with Iris Nowak at the annual conference of the Deutsche Gesellschaft f\u00fcr Soziologie [German Sociological Association], online<\/p>\n<p>09\/2019: Crowdwork und (soziale) Teilhabe: Ein widerspr\u00fcchliches Verh\u00e4ltnis?, [Crowdwork and (social) participation: A contradictory relationship?], lecture with <abbr title=\"Professor\">Prof.<\/abbr> <abbr title=\"Doktor\">Dr.<\/abbr> Daniela Rastetter at the annual conference of the Arbeitskreis Empirische Personal- und Organisationsforschung [working group for empirical personnel and organizational research] at the University of Hamburg<\/p>\n<p>11\/2018: (Un)Sagbarkeiten &amp; (Un)Sichtbarkeiten: Kodieren im Diversity-Management-Dispositiv, [(Un)speakability &amp; (un)visibility: coding in a Diversity Management dispositf], lecture at the dissertation-workshop at the University of Hamburg<\/p>\n<p>05\/2018: Mapping Diversity \u2013 Eine Situationsanalyse der Produktionen von Vielfalt [Mapping Diversity \u2013 A situational analysis on the production of diversity], lecture at the dissertation workshop at the University of Hamburg<\/p>\n<p>04\/2017: Diversity (Management) als Dispositiv [Diversity (Management) as a dispositif], lecture at the dissertation workshop at the University of Hamburg<\/p>\n<p>10\/2016: Produktionen von Vielfalt [Productions of Diversity], lecture at the dissertation workshop at the University of Hamburg<\/p>\n<h3>Teaching<\/h3>\n<h3>Lectureship at Helmut Schmidt University \u2013 University of the Federal Armed Forces<\/h3>\n<p>Bachelor, Functions and Tools of Human Resource Management 1-3 (2024\/25)<\/p>\n<h3>Lectureship at others institutions<\/h3>\n<p>Since <abbr title=\"Wintertrimester\">WT<\/abbr> 2021\/22: Module \u201cGender and Diversity Competence\u201d and module \u201cWork and Organizational Psychology\u201d as part of the program &#8222;Personnel and Organizational Development with a Focus on Diversity&#8220; at the Zentrum f\u00fcr Weiterbildung at the University of Hamburg<\/p>\n<p><abbr title=\"Wintertrimester\">WT<\/abbr> 2018\/2019: HRM and organizational research, e-learning program at the Zentrum f\u00fcr Weiterbildung at the University of Hamburg<\/p>\n<p>ST 2018: Gender &amp; Diversity in organizations, seminar at the Institut f\u00fcr Weiterbildung at the University of Hamburg<\/p>\n<p>ST 2017: Questions on Equality: Gender &amp; Diversity in organizations, seminar at the University of Hamburg<\/p>\n<p>ST 2016: Equal opportunities in organizations, lecture at the University of Hamburg<\/p>\n<p><abbr title=\"Wintertrimester\">WT<\/abbr> 2015\/16: (Re)production of social inequality \u2013 gender, \u201arace\u2018 &amp; dis\/ability in the theory and practice of social work, seminar at the Evangelische Hochschule f\u00fcr Soziale Arbeit &amp; Diakonie \u2013 Das Rauhe Haus<\/p>\n<p>ST 2015: Equal opportunities in organizations, lecture at the University of Hamburg<\/p>\n<p>ST 2015: Gender, \u201arace\u2018 &amp; interdependencies\u2013 political interventions and challenges in social work, seminar at the Evangelische Hochschule f\u00fcr Soziale Arbeit &amp; Diakonie \u2013 Das Rauhe Haus<\/p>\n<p>ST 2014: Difference or heterogeneity? (Re)production of social inequality \u2013 gender, \u201arace\u2018 &amp; dis\/ability in social work theory and practice, seminar at the Evangelische Hochschule f\u00fcr Soziale Arbeit &amp; Diakonie \u2013 Das Rauhe Haus<\/p>\n\n\n<hr class=\"wp-block-separator has-css-opacity\" \/>\n\n\n\n<p><\/p>\n","protected":false},"excerpt":{"rendered":"<p>Postdoctoral researcher and lecturer Postal adress: Helmut-Schmidt-UniversityChair of Human Resource ManagementPostfach 70 08 22D 22008 Hamburg Visiting adress: Helmut-Schmidt-UniversityBuilding H4Holstenhofweg 8522043 Hamburg Room: 104, H4 E-mail: wiebke.friess@hsu.hamburg \u00a0 \u00a0 Consultation [&hellip;]<\/p>\n","protected":false},"author":3419,"featured_media":0,"parent":1076,"menu_order":0,"comment_status":"closed","ping_status":"closed","template":"","meta":{"footnotes":""},"categories":[9],"tags":[],"class_list":["post-4564","page","type-page","status-publish","hentry","category-team-en"],"_links":{"self":[{"href":"https:\/\/www.hsu-hh.de\/hrm-pol\/wp-json\/wp\/v2\/pages\/4564","targetHints":{"allow":["GET"]}}],"collection":[{"href":"https:\/\/www.hsu-hh.de\/hrm-pol\/wp-json\/wp\/v2\/pages"}],"about":[{"href":"https:\/\/www.hsu-hh.de\/hrm-pol\/wp-json\/wp\/v2\/types\/page"}],"author":[{"embeddable":true,"href":"https:\/\/www.hsu-hh.de\/hrm-pol\/wp-json\/wp\/v2\/users\/3419"}],"replies":[{"embeddable":true,"href":"https:\/\/www.hsu-hh.de\/hrm-pol\/wp-json\/wp\/v2\/comments?post=4564"}],"version-history":[{"count":16,"href":"https:\/\/www.hsu-hh.de\/hrm-pol\/wp-json\/wp\/v2\/pages\/4564\/revisions"}],"predecessor-version":[{"id":5170,"href":"https:\/\/www.hsu-hh.de\/hrm-pol\/wp-json\/wp\/v2\/pages\/4564\/revisions\/5170"}],"up":[{"embeddable":true,"href":"https:\/\/www.hsu-hh.de\/hrm-pol\/wp-json\/wp\/v2\/pages\/1076"}],"wp:attachment":[{"href":"https:\/\/www.hsu-hh.de\/hrm-pol\/wp-json\/wp\/v2\/media?parent=4564"}],"wp:term":[{"taxonomy":"category","embeddable":true,"href":"https:\/\/www.hsu-hh.de\/hrm-pol\/wp-json\/wp\/v2\/categories?post=4564"},{"taxonomy":"post_tag","embeddable":true,"href":"https:\/\/www.hsu-hh.de\/hrm-pol\/wp-json\/wp\/v2\/tags?post=4564"}],"curies":[{"name":"wp","href":"https:\/\/api.w.org\/{rel}","templated":true}]}}