{"id":4535,"date":"2024-11-06T17:22:55","date_gmt":"2024-11-06T16:22:55","guid":{"rendered":"https:\/\/www.hsu-hh.de\/hrm-pol\/?page_id=4535"},"modified":"2026-03-26T12:43:01","modified_gmt":"2026-03-26T11:43:01","slug":"wiebke-friess-wma","status":"publish","type":"page","link":"https:\/\/www.hsu-hh.de\/hrm-pol\/team-d\/wiebke-friess-wma","title":{"rendered":"Dr. Wiebke Frie\u00df"},"content":{"rendered":"\n<h2 class=\"wp-block-heading\">Wissenschaftliche Mitarbeiterin<\/h2>\n\n\n\n<hr class=\"wp-block-separator has-alpha-channel-opacity\" \/>\n\n\n\n<div class=\"wp-block-columns is-layout-flex wp-container-core-columns-is-layout-9d6595d7 wp-block-columns-is-layout-flex\">\n<div class=\"wp-block-column is-layout-flow wp-block-column-is-layout-flow\">\n<div class=\"wp-block-columns is-layout-flex wp-container-core-columns-is-layout-9d6595d7 wp-block-columns-is-layout-flex\">\n<div class=\"wp-block-column is-layout-flow wp-block-column-is-layout-flow\">\n<p><strong>Postanschrift:<\/strong> Helmut-Schmidt-Universit\u00e4t<br>Professur f\u00fcr Personalpolitik<br>Postfach 70 08 22<br>22008 Hamburg<\/p>\n<\/div>\n\n\n\n<div class=\"wp-block-column is-layout-flow wp-block-column-is-layout-flow\">\n<p><strong>Besucheranschrift:<\/strong> Helmut-Schmidt-Universit\u00e4t<br>Geb\u00e4ude H4<br>Holstenhofweg 85<br>22043 Hamburg<\/p>\n<\/div>\n<\/div>\n<\/div>\n\n\n\n<div class=\"wp-block-column is-layout-flow wp-block-column-is-layout-flow\">\n<div class=\"wp-block-columns is-layout-flex wp-container-core-columns-is-layout-9d6595d7 wp-block-columns-is-layout-flex\">\n<div class=\"wp-block-column is-layout-flow wp-block-column-is-layout-flow\">\n<p><strong>Raum:<\/strong> 104, H4<\/p>\n\n\n\n<p><strong>Telefon: <\/strong>(040) 6541 366<\/p>\n\n\n\n<p><strong>E-Mail:<\/strong> <a href=\"mailto:wiebke.friess@hsu.hamburg\" data-type=\"mailto\" data-id=\"mailto:wiebke.friess@hsu.hamburg\" rel='nofollow'>wiebke.friess@hsu.hamburg<\/a><\/p>\n<\/div>\n\n\n\n<div class=\"wp-block-column is-layout-flow wp-block-column-is-layout-flow\">\n<figure class=\"wp-block-image size-large\"><img loading=\"lazy\" decoding=\"async\" width=\"1024\" height=\"949\" src=\"https:\/\/www.hsu-hh.de\/hrm-pol\/wp-content\/uploads\/sites\/798\/2024\/11\/Foto-Webseite-1024x949.jpg\" data-credit=\"HSU\" alt=\"\" class=\"wp-image-4537\" srcset=\"https:\/\/www.hsu-hh.de\/hrm-pol\/wp-content\/uploads\/sites\/798\/2024\/11\/Foto-Webseite-1024x949.jpg 1024w, https:\/\/www.hsu-hh.de\/hrm-pol\/wp-content\/uploads\/sites\/798\/2024\/11\/Foto-Webseite-300x278.jpg 300w, https:\/\/www.hsu-hh.de\/hrm-pol\/wp-content\/uploads\/sites\/798\/2024\/11\/Foto-Webseite-768x712.jpg 768w, https:\/\/www.hsu-hh.de\/hrm-pol\/wp-content\/uploads\/sites\/798\/2024\/11\/Foto-Webseite-1536x1423.jpg 1536w, https:\/\/www.hsu-hh.de\/hrm-pol\/wp-content\/uploads\/sites\/798\/2024\/11\/Foto-Webseite-1100x1019.jpg 1100w, https:\/\/www.hsu-hh.de\/hrm-pol\/wp-content\/uploads\/sites\/798\/2024\/11\/Foto-Webseite.jpg 1936w\" sizes=\"auto, (max-width: 1024px) 100vw, 1024px\" \/><\/figure>\n<\/div>\n<\/div>\n<\/div>\n<\/div>\n\n\n\n<hr class=\"wp-block-separator has-alpha-channel-opacity\" \/>\n\n\n<div>\n<div>\u00a0<\/div>\n<\/div>\n<div>\u00a0<\/div>\n<div>\n<div class=\"clearfix\"><strong>Sprechzeiten <\/strong>nach Vereinbarung per E-Mail.<strong><br \/><\/strong><\/div>\n<\/div>\n<div>\u00a0<\/div>\n<div>\n<p><abbr title=\"Doktor\">Dr.<\/abbr> Wiebke Frie\u00df ist wissenschaftliche Mitarbeiterin an der Professur f\u00fcr Personalpolitik an der Helmut Schmidt Universit\u00e4t Hamburg. Studiert hat sie Soziologie, Gender Studies, Geschichte und Politische Wissenschaften auf Diplom mit dem Fokus auf Diversit\u00e4t und soziale Ungleichheiten. In ihrem Dissertationsprojekt hat sie die strategische Umsetzung von Diversity Management in einer Organisation analysiert und dabei die Prozesse der Produktion (personeller) Vielfalt im Kontext von Ma\u00dfnahmen, die Diversit\u00e4t adressieren, (re)konstruiert. Zuvor war sie in dem vom Bundesministerium f\u00fcr Arbeit und Soziales gef\u00f6rderten Forschungsprojekt \u201eTeilhabe durch Crowdworking\u201c t\u00e4tig, in dem Fragen nach Chancen und Herausforderungen von Crowdwork f\u00fcr Inklusion sowie die Vereinbarkeit von Care-Aufgaben und digitaler Lohnarbeit untersucht wurden. Zudem ist sie seit einigen Jahren Dozentin im Zertifikatsprogramm \u201ePersonal- und Organisationsentwicklung mit Schwerpunkt Diversity\u201c am Zentrum f\u00fcr Weiterbildung der Universit\u00e4t Hamburg.<\/p>\n<p>Ihre Arbeits- und Forschungsschwerpunkte liegen in den Gender und Diversity Studies, besonders im Kontext der Personal- und Organisationsforschung. Ihrer Forschungsperspektive liegen poststrukturalistische Theorieans\u00e4tze zugrunde und ihr methodisches Vorgehen ist in der qualitativen Sozialforschung verortet. Besonderer Schwerpunkt liegt auf Fragen nach der Diversit\u00e4t und Inklusion in Organisationen, kritisch-intersektionale Perspektiven auf Diversity-Diskurse und Diversity-Strategien, Inklusion und Teilhabe im Kontext digitaler Arbeit sowie der Anwendung von Dispositivanalysen als kritische Organisationsanalysen.<\/p>\n<\/div>\n<div>\u00a0<\/div>\n<div>\u00a0<\/div>\n<div><strong>Social Media<\/strong><\/div>\n<div>\u00a0<\/div>\n<div class=\"clearfix\"><a href=\"https:\/\/www.researchgate.net\/profile\/Wiebke-Friess\" rel='nofollow'>\u00a0 <img loading=\"lazy\" decoding=\"async\" class=\"alignnone wp-image-1648\" src=\"https:\/\/www.hsu-hh.de\/hrm-pol\/wp-content\/uploads\/sites\/798\/2021\/03\/ResearchGate-Thumbnail.png\" alt=\"ResearchGate Thumbnail\" width=\"59\" height=\"59\" data-credit=\"ResearchGate\" srcset=\"https:\/\/www.hsu-hh.de\/hrm-pol\/wp-content\/uploads\/sites\/798\/2021\/03\/ResearchGate-Thumbnail.png 200w, https:\/\/www.hsu-hh.de\/hrm-pol\/wp-content\/uploads\/sites\/798\/2021\/03\/ResearchGate-Thumbnail-150x150.png 150w, https:\/\/www.hsu-hh.de\/hrm-pol\/wp-content\/uploads\/sites\/798\/2021\/03\/ResearchGate-Thumbnail-100x100.png 100w\" sizes=\"auto, (max-width: 59px) 100vw, 59px\" \/><\/a><a href=\"https:\/\/de.linkedin.com\/in\/dr-wiebke-frie%C3%9F-241374320?trk=people-guest_people_search-card\" rel='nofollow'><img loading=\"lazy\" decoding=\"async\" class=\"alignnone wp-image-2689\" src=\"https:\/\/www.hsu-hh.de\/hrm-pol\/wp-content\/uploads\/sites\/798\/2021\/11\/LinkedIn-Thumbnail-1024x578-1-300x297.jpg\" alt=\"LinkedIn Thumbnail\" width=\"62\" height=\"61\" data-credit=\"LinkedIn\" srcset=\"https:\/\/www.hsu-hh.de\/hrm-pol\/wp-content\/uploads\/sites\/798\/2021\/11\/LinkedIn-Thumbnail-1024x578-1-300x297.jpg 300w, https:\/\/www.hsu-hh.de\/hrm-pol\/wp-content\/uploads\/sites\/798\/2021\/11\/LinkedIn-Thumbnail-1024x578-1-150x150.jpg 150w, https:\/\/www.hsu-hh.de\/hrm-pol\/wp-content\/uploads\/sites\/798\/2021\/11\/LinkedIn-Thumbnail-1024x578-1-100x100.jpg 100w, https:\/\/www.hsu-hh.de\/hrm-pol\/wp-content\/uploads\/sites\/798\/2021\/11\/LinkedIn-Thumbnail-1024x578-1.jpg 557w\" sizes=\"auto, (max-width: 62px) 100vw, 62px\" \/><\/a><\/div>\n<div>\n<div>\u00a0<\/div>\n<\/div>\n<h3>Lebenslauf<\/h3>\n<p><strong>Akademische T\u00e4tigkeiten<\/strong><\/p>\n<p>Seit Juli 2024: Wissenschaftliche Mitarbeiterin an der Professur f\u00fcr Personalpolitik (<abbr title=\"Professor\">Prof.<\/abbr> <abbr title=\"Doktor\">Dr.<\/abbr> Barbara Sieben) an der Fakult\u00e4t f\u00fcr Geistes- und Sozialwissenschaften, Helmut-Schmidt-Universit\u00e4t \/ Universit\u00e4t der Bundeswehr Hamburg<\/p>\n<p>Seit 2021: Modulverantwortliche und Dozentin im Zertifikatsstudiengang Personal- und Organisationsentwicklung mit Schwerpunkt Diversity am Zentrum f\u00fcr Weiterbildung der Universit\u00e4t Hamburg<\/p>\n<p>06\/2019- 03\/2022: Wissenschaftliche Mitarbeiterin im BMAS-gef\u00f6rderten Drittmittelprojekt \u201eTeilhabe durch Crowdworking: Eine Analyse der Gelingensbedingungen einer technisch-organisatorischen Innovation f\u00fcr Personengruppen mit erschwerter Teilhabe am Erwerbsleben\u201c (<abbr title=\"Professor\">Prof.<\/abbr> <abbr title=\"Doktor\">Dr.<\/abbr> Menz, <abbr title=\"Professor\">Prof.<\/abbr> <abbr title=\"Doktor\">Dr.<\/abbr> Schramm, <abbr title=\"Professor\">Prof.<\/abbr> <abbr title=\"Doktor\">Dr.<\/abbr> Rastetter) am Fachbereich Sozial\u00f6konomie der Universit\u00e4t Hamburg<\/p>\n<p>02\/2015-12\/2018: Wissenschaftliche Mitarbeiterin an der Universit\u00e4t Hamburg an der Professur f\u00fcr Personal und Gender (<abbr title=\"Professor\">Prof.<\/abbr> <abbr title=\"Doktor\">Dr.<\/abbr> Daniela Rastetter)<\/p>\n<p>04\/2014-03\/2016: Lehrbeauftragte im Studiengang Soziale Arbeit an der Evangelischen Hochschule f\u00fcr Soziale Arbeit &amp; Diakonie \u2013 Das Rauhe Haus<\/p>\n<p><strong>Akademische Ausbildung<\/strong><\/p>\n<p>2025: Promotion zur Dr.in phil. am Fachbereich Sozial\u00f6konomie an der Universit\u00e4t Hamburg<\/p>\n<p>2014: Diplom an der Universit\u00e4t Hamburg in den F\u00e4chern Soziologie, Gender Studies, Geschichte und Politische Wissenschaften<\/p>\n<h3>Forschungsschwerpunkte und Publikationen<\/h3>\n<h3>Forschungsschwerpunkte<\/h3>\n<p>Diversit\u00e4t, Gleichstellung und Inklusion in Organisationen<br \/>Machtverh\u00e4ltnisse, Wissensregime und Subjektwerdung in Organisationen<br \/>Inklusion und Teilhabe im Kontext von (digitaler) Arbeit<br \/>Qualitative Forschungsmethoden \/ Dispositivanalyse<\/p>\n<h3>Dissertation<\/h3>\n<p>2025: Diversity Management an der Hochschule. Eine Dispositivanalyse zu Herstellungsprozessen von Vielfalt. <a href=\"https:\/\/doi.org\/10.14361\/9783839419144\" rel='nofollow'>https:\/\/doi.org\/10.14361\/9783839419144<\/a><\/p>\n<h3>Ver\u00f6ffentlichungen in referierten Zeitschriften<\/h3>\n<p>2017: Frie\u00df, Wiebke: \u201e\u2018Das ist nicht meine Genderforschung!\u2018\u00a0Ein Appell an den Mut\u201c, in: ZDfm. Zeitschrift f\u00fcr Diversit\u00e4tsforschung und \u2013management 2(2), 24-28.<\/p>\n<p>2017: H\u00f6ppner, Judith \/ Frie\u00df, Wiebke: Podiumsdiskussion: Arriving and staying, but how? \u2013 Prospects for female refugees in Hamburg, in: ZDfm. Zeitschrift f\u00fcr Diversit\u00e4tsforschung und \u2013management 2(2), 126-128.<\/p>\n<p>2017: Frie\u00df, Wiebke: Zuh\u00f6ren, verlernen, voneinander lernen: Die Podiumsdiskussion \u201eFrauen auf der Flucht &#8211; Leerstellen aktueller Fl\u00fcchtlingsdiskurse\u201c, in: ZDfm. Zeitschrift f\u00fcr Diversit\u00e4tsforschung und -management 2(1), 110-112.<\/p>\n<p>2015: Mucha, Anna \/ Frie\u00df, Wiebke \/ Jarren, Jana \/ Rastetter, Daniela: Sch\u00fctzt strategisches Handeln vor den negativen Folgen von Stress? Zur Bedeutung mikropolitischer F\u00e4higkeiten als Gesundheitsressource in entgrenzten Arbeitskontexten, in: Arbeit. Zeitschrift f\u00fcr Arbeitsforschung, Arbeitsgestaltung und Arbeitspolitik 24(3+4), 111- 128.<\/p>\n<p>2008: Frie\u00df, Wiebke \/ Johannsen, Janina: Menschenrechte + queer = ? \u00dcberlegungen zu einer queeren Intervention in den Menschenrechtsdiskurs, in: Frauensolidarit\u00e4t 105(3), 18-19.<\/p>\n<h3>Artikel in Sammelb\u00e4nden und weiteren Formaten<\/h3>\n<p>Im Erscheinen: Frie\u00df, Wiebke \/ Rastetter, Daniela: Der Campus als Affektiv oder wie Emotionen Differenzen herstellen: Diversity Management an einer Hochschule, in:Maria Funder \/ Nina Hossain (<abbr title=\"Herausgeber\">Hrsg.<\/abbr>): Die Macht der Emotionen. Arbeit, Geschlecht und Diversit\u00e4t in der sp\u00e4tmodernen Arbeitswelt, Baden-Baden.<\/p>\n<p>2022: Nowak, Iris \/ Frie\u00df, Wiebke \/ Menz, Wolfgang \/ Rastetter, Daniela \/ Schramm, Florian: Teilhabe oder Reproduktion sozialer Ungleichheit durch Crowdwork? Empirische Einblicke in Erfahrungen von Menschen mit Beeintr\u00e4chtigungen und Menschen mit Sorgeverpflichtungen, Working Paper No. 71 der Fakult\u00e4t f\u00fcr Wirtschaft- und Sozialwissenschaften der Universit\u00e4t Hamburg. Working Paper Series: Forschungslabor: Universit\u00e4t Hamburg (uni-hamburg.de)<\/p>\n<p>2021: Frie\u00df, Wiebke \/ Nowak, Iris: Menschen mit Beeintr\u00e4chtigungen als Crowdworker_innen \u2013 Inklusion in die Prekarit\u00e4t?, in: Moritz Altenried, Julia D\u00fcck, Mira Wallis (<abbr title=\"Herausgeber\">Hrsg.<\/abbr>): Plattformkapitalismus und die Krise der sozialen Reproduktion, M\u00fcnster, S. 254-274.<\/p>\n<p>2020: Mucha, Anna \/ Frie\u00df, Wiebke \/ Rastetter, Daniela: Zwischen Entgrenzung, Subjektivierung und sozialer Interaktion. Arbeit im Kontext der Digitalisierung &#8211; Editorial, in: Dies. (<abbr title=\"Herausgeber\">Hrsg.<\/abbr>): Zwischen Entgrenzung, Subjektivierung und sozialer Interaktion. Arbeit im Kontext der Digitalisierung, Augsburg, M\u00fcnchen, 9-13.<\/p>\n<p>2020: Frie\u00df, Wiebke \/ Mucha, Anna: International students as learning space inventory? On the functional production of difference in the context of the university strategy Internationalization at Home \u2013 a post-structuralist analysis, in: Wiebke Frie\u00df, Anna Mucha, Daniela Rastetter (<abbr title=\"Herausgeber\">Hrsg.<\/abbr>): Diversity Management und seine Kontexte. Celebrate Diversity?!, Opladen, S. 55-67.<\/p>\n<p>2020: Frie\u00df, Wiebke \/ Mucha, Anna\/ Rastetter, Daniela: Celebrate diversity?! The significance of diversity (management) in different contexts, in: Wiebke Frie\u00df, Anna Mucha, Daniela Rastetter (Eds.): Diversity Management und seine Kontexte. Celebrate Diversity?!, Opladen, S. 15-21.<\/p>\n<h3>Herausgeberschaften<\/h3>\n<p>2020: Frie\u00df, Wiebke \/ Mucha, Anna \/ Rastetter, Daniela 2020 (<abbr title=\"Herausgeber\">Hrsg.<\/abbr>): Diversity Management und seine Kontexte. Ceberate Diversity?!, Opladen.\u00a0\u00a0\u00a0\u00a0\u00a0\u00a0\u00a0\u00a0\u00a0\u00a0\u00a0\u00a0\u00a0<\/p>\n<p>2020: Mucha, Anna \/ Frie\u00df, Wiebke \/ Rastetter, Daniela 2020 (<abbr title=\"Herausgeber\">Hrsg.<\/abbr>): Zwischen Entgrenzung, Subjektivierung und sozialer Interaktion. Arbeit im Kontext der Digitalisierung, Augsburg \/ M\u00fcnchen.<\/p>\n<h3>Vortr\u00e4ge<\/h3>\n<p>09\/2024: \u00bbAlles so sch\u00f6n bunt hier\u00ab \u2013 Zur Topologie von Vielfalt auf dem Campus. Vortrag im Rahmen der Fachtagung und des wissenschaftlichen Vernetzungstreffen der Diversity-Forschenden DACH an der Universit\u00e4t G\u00f6ttingen<\/p>\n<p>11\/2021: Teilhabe durch Crowdworking?\u00a0Eine Analyse der Gelingensbedingungen einer Innovation f\u00fcr Personengruppen mit erschwerter Teilhabe am Erwerbsleben, Vortrag auf dem DIFIS-Forum zusammen mit Iris Nowak, online<\/p>\n<p>09-10\/2021: Vortr\u00e4ge auf der selbst organisierten online-Veranstaltungsreihe Crowdwork im Spannungsverh\u00e4ltnis von Teilhabe und Prekarit\u00e4t an der Universit\u00e4t Hamburg zu den Themen: <br \/>Inklusion in (digitale\/atypische) Arbeit \u2013 alte Ungleichheiten oder neue Chancen? zusammen mit JProf. Lena H\u00fcnefeld<br \/>Hybride Erwerbst\u00e4tigkeit verstehen, um sie sozialpolitisch zu regulieren? zusammen mit <abbr title=\"Professor\">Prof.<\/abbr> Hans Pongratz<\/p>\n<p>08\/2021: Teilhabechancen durch Crowdwork? Empirische Eindr\u00fccke aus einer diversen Crowd. Online-Vortrag im Bundesministerium f\u00fcr Arbeit und Soziales zusammen mit Iris Nowak, online<\/p>\n<p>06\/2021: Neue (Un-)Gleichheiten durch Crowdwork? Empirische Eindr\u00fccke aus einer diversen Crowd. Vortrag im Rahmen der Ringvorlesung \u201eDigitalisierung der Arbeitswelt\u201c an der <abbr title=\"Technische Universit\u00e4t\">TU<\/abbr> Berlin zusammen mit Iris Nowak, online<\/p>\n<p>05\/2021: Crowdwork als prek\u00e4re Teilhabe? Erfahrungen von Menschen mit Beeintr\u00e4chtigungen und mit Sorgeverpflichtungen, Vortrag im Forschungskolloquium des Lehrstuhls Soziologie <abbr title=\"insbesondere\">insb.<\/abbr> Arbeit, Organisation, Innovation an der Universit\u00e4t Hamburg zusammen mit Iris Nowak, online<\/p>\n<p>05\/2021: Crowdwork \u2013 Gute Arbeit f\u00fcr Menschen mit Beeintr\u00e4chtigungen?, Vortrag zusammen mit Florian Schramm auf der Jahrestagung des Arbeitskreises Empirische Personal- und Organisationsforschung (AKempor) an der Europa-Universit\u00e4t Flensburg, online<\/p>\n<p>10\/2020: (Un)Equal Chances in a Fragmented Crowd?, Vortrag zusammen mit Iris Nowak auf dem 2nd Crowdworking Symposium, Universit\u00e4t Paderborn, online<\/p>\n<p>09\/2020: Crowdwork \u2013 Teilhabechancen im digitalen Kapitalismus?, Vortrag zusammen mit Iris Nowak beim online-Kongress der Deutschen Gesellschaft f\u00fcr Soziologie<\/p>\n<p>09\/2019: Crowdwork und (soziale) Teilhabe: Ein widerspr\u00fcchliches Verh\u00e4ltnis?, Vortrag zusammen mit Daniela Rastetter auf der Jahrestagung des Arbeitskreises Empirische Personal- und Organisationsforschung (AKempor) an der Universit\u00e4t Hamburg<\/p>\n<p>11\/2018: (Un)Sagbarkeiten &amp; (Un)Sichtbarkeiten: Kodieren im Diversity-Management-Dispositiv, Vortrag beim Forschungskolloquium an der Universit\u00e4t Hamburg, <abbr title=\"Professor\">Prof.<\/abbr> Daniela Rastetter<\/p>\n<p>05\/2018: Mapping Diversity \u2013 Eine Situationsanalyse der Produktionen von Vielfalt, Vortrag beim Forschungskolloquium an der Universit\u00e4t Hamburg, <abbr title=\"Professor\">Prof.<\/abbr> Daniela Rastetter<\/p>\n<p>04\/2017: Diversity (Management) als Dispositiv, Vortrag beim Forschungskolloquium an der Universit\u00e4t Hamburg, <abbr title=\"Professor\">Prof.<\/abbr> Daniela Rastetter<\/p>\n<p>10\/2016: Produktionen von Vielfalt, Vortrag beim Forschungskolloquium an der Universit\u00e4t Hamburg, <abbr title=\"Professor\">Prof.<\/abbr> Daniela Rastetter<\/p>\n<h3>Lehre<\/h3>\n<h3>Lehre an der Helmut-Schmidt Universit\u00e4t<\/h3>\n<p>Lehre im Bachelor und Masterstudiengang Bildungs- und Erziehungswissenschaften im Fach Personalmanagement:<\/p>\n<ul>\n<li>Bachelor, Funktionen und Instrumente des Personalmanagements 1-3 (2024\/25)<\/li>\n<\/ul>\n<h3>Lehre an anderen Institutionen<\/h3>\n<p>Seit WiSe 2021\/22: Modul \u201eKompetenzraum Gender und Diversity\u201c sowie \u201eArbeits- und Organisationspsychologie\u201c im Zertifikatsstudiengang Personal- und Organisationsentwicklung mit Schwerpunkt Diversity am Zentrum f\u00fcr Weiterbildung der Universit\u00e4t Hamburg<\/p>\n<p>WiSe 2018\/2019: Personal- und Organisationsforschung, E-Learning-Format (OLIM: Online lernen im Management) am Zentrum f\u00fcr Weiterbildung der Universit\u00e4t Hamburg<\/p>\n<p>SoSe 2018: Gender &amp; Diversity in Organisationen, Blockseminar im Bachelorstudiengang Sozial\u00f6konomie am Institut f\u00fcr Weiterbildung der Universit\u00e4t Hamburg, nebenberuflicher Studiengang<\/p>\n<p>SoSe 2017: Gleichstellungsfragen: Gender &amp; Diversity in Organisationen, Seminar im Bachelorstudiengang Sozial\u00f6konomie der Universit\u00e4t Hamburg<\/p>\n<p>SoSe 2016: Gleichstellungsfragen in Unternehmen, Vorlesung im Bachelorstudiengang Sozial\u00f6konomie der Universit\u00e4t Hamburg<\/p>\n<p>WiSe 2015\/16: Von der (Re)Produktion sozialer Ungleichheiten \u2013 gender, \u201arace\u2018 &amp; dis\/ability in Theorie und Praxis der Sozialen Arbeit, Seminar im Bachelorstudiengang Soziale Arbeit, Evangelische Hochschule f\u00fcr Soziale Arbeit &amp; Diakonie \u2013 Das Rauhe Haus<\/p>\n<p>SoSe 2015: Gleichstellungsfragen in Unternehmen, Vorlesung im Bachelorstudiengang Sozial\u00f6konomie der Universit\u00e4t Hamburg<\/p>\n<p>SoSe 2015: Gender, \u201arace\u2018 &amp; Interdependenzen \u2013 Politische Interventionen und Herausforderungen in der Sozialen Arbeit, Seminar im Bachelorstudiengang Soziale Arbeit, Evangelische Hochschule f\u00fcr Soziale Arbeit &amp; Diakonie \u2013 Das Rauhe Haus<\/p>\n<p>SoSe 2014: Differenz oder Heterogenit\u00e4t? Von der (Re)Produktion sozialer Ungleichheiten \u2013 gender, \u201arace\u2018 &amp; dis\/ability in Theorie und Praxis der Sozialen Arbeit, Seminar im Bachelorstudiengang Soziale Arbeit, Evangelische Hochschule f\u00fcr Soziale Arbeit &amp; Diakonie \u2013 Das Rauhe Haus<\/p>\n\n\n<hr class=\"wp-block-separator has-css-opacity\" \/>\n\n\n\n<p><\/p>\n","protected":false},"excerpt":{"rendered":"<p>Wissenschaftliche Mitarbeiterin Postanschrift: Helmut-Schmidt-Universit\u00e4tProfessur f\u00fcr PersonalpolitikPostfach 70 08 2222008 Hamburg Besucheranschrift: Helmut-Schmidt-Universit\u00e4tGeb\u00e4ude H4Holstenhofweg 8522043 Hamburg Raum: 104, H4 Telefon: (040) 6541 366 E-Mail: wiebke.friess@hsu.hamburg \u00a0 \u00a0 Sprechzeiten nach Vereinbarung per [&hellip;]<\/p>\n","protected":false},"author":3419,"featured_media":0,"parent":134,"menu_order":0,"comment_status":"closed","ping_status":"closed","template":"","meta":{"footnotes":""},"categories":[8],"tags":[],"class_list":["post-4535","page","type-page","status-publish","hentry","category-team"],"_links":{"self":[{"href":"https:\/\/www.hsu-hh.de\/hrm-pol\/wp-json\/wp\/v2\/pages\/4535","targetHints":{"allow":["GET"]}}],"collection":[{"href":"https:\/\/www.hsu-hh.de\/hrm-pol\/wp-json\/wp\/v2\/pages"}],"about":[{"href":"https:\/\/www.hsu-hh.de\/hrm-pol\/wp-json\/wp\/v2\/types\/page"}],"author":[{"embeddable":true,"href":"https:\/\/www.hsu-hh.de\/hrm-pol\/wp-json\/wp\/v2\/users\/3419"}],"replies":[{"embeddable":true,"href":"https:\/\/www.hsu-hh.de\/hrm-pol\/wp-json\/wp\/v2\/comments?post=4535"}],"version-history":[{"count":26,"href":"https:\/\/www.hsu-hh.de\/hrm-pol\/wp-json\/wp\/v2\/pages\/4535\/revisions"}],"predecessor-version":[{"id":5167,"href":"https:\/\/www.hsu-hh.de\/hrm-pol\/wp-json\/wp\/v2\/pages\/4535\/revisions\/5167"}],"up":[{"embeddable":true,"href":"https:\/\/www.hsu-hh.de\/hrm-pol\/wp-json\/wp\/v2\/pages\/134"}],"wp:attachment":[{"href":"https:\/\/www.hsu-hh.de\/hrm-pol\/wp-json\/wp\/v2\/media?parent=4535"}],"wp:term":[{"taxonomy":"category","embeddable":true,"href":"https:\/\/www.hsu-hh.de\/hrm-pol\/wp-json\/wp\/v2\/categories?post=4535"},{"taxonomy":"post_tag","embeddable":true,"href":"https:\/\/www.hsu-hh.de\/hrm-pol\/wp-json\/wp\/v2\/tags?post=4535"}],"curies":[{"name":"wp","href":"https:\/\/api.w.org\/{rel}","templated":true}]}}